{"id":179517,"date":"2025-05-27T10:28:35","date_gmt":"2025-05-27T08:28:35","guid":{"rendered":"https:\/\/up.lublin.pl\/biologia\/?page_id=179517"},"modified":"2025-05-27T10:45:19","modified_gmt":"2025-05-27T08:45:19","slug":"koza-sandomierska-stacja-badawcza","status":"publish","type":"page","link":"https:\/\/up.lublin.pl\/biologia\/koza-sandomierska-stacja-badawcza\/","title":{"rendered":"Koza sandomierska oraz Stacja Badawcza Ma\u0142ych Prze\u017cuwaczy im. prof. Tadeusza Efnera w Bezku"},"content":{"rendered":"\t\t<div data-elementor-type=\"wp-page\" data-elementor-id=\"179517\" class=\"elementor elementor-179517\" data-elementor-settings=\"[]\">\n\t\t\t\t\t\t<div class=\"elementor-inner\">\n\t\t\t\t\t\t\t<div class=\"elementor-section-wrap\">\n\t\t\t\t\t\t\t<section class=\"elementor-section elementor-top-section elementor-element elementor-element-5bf8d2f elementor-section-boxed elementor-section-height-default elementor-section-height-default\" data-id=\"5bf8d2f\" data-element_type=\"section\">\n\t\t\t\t\t\t<div class=\"elementor-container elementor-column-gap-default\">\n\t\t\t\t\t\t\t<div class=\"elementor-row\">\n\t\t\t\t\t<div class=\"elementor-column elementor-col-100 elementor-top-column elementor-element elementor-element-e9a5460\" data-id=\"e9a5460\" data-element_type=\"column\">\n\t\t\t<div class=\"elementor-column-wrap elementor-element-populated\">\n\t\t\t\t\t\t\t<div class=\"elementor-widget-wrap\">\n\t\t\t\t\t\t<div class=\"elementor-element elementor-element-ffab15c elementor-widget elementor-widget-m4a\" data-id=\"ffab15c\" data-element_type=\"widget\" data-widget_type=\"m4a.default\">\n\t\t\t\t<div class=\"elementor-widget-container\">\n\t\t\t\t<section class=\"mn-m4_b mn-bg-green\">\n\t\t\t\t<div class=\"mn-grid\">\n\t\t\t\t\t\t\t<div class=\"mn-grid-6 mn-kat-m4-container\">\n\t\t\t\t\t\t\t\t\t\t\t\t\t\t\t\t<h3><p style=\"font-size: 20px;\">Koza sandomierska<\/p><\/h3>\n\t\t\t\t\t\t\t\t\t\t\t\t\t\t\t\t\t\t\t\t\t\t<a href=\"https:\/\/up.lublin.pl\/biologia\/koza-sandomierska\/\" class=\"mn-more\">Zobacz wi\u0119cej<\/a>\n\t\t\t\t\t\t\t\t\t\t<\/div>\n\t\t\t\t\t\t\t\t<div class=\"mn-grid-6 mn-kat-m4-container\">\n\t\t\t\t\t\t\t\t\t\t\t\t\t\t\t\t<h3><p style=\"font-size: 20px; line-height: 1.5;\">Stacja Badawcza Ma\u0142ych Prze\u017cuwaczy im. prof. Tadeusza Efnera w&nbsp;Bezku <\/p><\/h3>\n\t\t\t\t\t\t\t\t\t\t\t\t\t\t\t\t\t\t\t\t\t\t<a href=\"https:\/\/up.lublin.pl\/biologia\/wydzial\/struktura-i-pracownicy\/hodowla-zwierzat-doradztwo-rolnicze\/stacja-badawcza-efnera\/\" class=\"mn-more\">Zobacz wi\u0119cej<\/a>\n\t\t\t\t\t\t\t\t\t\t<\/div>\n\t\t\t\t\t\t<\/div>\n\t<\/section>\n\t\t\t<\/div>\n\t\t\t\t<\/div>\n\t\t\t\t\t\t<\/div>\n\t\t\t\t\t<\/div>\n\t\t<\/div>\n\t\t\t\t\t\t\t\t<\/div>\n\t\t\t\t\t<\/div>\n\t\t<\/section>\n\t\t\t\t\t\t<\/div>\n\t\t\t\t\t\t<\/div>\n\t\t\t\t\t<\/div>\n\t\t","protected":false},"excerpt":{"rendered":"<p>Koza sandomierska Zobacz wi\u0119cej Stacja Badawcza Ma\u0142ych Prze\u017cuwaczy im. prof. Tadeusza Efnera w&nbsp;Bezku Zobacz wi\u0119cej<\/p>\n","protected":false},"author":2,"featured_media":0,"parent":0,"menu_order":0,"comment_status":"closed","ping_status":"closed","template":"elementor_header_footer","meta":{"_monsterinsights_skip_tracking":false,"_monsterinsights_sitenote_active":false,"_monsterinsights_sitenote_note":"","_monsterinsights_sitenote_category":0},"_links":{"self":[{"href":"https:\/\/up.lublin.pl\/biologia\/wp-json\/wp\/v2\/pages\/179517"}],"collection":[{"href":"https:\/\/up.lublin.pl\/biologia\/wp-json\/wp\/v2\/pages"}],"about":[{"href":"https:\/\/up.lublin.pl\/biologia\/wp-json\/wp\/v2\/types\/page"}],"author":[{"embeddable":true,"href":"https:\/\/up.lublin.pl\/biologia\/wp-json\/wp\/v2\/users\/2"}],"replies":[{"embeddable":true,"href":"https:\/\/up.lublin.pl\/biologia\/wp-json\/wp\/v2\/comments?post=179517"}],"version-history":[{"count":19,"href":"https:\/\/up.lublin.pl\/biologia\/wp-json\/wp\/v2\/pages\/179517\/revisions"}],"predecessor-version":[{"id":179610,"href":"https:\/\/up.lublin.pl\/biologia\/wp-json\/wp\/v2\/pages\/179517\/revisions\/179610"}],"wp:attachment":[{"href":"https:\/\/up.lublin.pl\/biologia\/wp-json\/wp\/v2\/media?parent=179517"}],"curies":[{"name":"wp","href":"https:\/\/api.w.org\/{rel}","templated":true}]}}