{"id":176428,"date":"2025-05-05T13:39:30","date_gmt":"2025-05-05T11:39:30","guid":{"rendered":"https:\/\/up.lublin.pl\/biologia\/?page_id=176428"},"modified":"2025-10-06T13:12:09","modified_gmt":"2025-10-06T11:12:09","slug":"koza-sandomierska","status":"publish","type":"page","link":"https:\/\/up.lublin.pl\/biologia\/koza-sandomierska\/","title":{"rendered":"Koza sandomierska"},"content":{"rendered":"\t\t<div data-elementor-type=\"wp-page\" data-elementor-id=\"176428\" class=\"elementor elementor-176428\" data-elementor-settings=\"[]\">\n\t\t\t\t\t\t<div class=\"elementor-inner\">\n\t\t\t\t\t\t\t<div class=\"elementor-section-wrap\">\n\t\t\t\t\t\t\t<section class=\"elementor-section elementor-top-section elementor-element elementor-element-d86de84 elementor-section-boxed elementor-section-height-default elementor-section-height-default\" data-id=\"d86de84\" data-element_type=\"section\">\n\t\t\t\t\t\t<div class=\"elementor-container elementor-column-gap-default\">\n\t\t\t\t\t\t\t<div class=\"elementor-row\">\n\t\t\t\t\t<div class=\"elementor-column elementor-col-100 elementor-top-column elementor-element elementor-element-a6b05fa\" data-id=\"a6b05fa\" data-element_type=\"column\">\n\t\t\t<div class=\"elementor-column-wrap elementor-element-populated\">\n\t\t\t\t\t\t\t<div class=\"elementor-widget-wrap\">\n\t\t\t\t\t\t<div class=\"elementor-element elementor-element-32b8777 elementor-widget elementor-widget-m2e\" data-id=\"32b8777\" data-element_type=\"widget\" data-widget_type=\"m2e.default\">\n\t\t\t\t<div class=\"elementor-widget-container\">\n\t\t\t<section class=\"mn-m2-e mn-bg-green\">\n\t<div class=\"mn-grid\">\n\t\t<div class=\"mn-grid-3 mn-introtext\">\n\t\t\t\t\t\t\t<p class=\"mn-header\">Wydzia\u0142 Nauk o&nbsp;Zwierz\u0119tach i&nbsp;Biogospodarki<\/p>\n\t\t\t\t\t\t\t\t\t\t\t<h3>\n\t\t\t\t\tKoza sandomierska\t\t\t\t<\/h3>\n\t\t\t\t\t\t\t\t\t\t\t\t<\/div>\n\t\t<div class=\"mn-grid-9 mn-image-container\">\n\t\t\t\t\t\t\t<img src=\"https:\/\/up.lublin.pl\/biologia\/wp-content\/uploads\/sites\/4\/2025\/05\/koza_sandomierska_benner.jpg\" alt=\"\">\n\t\t\t\t\t\t<\/div>\n\t<\/div>\n\t<\/section>\n\t\t<\/div>\n\t\t\t\t<\/div>\n\t\t\t\t\t\t<\/div>\n\t\t\t\t\t<\/div>\n\t\t<\/div>\n\t\t\t\t\t\t\t\t<\/div>\n\t\t\t\t\t<\/div>\n\t\t<\/section>\n\t\t\t\t<section class=\"elementor-section elementor-top-section elementor-element elementor-element-30d080b elementor-section-boxed elementor-section-height-default elementor-section-height-default\" data-id=\"30d080b\" data-element_type=\"section\">\n\t\t\t\t\t\t<div class=\"elementor-container elementor-column-gap-default\">\n\t\t\t\t\t\t\t<div class=\"elementor-row\">\n\t\t\t\t\t<div class=\"elementor-column elementor-col-100 elementor-top-column elementor-element elementor-element-277b707\" data-id=\"277b707\" data-element_type=\"column\">\n\t\t\t<div class=\"elementor-column-wrap elementor-element-populated\">\n\t\t\t\t\t\t\t<div class=\"elementor-widget-wrap\">\n\t\t\t\t\t\t<div class=\"elementor-element elementor-element-eb4fa14 elementor-widget elementor-widget-m5c\" data-id=\"eb4fa14\" data-element_type=\"widget\" data-widget_type=\"m5c.default\">\n\t\t\t\t<div class=\"elementor-widget-container\">\n\t\t\t<section class=\"mn-m5-c mn-bg-white\">\n\t<div class=\"mn-grid\">\n\t\t            <div class=\"mn-menu-container mn-grid-3\">\n                <ul class=\"mn-bg-yellow\">\n\t                                        <li>\n                            <a href=\"#\" class=\"active\" data-hash=\"#program_hodowlany\">\n                                Program hodowlany                            <\/a>\n                        <\/li>\n                                                <li>\n                            <a href=\"#\" class=\"\" data-hash=\"#dokumenty\">\n                                Dokumenty do pobrania                            <\/a>\n                        <\/li>\n                                                <li>\n                            <a href=\"#\" class=\"\" data-hash=\"#cennik\">\n                                Cennik                            <\/a>\n                        <\/li>\n                                                <li>\n                            <a href=\"#\" class=\"\" data-hash=\"#wyniki_oceny\">\n                                Wyniki oceny warto\u015bci u\u017cytkowej                            <\/a>\n                        <\/li>\n                                                <li>\n                            <a href=\"#\" class=\"\" data-hash=\"#terminy\">\n                                Terminy                            <\/a>\n                        <\/li>\n                                                <li>\n                            <a href=\"#\" class=\"\" data-hash=\"#kontakt\">\n                                Kontakt                            <\/a>\n                        <\/li>\n                                                <li>\n                            <a href=\"#\" class=\"\" data-hash=\"#program_zasoby\">\n                                Program ochrony zasob\u00f3w genetycznych zwierz\u0105t gospodarskich                            <\/a>\n                        <\/li>\n                                        <\/ul>\n            <\/div>\n\t        \t\t<div class=\"mn-content mn-grid-8\">\n\t\t\t                <div class=\"mn-content-block active\">\n\t                                                        <div class=\"block-text\">\n\t                                        <p><strong>Do pobrania:<\/strong><\/p>\n                                        <\/div>\n\t\t\t\t\t\t                                                        <div class=\"mn-cards-list\">\n                                            <div class=\"mn-card-container\">\n                                                <div>\n                                                    <img src=\"https:\/\/up.lublin.pl\/biologia\/wp-content\/themes\/up-lublin\/assets\/images\/doc-ico.svg\" alt=\"\" \/>\n                                                    <h5>Program hodowlany kozy sandomierskiej (.pdf)<\/h5>\n                                                <\/div>\n                                                <a href=\"https:\/\/up.lublin.pl\/biologia\/wp-content\/uploads\/sites\/4\/2025\/05\/Program-hodowlany-kozy-sandomierskiej.pdf\" class=\"mn-more\" target=\"_blank\">Zobacz<\/a>\n                                            <\/div>\n                                        <\/div>\n\t\t\t\t\t\t                                <\/div>\n\t\t\t\t                <div class=\"mn-content-block\">\n\t                                                        <div class=\"mn-cards-list\">\n                                            <div class=\"mn-card-container\">\n                                                <div>\n                                                    <img src=\"https:\/\/up.lublin.pl\/biologia\/wp-content\/themes\/up-lublin\/assets\/images\/doc-ico.svg\" alt=\"\" \/>\n                                                    <h5>Regulamin okre\u015blaj\u0105cy prawa i&nbsp;obowi\u0105zki hodowc\u00f3w uczestnicz\u0105cych w&nbsp;programie hodowlanym k\u00f3z sandomierskich realizowanym przez Uniwersytet Przyrodniczy w&nbsp;Lublinie oraz prawa i&nbsp;obowi\u0105zki Uniwersytetu Przyrodniczego w&nbsp;Lublinie zwi\u0105zane z&nbsp;realizacj\u0105 tego programu (.pdf)<\/h5>\n                                                <\/div>\n                                                <a href=\"https:\/\/up.lublin.pl\/bip\/wp-content\/uploads\/sites\/9\/2021\/12\/zalacznik-do-128-2021.pdf\" class=\"mn-more\" target=\"_blank\">Zobacz<\/a>\n                                            <\/div>\n                                        <\/div>\n\t\t\t\t\t\t                                                        <div class=\"mn-cards-list\">\n                                            <div class=\"mn-card-container\">\n                                                <div>\n                                                    <img src=\"https:\/\/up.lublin.pl\/biologia\/wp-content\/themes\/up-lublin\/assets\/images\/doc-ico.svg\" alt=\"\" \/>\n                                                    <h5>Wniosek o&nbsp;wpis do Ksi\u0119gi (.docx)<\/h5>\n                                                <\/div>\n                                                <a href=\"https:\/\/up.lublin.pl\/biologia\/wp-content\/uploads\/sites\/4\/2025\/05\/Wniosek-o-wpis-do-Ksiegi.docx\" class=\"mn-more\" target=\"_blank\">Zobacz<\/a>\n                                            <\/div>\n                                        <\/div>\n\t\t\t\t\t\t                                                        <div class=\"mn-cards-list\">\n                                            <div class=\"mn-card-container\">\n                                                <div>\n                                                    <img src=\"https:\/\/up.lublin.pl\/biologia\/wp-content\/themes\/up-lublin\/assets\/images\/doc-ico.svg\" alt=\"\" \/>\n                                                    <h5>Wykaz wykot\u00f3w (.docx)<\/h5>\n                                                <\/div>\n                                                <a href=\"https:\/\/up.lublin.pl\/biologia\/wp-content\/uploads\/sites\/4\/2025\/05\/Wykaz-wykotow.docx\" class=\"mn-more\" target=\"_blank\">Zobacz<\/a>\n                                            <\/div>\n                                        <\/div>\n\t\t\t\t\t\t                                                        <div class=\"mn-cards-list\">\n                                            <div class=\"mn-card-container\">\n                                                <div>\n                                                    <img src=\"https:\/\/up.lublin.pl\/biologia\/wp-content\/themes\/up-lublin\/assets\/images\/doc-ico.svg\" alt=\"\" \/>\n                                                    <h5>Zg\u0142oszenie sprzeda\u017cy k\u00f3z (.docx)<\/h5>\n                                                <\/div>\n                                                <a href=\"https:\/\/up.lublin.pl\/biologia\/wp-content\/uploads\/sites\/4\/2025\/05\/Zgloszenie-sprzedazy-koz.docx\" class=\"mn-more\" target=\"_blank\">Zobacz<\/a>\n                                            <\/div>\n                                        <\/div>\n\t\t\t\t\t\t                                <\/div>\n\t\t\t\t                <div class=\"mn-content-block\">\n\t                                                        <div class=\"mn-cards-list\">\n                                            <div class=\"mn-card-container\">\n                                                <div>\n                                                    <img src=\"https:\/\/up.lublin.pl\/biologia\/wp-content\/themes\/up-lublin\/assets\/images\/doc-ico.svg\" alt=\"\" \/>\n                                                    <h5>Cennik op\u0142at za dokonanie wpisu do ksi\u0119gi hodowlanej i&nbsp;rejestru, wydanie za\u015bwiadczenia potwierdzaj\u0105cego dokonanie wpisu do ksi\u0119gi hodowlanej lub rejestru oraz wydanie \u015bwiadectwa potwierdzaj\u0105cego pochodzenie zwierz\u0105t hodowlanych i&nbsp;materia\u0142u biologicznego b\u0119d\u0105cego przedmiotem handlu oraz us\u0142ugi prowadzenia ksi\u0105g hodowlanych oraz oceny warto\u015bci u\u017cytkowej k\u00f3z rasy sandomierskich (.pdf)<\/h5>\n                                                <\/div>\n                                                <a href=\"https:\/\/up.lublin.pl\/bip\/wp-content\/uploads\/sites\/9\/2023\/12\/Zalacznik.pdf\" class=\"mn-more\" target=\"_blank\">Zobacz<\/a>\n                                            <\/div>\n                                        <\/div>\n\t\t\t\t\t\t                                                        <div class=\"mn-cards-list\">\n                                            <div class=\"mn-card-container\">\n                                                <div>\n                                                    <img src=\"https:\/\/up.lublin.pl\/biologia\/wp-content\/themes\/up-lublin\/assets\/images\/doc-ico.svg\" alt=\"\" \/>\n                                                    <h5>Zarz\u0105dzenie Rektora 129\/2023 w&nbsp;sprawie wprowadzenia cennika<\/h5>\n                                                <\/div>\n                                                <a href=\"https:\/\/up.lublin.pl\/bip\/wp-content\/uploads\/sites\/9\/2023\/12\/129.pdf\" class=\"mn-more\" target=\"_blank\">Zobacz<\/a>\n                                            <\/div>\n                                        <\/div>\n\t\t\t\t\t\t                                <\/div>\n\t\t\t\t                <div class=\"mn-content-block\">\n\t                                                        <div class=\"mn-cards-list\">\n                                            <div class=\"mn-card-container\">\n                                                <div>\n                                                    <img src=\"https:\/\/up.lublin.pl\/biologia\/wp-content\/themes\/up-lublin\/assets\/images\/doc-ico.svg\" alt=\"\" \/>\n                                                    <h5>Wyniki oceny u\u017cytkowo\u015bci rozp\u0142odowej kozy sandomierskiej  (.docx)<\/h5>\n                                                <\/div>\n                                                <a href=\"https:\/\/up.lublin.pl\/biologia\/wp-content\/uploads\/sites\/4\/2025\/10\/Wyniki-oceny-2020_2024.docx\" class=\"mn-more\" target=\"_blank\">Zobacz<\/a>\n                                            <\/div>\n                                        <\/div>\n\t\t\t\t\t\t                                <\/div>\n\t\t\t\t                <div class=\"mn-content-block\">\n\t                                                        <div class=\"block-text\">\n\t                                        <p style=\"text-align: center;\"><strong><span style=\"font-size: 20px;\">Terminy sk\u0142adania Wykaz\u00f3w oraz inne wa\u017cne informacje dla Hodowc\u00f3w<\/span> <\/strong><\/p>\n<p><span style=\"font-size: 16px;\"><strong>8 marca <\/strong><\/span>\u2014 termin sk\u0142adania Wykaz\u00f3w zwierz\u0105t zg\u0142aszanych do Programu do Uniwersytetu Przyrodniczego w&nbsp;Lublinie\u00a0<strong><br \/><\/strong><\/p>\n<p><span style=\"font-size: 16px;\"><strong>14 marca<\/strong> <\/span>\u2014 Przekazanie Wykaz\u00f3w przez Katedr\u0119 Hodowli Zwierz\u0105t i&nbsp;Doradztwa Rolniczego do Instytutu Zootechniki<\/p>\n<p><span style=\"font-size: 16px;\"><strong>15 marca<\/strong><\/span> \u2014 dzie\u0144, na kt\u00f3ry okre\u015blany jest faktyczny stan zwierz\u0105t w&nbsp;danym roku uczestnictwa w&nbsp;Programie Ochrony Zasob\u00f3w Genetycznych Zwierz\u0105t Gospodarskich<\/p>\n<p><span style=\"font-size: 16px;\"><strong>15 maja<\/strong> <\/span>\u2014 ostateczny termin zatwierdzenia Wykaz\u00f3w przez Instytut Zootechniki<\/p>\n<p><span style=\"font-size: 16px;\"><strong>15 pa\u017adziernika <\/strong><\/span>\u2014 ostateczny termin wys\u0142ania Wykazu Wykot\u00f3w z&nbsp;bie\u017c\u0105cego roku do Katedry Hodowli Zwierz\u0105t i&nbsp;Doradztwa Rolniczego Uniwersytetu Przyrodniczego w&nbsp;Lublinie\u00a0<\/p>\n<p><span style=\"font-size: 16px;\"><strong>40 dni<\/strong> <\/span>\u2014 na zg\u0142oszenie do Instytutu zamiany zwierz\u0105t oraz 30 kolejnych dni na zg\u0142oszenie faktu zast\u0105pienia do ARiMR<\/p>\n<p><span style=\"font-size: 16px;\"><strong>10 dni<\/strong> <\/span>\u2014 na zg\u0142oszenie do ARiMR zdarzenia spowodowanego si\u0142\u0105 wy\u017csz\u0105, nadzwyczajnych okoliczno\u015bci lub wyst\u0105pienia okoliczno\u015bci naturalnych\u00a0<\/p>\n<p><span style=\"font-size: 16px;\"><strong>14 dni<\/strong> <\/span>\u2014 na zg\u0142oszenie sprzeda\u017cy zwierz\u0105t<\/p>\n                                        <\/div>\n\t\t\t\t\t\t                                <\/div>\n\t\t\t\t                <div class=\"mn-content-block\">\n\t                                                        <div class=\"block-text\">\n\t                                        <p><strong><span style=\"font-size: 20px;\">Kontakt:<\/span><\/strong><\/p>\n<p>e-mail: <a href=\"mailto:koza.sandomierska@up.lublin.pl\">koza.sandomierska@up.lublin.pl<\/a><\/p>\n<p>telefon +48\u00a0886\u00a0560 062<\/p>\n                                        <\/div>\n\t\t\t\t\t\t                                <\/div>\n\t\t\t\t                <div class=\"mn-content-block\">\n\t                                                        <div class=\"block-text\">\n\t                                        <p>Program Ochrony Zasob\u00f3w Genetycznych Zwierz\u0105t Gospodarskich prowadzi Instytut Zootechniki w&nbsp;Balicach. Wszelkie informacje oraz dokumenty dost\u0119pne s\u0105 na stronie Instytutu:<\/p>\n                                        <\/div>\n\t\t\t\t\t\t                                                        <div class=\"mn-cards-list\">\n                                            <div class=\"mn-card-container\">\n                                                <div>\n                                                    <img src=\"https:\/\/up.lublin.pl\/biologia\/wp-content\/themes\/up-lublin\/assets\/images\/doc-ico.svg\" alt=\"\" \/>\n                                                    <h5>bioroznorodnosc.izoo.krakow.pl<\/h5>\n                                                <\/div>\n                                                <a href=\"https:\/\/bioroznorodnosc.izoo.krakow.pl\/\" class=\"mn-more\" target=\"_blank\">Zobacz<\/a>\n                                            <\/div>\n                                        <\/div>\n\t\t\t\t\t\t                                <\/div>\n\t\t\t\t\t\t<\/div>\n\t<\/div>\n<\/section>\n\t\t<\/div>\n\t\t\t\t<\/div>\n\t\t\t\t\t\t<\/div>\n\t\t\t\t\t<\/div>\n\t\t<\/div>\n\t\t\t\t\t\t\t\t<\/div>\n\t\t\t\t\t<\/div>\n\t\t<\/section>\n\t\t\t\t\t\t<\/div>\n\t\t\t\t\t\t<\/div>\n\t\t\t\t\t<\/div>\n\t\t","protected":false},"excerpt":{"rendered":"<p>Wydzia\u0142 Nauk o&nbsp;Zwierz\u0119tach i&nbsp;Biogospodarki Koza sandomierska UP Wydzia\u0142 Nauk o&nbsp;Zwierz\u0119tach i&nbsp;Biogospodarki Program hodowlany Dokumenty do pobrania Cennik Wyniki oceny warto\u015bci u\u017cytkowej Terminy Kontakt Program ochrony zasob\u00f3w genetycznych zwierz\u0105t gospodarskich Do pobrania: Program hodowlany kozy sandomierskiej (.pdf) Zobacz Regulamin okre\u015blaj\u0105cy prawa i&nbsp;obowi\u0105zki hodowc\u00f3w uczestnicz\u0105cych w&nbsp;programie hodowlanym k\u00f3z sandomierskich realizowanym przez Uniwersytet Przyrodniczy w&nbsp;Lublinie oraz prawa i&nbsp;obowi\u0105zki [&hellip;]<\/p>\n","protected":false},"author":2,"featured_media":0,"parent":0,"menu_order":0,"comment_status":"closed","ping_status":"closed","template":"elementor_header_footer","meta":{"_monsterinsights_skip_tracking":false,"_monsterinsights_sitenote_active":false,"_monsterinsights_sitenote_note":"","_monsterinsights_sitenote_category":0},"_links":{"self":[{"href":"https:\/\/up.lublin.pl\/biologia\/wp-json\/wp\/v2\/pages\/176428"}],"collection":[{"href":"https:\/\/up.lublin.pl\/biologia\/wp-json\/wp\/v2\/pages"}],"about":[{"href":"https:\/\/up.lublin.pl\/biologia\/wp-json\/wp\/v2\/types\/page"}],"author":[{"embeddable":true,"href":"https:\/\/up.lublin.pl\/biologia\/wp-json\/wp\/v2\/users\/2"}],"replies":[{"embeddable":true,"href":"https:\/\/up.lublin.pl\/biologia\/wp-json\/wp\/v2\/comments?post=176428"}],"version-history":[{"count":20,"href":"https:\/\/up.lublin.pl\/biologia\/wp-json\/wp\/v2\/pages\/176428\/revisions"}],"predecessor-version":[{"id":183208,"href":"https:\/\/up.lublin.pl\/biologia\/wp-json\/wp\/v2\/pages\/176428\/revisions\/183208"}],"wp:attachment":[{"href":"https:\/\/up.lublin.pl\/biologia\/wp-json\/wp\/v2\/media?parent=176428"}],"curies":[{"name":"wp","href":"https:\/\/api.w.org\/{rel}","templated":true}]}}