{"id":170786,"date":"2024-10-29T12:14:09","date_gmt":"2024-10-29T11:14:09","guid":{"rendered":"https:\/\/up.lublin.pl\/biologia\/?page_id=170786"},"modified":"2025-09-22T11:21:16","modified_gmt":"2025-09-22T09:21:16","slug":"doradztwo-moduly","status":"publish","type":"page","link":"https:\/\/up.lublin.pl\/biologia\/ksztalcenie\/doradztwo-moduly\/","title":{"rendered":"Doradztwo w obszarach wiejskich"},"content":{"rendered":"\t\t<div data-elementor-type=\"wp-page\" data-elementor-id=\"170786\" class=\"elementor elementor-170786\" data-elementor-settings=\"[]\">\n\t\t\t\t\t\t<div class=\"elementor-inner\">\n\t\t\t\t\t\t\t<div class=\"elementor-section-wrap\">\n\t\t\t\t\t\t\t<section class=\"elementor-section elementor-top-section elementor-element elementor-element-7250037 elementor-section-boxed elementor-section-height-default elementor-section-height-default\" data-id=\"7250037\" data-element_type=\"section\">\n\t\t\t\t\t\t<div class=\"elementor-container elementor-column-gap-default\">\n\t\t\t\t\t\t\t<div class=\"elementor-row\">\n\t\t\t\t\t<div class=\"elementor-column elementor-col-100 elementor-top-column elementor-element elementor-element-a5592bc\" data-id=\"a5592bc\" data-element_type=\"column\">\n\t\t\t<div class=\"elementor-column-wrap elementor-element-populated\">\n\t\t\t\t\t\t\t<div class=\"elementor-widget-wrap\">\n\t\t\t\t\t\t<div class=\"elementor-element elementor-element-06ea03a elementor-widget elementor-widget-m5c\" data-id=\"06ea03a\" data-element_type=\"widget\" data-widget_type=\"m5c.default\">\n\t\t\t\t<div class=\"elementor-widget-container\">\n\t\t\t<section class=\"mn-m5-c mn-m5-d2 mn-bg-white\">\n\t<div class=\"mn-grid\">\n\t\t\t\t<div class=\"mn-content mn-grid-9\">\n\t\t\t                <div class=\"mn-content-block active\">\n\t                                                        <div class=\"block-text\">\n\t                                        <p><a href=\"https:\/\/up.lublin.pl\/biologia\/wp-content\/uploads\/sites\/4\/2024\/10\/DO2_1_Dobra-praktyka-rolnicza.docx\">DO2_1_Dobra praktyka rolnicza<\/a><\/p>\n<p><a href=\"https:\/\/up.lublin.pl\/biologia\/wp-content\/uploads\/sites\/4\/2024\/10\/DO2_2_Integrowana-ochrona-roslin.docx\">DO2_2_Integrowana ochrona ro\u015blin<\/a><\/p>\n<p><a href=\"https:\/\/up.lublin.pl\/biologia\/wp-content\/uploads\/sites\/4\/2024\/10\/DO2_3_jezyk-angielski.docx\">DO2_3_j\u0119zyk angielski<\/a><\/p>\n<p><a href=\"https:\/\/up.lublin.pl\/biologia\/wp-content\/uploads\/sites\/4\/2024\/10\/DO2_3_jezyk-francuski.docx\">DO2_3_j\u0119zyk francuski<\/a><\/p>\n<p><a href=\"https:\/\/up.lublin.pl\/biologia\/wp-content\/uploads\/sites\/4\/2024\/10\/DO2_3_jezyk-niemiecki.docx\">DO2_3_j\u0119zyk niemiecki<\/a><\/p>\n<p><a href=\"https:\/\/up.lublin.pl\/biologia\/wp-content\/uploads\/sites\/4\/2024\/10\/DO2_3_jezyk-rosyjski.docx\">DO2_3_j\u0119zyk rosyjski<\/a><\/p>\n<p><a href=\"https:\/\/up.lublin.pl\/biologia\/wp-content\/uploads\/sites\/4\/2024\/10\/DO2_4_Krotkie-lancuchy-dostaw.docx\">DO2_4_Kr\u00f3tkie \u0142a\u0144cuchy dostaw<\/a><\/p>\n<p><a href=\"https:\/\/up.lublin.pl\/biologia\/wp-content\/uploads\/sites\/4\/2024\/10\/DO2_5_Propedeutyka-doradztwa-rolniczego.docx\">DO2_5_Propedeutyka doradztwa rolniczego<\/a><\/p>\n<p><a href=\"https:\/\/up.lublin.pl\/biologia\/wp-content\/uploads\/sites\/4\/2024\/10\/DO2_6_Bezpieczenstwo-pracy-w-gospodarstwie-rolnym.docx\">DO2_6_Bezpiecze\u0144stwo pracy w&nbsp;gospodarstwie rolnym<\/a><\/p>\n<p><a href=\"https:\/\/up.lublin.pl\/biologia\/wp-content\/uploads\/sites\/4\/2024\/10\/DO2_7_Budownictwo-wiejskie.docx\">DO2_7_Budownictwo wiejskie<\/a><\/p>\n<p><a href=\"https:\/\/up.lublin.pl\/biologia\/wp-content\/uploads\/sites\/4\/2024\/10\/DO2_8_Praktyka_zawodowa.docx\">DO2_8_Praktyka_zawodowa<\/a><\/p>\n<p><a href=\"https:\/\/up.lublin.pl\/biologia\/wp-content\/uploads\/sites\/4\/2024\/10\/DO2_9_Procedury-wykorzystania-zwierzat-w-badaniach-naukowych-i-edukacji.docx\">DO2_9_Procedury wykorzystania zwierz\u0105t w&nbsp;badaniach naukowych i&nbsp;edukacji<\/a><\/p>\n<p><a href=\"https:\/\/up.lublin.pl\/biologia\/wp-content\/uploads\/sites\/4\/2024\/10\/DO2_9_Rolnictwo-ekologiczne.docx\">DO2_9_Rolnictwo ekologiczne<\/a><\/p>\n<p><a href=\"https:\/\/up.lublin.pl\/biologia\/wp-content\/uploads\/sites\/4\/2024\/10\/DO2_10_Podstawy-dzialanosci-gospodarczej.docx\">DO2_10_Podstawy dzia\u0142alno\u015bci gospodarczej<\/a><\/p>\n<p><a href=\"https:\/\/up.lublin.pl\/biologia\/wp-content\/uploads\/sites\/4\/2024\/10\/DO2_10_Pozarolnicza-dzialalnosc-gospodarcza.docx\">DO2_10_Pozarolnicza dzia\u0142alno\u015b\u0107 gospodarcza<\/a><\/p>\n<p><a href=\"https:\/\/up.lublin.pl\/biologia\/wp-content\/uploads\/sites\/4\/2024\/10\/DO2_11_Zwierzeta-gospodarskie-w-srodowisku-przyrodniczym.docx\">DO2_11_Zwierz\u0119ta gospodarskie w&nbsp;\u015brodowisku przyrodniczym<\/a><\/p>\n<p><a href=\"https:\/\/up.lublin.pl\/biologia\/wp-content\/uploads\/sites\/4\/2024\/10\/DO2_11_Zwierzeta-w-czynnej-ochronie-srodowiska.docx\">DO2_11_Zwierz\u0119ta w&nbsp;czynnej ochronie \u015brodowiska<\/a><\/p>\n<p><a href=\"https:\/\/up.lublin.pl\/biologia\/wp-content\/uploads\/sites\/4\/2024\/10\/DO2_12_Psychologia-spoleczna.docx\">DO2_12_Psychologia spo\u0142eczna<\/a><\/p>\n<p><a href=\"https:\/\/up.lublin.pl\/biologia\/wp-content\/uploads\/sites\/4\/2024\/10\/DO2_12_Psychologia-w-biznesie.docx\">DO2_12_Psychologia w&nbsp;biznesie<\/a><\/p>\n<p><a href=\"https:\/\/up.lublin.pl\/biologia\/wp-content\/uploads\/sites\/4\/2024\/10\/DO2_12_Social-psychology.docx\">DO2_12_Social psychology<\/a><\/p>\n<p><a href=\"https:\/\/up.lublin.pl\/biologia\/wp-content\/uploads\/sites\/4\/2024\/10\/DO2_13_Uprawy-sadownicze-i-warzywne.docx\">DO2_13_Uprawy sadownicze i&nbsp;warzywne<\/a><\/p>\n<p><a href=\"https:\/\/up.lublin.pl\/biologia\/wp-content\/uploads\/sites\/4\/2024\/10\/DO2_14_Metody-badan-statystycznych-w-rolnictwie.docx\">DO2_14_Metody bada\u0144 statystycznych w&nbsp;rolnictwie<\/a><\/p>\n<p><a href=\"https:\/\/up.lublin.pl\/biologia\/wp-content\/uploads\/sites\/4\/2024\/10\/DO2_15_Turystyka-kulinarna.docx\">DO2_15_Turystyka kulinarna<\/a><\/p>\n<p><a href=\"https:\/\/up.lublin.pl\/biologia\/wp-content\/uploads\/sites\/4\/2024\/10\/DO2_16_Rachunkowosc-rolnicza.docx\">DO2_16_Rachunkowo\u015b\u0107 rolnicza<\/a><\/p>\n<p><a href=\"https:\/\/up.lublin.pl\/biologia\/wp-content\/uploads\/sites\/4\/2024\/10\/DO2_17_Doradztwo-technologiczne.docx\">DO2_17_Doradztwo technologiczne<\/a><\/p>\n<p><a href=\"https:\/\/up.lublin.pl\/biologia\/wp-content\/uploads\/sites\/4\/2024\/10\/DO2_18_Ochrona-dziedzictwa-kulturowego.docx\">DO2_18_Ochrona dziedzictwa kulturowego<\/a><\/p>\n<p><a href=\"https:\/\/up.lublin.pl\/biologia\/wp-content\/uploads\/sites\/4\/2024\/10\/DO2_18_Zwierzeta-w-kulturze-czlowieka.docx\">DO2_18_Zwierz\u0119ta w&nbsp;kulturze cz\u0142owieka<\/a><\/p>\n<p><a href=\"https:\/\/up.lublin.pl\/biologia\/wp-content\/uploads\/sites\/4\/2024\/10\/DO2_19_Aktywizacja-spolecznosci-wiejskich.docx\">DO2_19_Aktywizacja spo\u0142eczno\u015bci wiejskich<\/a><\/p>\n<p><a href=\"https:\/\/up.lublin.pl\/biologia\/wp-content\/uploads\/sites\/4\/2024\/10\/DO2_19_Spoldzielczosc-wiejska.docx\">DO2_19_Sp\u00f3\u0142dzielczo\u015b\u0107 wiejska<\/a><\/p>\n<p><a href=\"https:\/\/up.lublin.pl\/biologia\/wp-content\/uploads\/sites\/4\/2024\/10\/DO2_20_Produkcja-rolna-przyjazna-srodowisku.docx\">DO2_20_Produkcja rolna przyjazna srodowisku<\/a><\/p>\n<p><a href=\"https:\/\/up.lublin.pl\/biologia\/wp-content\/uploads\/sites\/4\/2024\/10\/DO2_20_Rolnictwo-zroownowazzone.docx\">DO2_20_Rolnictwo zrownowazone<\/a><\/p>\n<p><a href=\"https:\/\/up.lublin.pl\/biologia\/wp-content\/uploads\/sites\/4\/2024\/10\/DO2_21_Gospodarowanie-odpadami-w-produkcji-rolniczej.docx\">DO2_21_Gospodarowanie odpadami w&nbsp;produkcji rolniczej<\/a><\/p>\n<p><a href=\"https:\/\/up.lublin.pl\/biologia\/wp-content\/uploads\/sites\/4\/2024\/10\/DO2_21_Utylizacja-odpadow-w-obszarach-wiejskich.docx\">DO2_21_Utylizacja odpad\u00f3w w&nbsp;obszarach wiejskich<\/a><\/p>\n<p><a href=\"https:\/\/up.lublin.pl\/biologia\/wp-content\/uploads\/sites\/4\/2024\/10\/DO2_22_Polityka-rolna-w-UE-i-na-swiecie.docx\">DO2_22_Polityka rolna w&nbsp;UE i&nbsp;na \u015bwiecie<\/a><\/p>\n<p><a href=\"https:\/\/up.lublin.pl\/biologia\/wp-content\/uploads\/sites\/4\/2024\/10\/DO2_23_Seminarium-1.docx\">DO2_23_Seminarium 1<\/a> <a href=\"https:\/\/up.lublin.pl\/biologia\/wp-content\/uploads\/sites\/4\/2024\/10\/DO2_24_Interwencje-rolnosrodowiskow-klimatyczne.docx\">DO2_24_Interwencje rolno\u015brodowiskowo-klimatyczne<\/a><\/p>\n<p><a href=\"https:\/\/up.lublin.pl\/biologia\/wp-content\/uploads\/sites\/4\/2024\/10\/DO2_25_Seminarium-2.docx\">DO2_25_Seminarium 2<\/a><\/p>\n<p><a href=\"https:\/\/up.lublin.pl\/biologia\/wp-content\/uploads\/sites\/4\/2024\/10\/DO2_26_Animal-feed-legislation.docx\">DO2_26_Animal feed legislation<\/a><\/p>\n<p><a href=\"https:\/\/up.lublin.pl\/biologia\/wp-content\/uploads\/sites\/4\/2024\/10\/DO2_26_Doradztwo-zywieniowe.docx\">DO2_26_Doradztwo \u017cywieniowe<\/a><\/p>\n<p><a href=\"https:\/\/up.lublin.pl\/biologia\/wp-content\/uploads\/sites\/4\/2024\/10\/DO2_26_Prawo-paszowe.docx\">DO2_26_Prawo paszowe<\/a><\/p>\n<p><a href=\"https:\/\/up.lublin.pl\/biologia\/wp-content\/uploads\/sites\/4\/2024\/10\/DO2_27_Negocjacje-i-komunikacja-w-doradztwie.docx\">DO2_27_Negocjacje i&nbsp;komunikacja w&nbsp;doradztwie<\/a><\/p>\n<p><a href=\"https:\/\/up.lublin.pl\/biologia\/wp-content\/uploads\/sites\/4\/2024\/10\/DO2_28_Formy-i-metody-pracy-oraz-narzedzia-wykorzystywane-w-pracy-doradczej.docx\">DO2_28_Formy i&nbsp;metody pracy oraz narz\u0119dzia wykorzystywane w&nbsp;pracy doradczej<\/a><\/p>\n<p><a href=\"https:\/\/up.lublin.pl\/biologia\/wp-content\/uploads\/sites\/4\/2024\/10\/DO2_28_Podejmowanie-decyzji-menadzerskich.docx\">DO2_28_Podejmowanie decyzji menad\u017cerskich<\/a><\/p>\n<p><a href=\"https:\/\/up.lublin.pl\/biologia\/wp-content\/uploads\/sites\/4\/2024\/10\/DO2_29_Prawno-spoleczne-aspekty-nauk-przyrodniczych.docx\">DO2_29_Prawno-spo\u0142eczne aspekty nauk przyrodniczych<\/a><\/p>\n<p><a href=\"https:\/\/up.lublin.pl\/biologia\/wp-content\/uploads\/sites\/4\/2024\/10\/DO2_29_Problemy-rolnictwa-swiatowego.docx\">DO2_29_Problemy rolnictwa \u015bwiatowego<\/a><\/p>\n<p><a href=\"https:\/\/up.lublin.pl\/biologia\/wp-content\/uploads\/sites\/4\/2024\/10\/DO2_30_Nielesne-siedliska-przyrodnicze.docx\">DO2_30_Niele\u015bne siedliska przyrodnicze<\/a><\/p>\n<p><a href=\"https:\/\/up.lublin.pl\/biologia\/wp-content\/uploads\/sites\/4\/2024\/10\/DO2_30_Siec-Natura-2000.docx\">DO2_30_Sie\u0107 Natura 2000<\/a>&#8230;<\/p>\n                                        <\/div>\n\t\t\t\t\t\t                                <\/div>\n\t\t\t\t                <div class=\"mn-content-block\">\n\t                                <\/div>\n\t\t\t\t                <div class=\"mn-content-block\">\n\t                                <\/div>\n\t\t\t\t                <div class=\"mn-content-block\">\n\t                                <\/div>\n\t\t\t\t                <div class=\"mn-content-block\">\n\t                                <\/div>\n\t\t\t\t                <div class=\"mn-content-block\">\n\t                                <\/div>\n\t\t\t\t                <div class=\"mn-content-block\">\n\t                                <\/div>\n\t\t\t\t                <div class=\"mn-content-block\">\n\t                                <\/div>\n\t\t\t\t                <div class=\"mn-content-block\">\n\t                                <\/div>\n\t\t\t\t                <div class=\"mn-content-block\">\n\t                                <\/div>\n\t\t\t\t                <div class=\"mn-content-block\">\n\t                                <\/div>\n\t\t\t\t                <div class=\"mn-content-block\">\n\t                                <\/div>\n\t\t\t\t                <div class=\"mn-content-block\">\n\t                                <\/div>\n\t\t\t\t                <div class=\"mn-content-block\">\n\t                                <\/div>\n\t\t\t\t                <div class=\"mn-content-block\">\n\t                                <\/div>\n\t\t\t\t                <div class=\"mn-content-block\">\n\t                                <\/div>\n\t\t\t\t                <div class=\"mn-content-block\">\n\t                                <\/div>\n\t\t\t\t                <div class=\"mn-content-block\">\n\t                                <\/div>\n\t\t\t\t                <div class=\"mn-content-block\">\n\t                                <\/div>\n\t\t\t\t                <div class=\"mn-content-block\">\n\t                                <\/div>\n\t\t\t\t\t\t<\/div>\n\t<\/div>\n<\/section>\n\t\t<\/div>\n\t\t\t\t<\/div>\n\t\t\t\t\t\t<\/div>\n\t\t\t\t\t<\/div>\n\t\t<\/div>\n\t\t\t\t\t\t\t\t<\/div>\n\t\t\t\t\t<\/div>\n\t\t<\/section>\n\t\t\t\t\t\t<\/div>\n\t\t\t\t\t\t<\/div>\n\t\t\t\t\t<\/div>\n\t\t","protected":false},"excerpt":{"rendered":"<p>DO2_1_Dobra praktyka rolnicza DO2_2_Integrowana ochrona ro\u015blin DO2_3_j\u0119zyk angielski DO2_3_j\u0119zyk francuski DO2_3_j\u0119zyk niemiecki DO2_3_j\u0119zyk rosyjski DO2_4_Kr\u00f3tkie \u0142a\u0144cuchy dostaw DO2_5_Propedeutyka doradztwa rolniczego DO2_6_Bezpiecze\u0144stwo pracy w&nbsp;gospodarstwie rolnym DO2_7_Budownictwo wiejskie DO2_8_Praktyka_zawodowa DO2_9_Procedury wykorzystania zwierz\u0105t w&nbsp;badaniach naukowych i&nbsp;edukacji DO2_9_Rolnictwo ekologiczne DO2_10_Podstawy dzia\u0142alno\u015bci gospodarczej DO2_10_Pozarolnicza dzia\u0142alno\u015b\u0107 gospodarcza DO2_11_Zwierz\u0119ta gospodarskie w&nbsp;\u015brodowisku przyrodniczym DO2_11_Zwierz\u0119ta w&nbsp;czynnej ochronie \u015brodowiska DO2_12_Psychologia spo\u0142eczna DO2_12_Psychologia w&nbsp;biznesie DO2_12_Social psychology [&hellip;]<\/p>\n","protected":false},"author":204,"featured_media":0,"parent":182532,"menu_order":0,"comment_status":"closed","ping_status":"closed","template":"","meta":{"_monsterinsights_skip_tracking":false,"_monsterinsights_sitenote_active":false,"_monsterinsights_sitenote_note":"","_monsterinsights_sitenote_category":0},"_links":{"self":[{"href":"https:\/\/up.lublin.pl\/biologia\/wp-json\/wp\/v2\/pages\/170786"}],"collection":[{"href":"https:\/\/up.lublin.pl\/biologia\/wp-json\/wp\/v2\/pages"}],"about":[{"href":"https:\/\/up.lublin.pl\/biologia\/wp-json\/wp\/v2\/types\/page"}],"author":[{"embeddable":true,"href":"https:\/\/up.lublin.pl\/biologia\/wp-json\/wp\/v2\/users\/204"}],"replies":[{"embeddable":true,"href":"https:\/\/up.lublin.pl\/biologia\/wp-json\/wp\/v2\/comments?post=170786"}],"version-history":[{"count":8,"href":"https:\/\/up.lublin.pl\/biologia\/wp-json\/wp\/v2\/pages\/170786\/revisions"}],"predecessor-version":[{"id":170983,"href":"https:\/\/up.lublin.pl\/biologia\/wp-json\/wp\/v2\/pages\/170786\/revisions\/170983"}],"up":[{"embeddable":true,"href":"https:\/\/up.lublin.pl\/biologia\/wp-json\/wp\/v2\/pages\/182532"}],"wp:attachment":[{"href":"https:\/\/up.lublin.pl\/biologia\/wp-json\/wp\/v2\/media?parent=170786"}],"curies":[{"name":"wp","href":"https:\/\/api.w.org\/{rel}","templated":true}]}}