{"id":167650,"date":"2024-06-18T20:27:02","date_gmt":"2024-06-18T18:27:02","guid":{"rendered":"https:\/\/up.lublin.pl\/biologia\/?page_id=167650"},"modified":"2025-09-22T11:22:47","modified_gmt":"2025-09-22T09:22:47","slug":"studenckie-kolo-naukowe-behawioru-zwierzat","status":"publish","type":"page","link":"https:\/\/up.lublin.pl\/biologia\/ksztalcenie\/studenckie-kolo-naukowe-behawioru-zwierzat\/","title":{"rendered":"Studenckie Ko\u0142o Naukowe Behawioru Zwierz\u0105t"},"content":{"rendered":"\t\t<div data-elementor-type=\"wp-page\" data-elementor-id=\"167650\" class=\"elementor elementor-167650\" data-elementor-settings=\"[]\">\n\t\t\t\t\t\t<div class=\"elementor-inner\">\n\t\t\t\t\t\t\t<div class=\"elementor-section-wrap\">\n\t\t\t\t\t\t\t<section class=\"elementor-section elementor-top-section elementor-element elementor-element-7035d8f elementor-section-boxed elementor-section-height-default elementor-section-height-default\" data-id=\"7035d8f\" data-element_type=\"section\">\n\t\t\t\t\t\t<div class=\"elementor-container elementor-column-gap-default\">\n\t\t\t\t\t\t\t<div class=\"elementor-row\">\n\t\t\t\t\t<div class=\"elementor-column elementor-col-100 elementor-top-column elementor-element elementor-element-5763b0c\" data-id=\"5763b0c\" data-element_type=\"column\">\n\t\t\t<div class=\"elementor-column-wrap elementor-element-populated\">\n\t\t\t\t\t\t\t<div class=\"elementor-widget-wrap\">\n\t\t\t\t\t\t<div class=\"elementor-element elementor-element-4dab76d elementor-widget elementor-widget-m5c\" data-id=\"4dab76d\" data-element_type=\"widget\" data-widget_type=\"m5c.default\">\n\t\t\t\t<div class=\"elementor-widget-container\">\n\t\t\t<section class=\"mn-m5-c mn-m5-d2 mn-bg-white\">\n\t<div class=\"mn-grid\">\n\t\t\t\t<div class=\"mn-content mn-grid-9\">\n\t\t\t                <div class=\"mn-content-block active\">\n\t                                                        <div class=\"block-text\">\n\t                                        <p>Studenckie Ko\u0142o Naukowe Behawioru Zwierz\u0105t powsta\u0142o w&nbsp;2023 r. po przekszta\u0142ceniu Sekcji Behawiorystyki Zwierz\u0105t dzia\u0142aj\u0105cej w&nbsp;ramach SKN Nauk o&nbsp;Zwierz\u0119tach i&nbsp;Biogospodarki od 2014 roku.\u00a0 Opiekunami ko\u0142a s\u0105 dr in\u017c. Wanda Krupa oraz Dr lek. wet. Aleksandra Garbiec. Siedzib\u0105 ko\u0142a jest Katedra Etologii Zwierz\u0105t i\u00a0\u0141owiectwa.<\/p>\n<p>G\u0142\u00f3wne cele Ko\u0142a to poszerzanie i&nbsp;promowanie wiedzy na temat behawioru i&nbsp;dobrostanu r\u00f3\u017cnych gatunk\u00f3w zwierz\u0105t. Cz\u0142onkowie SKN Behawioru Zwierz\u0105t to przede wszystkim studenci kierunk\u00f3w Behawiorystyka Zwierz\u0105t, Piel\u0119gnacja Zwierz\u0105t i&nbsp;Animaloterapia, Zootechnika oraz Weterynaria. \u00a0Studenci dzia\u0142aj\u0105cy w&nbsp;Kole maj\u0105 mo\u017cliwo\u015b\u0107 prezentowania wynik\u00f3w prowadzonych bada\u0144 i&nbsp;obserwacji\u00a0 na konferencjach i\u00a0sympozjach oraz udzia\u0142u w&nbsp;wydarzeniach popularyzuj\u0105cych nauk\u0119. Aktualnie deklaracj\u0119 cz\u0142onkostwa w\u00a0SKN Behawioru Zwierz\u0105t podpisa\u0142o 70 student\u00f3w.<\/p>\n<p>W ramach SKN Behawioru Zwierz\u0105t dzia\u0142aj\u0105 cztery sekcje: Sekcja Terrarystyczna \u00a0pod opiek\u0105 dr. in\u017c. Damiana Zieli\u0144skiego, Sekcja Kynologiczna pod opiek\u0105 Dr hab. Ma\u0142gorzaty Goleman, Sekcja Zwierz\u0105t Dziko\u017cyj\u0105cych pod opiek\u0105 dr. hab. Piotra Czy\u017cowskiego oraz Sekcja Wsparcia z&nbsp;Udzia\u0142em Zwierz\u0105t pod opiek\u0105 mgr in\u017c. Joanny Kapustki.\u00a0<\/p>\n<p>Kontakt:\u00a0<a href=\"mailto:wanda.krupa@up.lublin.pl\">wanda.krupa@up.lublin.pl<\/a>, <a href=\"mailto:aleksandra.garbiec@up.lublin.pl\">aleksandra.garbiec@up.lublin.pl<\/a><\/p>\n                                        <\/div>\n\t\t\t\t\t\t                                <\/div>\n\t\t\t\t                <div class=\"mn-content-block\">\n\t                                <\/div>\n\t\t\t\t                <div class=\"mn-content-block\">\n\t                                <\/div>\n\t\t\t\t                <div class=\"mn-content-block\">\n\t                                <\/div>\n\t\t\t\t                <div class=\"mn-content-block\">\n\t                                <\/div>\n\t\t\t\t                <div class=\"mn-content-block\">\n\t                                <\/div>\n\t\t\t\t                <div class=\"mn-content-block\">\n\t                                <\/div>\n\t\t\t\t                <div class=\"mn-content-block\">\n\t                                <\/div>\n\t\t\t\t                <div class=\"mn-content-block\">\n\t                                <\/div>\n\t\t\t\t                <div class=\"mn-content-block\">\n\t                                <\/div>\n\t\t\t\t                <div class=\"mn-content-block\">\n\t                                <\/div>\n\t\t\t\t                <div class=\"mn-content-block\">\n\t                                <\/div>\n\t\t\t\t                <div class=\"mn-content-block\">\n\t                                <\/div>\n\t\t\t\t                <div class=\"mn-content-block\">\n\t                                <\/div>\n\t\t\t\t                <div class=\"mn-content-block\">\n\t                                <\/div>\n\t\t\t\t                <div class=\"mn-content-block\">\n\t                                <\/div>\n\t\t\t\t                <div class=\"mn-content-block\">\n\t                                <\/div>\n\t\t\t\t                <div class=\"mn-content-block\">\n\t                                <\/div>\n\t\t\t\t                <div class=\"mn-content-block\">\n\t                                <\/div>\n\t\t\t\t                <div class=\"mn-content-block\">\n\t                                <\/div>\n\t\t\t\t\t\t<\/div>\n\t<\/div>\n<\/section>\n\t\t<\/div>\n\t\t\t\t<\/div>\n\t\t\t\t\t\t<\/div>\n\t\t\t\t\t<\/div>\n\t\t<\/div>\n\t\t\t\t\t\t\t\t<\/div>\n\t\t\t\t\t<\/div>\n\t\t<\/section>\n\t\t\t\t\t\t<\/div>\n\t\t\t\t\t\t<\/div>\n\t\t\t\t\t<\/div>\n\t\t","protected":false},"excerpt":{"rendered":"<p>Studenckie Ko\u0142o Naukowe Behawioru Zwierz\u0105t powsta\u0142o w&nbsp;2023 r. po przekszta\u0142ceniu Sekcji Behawiorystyki Zwierz\u0105t dzia\u0142aj\u0105cej w&nbsp;ramach SKN Nauk o&nbsp;Zwierz\u0119tach i&nbsp;Biogospodarki od 2014 roku.&nbsp; Opiekunami ko\u0142a s\u0105 dr in\u017c. Wanda Krupa oraz Dr lek. wet. Aleksandra Garbiec. Siedzib\u0105 ko\u0142a jest Katedra Etologii Zwierz\u0105t i&nbsp;\u0141owiectwa. G\u0142\u00f3wne cele Ko\u0142a to poszerzanie i&nbsp;promowanie wiedzy na temat behawioru i&nbsp;dobrostanu r\u00f3\u017cnych gatunk\u00f3w [&hellip;]<\/p>\n","protected":false},"author":204,"featured_media":0,"parent":182532,"menu_order":0,"comment_status":"closed","ping_status":"closed","template":"elementor_header_footer","meta":{"_monsterinsights_skip_tracking":false,"_monsterinsights_sitenote_active":false,"_monsterinsights_sitenote_note":"","_monsterinsights_sitenote_category":0},"_links":{"self":[{"href":"https:\/\/up.lublin.pl\/biologia\/wp-json\/wp\/v2\/pages\/167650"}],"collection":[{"href":"https:\/\/up.lublin.pl\/biologia\/wp-json\/wp\/v2\/pages"}],"about":[{"href":"https:\/\/up.lublin.pl\/biologia\/wp-json\/wp\/v2\/types\/page"}],"author":[{"embeddable":true,"href":"https:\/\/up.lublin.pl\/biologia\/wp-json\/wp\/v2\/users\/204"}],"replies":[{"embeddable":true,"href":"https:\/\/up.lublin.pl\/biologia\/wp-json\/wp\/v2\/comments?post=167650"}],"version-history":[{"count":5,"href":"https:\/\/up.lublin.pl\/biologia\/wp-json\/wp\/v2\/pages\/167650\/revisions"}],"predecessor-version":[{"id":167655,"href":"https:\/\/up.lublin.pl\/biologia\/wp-json\/wp\/v2\/pages\/167650\/revisions\/167655"}],"up":[{"embeddable":true,"href":"https:\/\/up.lublin.pl\/biologia\/wp-json\/wp\/v2\/pages\/182532"}],"wp:attachment":[{"href":"https:\/\/up.lublin.pl\/biologia\/wp-json\/wp\/v2\/media?parent=167650"}],"curies":[{"name":"wp","href":"https:\/\/api.w.org\/{rel}","templated":true}]}}