{"id":162386,"date":"2023-11-06T07:42:10","date_gmt":"2023-11-06T06:42:10","guid":{"rendered":"https:\/\/up.lublin.pl\/biologia\/?page_id=162386"},"modified":"2025-09-22T11:21:45","modified_gmt":"2025-09-22T09:21:45","slug":"mskn-genetyki-zwierzat","status":"publish","type":"page","link":"https:\/\/up.lublin.pl\/biologia\/ksztalcenie\/mskn-genetyki-zwierzat\/","title":{"rendered":"Mi\u0119dzywydzia\u0142owe Studenckie Ko\u0142o Naukowe Genetyki Zwierz\u0105t"},"content":{"rendered":"\t\t<div data-elementor-type=\"wp-page\" data-elementor-id=\"162386\" class=\"elementor elementor-162386\" data-elementor-settings=\"[]\">\n\t\t\t\t\t\t<div class=\"elementor-inner\">\n\t\t\t\t\t\t\t<div class=\"elementor-section-wrap\">\n\t\t\t\t\t\t\t<section class=\"elementor-section elementor-top-section elementor-element elementor-element-7747c2c elementor-section-boxed elementor-section-height-default elementor-section-height-default\" data-id=\"7747c2c\" data-element_type=\"section\">\n\t\t\t\t\t\t<div class=\"elementor-container elementor-column-gap-default\">\n\t\t\t\t\t\t\t<div class=\"elementor-row\">\n\t\t\t\t\t<div class=\"elementor-column elementor-col-100 elementor-top-column elementor-element elementor-element-881067f\" data-id=\"881067f\" data-element_type=\"column\">\n\t\t\t<div class=\"elementor-column-wrap elementor-element-populated\">\n\t\t\t\t\t\t\t<div class=\"elementor-widget-wrap\">\n\t\t\t\t\t\t<div class=\"elementor-element elementor-element-afb912a elementor-widget elementor-widget-m2k\" data-id=\"afb912a\" data-element_type=\"widget\" data-widget_type=\"m2k.default\">\n\t\t\t\t<div class=\"elementor-widget-container\">\n\t\t\t<section class=\"mn-m2-d mn-bg-green\">\n    <div class=\"mn-grid\">\n        <div class=\"mn-grid-12 mn-introtext\">\n                            <h3>\n                    Mi\u0119dzywydzia\u0142owe Studenckie Ko\u0142o Naukowe Genetyki Zwierz\u0105t                <\/h3>\n                        <\/div>\n    <\/div>\n    <\/section>\n\t\t<\/div>\n\t\t\t\t<\/div>\n\t\t\t\t\t\t<\/div>\n\t\t\t\t\t<\/div>\n\t\t<\/div>\n\t\t\t\t\t\t\t\t<\/div>\n\t\t\t\t\t<\/div>\n\t\t<\/section>\n\t\t\t\t<section class=\"elementor-section elementor-top-section elementor-element elementor-element-289c6a5 elementor-section-boxed elementor-section-height-default elementor-section-height-default\" data-id=\"289c6a5\" data-element_type=\"section\">\n\t\t\t\t\t\t<div class=\"elementor-container elementor-column-gap-default\">\n\t\t\t\t\t\t\t<div class=\"elementor-row\">\n\t\t\t\t\t<div class=\"elementor-column elementor-col-100 elementor-top-column elementor-element elementor-element-cf88b04\" data-id=\"cf88b04\" data-element_type=\"column\">\n\t\t\t<div class=\"elementor-column-wrap elementor-element-populated\">\n\t\t\t\t\t\t\t<div class=\"elementor-widget-wrap\">\n\t\t\t\t\t\t<div class=\"elementor-element elementor-element-7fe88fd elementor-widget elementor-widget-m5c\" data-id=\"7fe88fd\" data-element_type=\"widget\" data-widget_type=\"m5c.default\">\n\t\t\t\t<div class=\"elementor-widget-container\">\n\t\t\t<section class=\"mn-m5-c mn-m5-d2 mn-bg-white\">\n\t<div class=\"mn-grid\">\n\t\t\t\t<div class=\"mn-content mn-grid-9\">\n\t\t\t                <div class=\"mn-content-block active\">\n\t                                                        <div class=\"block-text\">\n\t                                        <p>Pocz\u0105tki Mi\u0119dzywydzia\u0142owego SKN Genetyki Zwierz\u0105t si\u0119gaj\u0105 ko\u0144ca lat \u201890 kiedy pierwszym opiekunem naukowym Sekcji Genetyki Zwierz\u0105t by\u0142a prof. dr hab. Gra\u017cyna Je\u017cewska-Witkowska. Nast\u0119pnie prowadzenie \u00f3wczesnej Sekcji Genetyki Zwierz\u0105t zosta\u0142o przekazane w&nbsp;2007 r. dr Brygidzie \u015alaskiej. Zadania realizowane w&nbsp;Sekcji dotyczy\u0142y przede wszystkim genetyki zwierz\u0105t hodowlanych ze szczeg\u00f3lnym uwzgl\u0119dnieniem zwierz\u0105t futerkowych oraz powi\u0105zania odnotowanych polimorfizm\u00f3w genetycznych z&nbsp;ich warto\u015bci\u0105 u\u017cytkow\u0105. W&nbsp;kolejnych latach cz\u0142onkowie Sekcji Genetyki Zwierz\u0105t podejmowali zadania badawcze z&nbsp;zakresu analizy DNA mitochondrialnego (mtDNA) u&nbsp;r\u00f3\u017cnych gatunk\u00f3w zwierz\u0105t.<\/p>\n<p>Od 2020 r. wsp\u00f3\u0142opiekunem Sekcji Genetyki Zwierz\u0105t wraz z&nbsp;prof. dr hab. Brygid\u0105 \u015alask\u0105 by\u0142a mgr Angelika Tkaczyk-Wliz\u0142o. Natomiast w&nbsp;czerwcu 2023 r. cz\u0142onkowie Sekcji wraz z\u00a0wsp\u00f3\u0142opiekunami podj\u0119li jednog\u0142o\u015bn\u0105 decyzj\u0119 o&nbsp;zaprzestaniu dzia\u0142alno\u015bci Sekcji Genetyki Zwierz\u0105t SKN \u201eNauk o&nbsp;Zwierz\u0119tach i&nbsp;Biogospodarki\u201d. Jednocze\u015bnie na wniosek cz\u0142onk\u00f3w-za\u0142o\u017cycieli oraz opiekun\u00f3w naukowych, po pozytywnym rozpatrzeniu przez Prorektor ds. studenckich i&nbsp;dydaktyki, dr hab. Urszul\u0119 Kosior-Korzeck\u0105, prof. uczelni, w&nbsp;dniu 18.07.2023 r. zarejestrowano Mi\u0119dzywydzia\u0142owe Studenckie Ko\u0142o Naukowe Genetyki Zwierz\u0105t (MSKN GZ). Opiekunami naukowymi MSKN GZ zostali dr Angelika Tkaczyk-Wliz\u0142o oraz <br \/>dr Krzysztof Kowal.<\/p>\n<p>Tematyka naukowa prowadzanych bada\u0144 w&nbsp;Zespole obejmuje szeroki zakres analiz molekularnych u&nbsp;r\u00f3\u017cnych gatunk\u00f3w zwierz\u0105t tj. pies domowy, \u015bwinia domowa czy te\u017c mysz domowa. Ponadto bardzo wa\u017cnym nurtem badawczym s\u0105 realizowane zagadnienia z&nbsp;zakresu onkogenomiki mitochondrialnej zwierz\u0105t towarzysz\u0105cych.<\/p>\n<p>Dzia\u0142alno\u015b\u0107 w&nbsp;MSKN GZ dotyczy trzech g\u0142\u00f3wnych filar\u00f3w:<\/p>\n<ul>\n<li>praktyki laboratoryjnej &#8211; umo\u017cliwiaj\u0105cej poznanie i&nbsp;zg\u0142\u0119bienie zr\u00f3\u017cnicowanych metod i\u00a0technik z&nbsp;zakresu biologii molekularnej stosowanych w&nbsp;diagnostyce genetycznej zwierz\u0105t;<\/li>\n<li>wykonywania analiz <em>in silico <\/em>&#8211; pozwalaj\u0105cych zdoby\u0107 umiej\u0119tno\u015bci z&nbsp;zakresu bada\u0144 bioinformatycznych oraz do\u015bwiadczenie w&nbsp;interpretacji uzyskanych wynik\u00f3w;<\/li>\n<li>warsztat pisania tekst\u00f3w naukowych &#8211; rozwijania umiej\u0119tno\u015bci tworzenia doniesie\u0144 naukowych, pisania monografii oraz artyku\u0142\u00f3w naukowych.<\/li>\n<\/ul>\n<p>Cz\u0142onkowie Ko\u0142a MSKN GZ bior\u0105 aktywnie udzia\u0142 w&nbsp;licznych konferencjach naukowych, prezentuj\u0105c wyniki przeprowadzonych analiz laboratoryjnych oraz bioinformatycznych, zar\u00f3wno w&nbsp;postaci referat\u00f3w, poster\u00f3w oraz artyku\u0142\u00f3w naukowych.<\/p>\n<p>Ponadto jako spo\u0142eczno\u015b\u0107 akademicka, Mi\u0119dzywydzia\u0142owe SKN Genetyki Zwierz\u0105t, aktywnie uczestniczy w&nbsp;wydarzeniach popularyzuj\u0105cych nauk\u0119 tj. Lubelski Festiwal Nauki czy te\u017c organizacja warsztat\u00f3w edukacyjnych dla uczni\u00f3w liceum.<\/p>\n<p>Cz\u0142onkowie MSKN GZ to grupa ludzi oddanych nauce, pracowitych, kt\u00f3rych ciekawo\u015b\u0107 motywuje do podejmowania wci\u0105\u017c nowych zagadnie\u0144 badawczych. Je\u015bli chcesz do nas do\u0142\u0105czy\u0107 napisz wiadomo\u015b\u0107 lub przyjd\u017a! Mi\u0119dzywydzia\u0142owe SKN Genetyki Zwierz\u0105t dzia\u0142a\u0142a przy Zak\u0142adzie Genetyki Og\u00f3lnej i&nbsp;Molekularnej w&nbsp;Instytucie Biologicznych Podstaw Produkcji Zwierz\u0119cej, Wydzia\u0142u Nauk o&nbsp;Zwierz\u0119tach i&nbsp;Biogospodarki Uniwersytetu Przyrodniczego w&nbsp;Lublinie na ul. Akademicka 13.<\/p>\n<p style=\"text-align: right;\">\u00a0<\/p>\n<p style=\"text-align: right;\"><em>\u201eScientific research is one of the most exciting and rewarding of occupations.\u201d<br \/><\/em>Frederick Sanger*<\/p>\n<h6 style=\"text-align: right; margin-bottom: 20px;\">*Tw\u00f3rca enzmatycznej metody sekwencjonowania DNA; dwukrotny zdobywca Nagrody Nobla w&nbsp;dziedzinie chemii.<\/h6>\n<h4>\u00a0<\/h4>\n<h4>Kontakt do wsp\u00f3\u0142opiekun\u00f3w MSKN GZ:<\/h4>\n<p>dr Angelika Tkaczyk-Wliz\u0142o; <a href=\"mailto:angelika.tkaczyk@up.lublin.pl\">angelika.tkaczyk@up.lublin.pl<\/a><br \/>dr Krzysztof Kowal; <a href=\"mailto:Krzysztof.kowal@up.lublin.pl\">Krzysztof.kowal@up.lublin.pl<\/a><\/p>\n                                        <\/div>\n\t\t\t\t\t\t                                <\/div>\n\t\t\t\t                <div class=\"mn-content-block\">\n\t                                <\/div>\n\t\t\t\t                <div class=\"mn-content-block\">\n\t                                <\/div>\n\t\t\t\t                <div class=\"mn-content-block\">\n\t                                <\/div>\n\t\t\t\t                <div class=\"mn-content-block\">\n\t                                <\/div>\n\t\t\t\t                <div class=\"mn-content-block\">\n\t                                <\/div>\n\t\t\t\t                <div class=\"mn-content-block\">\n\t                                <\/div>\n\t\t\t\t                <div class=\"mn-content-block\">\n\t                                <\/div>\n\t\t\t\t                <div class=\"mn-content-block\">\n\t                                <\/div>\n\t\t\t\t                <div class=\"mn-content-block\">\n\t                                <\/div>\n\t\t\t\t                <div class=\"mn-content-block\">\n\t                                <\/div>\n\t\t\t\t                <div class=\"mn-content-block\">\n\t                                <\/div>\n\t\t\t\t                <div class=\"mn-content-block\">\n\t                                <\/div>\n\t\t\t\t                <div class=\"mn-content-block\">\n\t                                <\/div>\n\t\t\t\t                <div class=\"mn-content-block\">\n\t                                <\/div>\n\t\t\t\t                <div class=\"mn-content-block\">\n\t                                <\/div>\n\t\t\t\t                <div class=\"mn-content-block\">\n\t                                <\/div>\n\t\t\t\t                <div class=\"mn-content-block\">\n\t                                <\/div>\n\t\t\t\t                <div class=\"mn-content-block\">\n\t                                <\/div>\n\t\t\t\t                <div class=\"mn-content-block\">\n\t                                <\/div>\n\t\t\t\t\t\t<\/div>\n\t<\/div>\n<\/section>\n\t\t<\/div>\n\t\t\t\t<\/div>\n\t\t\t\t\t\t<\/div>\n\t\t\t\t\t<\/div>\n\t\t<\/div>\n\t\t\t\t\t\t\t\t<\/div>\n\t\t\t\t\t<\/div>\n\t\t<\/section>\n\t\t\t\t\t\t<\/div>\n\t\t\t\t\t\t<\/div>\n\t\t\t\t\t<\/div>\n\t\t","protected":false},"excerpt":{"rendered":"<p>Mi\u0119dzywydzia\u0142owe Studenckie Ko\u0142o Naukowe Genetyki Zwierz\u0105t UP Wydzia\u0142 Nauk o&nbsp;Zwierz\u0119tach i&nbsp;Biogospodarki Pocz\u0105tki Mi\u0119dzywydzia\u0142owego SKN Genetyki Zwierz\u0105t si\u0119gaj\u0105 ko\u0144ca lat \u201890 kiedy pierwszym opiekunem naukowym Sekcji Genetyki Zwierz\u0105t by\u0142a prof. dr hab. Gra\u017cyna Je\u017cewska-Witkowska. Nast\u0119pnie prowadzenie \u00f3wczesnej Sekcji Genetyki Zwierz\u0105t zosta\u0142o przekazane w&nbsp;2007 r. dr Brygidzie \u015alaskiej. Zadania realizowane w&nbsp;Sekcji dotyczy\u0142y przede wszystkim genetyki zwierz\u0105t hodowlanych [&hellip;]<\/p>\n","protected":false},"author":2,"featured_media":0,"parent":182532,"menu_order":0,"comment_status":"closed","ping_status":"closed","template":"elementor_header_footer","meta":{"_monsterinsights_skip_tracking":false,"_monsterinsights_sitenote_active":false,"_monsterinsights_sitenote_note":"","_monsterinsights_sitenote_category":0},"_links":{"self":[{"href":"https:\/\/up.lublin.pl\/biologia\/wp-json\/wp\/v2\/pages\/162386"}],"collection":[{"href":"https:\/\/up.lublin.pl\/biologia\/wp-json\/wp\/v2\/pages"}],"about":[{"href":"https:\/\/up.lublin.pl\/biologia\/wp-json\/wp\/v2\/types\/page"}],"author":[{"embeddable":true,"href":"https:\/\/up.lublin.pl\/biologia\/wp-json\/wp\/v2\/users\/2"}],"replies":[{"embeddable":true,"href":"https:\/\/up.lublin.pl\/biologia\/wp-json\/wp\/v2\/comments?post=162386"}],"version-history":[{"count":7,"href":"https:\/\/up.lublin.pl\/biologia\/wp-json\/wp\/v2\/pages\/162386\/revisions"}],"predecessor-version":[{"id":162394,"href":"https:\/\/up.lublin.pl\/biologia\/wp-json\/wp\/v2\/pages\/162386\/revisions\/162394"}],"up":[{"embeddable":true,"href":"https:\/\/up.lublin.pl\/biologia\/wp-json\/wp\/v2\/pages\/182532"}],"wp:attachment":[{"href":"https:\/\/up.lublin.pl\/biologia\/wp-json\/wp\/v2\/media?parent=162386"}],"curies":[{"name":"wp","href":"https:\/\/api.w.org\/{rel}","templated":true}]}}