{"id":162196,"date":"2023-10-31T12:37:09","date_gmt":"2023-10-31T11:37:09","guid":{"rendered":"https:\/\/up.lublin.pl\/biologia\/?page_id=162196"},"modified":"2025-12-28T15:59:16","modified_gmt":"2025-12-28T14:59:16","slug":"animaloterapia-moduly","status":"publish","type":"page","link":"https:\/\/up.lublin.pl\/biologia\/ksztalcenie\/animaloterapia-moduly\/","title":{"rendered":"Animaloterapia &#8211; modu\u0142y"},"content":{"rendered":"\t\t<div data-elementor-type=\"wp-page\" data-elementor-id=\"162196\" class=\"elementor elementor-162196\" data-elementor-settings=\"[]\">\n\t\t\t\t\t\t<div class=\"elementor-inner\">\n\t\t\t\t\t\t\t<div class=\"elementor-section-wrap\">\n\t\t\t\t\t\t\t<section class=\"elementor-section elementor-top-section elementor-element elementor-element-f53e393 elementor-section-boxed elementor-section-height-default elementor-section-height-default\" data-id=\"f53e393\" data-element_type=\"section\">\n\t\t\t\t\t\t<div class=\"elementor-container elementor-column-gap-default\">\n\t\t\t\t\t\t\t<div class=\"elementor-row\">\n\t\t\t\t\t<div class=\"elementor-column elementor-col-100 elementor-top-column elementor-element elementor-element-068a5b2\" data-id=\"068a5b2\" data-element_type=\"column\">\n\t\t\t<div class=\"elementor-column-wrap elementor-element-populated\">\n\t\t\t\t\t\t\t<div class=\"elementor-widget-wrap\">\n\t\t\t\t\t\t<div class=\"elementor-element elementor-element-e3d98c2 elementor-widget elementor-widget-m5c\" data-id=\"e3d98c2\" data-element_type=\"widget\" data-widget_type=\"m5c.default\">\n\t\t\t\t<div class=\"elementor-widget-container\">\n\t\t\t<section class=\"mn-m5-c mn-m5-d2 mn-bg-white\">\n\t<div class=\"mn-grid\">\n\t\t\t\t<div class=\"mn-content mn-grid-9\">\n\t\t\t                <div class=\"mn-content-block active\">\n\t                                                        <div class=\"block-text\">\n\t                                        <h1>Semestr 1<\/h1>\n<p><a href=\"https:\/\/up.lublin.pl\/biologia\/wp-content\/uploads\/sites\/4\/2025\/11\/Zoopsychologia_As2_01A.docx\">Zoopsychologia_As2_01A<\/a><\/p>\n<p><a href=\"https:\/\/up.lublin.pl\/biologia\/wp-content\/uploads\/sites\/4\/2025\/11\/Techniki-prowadzenia-dialogu-As2_04A.docx\">Techniki prowadzenia dialogu-As2_04A<\/a><\/p>\n<p><a href=\"https:\/\/up.lublin.pl\/biologia\/wp-content\/uploads\/sites\/4\/2025\/11\/Techniki-pracy-w-animaloterapii_As2_08A.docx\">Techniki pracy w&nbsp;animaloterapii_As2_08A<\/a><\/p>\n<p><a href=\"https:\/\/up.lublin.pl\/biologia\/wp-content\/uploads\/sites\/4\/2025\/11\/Rozwoj-osobisty-i-nauka-dialogu-As2_04B.docx\">Rozw\u00f3j osobisty i&nbsp;nauka dialogu-As2_04B<\/a><\/p>\n<p><a href=\"https:\/\/up.lublin.pl\/biologia\/wp-content\/uploads\/sites\/4\/2025\/11\/Psychospoleczne-przygotowanie-do-pracy-w-animaloterapii_As2_08B.docx\">Psychospo\u0142eczne przygotowanie do pracy w&nbsp;animaloterapii_As2_08B<\/a><\/p>\n<p><a href=\"https:\/\/up.lublin.pl\/biologia\/wp-content\/uploads\/sites\/4\/2025\/11\/Psychologia-rozwoju-czlowieka-As2_07A.docx\">Psychologia rozwoju cz\u0142owieka-As2_07A<\/a><\/p>\n<p><a href=\"https:\/\/up.lublin.pl\/biologia\/wp-content\/uploads\/sites\/4\/2025\/11\/Psychologia-porownawcza-zwierzat-gospodarskich_As2_06A.docx\">Psychologia por\u00f3wnawcza zwierz\u0105t gospodarskich_As2_06A<\/a><\/p>\n<p><a href=\"https:\/\/up.lublin.pl\/biologia\/wp-content\/uploads\/sites\/4\/2025\/11\/Psychologia-emocji_As2_01B.docx\">Psychologia emocji_As2_01B<\/a><\/p>\n<p><a href=\"https:\/\/up.lublin.pl\/biologia\/wp-content\/uploads\/sites\/4\/2025\/11\/Przygotowanie-do-pracy-z-osobami-o-specjalnych-potrzebach_As2_05B.docx\">Przygotowanie do pracy z&nbsp;osobami o&nbsp;specjalnych potrzebach_As2_05B<\/a><\/p>\n<p><a href=\"https:\/\/up.lublin.pl\/biologia\/wp-content\/uploads\/sites\/4\/2025\/11\/Propedeutyka-animaloterapeutyczna_As2_05A.docx\">Propedeutyka animaloterapeutyczna_As2_05A<\/a><\/p>\n<p><a href=\"https:\/\/up.lublin.pl\/biologia\/wp-content\/uploads\/sites\/4\/2025\/11\/Predyspozycje-psychospoleczne-zwierzat-do-animaloterapii__As2_06B.docx\">Predyspozycje psychospo\u0142eczne zwierz\u0105t do animaloterapii__As2_06B<\/a><\/p>\n<p><a href=\"https:\/\/up.lublin.pl\/biologia\/wp-content\/uploads\/sites\/4\/2025\/11\/Pedagogy-basics-As2_07C.docx\">Pedagogy basics-As2_07C<\/a><\/p>\n<p><a href=\"https:\/\/up.lublin.pl\/biologia\/wp-content\/uploads\/sites\/4\/2025\/11\/Pedagogika-specjalna-As2_10B.docx\">Pedagogika specjalna -As2_10B<\/a><\/p>\n<p><a href=\"https:\/\/up.lublin.pl\/biologia\/wp-content\/uploads\/sites\/4\/2025\/11\/Metodologiczne-przygotowanie-zwierzat-do-animaloterapii_As2_03.docx\">Metodologiczne przygotowanie zwierz\u0105t do animaloterapii_As2_03<\/a><\/p>\n<p><a href=\"https:\/\/up.lublin.pl\/biologia\/wp-content\/uploads\/sites\/4\/2025\/11\/Diagnostyka-psychopedagogiczna-As2_07B.docx\">Diagnostyka psychopedagogiczna-As2_07B<\/a><\/p>\n<p><a href=\"https:\/\/up.lublin.pl\/biologia\/wp-content\/uploads\/sites\/4\/2025\/11\/Choroby-i-wady-genetyczne-ludzi-As2_09.docx\">Choroby i&nbsp;wady genetyczne ludzi-As2_09<\/a><\/p>\n<p><a href=\"https:\/\/up.lublin.pl\/biologia\/wp-content\/uploads\/sites\/4\/2025\/11\/Biologiczne-predyspozycje-zwierzat-do-animaloterapii-As2_02.docx\">Biologiczne predyspozycje zwierz\u0105t do animaloterapii-As2_02<\/a><\/p>\n<p><a href=\"https:\/\/up.lublin.pl\/biologia\/wp-content\/uploads\/sites\/4\/2025\/11\/Bezpieczenstwo-zajec-z-udzialem-zwierzat-As2_11.docx\">Bezpiecze\u0144stwo zaj\u0119\u0107 z&nbsp;udzia\u0142em zwierz\u0105t-As2_11<\/a><\/p>\n<p><a href=\"https:\/\/up.lublin.pl\/biologia\/wp-content\/uploads\/sites\/4\/2025\/11\/Animalopedagogika-As2_10A.docx\">Animalopedagogika-As2_10A<\/a><\/p>\n<h1>Semestr II<\/h1>\n<p><a href=\"https:\/\/up.lublin.pl\/biologia\/wp-content\/uploads\/sites\/4\/2025\/11\/Warsztaty-animaloterapii-As2_11.docx\">Warsztaty-animaloterapii-As2_11<\/a><\/p>\n<p><a href=\"https:\/\/up.lublin.pl\/biologia\/wp-content\/uploads\/sites\/4\/2025\/11\/Seminarium-dyplomowe1-As2.docx\">Seminarium dyplomowe1-As2<\/a><\/p>\n<p><a href=\"https:\/\/up.lublin.pl\/biologia\/wp-content\/uploads\/sites\/4\/2025\/11\/Rekreacja-z-udzialem-koni_As2_15A.docx\">Rekreacja z&nbsp;udzia\u0142em koni_As2_15A<\/a><\/p>\n<p><a href=\"https:\/\/up.lublin.pl\/biologia\/wp-content\/uploads\/sites\/4\/2025\/11\/Praktyka-zawodowa.doc\">Praktyka zawodowa<\/a><\/p>\n<p><a href=\"https:\/\/up.lublin.pl\/biologia\/wp-content\/uploads\/sites\/4\/2025\/11\/Metody-oceny-dobrostanu-zwierzat-w-animaloterapii-As2_13.docx\">Metody oceny dobrostanu zwierz\u0105t w&nbsp;animaloterapii-As2_13<\/a><\/p>\n<p><a href=\"https:\/\/up.lublin.pl\/biologia\/wp-content\/uploads\/sites\/4\/2025\/11\/Alternatywne-formy-hipoterapii_As2_15B.docx\">Alternatywne formy hipoterapii_As2_15B<\/a><\/p>\n<h1>Semestr III<\/h1>\n<p><a href=\"https:\/\/up.lublin.pl\/biologia\/wp-content\/uploads\/sites\/4\/2025\/11\/Aviterapia-As2_18A.docx\">Aviterapia-As2_18A<\/a><\/p>\n<p><a href=\"https:\/\/up.lublin.pl\/biologia\/wp-content\/uploads\/sites\/4\/2025\/11\/Zoosemiotyka-As2_22B.docx\">Zoosemiotyka-As2_22B<\/a><\/p>\n<p><a href=\"https:\/\/up.lublin.pl\/biologia\/wp-content\/uploads\/sites\/4\/2025\/11\/Techniki-prowadzenia-dialogu-As2_20A.docx\">Techniki prowadzenia dialogu-As2_20A<\/a><\/p>\n<p><a href=\"https:\/\/up.lublin.pl\/biologia\/wp-content\/uploads\/sites\/4\/2025\/11\/Suplementy-w-zywieniu-zwierzat-As2_19B.docx\">Suplementy w&nbsp;\u017cywieniu zwierz\u0105t-As2_19B<\/a><\/p>\n<p><a href=\"https:\/\/up.lublin.pl\/biologia\/wp-content\/uploads\/sites\/4\/2025\/11\/Specjalistyczne-zywienie-zwierzat-As2_19A.docx\">Specjalistyczne \u017cywienie zwierz\u0105t-As2_19A<\/a><\/p>\n<p><a href=\"https:\/\/up.lublin.pl\/biologia\/wp-content\/uploads\/sites\/4\/2025\/11\/Rozwoj-osobisty-i-nauka-dialogu-As2_20B.docx\">Rozw\u00f3j osobisty i&nbsp;nauka dialogu-As2_20B<\/a><\/p>\n<p><a href=\"https:\/\/up.lublin.pl\/biologia\/wp-content\/uploads\/sites\/4\/2025\/11\/Seminarium-dyplomowe2-As2.docx\">Seminarium dyplomowe2-As2<\/a><\/p>\n<p><a href=\"https:\/\/up.lublin.pl\/biologia\/wp-content\/uploads\/sites\/4\/2025\/11\/Psychologia-rozwoju-czlowieka-As2_21A.docx\">Psychologia rozwoju cz\u0142owieka-As2_21A<\/a><\/p>\n<p><a href=\"https:\/\/up.lublin.pl\/biologia\/wp-content\/uploads\/sites\/4\/2025\/11\/Prawne-i-etyczne-aspekty-animaloterapii-As2_23A.docx\">Prawne i&nbsp;etyczne aspekty animaloterapii-As2_23A<\/a><\/p>\n<p><a href=\"https:\/\/up.lublin.pl\/biologia\/wp-content\/uploads\/sites\/4\/2025\/11\/Pedagogy-basics-As2_21C.docx\">Pedagogy basics-As2_21C<\/a><\/p>\n<p><a href=\"https:\/\/up.lublin.pl\/biologia\/wp-content\/uploads\/sites\/4\/2025\/11\/Metody-relaksacji-zwierzat-As2_17A.docx\">Metody-relaksacji-zwierzat-As2_17A<\/a><\/p>\n<p><a href=\"https:\/\/up.lublin.pl\/biologia\/wp-content\/uploads\/sites\/4\/2025\/11\/Metodologia-badan-biologicznych-As2_24A.docx\">Metodologia bada\u0144 biologicznych-As2_24A<\/a><\/p>\n<p><a href=\"https:\/\/up.lublin.pl\/biologia\/wp-content\/uploads\/sites\/4\/2025\/11\/Masaz-relaksacyjny_As2_17B.docx\">Masaz-relaksacyjny_As2_17B<\/a><\/p>\n<p><a href=\"https:\/\/up.lublin.pl\/biologia\/wp-content\/uploads\/sites\/4\/2025\/11\/Diagnostyka-psychopedagogiczna-As2_21B.docx\">Diagnostyka psychopedagogiczna-As2_21B<\/a><\/p>\n<p><a href=\"https:\/\/up.lublin.pl\/biologia\/wp-content\/uploads\/sites\/4\/2025\/11\/Gatunki_nieudomowione-w-animaloterapii-As2_18B.docx\">Gatunki_nieudomowione w&nbsp;animaloterapii-As2_18B<\/a><\/p>\n<p><a href=\"https:\/\/up.lublin.pl\/biologia\/wp-content\/uploads\/sites\/4\/2025\/11\/Biostatystyka-As2_24B.docx\">Biostatystyka-As2_24B<\/a><\/p>\n<p><a href=\"https:\/\/up.lublin.pl\/biologia\/wp-content\/uploads\/sites\/4\/2025\/11\/Biokomunikacja-As2_22A.docx\">Biokomunikacja-As2_22A<\/a> <a href=\"https:\/\/up.lublin.pl\/biologia\/wp-content\/uploads\/sites\/4\/2025\/11\/Bioethics_As2_23B.docx\">Bioethics_As2_23B<\/a><\/p>\n<p>\u00a0<\/p>\n<p>\u00a0<\/p>\n<p>\u00a0<\/p>\n                                        <\/div>\n\t\t\t\t\t\t                                <\/div>\n\t\t\t\t                <div class=\"mn-content-block\">\n\t                                <\/div>\n\t\t\t\t                <div class=\"mn-content-block\">\n\t                                <\/div>\n\t\t\t\t                <div class=\"mn-content-block\">\n\t                                <\/div>\n\t\t\t\t                <div class=\"mn-content-block\">\n\t                                <\/div>\n\t\t\t\t                <div class=\"mn-content-block\">\n\t                                <\/div>\n\t\t\t\t                <div class=\"mn-content-block\">\n\t                                <\/div>\n\t\t\t\t                <div class=\"mn-content-block\">\n\t                                <\/div>\n\t\t\t\t                <div class=\"mn-content-block\">\n\t                                <\/div>\n\t\t\t\t                <div class=\"mn-content-block\">\n\t                                <\/div>\n\t\t\t\t                <div class=\"mn-content-block\">\n\t                                <\/div>\n\t\t\t\t                <div class=\"mn-content-block\">\n\t                                <\/div>\n\t\t\t\t                <div class=\"mn-content-block\">\n\t                                <\/div>\n\t\t\t\t                <div class=\"mn-content-block\">\n\t                                <\/div>\n\t\t\t\t                <div class=\"mn-content-block\">\n\t                                <\/div>\n\t\t\t\t                <div class=\"mn-content-block\">\n\t                                <\/div>\n\t\t\t\t                <div class=\"mn-content-block\">\n\t                                <\/div>\n\t\t\t\t                <div class=\"mn-content-block\">\n\t                                <\/div>\n\t\t\t\t                <div class=\"mn-content-block\">\n\t                                <\/div>\n\t\t\t\t                <div class=\"mn-content-block\">\n\t                                <\/div>\n\t\t\t\t\t\t<\/div>\n\t<\/div>\n<\/section>\n\t\t<\/div>\n\t\t\t\t<\/div>\n\t\t\t\t\t\t<\/div>\n\t\t\t\t\t<\/div>\n\t\t<\/div>\n\t\t\t\t\t\t\t\t<\/div>\n\t\t\t\t\t<\/div>\n\t\t<\/section>\n\t\t\t\t\t\t<\/div>\n\t\t\t\t\t\t<\/div>\n\t\t\t\t\t<\/div>\n\t\t","protected":false},"excerpt":{"rendered":"<p>Semestr 1 Zoopsychologia_As2_01A Techniki prowadzenia dialogu-As2_04A Techniki pracy w&nbsp;animaloterapii_As2_08A Rozw\u00f3j osobisty i&nbsp;nauka dialogu-As2_04B Psychospo\u0142eczne przygotowanie do pracy w&nbsp;animaloterapii_As2_08B Psychologia rozwoju cz\u0142owieka-As2_07A Psychologia por\u00f3wnawcza zwierz\u0105t gospodarskich_As2_06A Psychologia emocji_As2_01B Przygotowanie do pracy z&nbsp;osobami o&nbsp;specjalnych potrzebach_As2_05B Propedeutyka animaloterapeutyczna_As2_05A Predyspozycje psychospo\u0142eczne zwierz\u0105t do animaloterapii__As2_06B Pedagogy basics-As2_07C Pedagogika specjalna -As2_10B Metodologiczne przygotowanie zwierz\u0105t do animaloterapii_As2_03 Diagnostyka psychopedagogiczna-As2_07B Choroby i&nbsp;wady genetyczne [&hellip;]<\/p>\n","protected":false},"author":204,"featured_media":0,"parent":182532,"menu_order":0,"comment_status":"closed","ping_status":"closed","template":"","meta":{"_monsterinsights_skip_tracking":false,"_monsterinsights_sitenote_active":false,"_monsterinsights_sitenote_note":"","_monsterinsights_sitenote_category":0},"_links":{"self":[{"href":"https:\/\/up.lublin.pl\/biologia\/wp-json\/wp\/v2\/pages\/162196"}],"collection":[{"href":"https:\/\/up.lublin.pl\/biologia\/wp-json\/wp\/v2\/pages"}],"about":[{"href":"https:\/\/up.lublin.pl\/biologia\/wp-json\/wp\/v2\/types\/page"}],"author":[{"embeddable":true,"href":"https:\/\/up.lublin.pl\/biologia\/wp-json\/wp\/v2\/users\/204"}],"replies":[{"embeddable":true,"href":"https:\/\/up.lublin.pl\/biologia\/wp-json\/wp\/v2\/comments?post=162196"}],"version-history":[{"count":34,"href":"https:\/\/up.lublin.pl\/biologia\/wp-json\/wp\/v2\/pages\/162196\/revisions"}],"predecessor-version":[{"id":184485,"href":"https:\/\/up.lublin.pl\/biologia\/wp-json\/wp\/v2\/pages\/162196\/revisions\/184485"}],"up":[{"embeddable":true,"href":"https:\/\/up.lublin.pl\/biologia\/wp-json\/wp\/v2\/pages\/182532"}],"wp:attachment":[{"href":"https:\/\/up.lublin.pl\/biologia\/wp-json\/wp\/v2\/media?parent=162196"}],"curies":[{"name":"wp","href":"https:\/\/api.w.org\/{rel}","templated":true}]}}