{"id":155361,"date":"2023-03-20T13:40:48","date_gmt":"2023-03-20T12:40:48","guid":{"rendered":"https:\/\/up.lublin.pl\/biologia\/?page_id=155361"},"modified":"2026-03-27T11:38:21","modified_gmt":"2026-03-27T10:38:21","slug":"bioinformatyka","status":"publish","type":"page","link":"https:\/\/up.lublin.pl\/biologia\/ksztalcenie\/bioinformatyka\/","title":{"rendered":"Bioinformatyka &#8211; modu\u0142y"},"content":{"rendered":"\t\t<div data-elementor-type=\"wp-page\" data-elementor-id=\"155361\" class=\"elementor elementor-155361\" data-elementor-settings=\"[]\">\n\t\t\t\t\t\t<div class=\"elementor-inner\">\n\t\t\t\t\t\t\t<div class=\"elementor-section-wrap\">\n\t\t\t\t\t\t\t<section class=\"elementor-section elementor-top-section elementor-element elementor-element-6c43caab elementor-section-boxed elementor-section-height-default elementor-section-height-default\" data-id=\"6c43caab\" data-element_type=\"section\">\n\t\t\t\t\t\t<div class=\"elementor-container elementor-column-gap-default\">\n\t\t\t\t\t\t\t<div class=\"elementor-row\">\n\t\t\t\t\t<div class=\"elementor-column elementor-col-100 elementor-top-column elementor-element elementor-element-2df0177d\" data-id=\"2df0177d\" data-element_type=\"column\">\n\t\t\t<div class=\"elementor-column-wrap elementor-element-populated\">\n\t\t\t\t\t\t\t<div class=\"elementor-widget-wrap\">\n\t\t\t\t\t\t<div class=\"elementor-element elementor-element-1cf9cb9f elementor-widget elementor-widget-m5c\" data-id=\"1cf9cb9f\" data-element_type=\"widget\" data-widget_type=\"m5c.default\">\n\t\t\t\t<div class=\"elementor-widget-container\">\n\t\t\t<section class=\"mn-m5-c mn-m5-d2 mn-bg-white\">\n\t<div class=\"mn-grid\">\n\t\t\t\t<div class=\"mn-content mn-grid-9\">\n\t\t\t                <div class=\"mn-content-block active\">\n\t                                                        <div class=\"block-text\">\n\t                                        <h6><a href=\"https:\/\/up.lublin.pl\/biologia\/home\/ksztalcenie\/\">\u2190 powr\u00f3t<\/a><\/h6>\n                                        <\/div>\n\t\t\t\t\t\t                                                        <div class=\"block-text\">\n\t                                        <h1 style=\"text-align: center;margin-bottom: 20px\">Bioinformatyka \u2014 modu\u0142y<\/h1>\n<p><a href=\"https:\/\/up.lublin.pl\/biologia\/wp-content\/uploads\/sites\/4\/2023\/03\/analizy-filogenetyczne.pdf\">analizy filogenetyczne<\/a><\/p>\n<p><a href=\"https:\/\/up.lublin.pl\/biologia\/wp-content\/uploads\/sites\/4\/2023\/03\/automatyzacja-zadan-w-pakiecie-biurowym.pdf\">automatyzacja zada\u0144 w&nbsp;pakiecie biurowym<\/a><\/p>\n<p><a href=\"https:\/\/up.lublin.pl\/biologia\/wp-content\/uploads\/sites\/4\/2023\/03\/bb_s1_angielski_1.pdf\">bb_s1_angielski_1<\/a><\/p>\n<p><a href=\"https:\/\/up.lublin.pl\/biologia\/wp-content\/uploads\/sites\/4\/2023\/03\/bb_s1_angielski_3.pdf\">bb_s1_angielski_3<\/a><\/p>\n<p><a href=\"https:\/\/up.lublin.pl\/biologia\/wp-content\/uploads\/sites\/4\/2023\/03\/bb_s1_rosyjski_2.pdf\">bb_s1_rosyjski_2<\/a><\/p>\n<p><a href=\"https:\/\/up.lublin.pl\/biologia\/wp-content\/uploads\/sites\/4\/2023\/03\/biologia-komorki.pdf\">biologia kom\u00f3rki<\/a><\/p>\n<p><a href=\"https:\/\/up.lublin.pl\/biologia\/wp-content\/uploads\/sites\/4\/2023\/03\/biometria-stosowana-zwierzat.pdf\">biometria stosowana zwierz\u0105t<\/a><\/p>\n<p><a href=\"https:\/\/up.lublin.pl\/biologia\/wp-content\/uploads\/sites\/4\/2023\/03\/biostatystyka.pdf\">biostatystyka<\/a><\/p>\n<p><a href=\"https:\/\/up.lublin.pl\/biologia\/wp-content\/uploads\/sites\/4\/2023\/03\/ewolucjonizm.pdf\">ewolucjonizm<\/a><\/p>\n<p><a href=\"https:\/\/up.lublin.pl\/biologia\/wp-content\/uploads\/sites\/4\/2023\/03\/it-in-the-assessment-of-animal-nutrition.pdf\">it in the assessment of animal nutrition<\/a><\/p>\n<p><a href=\"https:\/\/up.lublin.pl\/biologia\/wp-content\/uploads\/sites\/4\/2023\/03\/it-w-inzynierii-genetycznej.pdf\">it w&nbsp;in\u017cynierii genetycznej<\/a><\/p>\n<p><a href=\"https:\/\/up.lublin.pl\/biologia\/wp-content\/uploads\/sites\/4\/2023\/03\/nowe-technologie-w-hodowli-roslin.pdf\">nowe technologie w&nbsp;hodowli ro\u015blin<\/a><\/p>\n<p><a href=\"https:\/\/up.lublin.pl\/biologia\/wp-content\/uploads\/sites\/4\/2023\/03\/podstawy-biochemii.pdf\">podstawy biochemii<\/a><\/p>\n<p><a href=\"https:\/\/up.lublin.pl\/biologia\/wp-content\/uploads\/sites\/4\/2023\/03\/podstawy-mikrobiologii.pdf\">podstawy mikrobiologii<\/a><\/p>\n<p><a href=\"https:\/\/up.lublin.pl\/biologia\/wp-content\/uploads\/sites\/4\/2023\/03\/podstawy-zarzadzania-przedsiebiorstwem.pdf\">podstawy zarz\u0105dzania przedsi\u0119biorstwem<\/a><\/p>\n<p><a href=\"https:\/\/up.lublin.pl\/biologia\/wp-content\/uploads\/sites\/4\/2023\/03\/praktyka-4-tyg.pdf\">praktyka 4 tyg<\/a><\/p>\n<p><a href=\"https:\/\/up.lublin.pl\/biologia\/wp-content\/uploads\/sites\/4\/2023\/03\/programowanie-aplikacji-mobilnych.pdf\">programowanie aplikacji mobilnych<\/a><\/p>\n<p><a href=\"https:\/\/up.lublin.pl\/biologia\/wp-content\/uploads\/sites\/4\/2023\/03\/programowanie-obiektowe-w-pythonie.pdf\">programowanie obiektowe w&nbsp;pythonie<\/a><\/p>\n<p><a href=\"https:\/\/up.lublin.pl\/biologia\/wp-content\/uploads\/sites\/4\/2023\/03\/programowanie-strukturalne.pdf\">programowanie strukturalne<\/a><\/p>\n<p><a href=\"https:\/\/up.lublin.pl\/biologia\/wp-content\/uploads\/sites\/4\/2023\/03\/programowanie-vba.pdf\">programowanie vba<\/a><\/p>\n<p><a href=\"https:\/\/up.lublin.pl\/biologia\/wp-content\/uploads\/sites\/4\/2023\/03\/projekt-inzynierski-i-egzamin-dyplomowy.pdf\">projekt in\u017cynierski i&nbsp;egzamin dyplomowy<\/a><\/p>\n<p><a href=\"https:\/\/up.lublin.pl\/biologia\/wp-content\/uploads\/sites\/4\/2023\/03\/projektowanie-baz-danych.pdf\">projektowanie baz danych<\/a><\/p>\n<p><a href=\"https:\/\/up.lublin.pl\/biologia\/wp-content\/uploads\/sites\/4\/2023\/03\/projektowanie-terapeutykow.pdf\">projektowanie terapeutyk\u00f3w<\/a><\/p>\n<p><a href=\"https:\/\/up.lublin.pl\/biologia\/wp-content\/uploads\/sites\/4\/2023\/03\/przetwarzanie-i-analiza-danych-bioinformatycznych.pdf\">przetwarzanie i&nbsp;analiza danych bioinformatycznych<\/a><\/p>\n<p><a href=\"https:\/\/up.lublin.pl\/biologia\/wp-content\/uploads\/sites\/4\/2023\/03\/psychologia-spol\u0081eczna.pdf\">psychologia spo\u0142eczna<\/a><\/p>\n<p><a href=\"https:\/\/up.lublin.pl\/biologia\/wp-content\/uploads\/sites\/4\/2023\/03\/seminarium-dyplomowe-1.pdf\">seminarium dyplomowe 1<\/a><\/p>\n<p><a href=\"https:\/\/up.lublin.pl\/biologia\/wp-content\/uploads\/sites\/4\/2023\/03\/seminarium-dyplomowe-2.pdf\">seminarium dyplomowe 2<\/a><\/p>\n<p><a href=\"https:\/\/up.lublin.pl\/biologia\/wp-content\/uploads\/sites\/4\/2023\/03\/sieci-komputerowe.pdf\">sieci komputerowe<\/a><\/p>\n<p><a href=\"https:\/\/up.lublin.pl\/biologia\/wp-content\/uploads\/sites\/4\/2023\/03\/sieci-neuronowe.pdf\">sieci neuronowe<\/a><\/p>\n<p><a href=\"https:\/\/up.lublin.pl\/biologia\/wp-content\/uploads\/sites\/4\/2023\/03\/statystyka-matematyczna.pdf\">statystyka matematyczna<\/a><\/p>\n<p><a href=\"https:\/\/up.lublin.pl\/biologia\/wp-content\/uploads\/sites\/4\/2023\/03\/system-operacyjny-linux.pdf\">system operacyjny linux<\/a><\/p>\n<p><a href=\"https:\/\/up.lublin.pl\/biologia\/wp-content\/uploads\/sites\/4\/2023\/03\/sztuczna-inteligencja-i-sterowanie-rozmyte.pdf\">sztuczna inteligencja i&nbsp;sterowanie rozmyte<\/a><\/p>\n<p><a href=\"https:\/\/up.lublin.pl\/biologia\/wp-content\/uploads\/sites\/4\/2023\/03\/sztuczna-inteligencja-w-treningu-zwierzat.pdf\">sztuczna inteligencja w&nbsp;treningu zwierz\u0105t<\/a><\/p>\n<p><a href=\"https:\/\/up.lublin.pl\/biologia\/wp-content\/uploads\/sites\/4\/2023\/03\/techniki-molekularne.pdf\">techniki molekularne<\/a><\/p>\n<p><a href=\"https:\/\/up.lublin.pl\/biologia\/wp-content\/uploads\/sites\/4\/2023\/03\/technologie-bialek-rekombinowanych.pdf\">technologie bia\u0142ek rekombinowanych<\/a><\/p>\n<p><a href=\"https:\/\/up.lublin.pl\/biologia\/wp-content\/uploads\/sites\/4\/2023\/03\/technologie-cyfrowe-w-ogrodnictwie.pdf\">technologie cyfrowe w&nbsp;ogrodnictwie<\/a><\/p>\n<p><a href=\"https:\/\/up.lublin.pl\/biologia\/wp-content\/uploads\/sites\/4\/2023\/03\/technologie-informacyjne.pdf\">technologie informacyjne<\/a><\/p>\n<p><a href=\"https:\/\/up.lublin.pl\/biologia\/wp-content\/uploads\/sites\/4\/2023\/03\/toksykokinetyka.pdf\">toksykokinetyka<\/a><\/p>\n<p><a href=\"https:\/\/up.lublin.pl\/biologia\/wp-content\/uploads\/sites\/4\/2023\/03\/transkryptomika.pdf\">transkryptomika<\/a><\/p>\n<p><a href=\"https:\/\/up.lublin.pl\/biologia\/wp-content\/uploads\/sites\/4\/2023\/03\/tworzenie-stron-internetowych.pdf\">tworzenie stron internetowych<\/a><\/p>\n<p><a href=\"https:\/\/up.lublin.pl\/biologia\/wp-content\/uploads\/sites\/4\/2023\/03\/uczenie-maszynowe.pdf\">uczenie maszynowe<\/a><\/p>\n<p><a href=\"https:\/\/up.lublin.pl\/biologia\/wp-content\/uploads\/sites\/4\/2023\/03\/wf1-pl\u0081ywalnia.pdf\">wf1 p\u0142ywalnia<\/a><\/p>\n<p><a href=\"https:\/\/up.lublin.pl\/biologia\/wp-content\/uploads\/sites\/4\/2023\/03\/wf1-sala.pdf\">wf1 sala<\/a><\/p>\n<p><a href=\"https:\/\/up.lublin.pl\/biologia\/wp-content\/uploads\/sites\/4\/2023\/03\/wf2-pl\u0081ywalnia.pdf\">wf2 p\u0142ywalnia<\/a><\/p>\n<p><a href=\"https:\/\/up.lublin.pl\/biologia\/wp-content\/uploads\/sites\/4\/2023\/03\/wf2-sala.pdf\">wf2 sala<\/a><\/p>\n<p><a href=\"https:\/\/up.lublin.pl\/biologia\/wp-content\/uploads\/sites\/4\/2023\/03\/zarzadzanie-bazami-danych.pdf\">zarz\u0105dzanie bazami danych<\/a><\/p>\n<p><a href=\"https:\/\/up.lublin.pl\/biologia\/wp-content\/uploads\/sites\/4\/2023\/03\/zarzadzanie-innowacjami.pdf\">zarz\u0105dzanie innowacjami<\/a><\/p>\n<p><a href=\"https:\/\/up.lublin.pl\/biologia\/wp-content\/uploads\/sites\/4\/2023\/03\/zarzadzanie-projektami.pdf\">zarz\u0105dzanie projektami<\/a><\/p>\n<p><a href=\"https:\/\/up.lublin.pl\/biologia\/wp-content\/uploads\/sites\/4\/2023\/03\/zarzadzanie-zasobami-genetycznymi.pdf\">zarz\u0105dzanie zasobami genetycznymi<\/a><\/p>\n<p><a href=\"https:\/\/up.lublin.pl\/biologia\/wp-content\/uploads\/sites\/4\/2023\/03\/zastosowanie-r-w-wizualizacji-danych.pdf\">zastosowanie r&nbsp;w wizualizacji danych<\/a><\/p>\n<p>\u00a0<\/p>\n<p><a href=\"https:\/\/up.lublin.pl\/biologia\/wp-content\/uploads\/sites\/4\/2026\/03\/Sylabusy-Bioinformatyka-w-biogospodarce.pdf\">Sylabusy Bioinformatyka w&nbsp;biogospodarce &#8211; tryb hybrydowy<\/a><\/p>\n                                        <\/div>\n\t\t\t\t\t\t                                <\/div>\n\t\t\t\t                <div class=\"mn-content-block\">\n\t                                <\/div>\n\t\t\t\t                <div class=\"mn-content-block\">\n\t                                <\/div>\n\t\t\t\t                <div class=\"mn-content-block\">\n\t                                <\/div>\n\t\t\t\t                <div class=\"mn-content-block\">\n\t                                <\/div>\n\t\t\t\t                <div class=\"mn-content-block\">\n\t                                <\/div>\n\t\t\t\t                <div class=\"mn-content-block\">\n\t                                <\/div>\n\t\t\t\t                <div class=\"mn-content-block\">\n\t                                <\/div>\n\t\t\t\t                <div class=\"mn-content-block\">\n\t                                <\/div>\n\t\t\t\t                <div class=\"mn-content-block\">\n\t                                <\/div>\n\t\t\t\t                <div class=\"mn-content-block\">\n\t                                <\/div>\n\t\t\t\t                <div class=\"mn-content-block\">\n\t                                <\/div>\n\t\t\t\t                <div class=\"mn-content-block\">\n\t                                <\/div>\n\t\t\t\t                <div class=\"mn-content-block\">\n\t                                <\/div>\n\t\t\t\t                <div class=\"mn-content-block\">\n\t                                <\/div>\n\t\t\t\t                <div class=\"mn-content-block\">\n\t                                <\/div>\n\t\t\t\t                <div class=\"mn-content-block\">\n\t                                <\/div>\n\t\t\t\t                <div class=\"mn-content-block\">\n\t                                <\/div>\n\t\t\t\t                <div class=\"mn-content-block\">\n\t                                <\/div>\n\t\t\t\t                <div class=\"mn-content-block\">\n\t                                <\/div>\n\t\t\t\t\t\t<\/div>\n\t<\/div>\n<\/section>\n\t\t<\/div>\n\t\t\t\t<\/div>\n\t\t\t\t\t\t<\/div>\n\t\t\t\t\t<\/div>\n\t\t<\/div>\n\t\t\t\t\t\t\t\t<\/div>\n\t\t\t\t\t<\/div>\n\t\t<\/section>\n\t\t\t\t\t\t<\/div>\n\t\t\t\t\t\t<\/div>\n\t\t\t\t\t<\/div>\n\t\t","protected":false},"excerpt":{"rendered":"<p>\u2190 powr\u00f3t Bioinformatyka \u2014 modu\u0142y analizy filogenetyczne automatyzacja zada\u0144 w&nbsp;pakiecie biurowym bb_s1_angielski_1 bb_s1_angielski_3 bb_s1_rosyjski_2 biologia kom\u00f3rki biometria stosowana zwierz\u0105t biostatystyka ewolucjonizm it in the assessment of animal nutrition it w&nbsp;in\u017cynierii genetycznej nowe technologie w&nbsp;hodowli ro\u015blin podstawy biochemii podstawy mikrobiologii podstawy zarz\u0105dzania przedsi\u0119biorstwem praktyka 4 tyg programowanie aplikacji mobilnych programowanie obiektowe w&nbsp;pythonie programowanie strukturalne programowanie vba [&hellip;]<\/p>\n","protected":false},"author":204,"featured_media":0,"parent":182532,"menu_order":0,"comment_status":"closed","ping_status":"closed","template":"elementor_header_footer","meta":{"_monsterinsights_skip_tracking":false,"_monsterinsights_sitenote_active":false,"_monsterinsights_sitenote_note":"","_monsterinsights_sitenote_category":0},"_links":{"self":[{"href":"https:\/\/up.lublin.pl\/biologia\/wp-json\/wp\/v2\/pages\/155361"}],"collection":[{"href":"https:\/\/up.lublin.pl\/biologia\/wp-json\/wp\/v2\/pages"}],"about":[{"href":"https:\/\/up.lublin.pl\/biologia\/wp-json\/wp\/v2\/types\/page"}],"author":[{"embeddable":true,"href":"https:\/\/up.lublin.pl\/biologia\/wp-json\/wp\/v2\/users\/204"}],"replies":[{"embeddable":true,"href":"https:\/\/up.lublin.pl\/biologia\/wp-json\/wp\/v2\/comments?post=155361"}],"version-history":[{"count":20,"href":"https:\/\/up.lublin.pl\/biologia\/wp-json\/wp\/v2\/pages\/155361\/revisions"}],"predecessor-version":[{"id":188156,"href":"https:\/\/up.lublin.pl\/biologia\/wp-json\/wp\/v2\/pages\/155361\/revisions\/188156"}],"up":[{"embeddable":true,"href":"https:\/\/up.lublin.pl\/biologia\/wp-json\/wp\/v2\/pages\/182532"}],"wp:attachment":[{"href":"https:\/\/up.lublin.pl\/biologia\/wp-json\/wp\/v2\/media?parent=155361"}],"curies":[{"name":"wp","href":"https:\/\/api.w.org\/{rel}","templated":true}]}}