{"id":153966,"date":"2022-12-01T09:26:54","date_gmt":"2022-12-01T08:26:54","guid":{"rendered":"https:\/\/up.lublin.pl\/biologia\/?page_id=153966"},"modified":"2025-09-22T11:23:37","modified_gmt":"2025-09-22T09:23:37","slug":"skn-zagrozen-zawodowych-i-srodowiskowych","status":"publish","type":"page","link":"https:\/\/up.lublin.pl\/biologia\/ksztalcenie\/skn-zagrozen-zawodowych-i-srodowiskowych\/","title":{"rendered":"Studenckie ko\u0142o naukowe Zagro\u017ce\u0144 Zawodowych i \u015arodowiskowych"},"content":{"rendered":"\t\t<div data-elementor-type=\"wp-page\" data-elementor-id=\"153966\" class=\"elementor elementor-153966\" data-elementor-settings=\"[]\">\n\t\t\t\t\t\t<div class=\"elementor-inner\">\n\t\t\t\t\t\t\t<div class=\"elementor-section-wrap\">\n\t\t\t\t\t\t\t<section class=\"elementor-section elementor-top-section elementor-element elementor-element-85306e2 elementor-section-boxed elementor-section-height-default elementor-section-height-default\" data-id=\"85306e2\" data-element_type=\"section\">\n\t\t\t\t\t\t<div class=\"elementor-container elementor-column-gap-default\">\n\t\t\t\t\t\t\t<div class=\"elementor-row\">\n\t\t\t\t\t<div class=\"elementor-column elementor-col-100 elementor-top-column elementor-element elementor-element-ccb86c9\" data-id=\"ccb86c9\" data-element_type=\"column\">\n\t\t\t<div class=\"elementor-column-wrap elementor-element-populated\">\n\t\t\t\t\t\t\t<div class=\"elementor-widget-wrap\">\n\t\t\t\t\t\t<div class=\"elementor-element elementor-element-f537caa elementor-widget elementor-widget-m2k\" data-id=\"f537caa\" data-element_type=\"widget\" data-widget_type=\"m2k.default\">\n\t\t\t\t<div class=\"elementor-widget-container\">\n\t\t\t<section class=\"mn-m2-d mn-bg-green\">\n    <div class=\"mn-grid\">\n        <div class=\"mn-grid-12 mn-introtext\">\n                            <h3>\n                    Studenckie ko\u0142o naukowe Zagro\u017ce\u0144 Zawodowych i&nbsp;\u015arodowiskowych                <\/h3>\n                        <\/div>\n    <\/div>\n    <\/section>\n\t\t<\/div>\n\t\t\t\t<\/div>\n\t\t\t\t<div class=\"elementor-element elementor-element-99a0605 elementor-widget elementor-widget-m5c\" data-id=\"99a0605\" data-element_type=\"widget\" data-widget_type=\"m5c.default\">\n\t\t\t\t<div class=\"elementor-widget-container\">\n\t\t\t<section class=\"mn-m5-c mn-m5-d2 mn-bg-white\">\n\t<div class=\"mn-grid\">\n\t\t\t\t<div class=\"mn-content mn-grid-9\">\n\t\t\t                <div class=\"mn-content-block active\">\n\t                                                        <div class=\"block-text\">\n\t                                        <p>Opiekunowie: prof. dr hab. Bo\u017cena Nowakowicz D\u0119bek; mgr in\u017c. Katarzyna Karpi\u0144ska<\/p>\n<p>Studenckie Ko\u0142o Naukowe Zagro\u017ce\u0144 Zawodowych i&nbsp;\u015arodowiskowych powsta\u0142o w&nbsp;dniu 3 pa\u017adziernika 2022 roku przy Katedrze Higieny Zwierz\u0105t i&nbsp;Zagro\u017ce\u0144 \u015arodowiska na Wydziale Nauk o&nbsp;Zwierz\u0119tach i&nbsp;Biogospodarki Uniwersytetu Przyrodniczego w&nbsp;Lublinie.<\/p>\n<p>Pocz\u0105tki dzia\u0142alno\u015bci obecnego ko\u0142a si\u0119gaj\u0105 2007 roku, gdy funkcjonowa\u0142o jako samodzielne SKN Ochrony \u015brodowiska (z czterema sekcjami), a&nbsp;nast\u0119pnie przy SKN Nauk o&nbsp;Zwierz\u0119tach i&nbsp;Biogospodarki, jako sekcja Higieny Pracy.<\/p>\n<p>Celem SKN Zagro\u017ce\u0144 Zawodowych i&nbsp;\u015arodowiskowych jest:<\/p>\n<ul>\n<li>prowadzenie bada\u0144 naukowych, prac projektowych i&nbsp;wdro\u017ceniowych z&nbsp;zakresu zagro\u017ce\u0144 w&nbsp;\u015brodowisku i&nbsp;\u015brodowisku pracy<\/li>\n<li>organizacja seminari\u00f3w, konferencji naukowych i&nbsp;naukowo-technicznych, warsztat\u00f3w naukowych oraz wyjazd\u00f3w szkoleniowych na obiekty badawcze;<\/li>\n<li>promocja UP w&nbsp;Lublinie podczas Lubelskiego Festiwalu Nauki oraz w&nbsp;czasie dni otwartych Uczelni;<\/li>\n<li>wsp\u00f3\u0142praca z&nbsp;innymi ko\u0142ami naukowymi, firmami, jednostkami samorz\u0105dowymi oraz pracownikami UP w&nbsp;Lublinie.<\/li>\n<\/ul>\n<p>Bardzo wa\u017cnym aspektem dzia\u0142alno\u015bci SKN jest promowanie nauki i&nbsp;upowszechnianiewiedzy z&nbsp;zakresu szeroko rozumianych zagro\u017ce\u0144 zawodowych \u015brodowiskowych.<\/p>\n<p>SKN Zagro\u017ce\u0144 Zawodowych i&nbsp;\u015arodowiskowych swoje cele realizuje poprzez:<\/p>\n<ul>\n<li>przygotowanie publikacji naukowych,<\/li>\n<li>czynny udzia\u0142 w&nbsp;konferencjach naukowych poprzez prezentacj\u0119 referat\u00f3w i&nbsp;poster\u00f3w;<\/li>\n<li>prezentacj\u0119 projekt\u00f3w podczas Lubelskiego Festiwalu Nauki oraz w&nbsp;czasie dni otwartych Uczelni;<\/li>\n<li>czynny udzia\u0142 w&nbsp;badaniach realizowanych przez pracownik\u00f3w UP w&nbsp;Lublinie.<\/li>\n<\/ul>\n<p>Studenci bior\u0105 tak\u017ce udzia\u0142 w&nbsp;szkoleniach bran\u017cowych w&nbsp;zakresie oddzia\u0142ywania inwestycji na \u015brodowisko, zagro\u017ce\u0144 w&nbsp;\u015brodowisku pracy przy wsp\u00f3\u0142pracy m.in. z: CIOP-BIP, UDT, Horus, 3M itp.<\/p>\n<p>Aktywnie dzia\u0142amy i&nbsp;zapraszamy student\u00f3w z&nbsp;r\u00f3\u017cnych kierunk\u00f3w!<\/p>\n<p>Zapraszamy na nasz fanpage na Facebooku (<a href=\"https:\/\/www.facebook.com\/SKNUPLUBLIN\">https:\/\/www.facebook.com\/SKNUPLUBLIN<\/a>) i&nbsp;Instagramie (<a href=\"https:\/\/www.instagram.com\/skn_zzis\/\">https:\/\/www.instagram.com\/skn_zzis\/<\/a>)<\/p>\n<p><strong>Kontakt:<\/strong><\/p>\n<p>prof. Bo\u017cena Nowakowicz-D\u0119bek<br \/>\nmail: <a href=\"mailto:bozena.nowakowicz@up.lublin.pl\">bozena.nowakowicz@up.lublin.pl<\/a><br \/>\npok\u00f3j: 333, budynek rektoratu (ZOOT)<br \/>\ntel: 81-445-69-98<\/p>\n<p>Katarzyna Karpi\u0144ska<br \/>\nmail: <a href=\"mailto:katarzyna.karpinska@up.lublin.pl\">katarzyna.karpinska@up.lublin.pl<\/a><br \/>\npok\u00f3j: 329, budynek rektoratu (ZOOT)<br \/>\ntel: 81-445-69-74<\/p>\n                                        <\/div>\n\t\t\t\t\t\t                                <\/div>\n\t\t\t\t                <div class=\"mn-content-block\">\n\t                                <\/div>\n\t\t\t\t                <div class=\"mn-content-block\">\n\t                                <\/div>\n\t\t\t\t                <div class=\"mn-content-block\">\n\t                                <\/div>\n\t\t\t\t                <div class=\"mn-content-block\">\n\t                                <\/div>\n\t\t\t\t                <div class=\"mn-content-block\">\n\t                                <\/div>\n\t\t\t\t                <div class=\"mn-content-block\">\n\t                                <\/div>\n\t\t\t\t                <div class=\"mn-content-block\">\n\t                                <\/div>\n\t\t\t\t                <div class=\"mn-content-block\">\n\t                                <\/div>\n\t\t\t\t                <div class=\"mn-content-block\">\n\t                                <\/div>\n\t\t\t\t                <div class=\"mn-content-block\">\n\t                                <\/div>\n\t\t\t\t                <div class=\"mn-content-block\">\n\t                                <\/div>\n\t\t\t\t                <div class=\"mn-content-block\">\n\t                                <\/div>\n\t\t\t\t                <div class=\"mn-content-block\">\n\t                                <\/div>\n\t\t\t\t                <div class=\"mn-content-block\">\n\t                                <\/div>\n\t\t\t\t                <div class=\"mn-content-block\">\n\t                                <\/div>\n\t\t\t\t                <div class=\"mn-content-block\">\n\t                                <\/div>\n\t\t\t\t                <div class=\"mn-content-block\">\n\t                                <\/div>\n\t\t\t\t                <div class=\"mn-content-block\">\n\t                                <\/div>\n\t\t\t\t                <div class=\"mn-content-block\">\n\t                                <\/div>\n\t\t\t\t\t\t<\/div>\n\t<\/div>\n<\/section>\n\t\t<\/div>\n\t\t\t\t<\/div>\n\t\t\t\t\t\t<\/div>\n\t\t\t\t\t<\/div>\n\t\t<\/div>\n\t\t\t\t\t\t\t\t<\/div>\n\t\t\t\t\t<\/div>\n\t\t<\/section>\n\t\t\t\t\t\t<\/div>\n\t\t\t\t\t\t<\/div>\n\t\t\t\t\t<\/div>\n\t\t","protected":false},"excerpt":{"rendered":"<p>Studenckie ko\u0142o naukowe Zagro\u017ce\u0144 Zawodowych i&nbsp;\u015arodowiskowych UP Wydzia\u0142 Nauk o&nbsp;Zwierz\u0119tach i&nbsp;Biogospodarki Opiekunowie: prof. dr hab. Bo\u017cena Nowakowicz D\u0119bek; mgr in\u017c. Katarzyna Karpi\u0144ska Studenckie Ko\u0142o Naukowe Zagro\u017ce\u0144 Zawodowych i&nbsp;\u015arodowiskowych powsta\u0142o w&nbsp;dniu 3 pa\u017adziernika 2022 roku przy Katedrze Higieny Zwierz\u0105t i&nbsp;Zagro\u017ce\u0144 \u015arodowiska na Wydziale Nauk o&nbsp;Zwierz\u0119tach i&nbsp;Biogospodarki Uniwersytetu Przyrodniczego w&nbsp;Lublinie. Pocz\u0105tki dzia\u0142alno\u015bci obecnego ko\u0142a si\u0119gaj\u0105 2007 roku, [&hellip;]<\/p>\n","protected":false},"author":204,"featured_media":0,"parent":182532,"menu_order":0,"comment_status":"closed","ping_status":"closed","template":"elementor_header_footer","meta":{"_monsterinsights_skip_tracking":false,"_monsterinsights_sitenote_active":false,"_monsterinsights_sitenote_note":"","_monsterinsights_sitenote_category":0},"_links":{"self":[{"href":"https:\/\/up.lublin.pl\/biologia\/wp-json\/wp\/v2\/pages\/153966"}],"collection":[{"href":"https:\/\/up.lublin.pl\/biologia\/wp-json\/wp\/v2\/pages"}],"about":[{"href":"https:\/\/up.lublin.pl\/biologia\/wp-json\/wp\/v2\/types\/page"}],"author":[{"embeddable":true,"href":"https:\/\/up.lublin.pl\/biologia\/wp-json\/wp\/v2\/users\/204"}],"replies":[{"embeddable":true,"href":"https:\/\/up.lublin.pl\/biologia\/wp-json\/wp\/v2\/comments?post=153966"}],"version-history":[{"count":15,"href":"https:\/\/up.lublin.pl\/biologia\/wp-json\/wp\/v2\/pages\/153966\/revisions"}],"predecessor-version":[{"id":165755,"href":"https:\/\/up.lublin.pl\/biologia\/wp-json\/wp\/v2\/pages\/153966\/revisions\/165755"}],"up":[{"embeddable":true,"href":"https:\/\/up.lublin.pl\/biologia\/wp-json\/wp\/v2\/pages\/182532"}],"wp:attachment":[{"href":"https:\/\/up.lublin.pl\/biologia\/wp-json\/wp\/v2\/media?parent=153966"}],"curies":[{"name":"wp","href":"https:\/\/api.w.org\/{rel}","templated":true}]}}