{"id":153537,"date":"2022-11-09T20:57:32","date_gmt":"2022-11-09T19:57:32","guid":{"rendered":"https:\/\/up.lublin.pl\/biologia\/?page_id=153537"},"modified":"2026-02-17T12:56:17","modified_gmt":"2026-02-17T11:56:17","slug":"kryminalistyka-w-biogospodarce","status":"publish","type":"page","link":"https:\/\/up.lublin.pl\/biologia\/ksztalcenie\/kryminalistyka-w-biogospodarce\/","title":{"rendered":"Kryminalistyka w biogospodarce"},"content":{"rendered":"\t\t<div data-elementor-type=\"wp-page\" data-elementor-id=\"153537\" class=\"elementor elementor-153537\" data-elementor-settings=\"[]\">\n\t\t\t\t\t\t<div class=\"elementor-inner\">\n\t\t\t\t\t\t\t<div class=\"elementor-section-wrap\">\n\t\t\t\t\t\t\t<section class=\"elementor-section elementor-top-section elementor-element elementor-element-b40e8c9 elementor-section-boxed elementor-section-height-default elementor-section-height-default\" data-id=\"b40e8c9\" data-element_type=\"section\">\n\t\t\t\t\t\t<div class=\"elementor-container elementor-column-gap-default\">\n\t\t\t\t\t\t\t<div class=\"elementor-row\">\n\t\t\t\t\t<div class=\"elementor-column elementor-col-100 elementor-top-column elementor-element elementor-element-69b9810\" data-id=\"69b9810\" data-element_type=\"column\">\n\t\t\t<div class=\"elementor-column-wrap elementor-element-populated\">\n\t\t\t\t\t\t\t<div class=\"elementor-widget-wrap\">\n\t\t\t\t\t\t<div class=\"elementor-element elementor-element-c8522a2 elementor-widget elementor-widget-m5c\" data-id=\"c8522a2\" data-element_type=\"widget\" data-widget_type=\"m5c.default\">\n\t\t\t\t<div class=\"elementor-widget-container\">\n\t\t\t<section class=\"mn-m5-c mn-m5-d2 mn-bg-white\">\n\t<div class=\"mn-grid\">\n\t\t\t\t<div class=\"mn-content mn-grid-9\">\n\t\t\t                <div class=\"mn-content-block active\">\n\t                                                        <div class=\"block-text\">\n\t                                        <p><a href=\"https:\/\/up.lublin.pl\/biologia\/wp-content\/uploads\/sites\/4\/2026\/02\/Sylabusy_I_st_wg_nazw_przedmiotu.docx\">Sylabusy_I_st_wg_nazw_przedmiotu<\/a><\/p>\n<p><a href=\"https:\/\/up.lublin.pl\/biologia\/wp-content\/uploads\/sites\/4\/2026\/02\/Sylabusy_II_st_wg_nazw_przedmiotu.docx\">Sylabusy_II_st_wg_nazw_przedmiotu<\/a><\/p>\n<hr>\n<p><a href=\"https:\/\/up.lublin.pl\/biologia\/wp-content\/uploads\/sites\/4\/2022\/11\/Analizy-filogenetyczne.docx\">Analizy filogenetyczne<\/a><\/p>\n<p><a href=\"https:\/\/up.lublin.pl\/biologia\/wp-content\/uploads\/sites\/4\/2022\/11\/Anatomia-zwierzat-.docx\">Anatomia zwierz\u0105t<\/a><\/p>\n<p><a href=\"https:\/\/up.lublin.pl\/biologia\/wp-content\/uploads\/sites\/4\/2022\/11\/Badania-gleb-w-postepowaniu-sadowym-.docx\">Badania gleb w&nbsp;postepowaniu s\u0105dowym<\/a><\/p>\n<p><a href=\"https:\/\/up.lublin.pl\/biologia\/wp-content\/uploads\/sites\/4\/2022\/11\/Balistyka-i-rany-postrzalowe-.docx\">Balistyka i&nbsp;rany postrza\u0142owe<\/a><\/p>\n<p><a href=\"https:\/\/up.lublin.pl\/biologia\/wp-content\/uploads\/sites\/4\/2022\/11\/Bezkregowce-w-diagnostyce-sadowej.docx\">Bezkr\u0119gowce w&nbsp;diagnostyce s\u0105dowej<\/a><\/p>\n<p><a href=\"https:\/\/up.lublin.pl\/biologia\/wp-content\/uploads\/sites\/4\/2022\/11\/BHP-i-ergonomia.docx\">BHP i&nbsp;ergonomia<\/a><\/p>\n<p><a href=\"https:\/\/up.lublin.pl\/biologia\/wp-content\/uploads\/sites\/4\/2022\/11\/Biochemia-i-analiza-plynow-ustrojowych.docx\">Biochemia i&nbsp;analiza p\u0142yn\u00f3w ustrojowych<\/a><\/p>\n<p><a href=\"https:\/\/up.lublin.pl\/biologia\/wp-content\/uploads\/sites\/4\/2022\/11\/Biologia-molekularna.docx\">Biologia molekularna<\/a><\/p>\n<p><a href=\"https:\/\/up.lublin.pl\/biologia\/wp-content\/uploads\/sites\/4\/2022\/11\/Botanika-z-palinologia-i-diatomologia.docx\">Botanika z&nbsp;palinologi\u0105 i&nbsp;diatomologi\u0105<\/a><\/p>\n<p><a href=\"https:\/\/up.lublin.pl\/biologia\/wp-content\/uploads\/sites\/4\/2022\/11\/Certyfikacjai-akredytacja-laboratorium-.docx\">Certyfikacjai akredytacja laboratorium<\/a><\/p>\n<p><a href=\"https:\/\/up.lublin.pl\/biologia\/wp-content\/uploads\/sites\/4\/2022\/11\/Chemia-ogolna-i-analityczna-.docx\">Chemia og\u00f3lna i&nbsp;analityczna<\/a><\/p>\n<p><a href=\"https:\/\/up.lublin.pl\/biologia\/wp-content\/uploads\/sites\/4\/2022\/11\/Chemia-sadowa.docx\">Chemia s\u0105dowa<\/a><\/p>\n<p><a href=\"https:\/\/up.lublin.pl\/biologia\/wp-content\/uploads\/sites\/4\/2022\/11\/Diagnostyka-molekularna-w-kryminalistyce-.docx\">Diagnostyka molekularna w&nbsp;kryminalistyce<\/a><\/p>\n<p><a href=\"https:\/\/up.lublin.pl\/biologia\/wp-content\/uploads\/sites\/4\/2022\/11\/Dogniwistyka.docx\">Dogniwistyka<\/a><\/p>\n<p><a href=\"https:\/\/up.lublin.pl\/biologia\/wp-content\/uploads\/sites\/4\/2022\/11\/Doswiadczalnictwo-.docx\">Do\u015bwiadczalnictwo<\/a><\/p>\n<p><a href=\"https:\/\/up.lublin.pl\/biologia\/wp-content\/uploads\/sites\/4\/2022\/11\/Egzamin-dyplomowy.docx\">Egzamin dyplomowy<\/a><\/p>\n<p><a href=\"https:\/\/up.lublin.pl\/biologia\/wp-content\/uploads\/sites\/4\/2022\/11\/Ekspertyza-sadowa.docx\">Ekspertyza s\u0105dowa<\/a><\/p>\n<p><a href=\"https:\/\/up.lublin.pl\/biologia\/wp-content\/uploads\/sites\/4\/2022\/11\/Entomologia-sadowa.docx\">Entomologia s\u0105dowa<\/a><\/p>\n<p><a href=\"https:\/\/up.lublin.pl\/biologia\/wp-content\/uploads\/sites\/4\/2022\/11\/Fenotypowanie-komponentow-roslinnych-.docx\">Fenotypowanie komponent\u00f3w ro\u015blinnych<\/a><\/p>\n<p><a href=\"https:\/\/up.lublin.pl\/biologia\/wp-content\/uploads\/sites\/4\/2022\/11\/Fizjologia-i-patofizjologia-zwierzat.docx\">Fizjologia i&nbsp;patofizjologia zwierz\u0105t<\/a><\/p>\n<p><a href=\"https:\/\/up.lublin.pl\/biologia\/wp-content\/uploads\/sites\/4\/2022\/11\/Genetyka-konserwatorska-.docx\">Genetyka konserwatorska<\/a><\/p>\n<p><a href=\"https:\/\/up.lublin.pl\/biologia\/wp-content\/uploads\/sites\/4\/2022\/11\/Genetyka-populacji-.docx\">Genetyka populacji<\/a><\/p>\n<p><a href=\"https:\/\/up.lublin.pl\/biologia\/wp-content\/uploads\/sites\/4\/2022\/11\/Genetyka.docx\">Genetyka<\/a><\/p>\n<p><a href=\"https:\/\/up.lublin.pl\/biologia\/wp-content\/uploads\/sites\/4\/2022\/11\/Genomika-i-epigenetyka-.docx\">Genomika i&nbsp;epigenetyka<\/a><\/p>\n<p><a href=\"https:\/\/up.lublin.pl\/biologia\/wp-content\/uploads\/sites\/4\/2022\/11\/Handel-chronionymi-gatunkami-.docx\">Handel chronionymi gatunkami<\/a><\/p>\n<p><a href=\"https:\/\/up.lublin.pl\/biologia\/wp-content\/uploads\/sites\/4\/2022\/11\/Identyfikacja-GMO.docx\">Identyfikacja GMO<\/a><\/p>\n<p><a href=\"https:\/\/up.lublin.pl\/biologia\/wp-content\/uploads\/sites\/4\/2022\/11\/Invertebrates-in-forensic-diagnostic.docx\">Invertebrates in forensic diagnostic<\/a><\/p>\n<p><a href=\"https:\/\/up.lublin.pl\/biologia\/wp-content\/uploads\/sites\/4\/2022\/11\/Jezyk-angielski-2-B2.docx\">J\u0119zyk angielski 2 B2<\/a><\/p>\n<p><a href=\"https:\/\/up.lublin.pl\/biologia\/wp-content\/uploads\/sites\/4\/2022\/11\/Jezyk-angielski-3-B2.docx\">J\u0119zyk angielski 3 B2<\/a><\/p>\n<p><a href=\"https:\/\/up.lublin.pl\/biologia\/wp-content\/uploads\/sites\/4\/2022\/11\/Jezyk-angielski-4-B2.docx\">J\u0119zyk angielski 4 B2<\/a><\/p>\n<p><a href=\"https:\/\/up.lublin.pl\/biologia\/wp-content\/uploads\/sites\/4\/2022\/11\/Jezyk-francuski-2-B2.docx\">J\u0119zyk francuski 2 B2<\/a><\/p>\n<p><a href=\"https:\/\/up.lublin.pl\/biologia\/wp-content\/uploads\/sites\/4\/2022\/11\/Jezyk-francuski-3-B2.docx\">J\u0119zyk francuski 3 B2<\/a><\/p>\n<p><a href=\"https:\/\/up.lublin.pl\/biologia\/wp-content\/uploads\/sites\/4\/2022\/11\/Jezyk-francuski-4-B2.docx\">J\u0119zyk francuski 4 B2<\/a><\/p>\n<p><a href=\"https:\/\/up.lublin.pl\/biologia\/wp-content\/uploads\/sites\/4\/2022\/11\/Jezyk-niemiecki-2-B2.docx\">J\u0119zyk niemiecki 2 B2<\/a><\/p>\n<p><a href=\"https:\/\/up.lublin.pl\/biologia\/wp-content\/uploads\/sites\/4\/2022\/11\/Jezyk-niemiecki-3-B2.docx\">J\u0119zyk niemiecki 3 B2<\/a><\/p>\n<p><a href=\"https:\/\/up.lublin.pl\/biologia\/wp-content\/uploads\/sites\/4\/2022\/11\/Jezyk-niemiecki-4-B2.docx\">J\u0119zyk niemiecki 4 B2<\/a><\/p>\n<p><a href=\"https:\/\/up.lublin.pl\/biologia\/wp-content\/uploads\/sites\/4\/2022\/11\/Jezyk-rosyjski-2-B2.docx\">J\u0119zyk rosyjski 2 B2<\/a><\/p>\n<p><a href=\"https:\/\/up.lublin.pl\/biologia\/wp-content\/uploads\/sites\/4\/2022\/11\/Jezyk-rosyjski-3-B2.docx\">J\u0119zyk rosyjski 3 B2<\/a><\/p>\n<p><a href=\"https:\/\/up.lublin.pl\/biologia\/wp-content\/uploads\/sites\/4\/2022\/11\/Jezyk-rosyjski-4-B2.docx\">J\u0119zyk rosyjski 4 B2<\/a><\/p>\n<p><a href=\"https:\/\/up.lublin.pl\/biologia\/wp-content\/uploads\/sites\/4\/2022\/11\/Kryminalistyczne-profilowanie-DNA-.docx\">Kryminalistyczne profilowanie DNA<\/a><\/p>\n<p><a href=\"https:\/\/up.lublin.pl\/biologia\/wp-content\/uploads\/sites\/4\/2022\/11\/Material-biologiczny-w-kryminalistyce-.docx\">Materia\u0142 biologiczny w&nbsp;kryminalistyce<\/a><\/p>\n<p><a href=\"https:\/\/up.lublin.pl\/biologia\/wp-content\/uploads\/sites\/4\/2022\/11\/Material-odzwierzecy-w-kryminalistyce-.docx\">Materia\u0142 odzwierz\u0119cy w&nbsp;kryminalistyce<\/a><\/p>\n<p><a href=\"https:\/\/up.lublin.pl\/biologia\/wp-content\/uploads\/sites\/4\/2022\/11\/Metody-spektroskopowe.docx\">Metody spektroskopowe<\/a><\/p>\n<p><a href=\"https:\/\/up.lublin.pl\/biologia\/wp-content\/uploads\/sites\/4\/2022\/11\/Metodyka-szkolenia-zwierzat.docx\">Metodyka szkolenia zwierz\u0105t<\/a><\/p>\n<p><a href=\"https:\/\/up.lublin.pl\/biologia\/wp-content\/uploads\/sites\/4\/2022\/11\/Morfologiczna-analiza-wlosa.docx\">Morfologiczna analiza w\u0142osa<\/a><\/p>\n<p><a href=\"https:\/\/up.lublin.pl\/biologia\/wp-content\/uploads\/sites\/4\/2022\/11\/Oszustwa-zywnosciowe-.docx\">Oszustwa \u017cywno\u015bciowe<\/a><\/p>\n<p><a href=\"https:\/\/up.lublin.pl\/biologia\/wp-content\/uploads\/sites\/4\/2024\/10\/Pierwsza-pomoc-przedmedyczna_kryminalistyka.docx\">Pierwsza pomoc przedmedyczna<\/a><\/p>\n<p><a href=\"https:\/\/up.lublin.pl\/biologia\/wp-content\/uploads\/sites\/4\/2022\/11\/Podstawy-bioinformatyki-.docx\">Podstawy bioinformatyki<\/a><\/p>\n<p><a href=\"https:\/\/up.lublin.pl\/biologia\/wp-content\/uploads\/sites\/4\/2022\/11\/Podstawy-postepowania-karnego-.docx\">Podstawy post\u0119powania karnego<\/a><\/p>\n<p><a href=\"https:\/\/up.lublin.pl\/biologia\/wp-content\/uploads\/sites\/4\/2022\/11\/Podstawy-psychologii-spolecznej.docx\">Podstawy psychologii spo\u0142ecznej<\/a><\/p>\n<p><a href=\"https:\/\/up.lublin.pl\/biologia\/wp-content\/uploads\/sites\/4\/2022\/11\/Praktyka.docx\">Praktyka<\/a><\/p>\n<p><a href=\"https:\/\/up.lublin.pl\/biologia\/wp-content\/uploads\/sites\/4\/2022\/11\/Prawo-karne-.docx\">Prawo karne<\/a><\/p>\n<p><a href=\"https:\/\/up.lublin.pl\/biologia\/wp-content\/uploads\/sites\/4\/2022\/11\/Prawo-paszowe-.docx\">Prawo paszowe<\/a><\/p>\n<p><a href=\"https:\/\/up.lublin.pl\/biologia\/wp-content\/uploads\/sites\/4\/2022\/11\/Procedury-wykorzystania-zwierzat-w-badaniach-naukowych-i-edukacyjnych.docx\">Procedury wykorzystania zwierz\u0105t w&nbsp;badaniach naukowych i&nbsp;edukacyjnych<\/a><\/p>\n<p><a href=\"https:\/\/up.lublin.pl\/biologia\/wp-content\/uploads\/sites\/4\/2022\/11\/Przepisy-prawne-w-ochronie-zwierzat.docx\">Przepisy prawne w&nbsp;ochronie zwierz\u0105t<\/a><\/p>\n<p><a href=\"https:\/\/up.lublin.pl\/biologia\/wp-content\/uploads\/sites\/4\/2022\/11\/Przestepczosc-przeciwko-gatunkom-prawnie-chronionym.docx\">Przest\u0119pczo\u015b\u0107 przeciwko gatunkom prawnie chronionym<\/a><\/p>\n<p><a href=\"https:\/\/up.lublin.pl\/biologia\/wp-content\/uploads\/sites\/4\/2022\/11\/Przestepczosc-w-chowie-i-hodowli-zwierzat-.docx\">Przest\u0119pczo\u015b\u0107 w&nbsp;chowie i&nbsp;hodowli zwierz\u0105t<\/a><\/p>\n<p><a href=\"https:\/\/up.lublin.pl\/biologia\/wp-content\/uploads\/sites\/4\/2022\/11\/Przestepczosc-w-hodowli-koni.docx\">Przest\u0119pczo\u015b\u0107 w&nbsp;hodowli koni<\/a><\/p>\n<p><a href=\"https:\/\/up.lublin.pl\/biologia\/wp-content\/uploads\/sites\/4\/2022\/11\/Przygotowanie-opinii.docx\">Przygotowanie opinii<\/a><\/p>\n<p><a href=\"https:\/\/up.lublin.pl\/biologia\/wp-content\/uploads\/sites\/4\/2022\/11\/Przygotowanie-zwierzat-do-sluzb-mundurowych.docx\">Przygotowanie zwierz\u0105t do s\u0142u\u017cb mundurowych<\/a><\/p>\n<p><a href=\"https:\/\/up.lublin.pl\/biologia\/wp-content\/uploads\/sites\/4\/2022\/11\/Psychologia-zwierzat.docx\">Psychologia zwierz\u0105t<\/a><\/p>\n<p><a href=\"https:\/\/up.lublin.pl\/biologia\/wp-content\/uploads\/sites\/4\/2022\/11\/Regulacje-w-obrocie-zwierzetami.docx\">Regulacje w&nbsp;obrocie zwierz\u0119tami<\/a><\/p>\n<p><a href=\"https:\/\/up.lublin.pl\/biologia\/wp-content\/uploads\/sites\/4\/2022\/11\/Resocjalizacja-przez-prace-z-pszczolami.docx\">Resocjalizacja przez prac\u0119 z&nbsp;pszczo\u0142ami<\/a><\/p>\n<p><a href=\"https:\/\/up.lublin.pl\/biologia\/wp-content\/uploads\/sites\/4\/2022\/11\/Rozwoj-osobisty-i-nauka-dialogu.docx\">Rozw\u00f3j osobisty i&nbsp;nauka dialogu<\/a><\/p>\n<p><a href=\"https:\/\/up.lublin.pl\/biologia\/wp-content\/uploads\/sites\/4\/2022\/11\/Seminarium-dyplomowe-1.docx\">Seminarium dyplomowe 1<\/a><\/p>\n<p><a href=\"https:\/\/up.lublin.pl\/biologia\/wp-content\/uploads\/sites\/4\/2022\/11\/Seminarium-dyplomowe-2.docx\">Seminarium dyplomowe 2<\/a><\/p>\n<p><a href=\"https:\/\/up.lublin.pl\/biologia\/wp-content\/uploads\/sites\/4\/2022\/11\/Semiochemia.docx\">Semiochemia<\/a><\/p>\n<p><a href=\"https:\/\/up.lublin.pl\/biologia\/wp-content\/uploads\/sites\/4\/2022\/11\/Serologiczne-slady-zwierzat.docx\">Serologiczne \u015blady zwierz\u0105t<\/a><\/p>\n<p><a href=\"https:\/\/up.lublin.pl\/biologia\/wp-content\/uploads\/sites\/4\/2022\/11\/Techniki-mikroskopowe-i-histologiczne-.docx\">Techniki mikroskopowe i&nbsp;histologiczne<\/a><\/p>\n<p><a href=\"https:\/\/up.lublin.pl\/biologia\/wp-content\/uploads\/sites\/4\/2022\/11\/Technologie-informacyjne.docx\">Technologie informacyjne<\/a><\/p>\n<p><a href=\"https:\/\/up.lublin.pl\/biologia\/wp-content\/uploads\/sites\/4\/2022\/11\/Toksykologia-sadowa.docx\">Toksykologia s\u0105dowa<\/a><\/p>\n<p><a href=\"https:\/\/up.lublin.pl\/biologia\/wp-content\/uploads\/sites\/4\/2022\/11\/Traseologia.docx\">Traseologia<\/a><\/p>\n<p><a href=\"https:\/\/up.lublin.pl\/biologia\/wp-content\/uploads\/sites\/4\/2022\/11\/Trichology.docx\">Trichology<\/a><\/p>\n<p><a href=\"https:\/\/up.lublin.pl\/biologia\/wp-content\/uploads\/sites\/4\/2022\/11\/Trychologia.docx\">Trychologia<\/a><\/p>\n<p><a href=\"https:\/\/up.lublin.pl\/biologia\/wp-content\/uploads\/sites\/4\/2022\/11\/Wprowadzenie-do-biostatystyki.docx\">Wprowadzenie do biostatystyki<\/a><\/p>\n<p><a href=\"https:\/\/up.lublin.pl\/biologia\/wp-content\/uploads\/sites\/4\/2022\/11\/Wychowanie-fizyczne-1.docx\">Wychowanie fizyczne 1<\/a><\/p>\n<p><a href=\"https:\/\/up.lublin.pl\/biologia\/wp-content\/uploads\/sites\/4\/2022\/11\/Wychowanie-fizyczne-2.docx\">Wychowanie fizyczne 2<\/a><\/p>\n<p><a href=\"https:\/\/up.lublin.pl\/biologia\/wp-content\/uploads\/sites\/4\/2022\/11\/Zafalszowanie-srodkow-zywienia-zwierzat.docx\">Zafa\u0142szowanie \u015brodk\u00f3w \u017cywienia zwierz\u0105t<\/a><\/p>\n<p><a href=\"https:\/\/up.lublin.pl\/biologia\/wp-content\/uploads\/sites\/4\/2022\/11\/Zagrozenia-bioterrorystyczne.docx\">Zagro\u017cenia bioterrorystyczne<\/a><\/p>\n<p><a href=\"https:\/\/up.lublin.pl\/biologia\/wp-content\/uploads\/sites\/4\/2022\/11\/Zagrozenia-mikrobiologiczne.docx\">Zagro\u017cenia mikrobiologiczne<\/a><\/p>\n                                        <\/div>\n\t\t\t\t\t\t                                <\/div>\n\t\t\t\t                <div class=\"mn-content-block\">\n\t                                <\/div>\n\t\t\t\t                <div class=\"mn-content-block\">\n\t                                <\/div>\n\t\t\t\t                <div class=\"mn-content-block\">\n\t                                <\/div>\n\t\t\t\t                <div class=\"mn-content-block\">\n\t                                <\/div>\n\t\t\t\t                <div class=\"mn-content-block\">\n\t                                <\/div>\n\t\t\t\t                <div class=\"mn-content-block\">\n\t                                <\/div>\n\t\t\t\t                <div class=\"mn-content-block\">\n\t                                <\/div>\n\t\t\t\t                <div class=\"mn-content-block\">\n\t                                <\/div>\n\t\t\t\t                <div class=\"mn-content-block\">\n\t                                <\/div>\n\t\t\t\t                <div class=\"mn-content-block\">\n\t                                <\/div>\n\t\t\t\t                <div class=\"mn-content-block\">\n\t                                <\/div>\n\t\t\t\t                <div class=\"mn-content-block\">\n\t                                <\/div>\n\t\t\t\t                <div class=\"mn-content-block\">\n\t                                <\/div>\n\t\t\t\t                <div class=\"mn-content-block\">\n\t                                <\/div>\n\t\t\t\t                <div class=\"mn-content-block\">\n\t                                <\/div>\n\t\t\t\t                <div class=\"mn-content-block\">\n\t                                <\/div>\n\t\t\t\t                <div class=\"mn-content-block\">\n\t                                <\/div>\n\t\t\t\t                <div class=\"mn-content-block\">\n\t                                <\/div>\n\t\t\t\t                <div class=\"mn-content-block\">\n\t                                <\/div>\n\t\t\t\t\t\t<\/div>\n\t<\/div>\n<\/section>\n\t\t<\/div>\n\t\t\t\t<\/div>\n\t\t\t\t\t\t<\/div>\n\t\t\t\t\t<\/div>\n\t\t<\/div>\n\t\t\t\t\t\t\t\t<\/div>\n\t\t\t\t\t<\/div>\n\t\t<\/section>\n\t\t\t\t\t\t<\/div>\n\t\t\t\t\t\t<\/div>\n\t\t\t\t\t<\/div>\n\t\t","protected":false},"excerpt":{"rendered":"<p>Sylabusy_I_st_wg_nazw_przedmiotu Sylabusy_II_st_wg_nazw_przedmiotu Analizy filogenetyczne Anatomia zwierz\u0105t Badania gleb w&nbsp;postepowaniu s\u0105dowym Balistyka i&nbsp;rany postrza\u0142owe Bezkr\u0119gowce w&nbsp;diagnostyce s\u0105dowej BHP i&nbsp;ergonomia Biochemia i&nbsp;analiza p\u0142yn\u00f3w ustrojowych Biologia molekularna Botanika z&nbsp;palinologi\u0105 i&nbsp;diatomologi\u0105 Certyfikacjai akredytacja laboratorium Chemia og\u00f3lna i&nbsp;analityczna Chemia s\u0105dowa Diagnostyka molekularna w&nbsp;kryminalistyce Dogniwistyka Do\u015bwiadczalnictwo Egzamin dyplomowy Ekspertyza s\u0105dowa Entomologia s\u0105dowa Fenotypowanie komponent\u00f3w ro\u015blinnych Fizjologia i&nbsp;patofizjologia zwierz\u0105t Genetyka konserwatorska Genetyka [&hellip;]<\/p>\n","protected":false},"author":204,"featured_media":0,"parent":182532,"menu_order":0,"comment_status":"closed","ping_status":"closed","template":"","meta":{"_monsterinsights_skip_tracking":false,"_monsterinsights_sitenote_active":false,"_monsterinsights_sitenote_note":"","_monsterinsights_sitenote_category":0},"_links":{"self":[{"href":"https:\/\/up.lublin.pl\/biologia\/wp-json\/wp\/v2\/pages\/153537"}],"collection":[{"href":"https:\/\/up.lublin.pl\/biologia\/wp-json\/wp\/v2\/pages"}],"about":[{"href":"https:\/\/up.lublin.pl\/biologia\/wp-json\/wp\/v2\/types\/page"}],"author":[{"embeddable":true,"href":"https:\/\/up.lublin.pl\/biologia\/wp-json\/wp\/v2\/users\/204"}],"replies":[{"embeddable":true,"href":"https:\/\/up.lublin.pl\/biologia\/wp-json\/wp\/v2\/comments?post=153537"}],"version-history":[{"count":13,"href":"https:\/\/up.lublin.pl\/biologia\/wp-json\/wp\/v2\/pages\/153537\/revisions"}],"predecessor-version":[{"id":186377,"href":"https:\/\/up.lublin.pl\/biologia\/wp-json\/wp\/v2\/pages\/153537\/revisions\/186377"}],"up":[{"embeddable":true,"href":"https:\/\/up.lublin.pl\/biologia\/wp-json\/wp\/v2\/pages\/182532"}],"wp:attachment":[{"href":"https:\/\/up.lublin.pl\/biologia\/wp-json\/wp\/v2\/media?parent=153537"}],"curies":[{"name":"wp","href":"https:\/\/api.w.org\/{rel}","templated":true}]}}