{"id":151587,"date":"2022-07-14T12:10:11","date_gmt":"2022-07-14T10:10:11","guid":{"rendered":"https:\/\/up.lublin.pl\/biologia\/?page_id=151587"},"modified":"2023-08-25T10:06:50","modified_gmt":"2023-08-25T08:06:50","slug":"stacja-im-laury-kaufman","status":"publish","type":"page","link":"https:\/\/up.lublin.pl\/biologia\/wydzial\/struktura-i-pracownicy\/instytut-biol\/stacja-im-laury-kaufman\/","title":{"rendered":"Stacja Dydaktyczno-Badawcza Zwierz\u0105t Drobnych im. Laury Kaufman"},"content":{"rendered":"\t\t<div data-elementor-type=\"wp-page\" data-elementor-id=\"151587\" class=\"elementor elementor-151587\" data-elementor-settings=\"[]\">\n\t\t\t\t\t\t<div class=\"elementor-inner\">\n\t\t\t\t\t\t\t<div class=\"elementor-section-wrap\">\n\t\t\t\t\t\t\t<section class=\"elementor-section elementor-top-section elementor-element elementor-element-f2b7976 elementor-section-boxed elementor-section-height-default elementor-section-height-default\" data-id=\"f2b7976\" data-element_type=\"section\">\n\t\t\t\t\t\t<div class=\"elementor-container elementor-column-gap-default\">\n\t\t\t\t\t\t\t<div class=\"elementor-row\">\n\t\t\t\t\t<div class=\"elementor-column elementor-col-100 elementor-top-column elementor-element elementor-element-d64138e\" data-id=\"d64138e\" data-element_type=\"column\">\n\t\t\t<div class=\"elementor-column-wrap elementor-element-populated\">\n\t\t\t\t\t\t\t<div class=\"elementor-widget-wrap\">\n\t\t\t\t\t\t<div class=\"elementor-element elementor-element-bccecd0 elementor-widget elementor-widget-m2k\" data-id=\"bccecd0\" data-element_type=\"widget\" data-widget_type=\"m2k.default\">\n\t\t\t\t<div class=\"elementor-widget-container\">\n\t\t\t<section class=\"mn-m2-d mn-bg-green\">\n    <div class=\"mn-grid\">\n        <div class=\"mn-grid-12 mn-introtext\">\n                            <h3>\n                    Stacja Dydaktyczno-Badawcza Zwierz\u0105t Drobnych im. Laury Kaufman                <\/h3>\n                        <\/div>\n    <\/div>\n    <\/section>\n\t\t<\/div>\n\t\t\t\t<\/div>\n\t\t\t\t\t\t<\/div>\n\t\t\t\t\t<\/div>\n\t\t<\/div>\n\t\t\t\t\t\t\t\t<\/div>\n\t\t\t\t\t<\/div>\n\t\t<\/section>\n\t\t\t\t<section class=\"elementor-section elementor-top-section elementor-element elementor-element-078d4ff elementor-section-boxed elementor-section-height-default elementor-section-height-default\" data-id=\"078d4ff\" data-element_type=\"section\">\n\t\t\t\t\t\t<div class=\"elementor-container elementor-column-gap-default\">\n\t\t\t\t\t\t\t<div class=\"elementor-row\">\n\t\t\t\t\t<div class=\"elementor-column elementor-col-100 elementor-top-column elementor-element elementor-element-7732905\" data-id=\"7732905\" data-element_type=\"column\">\n\t\t\t<div class=\"elementor-column-wrap elementor-element-populated\">\n\t\t\t\t\t\t\t<div class=\"elementor-widget-wrap\">\n\t\t\t\t\t\t<div class=\"elementor-element elementor-element-a67f11a elementor-widget elementor-widget-m5c\" data-id=\"a67f11a\" data-element_type=\"widget\" data-widget_type=\"m5c.default\">\n\t\t\t\t<div class=\"elementor-widget-container\">\n\t\t\t<section class=\"mn-m5-c mn-m5-d2 mn-bg-white\">\n\t<div class=\"mn-grid\">\n\t\t\t\t<div class=\"mn-content mn-grid-9\">\n\t\t\t                <div class=\"mn-content-block active\">\n\t                                                        <div class=\"block-text\">\n\t                                        <p>Stacja sk\u0142ada si\u0119 z&nbsp;pasieki oraz fermy drobiu i&nbsp;dysponuje dziewi\u0119cioma budynkami inwentarskim, z&nbsp;kt\u00f3rych w\u00a0celach hodowlanych wykorzystywane s\u0105 4, za\u015b w&nbsp;celach do\u015bwiadczalnych 3 obiekty.<\/p>\n                                        <\/div>\n\t\t\t\t\t\t                                                        <div class=\"mn-cards-list\">\n                                            <div class=\"mn-card-container\">\n                                                <div>\n                                                    <img src=\"https:\/\/up.lublin.pl\/biologia\/wp-content\/themes\/up-lublin\/assets\/images\/doc-ico.svg\" alt=\"\" \/>\n                                                    <h5>galeria zdj\u0119\u0107*<\/h5>\n                                                <\/div>\n                                                <a href=\"https:\/\/up.lublin.pl\/biologia\/galeria\/stacja-dydaktyczno-badawcza-zwierzat-drobnych-im-laury-kaufman\/\" class=\"mn-more\" target=\"_blank\">Zobacz<\/a>\n                                            <\/div>\n                                        <\/div>\n\t\t\t\t\t\t                                                        <div class=\"block-text\">\n\t                                        <p>Pasieka prowadzona jest zgodnie ze \u015bwiatowymi standardami w&nbsp;ulach korpusowych typu DadantBlatt. W&nbsp;celu umo\u017cliwienia prowadzenia r\u00f3\u017cnorodnych do\u015bwiadcze\u0144 zwi\u0105zanych z&nbsp;pszczo\u0142ami, pasieka wyposa\u017cona jest tak\u017ce w&nbsp;mini-ule i&nbsp;ule odk\u0142adowe. Dysponuje ona te\u017c pomieszczeniami do inkubowania czerwiu oraz prowadzenia klatkowych test\u00f3w laboratoryjnych. Jednym z&nbsp;przedmiot\u00f3w zainteresowa\u0144 naukowych s\u0105 zagadnienia zwi\u0105zane z&nbsp;wychowem matek i&nbsp;ich unasiennianiem instrumentalnym. Ponad to, w&nbsp;pasiece prowadzone s\u0105 badania nad biologi\u0105 pszcz\u00f3\u0142 i&nbsp;mechanizmami odporno\u015bci rodzin pszczelich na niekorzystne warunki\u00a0 \u015brodowiska i&nbsp;paso\u017cyty. W&nbsp;ostatnich szesnastu latach w&nbsp;pasiece zrealizowano osiem projekt\u00f3w finansowane ze \u017ar\u00f3de\u0142 zewn\u0119trznych.<\/p>\n<p>Obecnie w&nbsp;Stacji Dydaktyczno-Badawczej Zwierz\u0105t Drobnych im. Laury Kaufman w&nbsp;Felinie utrzymywane s\u0105 dwie rasy kur oraz 6 rod\u00f3w przepi\u00f3rki japo\u0144skiej. Stada kur ras polbar (Pb) oraz zielonon\u00f3\u017cka kuropatwiana (Zk) s\u0105 obj\u0119te Programem Ochrony Zasob\u00f3w Genetycznych Populacji Kur Nie\u015bnych. Obie populacje kur uczestnicz\u0105 w&nbsp;programie na rzecz post\u0119pu biologicznego w&nbsp;produkcji zwierz\u0119cej i&nbsp;s\u0105 dofinansowane przez MRiRW. Zielonon\u00f3\u017cka kuropatwiana obj\u0119ta jest s\u0142ownym znakiem towarowym (nr R-185993) przez Urz\u0105d Patentowy RP, do kt\u00f3rego uprawnienia ma Uniwersytet Przyrodniczy w&nbsp;Lublinie oraz Zak\u0142ad Do\u015bwiadczalny Instytutu Zootechniki PIB w&nbsp;Chorzelowie. Populacje aktywne tych ptak\u00f3w licz\u0105 po ok. 1200 osobnik\u00f3w. R\u00f3d Zk jest najstarszym rodem tych ptak\u00f3w, a&nbsp;Pb jedynym na \u015bwiecie stadem hodowlanym tej rasy.<\/p>\n<p>Uniwersytet Przyrodniczy w&nbsp;Lublinie jest tak\u017ce w&nbsp;posiadaniu 6 linii genetycznych przepi\u00f3rek japo\u0144skich spo\u015br\u00f3d, kt\u00f3rych 5 ma za\u0142o\u017cone Ksi\u0119gi hodowlane oraz pozostaje pod ocen\u0105 Krajowej Rady Drobiarstwa- Izby Gospodarczej w&nbsp;Warszawie. Trzy linie genetyczne (F11, F22, F33) nale\u017c\u0105 do mi\u0119snej rasy Faraon i&nbsp;przebywaj\u0105 w&nbsp;UP Lublin od 70 pokole\u0144.Przepi\u00f3rki japo\u0144skie typu nie\u015bnego (linie S11, S22, S33) zosta\u0142y sprowadzone w&nbsp;2007 roku ze Stacji Hodowli Drobiu w&nbsp;Ivance nad Dunajem i&nbsp;s\u0105 pod opiek\u0105 UP od 30 pokole\u0144. Reprodukcja ka\u017cdej linii opiera si\u0119 na 200 samicach i&nbsp;60 samcach stada podstawowego. Praca hodowlana zmierza do poprawy cech reprodukcyjnych i&nbsp;mi\u0119snych przy jednoczesnym zachowaniu jak najwi\u0119kszej zmienno\u015bci genetycznej. Linie F11, F22, F33, S22 i&nbsp;S33 funkcjonuj\u0105 jako stada zarodowe wykorzystywane do tworzenia miesza\u0144c\u00f3w towarowych.<\/p>\n<p>Zasoby Stacji Dydaktyczno-badawczej Zwierz\u0105t Drobnych im. Laury Kaufman s\u0142u\u017c\u0105 przede wszystkim kszta\u0142ceniu kolejnych rocznik\u00f3w student\u00f3w takich kierunk\u00f3w jak: Zootechnika, Weterynaria, Behawiorystyka zwierz\u0105t czy Bioin\u017cynieria, a&nbsp;ostatnio tak\u017ce Piel\u0119gnacja Zwierz\u0105t i&nbsp;Animaloterapia czy Bezpiecze\u0144stwo i&nbsp;Certyfikacja \u017bywno\u015bci. Studenci, opr\u00f3cz odbywania zaj\u0119\u0107 terenowych czy praktyk programowych, prowadz\u0105 obserwacje i&nbsp;badania b\u0119d\u0105ce podstaw\u0105 ich prac dyplomowych, ale tak\u017ce opracowa\u0144 naukowych, gdy\u017c utrzymywane w&nbsp;stacji ptaki pozostaj\u0105 w&nbsp;\u015bcis\u0142ym kr\u0119gu zainteresowa\u0144 Studenckiego Ko\u0142a Naukowego Biologii, Hodowli i&nbsp;U\u017cytkowania Drobiu.<\/p>\n<p>Bardzo wa\u017cnym aspektem dzia\u0142alno\u015bci Stacji jest mo\u017cliwo\u015b\u0107 prowadzenia bada\u0144 naukowych. Ferma dysponuje budynkiem dostosowanym do utrzymania przepi\u00f3rek w&nbsp;podziale na grupy (system klatkowy), wdra\u017cane jest wyposa\u017cenie daj\u0105ce podobne mo\u017cliwo\u015bci w&nbsp;budynku dla kur (system \u015bci\u00f3\u0142kowy). Infrastruktura stacji pozwalaj\u0105 na prowadzenie bada\u0144 z&nbsp;zakresu doskonalenia ptak\u00f3w, zr\u00f3\u017cnicowanych sposob\u00f3w ich chowu i&nbsp;\u017cywienia, jak r\u00f3wnie\u017c behawioru drobiu, czy jako\u015bci pozyskiwanych surowc\u00f3w.<\/p>\n<p>Z uwagi na wielozadaniowo\u015b\u0107 Stacji administrowanej przez Instytut Biologicznych Podstaw Produkcji Zwierz\u0119cej jej funkcje podzielono:<\/p>\n<ul>\n<li>Pasieka \u2013 osoba odpowiedzialna: prof. dr hab. Grzegorz Borsuk<\/li>\n<li>Stada kur Zielonon\u00f3\u017cka Kuropatwiana i&nbsp;Polbar obj\u0119te programem Ochrony Zasob\u00f3w Genetycznych &#8211; osoba odpowiedzialna: dr in\u017c. Kornel Kasperek<\/li>\n<li>Przepi\u00f3rkarnia<\/li>\n<li>Stacja testowa drobiu grzebi\u0105cego i&nbsp;pasz &#8211; osoba odpowiedzialna: prof. dr hab. Justyna Batkowska<\/li>\n<li>Ferma produkcyjna drobiu &#8211; osoba odpowiedzialna: dr in\u017c. Kamil Drabik<\/li>\n<\/ul>\n<h5><em><strong><br \/>*Zdj\u0119cia s\u0105 w\u0142asno\u015bci\u0105 Pracownik\u00f3w Stacji.<\/strong> Obowi\u0105zuje ca\u0142kowity zakaz ponownego rozpowszechniania materia\u0142\u00f3w bez zgody Pracownik\u00f3w Stacji.<\/em><\/h5>\n                                        <\/div>\n\t\t\t\t\t\t                                <\/div>\n\t\t\t\t                <div class=\"mn-content-block\">\n\t                                <\/div>\n\t\t\t\t                <div class=\"mn-content-block\">\n\t                                <\/div>\n\t\t\t\t                <div class=\"mn-content-block\">\n\t                                <\/div>\n\t\t\t\t                <div class=\"mn-content-block\">\n\t                                <\/div>\n\t\t\t\t                <div class=\"mn-content-block\">\n\t                                <\/div>\n\t\t\t\t                <div class=\"mn-content-block\">\n\t                                <\/div>\n\t\t\t\t                <div class=\"mn-content-block\">\n\t                                <\/div>\n\t\t\t\t                <div class=\"mn-content-block\">\n\t                                <\/div>\n\t\t\t\t                <div class=\"mn-content-block\">\n\t                                <\/div>\n\t\t\t\t                <div class=\"mn-content-block\">\n\t                                <\/div>\n\t\t\t\t                <div class=\"mn-content-block\">\n\t                                <\/div>\n\t\t\t\t                <div class=\"mn-content-block\">\n\t                                <\/div>\n\t\t\t\t                <div class=\"mn-content-block\">\n\t                                <\/div>\n\t\t\t\t                <div class=\"mn-content-block\">\n\t                                <\/div>\n\t\t\t\t                <div class=\"mn-content-block\">\n\t                                <\/div>\n\t\t\t\t                <div class=\"mn-content-block\">\n\t                                <\/div>\n\t\t\t\t                <div class=\"mn-content-block\">\n\t                                <\/div>\n\t\t\t\t                <div class=\"mn-content-block\">\n\t                                <\/div>\n\t\t\t\t                <div class=\"mn-content-block\">\n\t                                <\/div>\n\t\t\t\t\t\t<\/div>\n\t<\/div>\n<\/section>\n\t\t<\/div>\n\t\t\t\t<\/div>\n\t\t\t\t\t\t<\/div>\n\t\t\t\t\t<\/div>\n\t\t<\/div>\n\t\t\t\t\t\t\t\t<\/div>\n\t\t\t\t\t<\/div>\n\t\t<\/section>\n\t\t\t\t\t\t<\/div>\n\t\t\t\t\t\t<\/div>\n\t\t\t\t\t<\/div>\n\t\t","protected":false},"excerpt":{"rendered":"<p>Stacja Dydaktyczno-Badawcza Zwierz\u0105t Drobnych im. Laury Kaufman UP Wydzia\u0142 Nauk o&nbsp;Zwierz\u0119tach i&nbsp;Biogospodarki Stacja sk\u0142ada si\u0119 z&nbsp;pasieki oraz fermy drobiu i&nbsp;dysponuje dziewi\u0119cioma budynkami inwentarskim, z&nbsp;kt\u00f3rych w\u00a0celach hodowlanych wykorzystywane s\u0105 4, za\u015b w&nbsp;celach do\u015bwiadczalnych 3 obiekty. galeria zdj\u0119\u0107* Zobacz Pasieka prowadzona jest zgodnie ze \u015bwiatowymi standardami w&nbsp;ulach korpusowych typu DadantBlatt. W&nbsp;celu umo\u017cliwienia prowadzenia r\u00f3\u017cnorodnych do\u015bwiadcze\u0144 zwi\u0105zanych z&nbsp;pszczo\u0142ami, [&hellip;]<\/p>\n","protected":false},"author":2,"featured_media":0,"parent":142383,"menu_order":0,"comment_status":"closed","ping_status":"closed","template":"elementor_header_footer","meta":{"_monsterinsights_skip_tracking":false,"_monsterinsights_sitenote_active":false,"_monsterinsights_sitenote_note":"","_monsterinsights_sitenote_category":0},"_links":{"self":[{"href":"https:\/\/up.lublin.pl\/biologia\/wp-json\/wp\/v2\/pages\/151587"}],"collection":[{"href":"https:\/\/up.lublin.pl\/biologia\/wp-json\/wp\/v2\/pages"}],"about":[{"href":"https:\/\/up.lublin.pl\/biologia\/wp-json\/wp\/v2\/types\/page"}],"author":[{"embeddable":true,"href":"https:\/\/up.lublin.pl\/biologia\/wp-json\/wp\/v2\/users\/2"}],"replies":[{"embeddable":true,"href":"https:\/\/up.lublin.pl\/biologia\/wp-json\/wp\/v2\/comments?post=151587"}],"version-history":[{"count":22,"href":"https:\/\/up.lublin.pl\/biologia\/wp-json\/wp\/v2\/pages\/151587\/revisions"}],"predecessor-version":[{"id":157737,"href":"https:\/\/up.lublin.pl\/biologia\/wp-json\/wp\/v2\/pages\/151587\/revisions\/157737"}],"up":[{"embeddable":true,"href":"https:\/\/up.lublin.pl\/biologia\/wp-json\/wp\/v2\/pages\/142383"}],"wp:attachment":[{"href":"https:\/\/up.lublin.pl\/biologia\/wp-json\/wp\/v2\/media?parent=151587"}],"curies":[{"name":"wp","href":"https:\/\/api.w.org\/{rel}","templated":true}]}}