{"id":149131,"date":"2022-02-24T20:57:16","date_gmt":"2022-02-24T19:57:16","guid":{"rendered":"https:\/\/up.lublin.pl\/biologia\/?page_id=149131"},"modified":"2025-09-22T11:20:13","modified_gmt":"2025-09-22T09:20:13","slug":"aktywnosc-fizyczna-i-agroturystyka-kwalifikowana","status":"publish","type":"page","link":"https:\/\/up.lublin.pl\/biologia\/ksztalcenie\/aktywnosc-fizyczna-i-agroturystyka-kwalifikowana\/","title":{"rendered":"Aktywno\u015b\u0107 fizyczna i Agroturystyka kwalifikowana"},"content":{"rendered":"\t\t<div data-elementor-type=\"wp-page\" data-elementor-id=\"149131\" class=\"elementor elementor-149131\" data-elementor-settings=\"[]\">\n\t\t\t\t\t\t<div class=\"elementor-inner\">\n\t\t\t\t\t\t\t<div class=\"elementor-section-wrap\">\n\t\t\t\t\t\t\t<section class=\"elementor-section elementor-top-section elementor-element elementor-element-f1922e3 elementor-section-boxed elementor-section-height-default elementor-section-height-default\" data-id=\"f1922e3\" data-element_type=\"section\">\n\t\t\t\t\t\t<div class=\"elementor-container elementor-column-gap-default\">\n\t\t\t\t\t\t\t<div class=\"elementor-row\">\n\t\t\t\t\t<div class=\"elementor-column elementor-col-100 elementor-top-column elementor-element elementor-element-d43bd54\" data-id=\"d43bd54\" data-element_type=\"column\">\n\t\t\t<div class=\"elementor-column-wrap elementor-element-populated\">\n\t\t\t\t\t\t\t<div class=\"elementor-widget-wrap\">\n\t\t\t\t\t\t<div class=\"elementor-element elementor-element-728c62a elementor-widget elementor-widget-m5c\" data-id=\"728c62a\" data-element_type=\"widget\" data-widget_type=\"m5c.default\">\n\t\t\t\t<div class=\"elementor-widget-container\">\n\t\t\t<section class=\"mn-m5-c mn-m5-d2 mn-bg-white\">\n\t<div class=\"mn-grid\">\n\t\t\t\t<div class=\"mn-content mn-grid-9\">\n\t\t\t                <div class=\"mn-content-block active\">\n\t                                                        <div class=\"block-text\">\n\t                                        <p><a href=\"https:\/\/up.lublin.pl\/biologia\/wp-content\/uploads\/sites\/4\/2022\/02\/WF1s_001-Anatomia-21-22.pdf\">WF1s_001 Anatomia 21-22<\/a><\/p>\n<p><a href=\"https:\/\/up.lublin.pl\/biologia\/wp-content\/uploads\/sites\/4\/2022\/02\/WF1s_002-Biologia-i-ekologia-21-22.pdf\">WF1s_002 Biologia i&nbsp;ekologia 21-22<\/a><\/p>\n<p><a href=\"https:\/\/up.lublin.pl\/biologia\/wp-content\/uploads\/sites\/4\/2022\/02\/WF1s_003-Fizyka-i-biomechanika-21-22.pdf\">WF1s_003 Fizyka i&nbsp;biomechanika 21-22<\/a><\/p>\n<p><a href=\"https:\/\/up.lublin.pl\/biologia\/wp-content\/uploads\/sites\/4\/2022\/02\/WF1s_004-Bezpieczenstwo-i-higiena-pracy-oraz-ergonomia-21-22.pdf\">WF1s_004 Bezpiecze\u0144stwo i&nbsp;higiena pracy oraz ergonomia 21-22<\/a><\/p>\n<p><a href=\"https:\/\/up.lublin.pl\/biologia\/wp-content\/uploads\/sites\/4\/2022\/02\/WF1s_005-Pierwsza-pomoc-z-elementami-medycyny-sportu-21-22.pdf\">WF1s_005 Pierwsza pomoc z&nbsp;elementami medycyny sportu 21-22<\/a><\/p>\n<p><a href=\"https:\/\/up.lublin.pl\/biologia\/wp-content\/uploads\/sites\/4\/2022\/02\/WF1s_006-Biologia-sanitarna-21-22.pdf\">WF1s_006 Biologia sanitarna 21-22<\/a><\/p>\n<p><a href=\"https:\/\/up.lublin.pl\/biologia\/wp-content\/uploads\/sites\/4\/2022\/02\/WF1s_007-Podstawy-bioanalityki-21-22.pdf\">WF1s_007 Podstawy bioanalityki 21-22<\/a><\/p>\n<p><a href=\"https:\/\/up.lublin.pl\/biologia\/wp-content\/uploads\/sites\/4\/2022\/02\/WF1s_008-Genetyka-stosowana-21-22.pdf\">WF1s_008 Genetyka stosowana 21-22<\/a><\/p>\n<p><a href=\"https:\/\/up.lublin.pl\/biologia\/wp-content\/uploads\/sites\/4\/2022\/02\/WF1s_009-Podstawy-neurobiologii-21-22.pdf\">WF1s_009 Podstawy neurobiologii 21-22<\/a><\/p>\n<p><a href=\"https:\/\/up.lublin.pl\/biologia\/wp-content\/uploads\/sites\/4\/2022\/02\/WF1s_010-Technologie-Informacyjne-21-22.pdf\">WF1s_010 Technologie Informacyjne 21-22<\/a><\/p>\n<p><a href=\"https:\/\/up.lublin.pl\/biologia\/wp-content\/uploads\/sites\/4\/2022\/02\/WF1s_011_Angielski1-2ECTS.pdf\">WF1s_011_Angielski1 2ECTS<\/a><\/p>\n<p><a href=\"https:\/\/up.lublin.pl\/biologia\/wp-content\/uploads\/sites\/4\/2022\/02\/WF1s_011_Angielski2-4ECTS.pdf\">WF1s_011_Angielski2 4ECTS<\/a><\/p>\n<p><a href=\"https:\/\/up.lublin.pl\/biologia\/wp-content\/uploads\/sites\/4\/2022\/02\/WF1s_011_Angielski3-2ECTS.pdf\">WF1s_011_Angielski3 2ECTS<\/a><\/p>\n<p><a href=\"https:\/\/up.lublin.pl\/biologia\/wp-content\/uploads\/sites\/4\/2022\/02\/WF1s_012_Niemiecki1-Gruszecka-A.2ECTS.pdf\">WF1s_012_Niemiecki1-Gruszecka A.2ECTS<\/a><\/p>\n<p><a href=\"https:\/\/up.lublin.pl\/biologia\/wp-content\/uploads\/sites\/4\/2022\/02\/WF1s_012_Niemiecki2-Gruszecka-A.4ECTS.pdf\">WF1s_012_Niemiecki2-Gruszecka A.4ECTS<\/a><\/p>\n<p><a href=\"https:\/\/up.lublin.pl\/biologia\/wp-content\/uploads\/sites\/4\/2022\/02\/WF1s_012_Niemiecki3-Gruszecka-A.2ECTS.pdf\">WF1s_012_Niemiecki3-Gruszecka A.2ECTS<\/a><\/p>\n<p><a href=\"https:\/\/up.lublin.pl\/biologia\/wp-content\/uploads\/sites\/4\/2022\/02\/WF1s_013_Rosyjski1-2ECTS.pdf\">WF1s_013_Rosyjski1 2ECTS<\/a><\/p>\n<p><a href=\"https:\/\/up.lublin.pl\/biologia\/wp-content\/uploads\/sites\/4\/2022\/02\/WF1s_013_Rosyjski2-4ECTS.pdf\">WF1s_013_Rosyjski2 4ECTS<\/a><\/p>\n<p><a href=\"https:\/\/up.lublin.pl\/biologia\/wp-content\/uploads\/sites\/4\/2022\/02\/WF1s_013_Rosyjski3-2ECTS.pdf\">WF1s_013_Rosyjski3 2ECTS<\/a><\/p>\n<p><a href=\"https:\/\/up.lublin.pl\/biologia\/wp-content\/uploads\/sites\/4\/2022\/02\/WF1s_014_Francuski1-E.2ECTS.pdf\">WF1s_014_Francuski1 E.2ECTS<\/a><\/p>\n<p><a href=\"https:\/\/up.lublin.pl\/biologia\/wp-content\/uploads\/sites\/4\/2022\/02\/WF1s_014_Francuski2-E.4ECTS.pdf\">WF1s_014_Francuski2 E.4ECTS<\/a><\/p>\n<p><a href=\"https:\/\/up.lublin.pl\/biologia\/wp-content\/uploads\/sites\/4\/2022\/02\/WF1s_014_Francuski3-E.2ECTS.pdf\">WF1s_014_Francuski3 E.2ECTS<\/a><\/p>\n<p><a href=\"https:\/\/up.lublin.pl\/biologia\/wp-content\/uploads\/sites\/4\/2022\/02\/WF1s_015-Plywanie-uzytkowe-21-22.pdf\">WF1s_015 P\u0142ywanie u\u017cytkowe 21-22<\/a><\/p>\n<p><a href=\"https:\/\/up.lublin.pl\/biologia\/wp-content\/uploads\/sites\/4\/2022\/02\/WF1s_016-Plywanie-sportowe-21-22.pdf\">WF1s_016 P\u0142ywanie sportowe 21-22<\/a><\/p>\n<p><a href=\"https:\/\/up.lublin.pl\/biologia\/wp-content\/uploads\/sites\/4\/2022\/02\/WF1s_017-Trening-ogolnorozwojowy-i-fitness-21-22.pdf\">WF1s_017 Trening og\u00f3lnorozwojowy i&nbsp;fitness 21-22<\/a><\/p>\n<p><a href=\"https:\/\/up.lublin.pl\/biologia\/wp-content\/uploads\/sites\/4\/2022\/02\/WF1s_018-Biochemia-21-22.pdf\">WF1s_018 Biochemia 21-22<\/a><\/p>\n<p><a href=\"https:\/\/up.lublin.pl\/biologia\/wp-content\/uploads\/sites\/4\/2022\/02\/WF1s_019-Fizjologia-21-22.pdf\">WF1s_019 Fizjologia 21-22<\/a><\/p>\n<p><a href=\"https:\/\/up.lublin.pl\/biologia\/wp-content\/uploads\/sites\/4\/2022\/02\/WF1s_020-Zarzadzanie-i-marketing-21-22.pdf\">WF1s_020 Zarz\u0105dzanie i&nbsp;marketing 21-22<\/a><\/p>\n<p><a href=\"https:\/\/up.lublin.pl\/biologia\/wp-content\/uploads\/sites\/4\/2022\/02\/WF1s_021-Metodyka-wychowania-fizycznego-21-22.pdf\">WF1s_021 Metodyka wychowania fizycznego 21-22<\/a><\/p>\n<p><a href=\"https:\/\/up.lublin.pl\/biologia\/wp-content\/uploads\/sites\/4\/2022\/02\/WF1s_022-Metodyka-treningu-ogolnorozwojowego-i-fitness-21-22.pdf\">WF1s_022 Metodyka treningu og\u00f3lnorozwojowego i&nbsp;fitness 21-22<\/a><\/p>\n<p><a href=\"https:\/\/up.lublin.pl\/biologia\/wp-content\/uploads\/sites\/4\/2022\/02\/WF1s_023-Metodyka-plywania-21-22.pdf\">WF1s_023 Metodyka p\u0142ywania 21-22<\/a><\/p>\n<p><a href=\"https:\/\/up.lublin.pl\/biologia\/wp-content\/uploads\/sites\/4\/2022\/02\/WF1S_024-Dydaktyka-21-22.pdf\">WF1S_024 Dydaktyka 21-22<\/a><\/p>\n<p><a href=\"https:\/\/up.lublin.pl\/biologia\/wp-content\/uploads\/sites\/4\/2022\/02\/WF1s_025-Metodyka-atletyki-terenowej-21-22.pdf\">WF1s_025 Metodyka atletyki terenowej 21-22<\/a><\/p>\n<p><a href=\"https:\/\/up.lublin.pl\/biologia\/wp-content\/uploads\/sites\/4\/2022\/02\/WF1s_026-Psychologia-21-22.pdf\">WF1s_026 Psychologia 21-22<\/a><\/p>\n<p><a href=\"https:\/\/up.lublin.pl\/biologia\/wp-content\/uploads\/sites\/4\/2022\/02\/WF1s_027-Teoria-wychowania-fizycznego-21-22.pdf\">WF1s_027 Teoria wychowania fizycznego 21-22<\/a><\/p>\n<p><a href=\"https:\/\/up.lublin.pl\/biologia\/wp-content\/uploads\/sites\/4\/2022\/02\/WF1s_028-Metodyka-gimnastyki-21-22.pdf\">WF1s_028 Metodyka gimnastyki 21-22<\/a><\/p>\n<p><a href=\"https:\/\/up.lublin.pl\/biologia\/wp-content\/uploads\/sites\/4\/2022\/02\/WF1s_029-Antropomotoryka-21-22.pdf\">WF1s_029 Antropomotoryka 21-22<\/a><\/p>\n<p><a href=\"https:\/\/up.lublin.pl\/biologia\/wp-content\/uploads\/sites\/4\/2022\/02\/WF1s_030-Dobrostan-i-psychologia-konia-21-22.pdf\">WF1s_030 Dobrostan i&nbsp;psychologia konia 21-22<\/a><\/p>\n<p><a href=\"https:\/\/up.lublin.pl\/biologia\/wp-content\/uploads\/sites\/4\/2022\/02\/WF1s_031-Bioetyka-21-22.pdf\">WF1s_031 Bioetyka 21-22<\/a><\/p>\n<p><a href=\"https:\/\/up.lublin.pl\/biologia\/wp-content\/uploads\/sites\/4\/2022\/02\/WF1s_032-Metodyka-gier-zespolowych-21-22.pdf\">WF1s_032 Metodyka gier zespo\u0142owych 21-22<\/a><\/p>\n<p><a href=\"https:\/\/up.lublin.pl\/biologia\/wp-content\/uploads\/sites\/4\/2022\/02\/WF1s_033-Jezdziectwo-rekreacyjne-i-woltyzerka-21-22.pdf\">WF1s_033 Je\u017adziectwo rekreacyjne i&nbsp;wolty\u017cerka 21-22<\/a><\/p>\n<p><a href=\"https:\/\/up.lublin.pl\/biologia\/wp-content\/uploads\/sites\/4\/2022\/02\/WF1s_034-Jezdziectwo-sportowe-21-22.pdf\">WF1s_034 Je\u017adziectwo sportowe 21-22<\/a><\/p>\n<p><a href=\"https:\/\/up.lublin.pl\/biologia\/wp-content\/uploads\/sites\/4\/2022\/02\/WF1s_035-Metodyka-wybranej-gry-zespolowej-pilka-nozna-21-22.pdf\">WF1s_035 Metodyka wybranej gry zespo\u0142owej &#8211; pi\u0142ka no\u017cna 21-22<\/a><\/p>\n<p><a href=\"https:\/\/up.lublin.pl\/biologia\/wp-content\/uploads\/sites\/4\/2022\/02\/WF1s_036-Metodyka-wybranej-gry-zespolowej-pilka-koszykowa-21-22.pdf\">WF1s_036 Metodyka wybranej gry zespo\u0142owej &#8211; pi\u0142ka koszykowa 21-22<\/a><\/p>\n<p><a href=\"https:\/\/up.lublin.pl\/biologia\/wp-content\/uploads\/sites\/4\/2022\/02\/WF1s_037-Metodyka-wybranej-gry-zespolowej-pilka-siatkowa-21-22.pdf\">WF1s_037 Metodyka wybranej gry zespo\u0142owej &#8211; pi\u0142ka siatkowa 21-22<\/a><\/p>\n<p><a href=\"https:\/\/up.lublin.pl\/biologia\/wp-content\/uploads\/sites\/4\/2022\/02\/WF1s_038-Metodyka-wybranego-sportu-indywidualnego-Boks-21-22.pdf\">WF1s_038 Metodyka wybranego sportu indywidualnego &#8211; Boks 21-22<\/a><\/p>\n<p><a href=\"https:\/\/up.lublin.pl\/biologia\/wp-content\/uploads\/sites\/4\/2022\/02\/WF1s_039-Wetodyka-wybranego-sportu-indywidualnego-Jogging-21-22.pdf\">WF1s_039 Wetodyka wybranego sportu indywidualnego &#8211; Jogging 21-22<\/a><\/p>\n<p><a href=\"https:\/\/up.lublin.pl\/biologia\/wp-content\/uploads\/sites\/4\/2022\/02\/WF1s_040-Metodyka-wybranego-sportu-indywidualnego-Aqua-aerobic-21-22.pdf\">WF1s_040 Metodyka wybranego sportu indywidualnego &#8211; Aqua aerobic 21-22<\/a><\/p>\n<p><a href=\"https:\/\/up.lublin.pl\/biologia\/wp-content\/uploads\/sites\/4\/2022\/02\/WF1s_041-Rodzime-rasy-zwierzat-w-agroturystyce-21-22.pdf\">WF1s_041 Rodzime rasy zwierz\u0105t w&nbsp;agroturystyce 21-22<\/a><\/p>\n<p><a href=\"https:\/\/up.lublin.pl\/biologia\/wp-content\/uploads\/sites\/4\/2022\/02\/WF1s_042-Zarzadzanie-zasobami-ludzkimi-21-22.pdf\">WF1s_042 Zarz\u0105dzanie zasobami ludzkimi 21-22<\/a><\/p>\n<p><a href=\"https:\/\/up.lublin.pl\/biologia\/wp-content\/uploads\/sites\/4\/2022\/02\/WF1s_043-Hydrologia-stosowana-21-22.pdf\">WF1s_043 Hydrologia stosowana 21-22<\/a><\/p>\n<p><a href=\"https:\/\/up.lublin.pl\/biologia\/wp-content\/uploads\/sites\/4\/2022\/02\/WF1s_044-Teoria-zeglarstwa-i-ratownictwa-21-22.pdf\">WF1s_044 Teoria \u017ceglarstwa i&nbsp;ratownictwa 21-22<\/a><\/p>\n<p><a href=\"https:\/\/up.lublin.pl\/biologia\/wp-content\/uploads\/sites\/4\/2022\/02\/WF1s_045-Rolnictwo-ekologiczne-21-22.pdf\">WF1s_045 Rolnictwo ekologiczne 21-22<\/a><\/p>\n<p><a href=\"https:\/\/up.lublin.pl\/biologia\/wp-content\/uploads\/sites\/4\/2022\/02\/WF1s_046-Kontakt-ze-zwierzetami-Wlazlo-21-22.pdf\">WF1s_046 Kontakt ze zwierz\u0119tami Wlaz\u0142o 21-22<\/a><\/p>\n<p><a href=\"https:\/\/up.lublin.pl\/biologia\/wp-content\/uploads\/sites\/4\/2022\/02\/WF1s_047-Praktyka-1-21-22.pdf\">WF1s_047 Praktyka 1 21-22<\/a><\/p>\n<p><a href=\"https:\/\/up.lublin.pl\/biologia\/wp-content\/uploads\/sites\/4\/2022\/02\/WF1s_047-Praktyka-2-21-22.pdf\">WF1s_047 Praktyka 2 21-22<\/a><\/p>\n<p><a href=\"https:\/\/up.lublin.pl\/biologia\/wp-content\/uploads\/sites\/4\/2022\/02\/WF1s_050-Ochrona-przyrody-i-zrownowazony-rozwoj-21-22.pdf\">WF1s_050 Ochrona przyrody i&nbsp;zr\u00f3wnowa\u017cony rozw\u00f3j 21-22<\/a><\/p>\n<p><a href=\"https:\/\/up.lublin.pl\/biologia\/wp-content\/uploads\/sites\/4\/2022\/02\/WF1s_051-Podstawy-zywienia-czlowieka-21-22.pdf\">WF1s_051 Podstawy \u017cywienia cz\u0142owieka 21-22<\/a><\/p>\n<p><a href=\"https:\/\/up.lublin.pl\/biologia\/wp-content\/uploads\/sites\/4\/2022\/02\/WF1s_052-Chemiczne-i-biologiczne-zanieczyszczenia-wod-21-22.pdf\">WF1s_052 Chemiczne i&nbsp;biologiczne zanieczyszczenia w\u00f3d 21-22<\/a><\/p>\n<p><a href=\"https:\/\/up.lublin.pl\/biologia\/wp-content\/uploads\/sites\/4\/2022\/02\/WF1s_053-Czlowiek-w-srodowisku-lesnym-21-22.pdf\">WF1s_053 Cz\u0142owiek w&nbsp;\u015brodowisku le\u015bnym 21-22<\/a><\/p>\n<p><a href=\"https:\/\/up.lublin.pl\/biologia\/wp-content\/uploads\/sites\/4\/2022\/02\/WF1s_054-Agroekosystemy-21-22.pdf\">WF1s_054 Agroekosystemy 21-22<\/a><\/p>\n<p><a href=\"https:\/\/up.lublin.pl\/biologia\/wp-content\/uploads\/sites\/4\/2022\/02\/WF1s_055-Ochrona-Wlasnosci-Intelektualnej-21-22.pdf\">WF1s_055 Ochrona W\u0142asno\u015bci Intelektualnej 21-22<\/a><\/p>\n<p><a href=\"https:\/\/up.lublin.pl\/biologia\/wp-content\/uploads\/sites\/4\/2022\/02\/WF1s_056-Seminarium-dyplomowe-1-21-22.pdf\">WF1s_056 Seminarium dyplomowe 1 21-22<\/a><\/p>\n<p><a href=\"https:\/\/up.lublin.pl\/biologia\/wp-content\/uploads\/sites\/4\/2022\/02\/WF1s_057-Metodyka-gimnastyki-korekcyjnej-21-22.pdf\">WF1s_057 Metodyka gimnastyki korekcyjnej 21-22<\/a><\/p>\n<p><a href=\"https:\/\/up.lublin.pl\/biologia\/wp-content\/uploads\/sites\/4\/2022\/02\/WF1s_058-Projektowanie-gospodarstw-agroturystycznych-21-22.pdf\">WF1s_058 Projektowanie gospodarstw agroturystycznych 21-22<\/a><\/p>\n<p><a href=\"https:\/\/up.lublin.pl\/biologia\/wp-content\/uploads\/sites\/4\/2022\/02\/WF1s_059-Komunikacja-interpersonalna-i-techniki-negocjacji-21-22.pdf\">WF1s_059 Komunikacja interpersonalna i&nbsp;techniki negocjacji 21-22<\/a><\/p>\n<p><a href=\"https:\/\/up.lublin.pl\/biologia\/wp-content\/uploads\/sites\/4\/2022\/02\/WF1s_060-Turystyka-szkolna-21-22.pdf\">WF1s_060 Turystyka szkolna 21-22<\/a><\/p>\n<p><a href=\"https:\/\/up.lublin.pl\/biologia\/wp-content\/uploads\/sites\/4\/2022\/02\/WF1s_061-Teoria-i-metodyka-rekreacji-21-22.pdf\">WF1s_061 Teoria i&nbsp;metodyka rekreacji 21-22<\/a><\/p>\n<p><a href=\"https:\/\/up.lublin.pl\/biologia\/wp-content\/uploads\/sites\/4\/2022\/02\/WF1s_062-Bromatologia-21-22.pdf\">WF1s_062 Bromatologia 21-22<\/a><\/p>\n<p><a href=\"https:\/\/up.lublin.pl\/biologia\/wp-content\/uploads\/sites\/4\/2022\/02\/WF1s_063-Niebezpieczne-stawonogi-21-22.pdf\">WF1s_063 Niebezpieczne stawonogi 21-22<\/a><\/p>\n<p><a href=\"https:\/\/up.lublin.pl\/biologia\/wp-content\/uploads\/sites\/4\/2022\/02\/WF1s_064-Higiena-21-22.pdf\">WF1s_064 Higiena 21-22<\/a><\/p>\n<p><a href=\"https:\/\/up.lublin.pl\/biologia\/wp-content\/uploads\/sites\/4\/2022\/02\/WF1s_065-Ujezdzenie-21-22.pdf\">WF1s_065 Uje\u017cd\u017cenie 21-22<\/a><\/p>\n<p><a href=\"https:\/\/up.lublin.pl\/biologia\/wp-content\/uploads\/sites\/4\/2022\/02\/WF1s_066-Hipoterapia-21-22.pdf\">WF1s_066 Hipoterapia 21-22<\/a><\/p>\n<p><a href=\"https:\/\/up.lublin.pl\/biologia\/wp-content\/uploads\/sites\/4\/2022\/02\/WF1s_067-Skoki-przez-przeszkody-21-22.pdf\">WF1s_067 Skoki przez przeszkody 21-22<\/a><\/p>\n<p><a href=\"https:\/\/up.lublin.pl\/biologia\/wp-content\/uploads\/sites\/4\/2022\/02\/WF1s_068-Ekonomika-uslug-21-22.pdf\">WF1s_068 Ekonomika us\u0142ug 21-22<\/a><\/p>\n<p><a href=\"https:\/\/up.lublin.pl\/biologia\/wp-content\/uploads\/sites\/4\/2022\/02\/WF1s_069-Wybrane-zagadnienia-prawne-21-22.pdf\">WF1s_069 Wybrane zagadnienia prawne 21-22<\/a><\/p>\n<p><a href=\"https:\/\/up.lublin.pl\/biologia\/wp-content\/uploads\/sites\/4\/2022\/02\/WF1s_070-Metodyka-jezdziectwa-21-22.pdf\">WF1s_070 Metodyka je\u017adziectwa 21-22<\/a><\/p>\n<p><a href=\"https:\/\/up.lublin.pl\/biologia\/wp-content\/uploads\/sites\/4\/2022\/02\/WF1s_071-Metodyka-lekkiej-atletyki-21-22.pdf\">WF1s_071 Metodyka lekkiej atletyki 21-22<\/a><\/p>\n<p><a href=\"https:\/\/up.lublin.pl\/biologia\/wp-content\/uploads\/sites\/4\/2022\/02\/WF1s_072-Zywnosc-funkcjonalna-21-22.pdf\">WF1s_072 \u017bywno\u015b\u0107 funkcjonalna 21-22<\/a><\/p>\n<p><a href=\"https:\/\/up.lublin.pl\/biologia\/wp-content\/uploads\/sites\/4\/2022\/02\/WF1s_073-Suplementy-zywieniowe-podczas-wysilku-21-22.pdf\">WF1s_073 Suplementy \u017cywieniowe podczas wysi\u0142ku 21-22<\/a><\/p>\n<p><a href=\"https:\/\/up.lublin.pl\/biologia\/wp-content\/uploads\/sites\/4\/2022\/02\/WF1s_074-Odzywianie-sie-sportowcow-21-22.pdf\">WF1s_074 Od\u017cywianie si\u0119 sportowc\u00f3w 21-22<\/a><\/p>\n<p><a href=\"https:\/\/up.lublin.pl\/biologia\/wp-content\/uploads\/sites\/4\/2022\/02\/WF1s_075-Seminarium-dyplomowe-2-21-22.pdf\">WF1s_075 Seminarium dyplomowe 2 21-22<\/a><\/p>\n<p><a href=\"https:\/\/up.lublin.pl\/biologia\/wp-content\/uploads\/sites\/4\/2022\/02\/WF1s_076-Agroturystyka-21-22.pdf\">WF1s_076 Agroturystyka 21-22<\/a><\/p>\n<p><a href=\"https:\/\/up.lublin.pl\/biologia\/wp-content\/uploads\/sites\/4\/2022\/02\/WF1s_077-Produkty-tradycyjne-i-regionalne-w-agroturystyce-21-22.pdf\">WF1s_077 Produkty tradycyjne i&nbsp;regionalne w&nbsp;agroturystyce 21-22<\/a><\/p>\n<p><a href=\"https:\/\/up.lublin.pl\/biologia\/wp-content\/uploads\/sites\/4\/2022\/02\/WF1s_078-Egzamin-dyplomowy-21-22.pdf\">WF1s_078 Egzamin dyplomowy 21-22<\/a>&#8230;<\/p>\n                                        <\/div>\n\t\t\t\t\t\t                                <\/div>\n\t\t\t\t                <div class=\"mn-content-block\">\n\t                                <\/div>\n\t\t\t\t                <div class=\"mn-content-block\">\n\t                                <\/div>\n\t\t\t\t                <div class=\"mn-content-block\">\n\t                                <\/div>\n\t\t\t\t                <div class=\"mn-content-block\">\n\t                                <\/div>\n\t\t\t\t                <div class=\"mn-content-block\">\n\t                                <\/div>\n\t\t\t\t                <div class=\"mn-content-block\">\n\t                                <\/div>\n\t\t\t\t                <div class=\"mn-content-block\">\n\t                                <\/div>\n\t\t\t\t                <div class=\"mn-content-block\">\n\t                                <\/div>\n\t\t\t\t                <div class=\"mn-content-block\">\n\t                                <\/div>\n\t\t\t\t                <div class=\"mn-content-block\">\n\t                                <\/div>\n\t\t\t\t                <div class=\"mn-content-block\">\n\t                                <\/div>\n\t\t\t\t                <div class=\"mn-content-block\">\n\t                                <\/div>\n\t\t\t\t                <div class=\"mn-content-block\">\n\t                                <\/div>\n\t\t\t\t                <div class=\"mn-content-block\">\n\t                                <\/div>\n\t\t\t\t                <div class=\"mn-content-block\">\n\t                                <\/div>\n\t\t\t\t                <div class=\"mn-content-block\">\n\t                                <\/div>\n\t\t\t\t                <div class=\"mn-content-block\">\n\t                                <\/div>\n\t\t\t\t                <div class=\"mn-content-block\">\n\t                                <\/div>\n\t\t\t\t                <div class=\"mn-content-block\">\n\t                                <\/div>\n\t\t\t\t\t\t<\/div>\n\t<\/div>\n<\/section>\n\t\t<\/div>\n\t\t\t\t<\/div>\n\t\t\t\t\t\t<\/div>\n\t\t\t\t\t<\/div>\n\t\t<\/div>\n\t\t\t\t\t\t\t\t<\/div>\n\t\t\t\t\t<\/div>\n\t\t<\/section>\n\t\t\t\t\t\t<\/div>\n\t\t\t\t\t\t<\/div>\n\t\t\t\t\t<\/div>\n\t\t","protected":false},"excerpt":{"rendered":"<p>WF1s_001 Anatomia 21-22 WF1s_002 Biologia i&nbsp;ekologia 21-22 WF1s_003 Fizyka i&nbsp;biomechanika 21-22 WF1s_004 Bezpiecze\u0144stwo i&nbsp;higiena pracy oraz ergonomia 21-22 WF1s_005 Pierwsza pomoc z&nbsp;elementami medycyny sportu 21-22 WF1s_006 Biologia sanitarna 21-22 WF1s_007 Podstawy bioanalityki 21-22 WF1s_008 Genetyka stosowana 21-22 WF1s_009 Podstawy neurobiologii 21-22 WF1s_010 Technologie Informacyjne 21-22 WF1s_011_Angielski1 2ECTS WF1s_011_Angielski2 4ECTS WF1s_011_Angielski3 2ECTS WF1s_012_Niemiecki1-Gruszecka A.2ECTS WF1s_012_Niemiecki2-Gruszecka A.4ECTS [&hellip;]<\/p>\n","protected":false},"author":204,"featured_media":0,"parent":182532,"menu_order":0,"comment_status":"closed","ping_status":"closed","template":"","meta":{"_monsterinsights_skip_tracking":false,"_monsterinsights_sitenote_active":false,"_monsterinsights_sitenote_note":"","_monsterinsights_sitenote_category":0},"_links":{"self":[{"href":"https:\/\/up.lublin.pl\/biologia\/wp-json\/wp\/v2\/pages\/149131"}],"collection":[{"href":"https:\/\/up.lublin.pl\/biologia\/wp-json\/wp\/v2\/pages"}],"about":[{"href":"https:\/\/up.lublin.pl\/biologia\/wp-json\/wp\/v2\/types\/page"}],"author":[{"embeddable":true,"href":"https:\/\/up.lublin.pl\/biologia\/wp-json\/wp\/v2\/users\/204"}],"replies":[{"embeddable":true,"href":"https:\/\/up.lublin.pl\/biologia\/wp-json\/wp\/v2\/comments?post=149131"}],"version-history":[{"count":4,"href":"https:\/\/up.lublin.pl\/biologia\/wp-json\/wp\/v2\/pages\/149131\/revisions"}],"predecessor-version":[{"id":149475,"href":"https:\/\/up.lublin.pl\/biologia\/wp-json\/wp\/v2\/pages\/149131\/revisions\/149475"}],"up":[{"embeddable":true,"href":"https:\/\/up.lublin.pl\/biologia\/wp-json\/wp\/v2\/pages\/182532"}],"wp:attachment":[{"href":"https:\/\/up.lublin.pl\/biologia\/wp-json\/wp\/v2\/media?parent=149131"}],"curies":[{"name":"wp","href":"https:\/\/api.w.org\/{rel}","templated":true}]}}