{"id":145125,"date":"2021-11-17T14:58:38","date_gmt":"2021-11-17T13:58:38","guid":{"rendered":"https:\/\/up.lublin.pl\/biologia\/?page_id=145125"},"modified":"2025-10-28T22:31:30","modified_gmt":"2025-10-28T21:31:30","slug":"skn-zywienia-zwierzat-i-bromatologii","status":"publish","type":"page","link":"https:\/\/up.lublin.pl\/biologia\/ksztalcenie\/skn-zywienia-zwierzat-i-bromatologii\/","title":{"rendered":"Studenckie Ko\u0142o Naukowe \u017bywienia Zwierz\u0105t i Bromatologii"},"content":{"rendered":"\t\t<div data-elementor-type=\"wp-page\" data-elementor-id=\"145125\" class=\"elementor elementor-145125\" data-elementor-settings=\"[]\">\n\t\t\t\t\t\t<div class=\"elementor-inner\">\n\t\t\t\t\t\t\t<div class=\"elementor-section-wrap\">\n\t\t\t\t\t\t\t<section class=\"elementor-section elementor-top-section elementor-element elementor-element-91c3fd5 elementor-section-boxed elementor-section-height-default elementor-section-height-default\" data-id=\"91c3fd5\" data-element_type=\"section\">\n\t\t\t\t\t\t<div class=\"elementor-container elementor-column-gap-default\">\n\t\t\t\t\t\t\t<div class=\"elementor-row\">\n\t\t\t\t\t<div class=\"elementor-column elementor-col-100 elementor-top-column elementor-element elementor-element-5c71ee0\" data-id=\"5c71ee0\" data-element_type=\"column\">\n\t\t\t<div class=\"elementor-column-wrap elementor-element-populated\">\n\t\t\t\t\t\t\t<div class=\"elementor-widget-wrap\">\n\t\t\t\t\t\t<div class=\"elementor-element elementor-element-f2b3dcb elementor-widget elementor-widget-m2k\" data-id=\"f2b3dcb\" data-element_type=\"widget\" data-widget_type=\"m2k.default\">\n\t\t\t\t<div class=\"elementor-widget-container\">\n\t\t\t<section class=\"mn-m2-d mn-bg-green\">\n    <div class=\"mn-grid\">\n        <div class=\"mn-grid-12 mn-introtext\">\n                            <h3>\n                    Studenckie Ko\u0142o Naukowe \u017bywienia Zwierz\u0105t i&nbsp;Bromatologii                <\/h3>\n                        <\/div>\n    <\/div>\n    <\/section>\n\t\t<\/div>\n\t\t\t\t<\/div>\n\t\t\t\t\t\t<\/div>\n\t\t\t\t\t<\/div>\n\t\t<\/div>\n\t\t\t\t\t\t\t\t<\/div>\n\t\t\t\t\t<\/div>\n\t\t<\/section>\n\t\t\t\t<section class=\"elementor-section elementor-top-section elementor-element elementor-element-9cd6fa8 elementor-section-boxed elementor-section-height-default elementor-section-height-default\" data-id=\"9cd6fa8\" data-element_type=\"section\">\n\t\t\t\t\t\t<div class=\"elementor-container elementor-column-gap-default\">\n\t\t\t\t\t\t\t<div class=\"elementor-row\">\n\t\t\t\t\t<div class=\"elementor-column elementor-col-100 elementor-top-column elementor-element elementor-element-447c09c\" data-id=\"447c09c\" data-element_type=\"column\">\n\t\t\t<div class=\"elementor-column-wrap elementor-element-populated\">\n\t\t\t\t\t\t\t<div class=\"elementor-widget-wrap\">\n\t\t\t\t\t\t<div class=\"elementor-element elementor-element-ec09451 elementor-widget elementor-widget-m5c\" data-id=\"ec09451\" data-element_type=\"widget\" data-widget_type=\"m5c.default\">\n\t\t\t\t<div class=\"elementor-widget-container\">\n\t\t\t<section class=\"mn-m5-c mn-m5-d2 mn-bg-white\">\n\t<div class=\"mn-grid\">\n\t\t\t\t<div class=\"mn-content mn-grid-9\">\n\t\t\t                <div class=\"mn-content-block active\">\n\t                                                        <div class=\"block-text\">\n\t                                        <p style=\"text-align: left\"><strong>Studenckie Ko\u0142o \u017bywienia Zwierz\u0105t i&nbsp;Bromatologii UP w&nbsp;Lublinie<\/strong>, powsta\u0142o 07\u00a0pa\u017adziernika 2021 roku na bazie Sekcji \u017bywienia Zwierz\u0105t i\u00a0Paszoznawstwa Studenckiego Ko\u0142a Nauk o&nbsp;Zwierz\u0119tach i&nbsp;Biogospodarki UP w&nbsp;Lublinie.<\/p>\n<p><strong>Podstawowymi zadaniami SKN \u017bZiB s\u0105:<\/strong><\/p>\n<ol style=\"margin-bottom: 20px\">\n<li>Zg\u0142\u0119bianie wiedzy z&nbsp;zakresu \u017cywienia zwierz\u0105t r\u00f3\u017cnych gatunk\u00f3w, paszoznawstwa, a&nbsp;tak\u017ce bromatologii, zar\u00f3wno w&nbsp;aspekcie naukowym jak i&nbsp;praktycznym;<\/li>\n<li>Zdobywanie praktycznych umiej\u0119tno\u015bci w&nbsp;ramach prac terenowych, jak i\u00a0laboratoryjnych, wizyt studyjnych i&nbsp;spotka\u0144 z&nbsp;ekspertami.<\/li>\n<li>Umo\u017cliwienie Cz\u0142onkom SKN rozwoju naukowego i&nbsp;osobistego.<\/li>\n<\/ol>\n<p><strong>Cele Ko\u0142a realizowane s\u0105 poprzez:\u00a0\u00a0\u00a0\u00a0\u00a0\u00a0\u00a0<\/strong><\/p>\n<ol style=\"margin-bottom: 20px\">\n<li>Udzia\u0142 w&nbsp;pracach badawczych Instytutu \u017bywienia Zwierz\u0105t i&nbsp;Bromatologii w&nbsp;warunkach fermowych i&nbsp;laboratoryjnych;<\/li>\n<li>Udzia\u0142 w&nbsp;sejmikach k\u00f3\u0142 naukowych oraz konferencjach naukowych;<\/li>\n<li>Publikacje wynik\u00f3w prac badawczych w&nbsp;czasopismach naukowych oraz materia\u0142ach konferencyjnych;<\/li>\n<li>Wsp\u00f3\u0142prac\u0119 pomi\u0119dzy Cz\u0142onkami Ko\u0142a, a&nbsp;analogicznymi grupami studenckimi dzia\u0142aj\u0105cymi w&nbsp;macierzystej Uczelni, jak i&nbsp;innych uczelniach wy\u017cszych miasta Lublin;<\/li>\n<li>Pomoc praktyczn\u0105 i&nbsp;merytoryczn\u0105 w&nbsp;realizacji temat\u00f3w prac dyplomowych z&nbsp;zakresu \u017cywienia zwierz\u0105t, paszoznawstwa, bromatologii na wszystkich poziomach kszta\u0142cenia.<\/li>\n<\/ol>\n<p><strong><em>Zapraszamy serdecznie do wsp\u00f3\u0142pracy!<\/em><\/strong><\/p>\n<p><strong><em>\u00a0<\/em><\/strong><strong><em>Kontakt:<\/em><\/strong><\/p>\n<p><strong><em>\u00a0<\/em><\/strong><strong><em>PRZEWODNICZ\u0104CA SKN \u017bZiB: \u00a0\u00a0\u00a0\u00a0\u00a0\u00a0\u00a0\u00a0\u00a0\u00a0\u00a0\u00a0\u00a0 GABRIELA ROGOWSKA<br \/>V-CE PRZEWODNICZ\u0104CA SKN \u017bZiB: \u00a0\u00a0\u00a0 NATALIA GAWIDZIEL<\/em><\/strong><\/p>\n<p><strong>Opiekun Naukowy Ko\u0142a:<\/strong><br \/><strong>DR IN\u017b. EDYTA KOWALCZUK-VASILEV<\/strong><br \/>mail: edyta.kowalczuk@up.edu.pl<br \/>Pok\u00f3j: 405, budynek Rektoratu (ZOOT)<\/p>\n                                        <\/div>\n\t\t\t\t\t\t                                <\/div>\n\t\t\t\t                <div class=\"mn-content-block\">\n\t                                <\/div>\n\t\t\t\t                <div class=\"mn-content-block\">\n\t                                <\/div>\n\t\t\t\t                <div class=\"mn-content-block\">\n\t                                <\/div>\n\t\t\t\t                <div class=\"mn-content-block\">\n\t                                <\/div>\n\t\t\t\t                <div class=\"mn-content-block\">\n\t                                <\/div>\n\t\t\t\t                <div class=\"mn-content-block\">\n\t                                <\/div>\n\t\t\t\t                <div class=\"mn-content-block\">\n\t                                <\/div>\n\t\t\t\t                <div class=\"mn-content-block\">\n\t                                <\/div>\n\t\t\t\t                <div class=\"mn-content-block\">\n\t                                <\/div>\n\t\t\t\t                <div class=\"mn-content-block\">\n\t                                <\/div>\n\t\t\t\t                <div class=\"mn-content-block\">\n\t                                <\/div>\n\t\t\t\t                <div class=\"mn-content-block\">\n\t                                <\/div>\n\t\t\t\t                <div class=\"mn-content-block\">\n\t                                <\/div>\n\t\t\t\t                <div class=\"mn-content-block\">\n\t                                <\/div>\n\t\t\t\t                <div class=\"mn-content-block\">\n\t                                <\/div>\n\t\t\t\t                <div class=\"mn-content-block\">\n\t                                <\/div>\n\t\t\t\t                <div class=\"mn-content-block\">\n\t                                <\/div>\n\t\t\t\t                <div class=\"mn-content-block\">\n\t                                <\/div>\n\t\t\t\t                <div class=\"mn-content-block\">\n\t                                <\/div>\n\t\t\t\t\t\t<\/div>\n\t<\/div>\n<\/section>\n\t\t<\/div>\n\t\t\t\t<\/div>\n\t\t\t\t\t\t<\/div>\n\t\t\t\t\t<\/div>\n\t\t<\/div>\n\t\t\t\t\t\t\t\t<\/div>\n\t\t\t\t\t<\/div>\n\t\t<\/section>\n\t\t\t\t\t\t<\/div>\n\t\t\t\t\t\t<\/div>\n\t\t\t\t\t<\/div>\n\t\t","protected":false},"excerpt":{"rendered":"<p>Studenckie Ko\u0142o Naukowe \u017bywienia Zwierz\u0105t i&nbsp;Bromatologii UP Wydzia\u0142 Nauk o&nbsp;Zwierz\u0119tach i&nbsp;Biogospodarki Studenckie Ko\u0142o \u017bywienia Zwierz\u0105t i&nbsp;Bromatologii UP w&nbsp;Lublinie, powsta\u0142o 07\u00a0pa\u017adziernika 2021 roku na bazie Sekcji \u017bywienia Zwierz\u0105t i\u00a0Paszoznawstwa Studenckiego Ko\u0142a Nauk o&nbsp;Zwierz\u0119tach i&nbsp;Biogospodarki UP w&nbsp;Lublinie. Podstawowymi zadaniami SKN \u017bZiB s\u0105: Zg\u0142\u0119bianie wiedzy z&nbsp;zakresu \u017cywienia zwierz\u0105t r\u00f3\u017cnych gatunk\u00f3w, paszoznawstwa, a&nbsp;tak\u017ce bromatologii, zar\u00f3wno w&nbsp;aspekcie naukowym jak i&nbsp;praktycznym; [&hellip;]<\/p>\n","protected":false},"author":2,"featured_media":0,"parent":182532,"menu_order":0,"comment_status":"closed","ping_status":"closed","template":"elementor_header_footer","meta":{"_monsterinsights_skip_tracking":false,"_monsterinsights_sitenote_active":false,"_monsterinsights_sitenote_note":"","_monsterinsights_sitenote_category":0},"_links":{"self":[{"href":"https:\/\/up.lublin.pl\/biologia\/wp-json\/wp\/v2\/pages\/145125"}],"collection":[{"href":"https:\/\/up.lublin.pl\/biologia\/wp-json\/wp\/v2\/pages"}],"about":[{"href":"https:\/\/up.lublin.pl\/biologia\/wp-json\/wp\/v2\/types\/page"}],"author":[{"embeddable":true,"href":"https:\/\/up.lublin.pl\/biologia\/wp-json\/wp\/v2\/users\/2"}],"replies":[{"embeddable":true,"href":"https:\/\/up.lublin.pl\/biologia\/wp-json\/wp\/v2\/comments?post=145125"}],"version-history":[{"count":28,"href":"https:\/\/up.lublin.pl\/biologia\/wp-json\/wp\/v2\/pages\/145125\/revisions"}],"predecessor-version":[{"id":183552,"href":"https:\/\/up.lublin.pl\/biologia\/wp-json\/wp\/v2\/pages\/145125\/revisions\/183552"}],"up":[{"embeddable":true,"href":"https:\/\/up.lublin.pl\/biologia\/wp-json\/wp\/v2\/pages\/182532"}],"wp:attachment":[{"href":"https:\/\/up.lublin.pl\/biologia\/wp-json\/wp\/v2\/media?parent=145125"}],"curies":[{"name":"wp","href":"https:\/\/api.w.org\/{rel}","templated":true}]}}