{"id":145120,"date":"2021-11-17T14:57:18","date_gmt":"2021-11-17T13:57:18","guid":{"rendered":"https:\/\/up.lublin.pl\/biologia\/?page_id=145120"},"modified":"2025-09-22T11:22:59","modified_gmt":"2025-09-22T09:22:59","slug":"skn-hodowli-i-biotechnologii-swin","status":"publish","type":"page","link":"https:\/\/up.lublin.pl\/biologia\/ksztalcenie\/skn-hodowli-i-biotechnologii-swin\/","title":{"rendered":"Studenckie Ko\u0142o Naukowe Hodowli i Biotechnologii \u015awi\u0144"},"content":{"rendered":"\t\t<div data-elementor-type=\"wp-page\" data-elementor-id=\"145120\" class=\"elementor elementor-145120\" data-elementor-settings=\"[]\">\n\t\t\t\t\t\t<div class=\"elementor-inner\">\n\t\t\t\t\t\t\t<div class=\"elementor-section-wrap\">\n\t\t\t\t\t\t\t<section class=\"elementor-section elementor-top-section elementor-element elementor-element-80c4384 elementor-section-boxed elementor-section-height-default elementor-section-height-default\" data-id=\"80c4384\" data-element_type=\"section\">\n\t\t\t\t\t\t<div class=\"elementor-container elementor-column-gap-default\">\n\t\t\t\t\t\t\t<div class=\"elementor-row\">\n\t\t\t\t\t<div class=\"elementor-column elementor-col-100 elementor-top-column elementor-element elementor-element-aa8d58c\" data-id=\"aa8d58c\" data-element_type=\"column\">\n\t\t\t<div class=\"elementor-column-wrap elementor-element-populated\">\n\t\t\t\t\t\t\t<div class=\"elementor-widget-wrap\">\n\t\t\t\t\t\t<div class=\"elementor-element elementor-element-3db4950 elementor-widget elementor-widget-m2k\" data-id=\"3db4950\" data-element_type=\"widget\" data-widget_type=\"m2k.default\">\n\t\t\t\t<div class=\"elementor-widget-container\">\n\t\t\t<section class=\"mn-m2-d mn-bg-green\">\n    <div class=\"mn-grid\">\n        <div class=\"mn-grid-12 mn-introtext\">\n                            <h3>\n                    Studenckie Ko\u0142o Naukowe Hodowli i&nbsp;Biotechnologii \u015awi\u0144                <\/h3>\n                        <\/div>\n    <\/div>\n    <\/section>\n\t\t<\/div>\n\t\t\t\t<\/div>\n\t\t\t\t<div class=\"elementor-element elementor-element-887972e elementor-widget elementor-widget-m5c\" data-id=\"887972e\" data-element_type=\"widget\" data-widget_type=\"m5c.default\">\n\t\t\t\t<div class=\"elementor-widget-container\">\n\t\t\t<section class=\"mn-m5-c mn-m5-d2 mn-bg-white\">\n\t<div class=\"mn-grid\">\n\t\t\t\t<div class=\"mn-content mn-grid-9\">\n\t\t\t                <div class=\"mn-content-block active\">\n\t                                                        <div class=\"block-text\">\n\t                                        <p>SKN Hodowli i&nbsp;Biotechnologii \u015awi\u0144 (SKN HiB\u015a) zosta\u0142o zarejestrowane 8 pa\u017adziernika 2021 r. Wcze\u015bniej funkcjonowa\u0142o jako Sekcja Hodowli i&nbsp;Biotechnologii \u015awi\u0144 SKN Nauk o&nbsp;Zwierz\u0119tach i&nbsp;Biogospodarki. Opiekunem SKN HiB\u015a jest prof. dr hab. <strong>Marek Babicz<\/strong>. Dzia\u0142alno\u015b\u0107 naukowa Sekcji, a&nbsp;obecnie SKN ma wieloletnie tradycje. Do roku 1999 opiekunem naukowym by\u0142a Pani dr Krystyna Lecyk, osoba niezwykle energiczna i&nbsp;oddana studentom, kt\u00f3rzy pod jej kierunkiem doskonalili swoje umiej\u0119tno\u015bci naukowo-praktyczne, uczestnicz\u0105c w&nbsp;wielu konferencjach i&nbsp;konkursach krajowych, jak te\u017c zagranicznych. Wpaja\u0142a r\u00f3wnie\u017c studentom szacunek do rodzimej kultury i&nbsp;tradycji, organizuj\u0105c szereg spotka\u0144 i&nbsp;wyjazd\u00f3w krajoznawczych po\u0142\u0105czonych z\u00a0praktycznymi wizytami w&nbsp;jednostkach zwi\u0105zanych z&nbsp;hodowl\u0105 i&nbsp;produkcj\u0105 \u015bwi\u0144. Od roku 1999 tradycje te kontynuuje prof. dr hab. Marek Babicz.<\/p>\n<p>SKN HiB\u015a zrzesza student\u00f3w r\u00f3\u017cnych Wydzia\u0142\u00f3w Uniwersytetu Przyrodniczego w&nbsp;Lublinie m.in. Nauk o&nbsp;Zwierz\u0119tach i&nbsp;Biogospodarki, Medycyny Weterynaryjnej, Agrobioin\u017cynierii, Nauk o&nbsp;\u017bywno\u015bci i&nbsp;Biotechnologii, Biologii \u015arodowiskowej.<\/p>\n<p>Badania naukowe student\u00f3w dzia\u0142aj\u0105cych w&nbsp;SKN Hodowli i&nbsp;Biotechnologii \u015awi\u0144 skupiaj\u0105 si\u0119 na aspektach hodowli i&nbsp;produkcji trzody chlewnej, ze szczeg\u00f3lnym uwzgl\u0119dnieniem:<\/p>\n<ul>\n<li>ochrony bior\u00f3\u017cnorodno\u015bci zwierz\u0105t gospodarskich, w&nbsp;tym hodowli zachowawczej \u015bwi\u0144 rodzimej rasy pu\u0142awskiej,<\/li>\n<li>okre\u015bleniu czynnik\u00f3w determinuj\u0105cych warto\u015b\u0107 u\u017cytkow\u0105 i&nbsp;hodowlan\u0105 \u015bwi\u0144 ras krajowych: wielkiej bia\u0142ej polskiej, polskiej bia\u0142ej zwis\u0142ouchej i&nbsp;pu\u0142awskiej,<\/li>\n<li>warto\u015bci rze\u017anej i&nbsp;jako\u015bci mi\u0119sa \u015bwi\u0144,<\/li>\n<li>behawioru poszczeg\u00f3lnych grup technologicznych \u015bwi\u0144,<\/li>\n<li>dobrostanu \u015bwi\u0144 w&nbsp;aspekcie wykorzystania r\u00f3\u017cnych materia\u0142\u00f3w do konstrukcji element\u00f3w (zabawek) ograniczaj\u0105cych stres u&nbsp;\u015bwi\u0144,<\/li>\n<li>alternatywnego wykorzystania trzody chlewnej np. w&nbsp;gospodarstwach agroturystycznych, animaloterapii i&nbsp;in.<\/li>\n<\/ul>\n<p>Wyniki bada\u0144 w\u0142asnych studenci prezentuj\u0105 na mi\u0119dzynarodowych i&nbsp;krajowych seminariach studenckich k\u00f3\u0142 naukowych, uzyskuj\u0105c liczne nagrody i&nbsp;wyr\u00f3\u017cnienia.<\/p>\n<p>Dzia\u0142alno\u015b\u0107 naukowa jest r\u00f3wnie\u017c nagradzana stypendiami JM Rektora UP w&nbsp;Lublinie, Marsza\u0142ka woj. lubelskiego, Prezydenta Miasta Lublin oraz Ministra \u00a0Nauki i&nbsp;Szkolnictwa Wy\u017cszego (obecnie Ministra Edukacji i&nbsp;Nauki).<\/p>\n<p>Studenci anga\u017cuj\u0105 si\u0119 tak\u017ce w&nbsp;dzia\u0142ania popularyzuj\u0105ce nauk\u0119 (m.in. Lubelski Festiwal Nauki) oraz reprezentuj\u0105 UP w&nbsp;Lublinie na r\u00f3\u017cnego rodzaju spotkaniach regionalnych i&nbsp;krajowych.<\/p>\n<p>Cz\u0142onkowie SKN HiB\u015a uczestnicz\u0105 w&nbsp;kursach i&nbsp;szkoleniach tematycznych. Bior\u0105 r\u00f3wnie\u017c udzia\u0142 w&nbsp;wyjazdach terenowych, kt\u00f3re maj\u0105 na celu zwi\u0119kszenie wiedzy z&nbsp;zakresu hodowli i&nbsp;chowu \u015bwi\u0144, odbycia praktyk i&nbsp;sta\u017cy, ale te\u017c poznanie kultury regionu Lubelszczyzny i&nbsp;innych interesuj\u0105cych historycznie i&nbsp;kulturowo miejsc w&nbsp;kraju.<\/p>\n<p><strong>Wszystkich zainteresowanych student\u00f3w zapraszamy do wsp\u00f3\u0142pracy!<\/strong><\/p>\n<p>Kontakt: e-mail: <a href=\"mailto:marek.babicz@up.lublin.pl\">marek.babicz@up.lublin.pl<\/a>, osobi\u015bcie: Collegium Zootechnicum (Rektorat) pok. 109, przez fanpage na Facebooku: <a href=\"https:\/\/www.facebook.com\/skn.hodowli.i.biotechnologii.swin\/\"><em><strong>https:\/\/www.facebook.com\/skn.hodowli.i.biotechnologii.swin\/<\/strong><\/em><\/a><\/p>\n                                        <\/div>\n\t\t\t\t\t\t                                <\/div>\n\t\t\t\t                <div class=\"mn-content-block\">\n\t                                <\/div>\n\t\t\t\t                <div class=\"mn-content-block\">\n\t                                <\/div>\n\t\t\t\t                <div class=\"mn-content-block\">\n\t                                <\/div>\n\t\t\t\t                <div class=\"mn-content-block\">\n\t                                <\/div>\n\t\t\t\t                <div class=\"mn-content-block\">\n\t                                <\/div>\n\t\t\t\t                <div class=\"mn-content-block\">\n\t                                <\/div>\n\t\t\t\t                <div class=\"mn-content-block\">\n\t                                <\/div>\n\t\t\t\t                <div class=\"mn-content-block\">\n\t                                <\/div>\n\t\t\t\t                <div class=\"mn-content-block\">\n\t                                <\/div>\n\t\t\t\t                <div class=\"mn-content-block\">\n\t                                <\/div>\n\t\t\t\t                <div class=\"mn-content-block\">\n\t                                <\/div>\n\t\t\t\t                <div class=\"mn-content-block\">\n\t                                <\/div>\n\t\t\t\t                <div class=\"mn-content-block\">\n\t                                <\/div>\n\t\t\t\t                <div class=\"mn-content-block\">\n\t                                <\/div>\n\t\t\t\t                <div class=\"mn-content-block\">\n\t                                <\/div>\n\t\t\t\t                <div class=\"mn-content-block\">\n\t                                <\/div>\n\t\t\t\t                <div class=\"mn-content-block\">\n\t                                <\/div>\n\t\t\t\t                <div class=\"mn-content-block\">\n\t                                <\/div>\n\t\t\t\t                <div class=\"mn-content-block\">\n\t                                <\/div>\n\t\t\t\t\t\t<\/div>\n\t<\/div>\n<\/section>\n\t\t<\/div>\n\t\t\t\t<\/div>\n\t\t\t\t\t\t<\/div>\n\t\t\t\t\t<\/div>\n\t\t<\/div>\n\t\t\t\t\t\t\t\t<\/div>\n\t\t\t\t\t<\/div>\n\t\t<\/section>\n\t\t\t\t\t\t<\/div>\n\t\t\t\t\t\t<\/div>\n\t\t\t\t\t<\/div>\n\t\t","protected":false},"excerpt":{"rendered":"<p>Studenckie Ko\u0142o Naukowe Hodowli i&nbsp;Biotechnologii \u015awi\u0144 UP Wydzia\u0142 Nauk o&nbsp;Zwierz\u0119tach i&nbsp;Biogospodarki SKN Hodowli i&nbsp;Biotechnologii \u015awi\u0144 (SKN HiB\u015a) zosta\u0142o zarejestrowane 8 pa\u017adziernika 2021 r. Wcze\u015bniej funkcjonowa\u0142o jako Sekcja Hodowli i&nbsp;Biotechnologii \u015awi\u0144 SKN Nauk o&nbsp;Zwierz\u0119tach i&nbsp;Biogospodarki. Opiekunem SKN HiB\u015a jest prof. dr hab. Marek Babicz. Dzia\u0142alno\u015b\u0107 naukowa Sekcji, a&nbsp;obecnie SKN ma wieloletnie tradycje. Do roku 1999 opiekunem [&hellip;]<\/p>\n","protected":false},"author":2,"featured_media":0,"parent":182532,"menu_order":0,"comment_status":"closed","ping_status":"closed","template":"elementor_header_footer","meta":{"_monsterinsights_skip_tracking":false,"_monsterinsights_sitenote_active":false,"_monsterinsights_sitenote_note":"","_monsterinsights_sitenote_category":0},"_links":{"self":[{"href":"https:\/\/up.lublin.pl\/biologia\/wp-json\/wp\/v2\/pages\/145120"}],"collection":[{"href":"https:\/\/up.lublin.pl\/biologia\/wp-json\/wp\/v2\/pages"}],"about":[{"href":"https:\/\/up.lublin.pl\/biologia\/wp-json\/wp\/v2\/types\/page"}],"author":[{"embeddable":true,"href":"https:\/\/up.lublin.pl\/biologia\/wp-json\/wp\/v2\/users\/2"}],"replies":[{"embeddable":true,"href":"https:\/\/up.lublin.pl\/biologia\/wp-json\/wp\/v2\/comments?post=145120"}],"version-history":[{"count":13,"href":"https:\/\/up.lublin.pl\/biologia\/wp-json\/wp\/v2\/pages\/145120\/revisions"}],"predecessor-version":[{"id":154133,"href":"https:\/\/up.lublin.pl\/biologia\/wp-json\/wp\/v2\/pages\/145120\/revisions\/154133"}],"up":[{"embeddable":true,"href":"https:\/\/up.lublin.pl\/biologia\/wp-json\/wp\/v2\/pages\/182532"}],"wp:attachment":[{"href":"https:\/\/up.lublin.pl\/biologia\/wp-json\/wp\/v2\/media?parent=145120"}],"curies":[{"name":"wp","href":"https:\/\/api.w.org\/{rel}","templated":true}]}}