{"id":145106,"date":"2021-11-17T13:34:13","date_gmt":"2021-11-17T12:34:13","guid":{"rendered":"https:\/\/up.lublin.pl\/biologia\/?page_id=145106"},"modified":"2025-09-22T11:19:28","modified_gmt":"2025-09-22T09:19:28","slug":"felinologiczne-studenckie-kolo-naukowe","status":"publish","type":"page","link":"https:\/\/up.lublin.pl\/biologia\/ksztalcenie\/felinologiczne-studenckie-kolo-naukowe\/","title":{"rendered":"Felinologiczne Studenckie Ko\u0142o Naukowe"},"content":{"rendered":"\t\t<div data-elementor-type=\"wp-page\" data-elementor-id=\"145106\" class=\"elementor elementor-145106\" data-elementor-settings=\"[]\">\n\t\t\t\t\t\t<div class=\"elementor-inner\">\n\t\t\t\t\t\t\t<div class=\"elementor-section-wrap\">\n\t\t\t\t\t\t\t<section class=\"elementor-section elementor-top-section elementor-element elementor-element-d6c9b07 elementor-section-boxed elementor-section-height-default elementor-section-height-default\" data-id=\"d6c9b07\" data-element_type=\"section\">\n\t\t\t\t\t\t<div class=\"elementor-container elementor-column-gap-default\">\n\t\t\t\t\t\t\t<div class=\"elementor-row\">\n\t\t\t\t\t<div class=\"elementor-column elementor-col-100 elementor-top-column elementor-element elementor-element-df97af6\" data-id=\"df97af6\" data-element_type=\"column\">\n\t\t\t<div class=\"elementor-column-wrap elementor-element-populated\">\n\t\t\t\t\t\t\t<div class=\"elementor-widget-wrap\">\n\t\t\t\t\t\t<div class=\"elementor-element elementor-element-cdb5250 elementor-widget elementor-widget-m2k\" data-id=\"cdb5250\" data-element_type=\"widget\" data-widget_type=\"m2k.default\">\n\t\t\t\t<div class=\"elementor-widget-container\">\n\t\t\t<section class=\"mn-m2-d mn-bg-green\">\n    <div class=\"mn-grid\">\n        <div class=\"mn-grid-12 mn-introtext\">\n                            <h3>\n                    Felinologiczne Studenckie Ko\u0142o Naukowe                <\/h3>\n                        <\/div>\n    <\/div>\n    <\/section>\n\t\t<\/div>\n\t\t\t\t<\/div>\n\t\t\t\t\t\t<\/div>\n\t\t\t\t\t<\/div>\n\t\t<\/div>\n\t\t\t\t\t\t\t\t<\/div>\n\t\t\t\t\t<\/div>\n\t\t<\/section>\n\t\t\t\t<section class=\"elementor-section elementor-top-section elementor-element elementor-element-1fc8031 elementor-section-boxed elementor-section-height-default elementor-section-height-default\" data-id=\"1fc8031\" data-element_type=\"section\">\n\t\t\t\t\t\t<div class=\"elementor-container elementor-column-gap-default\">\n\t\t\t\t\t\t\t<div class=\"elementor-row\">\n\t\t\t\t\t<div class=\"elementor-column elementor-col-100 elementor-top-column elementor-element elementor-element-d3008e4\" data-id=\"d3008e4\" data-element_type=\"column\">\n\t\t\t<div class=\"elementor-column-wrap elementor-element-populated\">\n\t\t\t\t\t\t\t<div class=\"elementor-widget-wrap\">\n\t\t\t\t\t\t<div class=\"elementor-element elementor-element-0055bf3 elementor-widget elementor-widget-m5c\" data-id=\"0055bf3\" data-element_type=\"widget\" data-widget_type=\"m5c.default\">\n\t\t\t\t<div class=\"elementor-widget-container\">\n\t\t\t<section class=\"mn-m5-c mn-m5-d2 mn-bg-white\">\n\t<div class=\"mn-grid\">\n\t\t\t\t<div class=\"mn-content mn-grid-9\">\n\t\t\t                <div class=\"mn-content-block active\">\n\t                                                        <div class=\"block-text\">\n\t                                        <p><a href=\"https:\/\/up.lublin.pl\/biologia\/wp-content\/uploads\/sites\/4\/2023\/10\/fenologiczne-skn.png\"><img loading=\"lazy\" class=\"aligncenter  wp-image-162144\" src=\"https:\/\/up.lublin.pl\/biologia\/wp-content\/uploads\/sites\/4\/2023\/10\/fenologiczne-skn.png\" alt=\"logo fenologicznego studenckiego ko\u0142a naukowego. Rysunkowy bia\u0142o-rudy kot bawi si\u0119 pomara\u0144czowym k\u0142\u0119bkiem w\u0142\u00f3czki\" width=\"272\" height=\"272\" \/><\/a><\/p>\n<p>Felinologiczne Studenckie Ko\u0142o Naukowe swoj\u0105 dzia\u0142alno\u015b\u0107 rozpocz\u0119\u0142o 13 wrze\u015bnia 2021 r. Jest jednym z&nbsp;najnowszych SKN na Wydziale Nauk o&nbsp;Zwierz\u0119tach i&nbsp;Biogospodarki. Opiekunem naukowym ko\u0142a jest dr in\u017c. Justyna Wojta\u015b. Siedzib\u0105 ko\u0142a jest Katedra Etologii Zwierz\u0105t i\u00a0\u0141owiectwa.<\/p>\n<p>Cz\u0142onkowie Felinologicznego SKN to mi\u0142o\u015bnicy i&nbsp;opiekunowie kot\u00f3w oraz wszyscy studenci zainteresowani hodowl\u0105, utrzymywaniem, prawid\u0142owym behawiorem i&nbsp;problemami behawioralnymi kot\u00f3w. G\u0142\u00f3wne cele ko\u0142a to propagowanie szeroko rozumianej wiedzy felinologicznej w\u015br\u00f3d spo\u0142eczno\u015bci akademickiej i\u00a0poza ni\u0105, wymiana wzajemnych do\u015bwiadcze\u0144, uzupe\u0142nianie i&nbsp;aktualizowanie dotychczasowej wiedzy z&nbsp;zakresu felinologii.<\/p>\n<p>W 2022 r. SKN uzyska\u0142o finansowanie Ministerstwa Edukacji i\u00a0Nauki z&nbsp;programu \u201eStudenckie Ko\u0142a Naukowe Tworz\u0105 Innowacje\u201d. Realizowali\u015bmy projekt pt. \u201eRedukcja poziomu stresu u\u00a0kot\u00f3w schroniskowych poprzez zastosowanie wzbogace\u0144 \u015brodowiskowych\u201d. Odwiedzili\u015bmy dwukrotnie schroniska dla bezdomnych zwierz\u0105t w&nbsp;Toruniu, Bydgoszczy, Gda\u0144sku, Sopocie, Katowicach, Zabrzu, Chorzowie, Opolu, Cz\u0119stochowie i&nbsp;Wa\u0142brzychu. Wprowadzili\u015bmy do\u00a0tych schronisk wiele r\u00f3\u017cnego rodzaju wzbogace\u0144 \u015brodiwksowych w&nbsp;celu obni\u017cenia poziomu stresu przebywaj\u0105cych tam kot\u00f3w.<\/p>\n<p>W chwili obecnej deklaracj\u0119 cz\u0142onkostwa w&nbsp;Felinologicznym SKN podpisa\u0142o 80 student\u00f3w. S\u0105\u00a0to przede wszystkim studenci kierunku Behawiorystyka zwierz\u0105t oraz Piel\u0119gnacja zwierz\u0105t i&nbsp;animaloterapia. Ponadto studenci kierunku Zootechnika, Hipologia i&nbsp;je\u017adziectwo, Weterynaria, Biologia, Bezpiecze\u0144stwo i&nbsp;certyfikacja \u017cywno\u015bci. Studenci prezentuj\u0105 wyniki prowadzonych przez nas bada\u0144 na konferencjach i&nbsp;sympozjach, zdobywaj\u0105c nagrody oraz wyr\u00f3\u017cnienia. Publikuj\u0105 r\u00f3wnie\u017c w&nbsp;czasopismach naukowych.<\/p>\n<p>Kontakt: <a href=\"mailto:justyna.wojtas@up.lublin.pl\">justyna.wojtas@up.lublin.pl<\/a><\/p>\n                                        <\/div>\n\t\t\t\t\t\t                                <\/div>\n\t\t\t\t                <div class=\"mn-content-block\">\n\t                                <\/div>\n\t\t\t\t                <div class=\"mn-content-block\">\n\t                                <\/div>\n\t\t\t\t                <div class=\"mn-content-block\">\n\t                                <\/div>\n\t\t\t\t                <div class=\"mn-content-block\">\n\t                                <\/div>\n\t\t\t\t                <div class=\"mn-content-block\">\n\t                                <\/div>\n\t\t\t\t                <div class=\"mn-content-block\">\n\t                                <\/div>\n\t\t\t\t                <div class=\"mn-content-block\">\n\t                                <\/div>\n\t\t\t\t                <div class=\"mn-content-block\">\n\t                                <\/div>\n\t\t\t\t                <div class=\"mn-content-block\">\n\t                                <\/div>\n\t\t\t\t                <div class=\"mn-content-block\">\n\t                                <\/div>\n\t\t\t\t                <div class=\"mn-content-block\">\n\t                                <\/div>\n\t\t\t\t                <div class=\"mn-content-block\">\n\t                                <\/div>\n\t\t\t\t                <div class=\"mn-content-block\">\n\t                                <\/div>\n\t\t\t\t                <div class=\"mn-content-block\">\n\t                                <\/div>\n\t\t\t\t                <div class=\"mn-content-block\">\n\t                                <\/div>\n\t\t\t\t                <div class=\"mn-content-block\">\n\t                                <\/div>\n\t\t\t\t                <div class=\"mn-content-block\">\n\t                                <\/div>\n\t\t\t\t                <div class=\"mn-content-block\">\n\t                                <\/div>\n\t\t\t\t                <div class=\"mn-content-block\">\n\t                                <\/div>\n\t\t\t\t\t\t<\/div>\n\t<\/div>\n<\/section>\n\t\t<\/div>\n\t\t\t\t<\/div>\n\t\t\t\t\t\t<\/div>\n\t\t\t\t\t<\/div>\n\t\t<\/div>\n\t\t\t\t\t\t\t\t<\/div>\n\t\t\t\t\t<\/div>\n\t\t<\/section>\n\t\t\t\t\t\t<\/div>\n\t\t\t\t\t\t<\/div>\n\t\t\t\t\t<\/div>\n\t\t","protected":false},"excerpt":{"rendered":"<p>Felinologiczne Studenckie Ko\u0142o Naukowe UP Wydzia\u0142 Nauk o&nbsp;Zwierz\u0119tach i&nbsp;Biogospodarki Felinologiczne Studenckie Ko\u0142o Naukowe swoj\u0105 dzia\u0142alno\u015b\u0107 rozpocz\u0119\u0142o 13 wrze\u015bnia 2021 r. Jest jednym z&nbsp;najnowszych SKN na Wydziale Nauk o&nbsp;Zwierz\u0119tach i&nbsp;Biogospodarki. Opiekunem naukowym ko\u0142a jest dr in\u017c. Justyna Wojta\u015b. Siedzib\u0105 ko\u0142a jest Katedra Etologii Zwierz\u0105t i\u00a0\u0141owiectwa. Cz\u0142onkowie Felinologicznego SKN to mi\u0142o\u015bnicy i&nbsp;opiekunowie kot\u00f3w oraz wszyscy studenci zainteresowani [&hellip;]<\/p>\n","protected":false},"author":204,"featured_media":0,"parent":182532,"menu_order":0,"comment_status":"closed","ping_status":"closed","template":"elementor_header_footer","meta":{"_monsterinsights_skip_tracking":false,"_monsterinsights_sitenote_active":false,"_monsterinsights_sitenote_note":"","_monsterinsights_sitenote_category":0},"_links":{"self":[{"href":"https:\/\/up.lublin.pl\/biologia\/wp-json\/wp\/v2\/pages\/145106"}],"collection":[{"href":"https:\/\/up.lublin.pl\/biologia\/wp-json\/wp\/v2\/pages"}],"about":[{"href":"https:\/\/up.lublin.pl\/biologia\/wp-json\/wp\/v2\/types\/page"}],"author":[{"embeddable":true,"href":"https:\/\/up.lublin.pl\/biologia\/wp-json\/wp\/v2\/users\/204"}],"replies":[{"embeddable":true,"href":"https:\/\/up.lublin.pl\/biologia\/wp-json\/wp\/v2\/comments?post=145106"}],"version-history":[{"count":12,"href":"https:\/\/up.lublin.pl\/biologia\/wp-json\/wp\/v2\/pages\/145106\/revisions"}],"predecessor-version":[{"id":162151,"href":"https:\/\/up.lublin.pl\/biologia\/wp-json\/wp\/v2\/pages\/145106\/revisions\/162151"}],"up":[{"embeddable":true,"href":"https:\/\/up.lublin.pl\/biologia\/wp-json\/wp\/v2\/pages\/182532"}],"wp:attachment":[{"href":"https:\/\/up.lublin.pl\/biologia\/wp-json\/wp\/v2\/media?parent=145106"}],"curies":[{"name":"wp","href":"https:\/\/api.w.org\/{rel}","templated":true}]}}