{"id":142971,"date":"2021-07-23T09:07:08","date_gmt":"2021-07-23T07:07:08","guid":{"rendered":"https:\/\/up.lublin.pl\/biologia\/?page_id=142971"},"modified":"2021-09-29T11:50:41","modified_gmt":"2021-09-29T09:50:41","slug":"department-of-animal-breeding-and-agricultural-consulting","status":"publish","type":"page","link":"https:\/\/up.lublin.pl\/biologia\/en\/about-faculty\/didactic-units\/department-of-animal-breeding-and-agricultural-consulting\/","title":{"rendered":"Department of Animal Breeding and Agricultural Consulting"},"content":{"rendered":"\t\t<div data-elementor-type=\"wp-page\" data-elementor-id=\"142971\" class=\"elementor elementor-142971 elementor-142731\" data-elementor-settings=\"[]\">\n\t\t\t\t\t\t<div class=\"elementor-inner\">\n\t\t\t\t\t\t\t<div class=\"elementor-section-wrap\">\n\t\t\t\t\t\t\t<section class=\"elementor-section elementor-top-section elementor-element elementor-element-376587a elementor-section-boxed elementor-section-height-default elementor-section-height-default\" data-id=\"376587a\" data-element_type=\"section\">\n\t\t\t\t\t\t<div class=\"elementor-container elementor-column-gap-default\">\n\t\t\t\t\t\t\t<div class=\"elementor-row\">\n\t\t\t\t\t<div class=\"elementor-column elementor-col-100 elementor-top-column elementor-element elementor-element-c2ab405\" data-id=\"c2ab405\" data-element_type=\"column\">\n\t\t\t<div class=\"elementor-column-wrap elementor-element-populated\">\n\t\t\t\t\t\t\t<div class=\"elementor-widget-wrap\">\n\t\t\t\t\t\t<div class=\"elementor-element elementor-element-d4fe7fa elementor-widget elementor-widget-m2k\" data-id=\"d4fe7fa\" data-element_type=\"widget\" data-widget_type=\"m2k.default\">\n\t\t\t\t<div class=\"elementor-widget-container\">\n\t\t\t<section class=\"mn-m2-d mn-bg-green\">\n    <div class=\"mn-grid\">\n        <div class=\"mn-grid-12 mn-introtext\">\n                            <h3>\n                    Department of Animal Breeding and Agricultural Consulting                <\/h3>\n                        <\/div>\n    <\/div>\n    <\/section>\n\t\t<\/div>\n\t\t\t\t<\/div>\n\t\t\t\t\t\t<\/div>\n\t\t\t\t\t<\/div>\n\t\t<\/div>\n\t\t\t\t\t\t\t\t<\/div>\n\t\t\t\t\t<\/div>\n\t\t<\/section>\n\t\t\t\t<section class=\"elementor-section elementor-top-section elementor-element elementor-element-870de93 elementor-section-boxed elementor-section-height-default elementor-section-height-default\" data-id=\"870de93\" data-element_type=\"section\">\n\t\t\t\t\t\t<div class=\"elementor-container elementor-column-gap-default\">\n\t\t\t\t\t\t\t<div class=\"elementor-row\">\n\t\t\t\t\t<div class=\"elementor-column elementor-col-100 elementor-top-column elementor-element elementor-element-97dc0d1\" data-id=\"97dc0d1\" data-element_type=\"column\">\n\t\t\t<div class=\"elementor-column-wrap elementor-element-populated\">\n\t\t\t\t\t\t\t<div class=\"elementor-widget-wrap\">\n\t\t\t\t\t\t<div class=\"elementor-element elementor-element-a2b7b9c elementor-widget elementor-widget-m4a\" data-id=\"a2b7b9c\" data-element_type=\"widget\" data-widget_type=\"m4a.default\">\n\t\t\t\t<div class=\"elementor-widget-container\">\n\t\t\t\t<section class=\"mn-m4_b mn-bg-green\">\n\t\t\t\t<div class=\"mn-grid\">\n\t\t\t\t\t\t\t<div class=\"mn-grid-6 mn-kat-m4-container\">\n\t\t\t\t\t\t\t\t\t\t\t\t\t\t\t\t<h3>Farming of animals - subject<\/h3>\n\t\t\t\t\t\t\t\t\t\t\t\t\t\t\t\t\t\t\t\t\t\t<a href=\"https:\/\/up.lublin.pl\/biologia\/en\/about-faculty\/didactic-units\/department-of-animal-breeding-and-agricultural-consulting\/farming-of-animals\/\" class=\"mn-more\">Read more<\/a>\n\t\t\t\t\t\t\t\t\t\t<\/div>\n\t\t\t\t\t\t\t\t<div class=\"mn-grid-6 mn-kat-m4-container\">\n\t\t\t\t\t\t\t\t\t\t\t\t\t\t\t\t<h3>Technology of Animal Production - subject<\/h3>\n\t\t\t\t\t\t\t\t\t\t\t\t\t\t\t\t\t\t\t\t<\/div>\n\t\t\t\t\t\t<\/div>\n\t<\/section>\n\t\t\t<\/div>\n\t\t\t\t<\/div>\n\t\t\t\t\t\t<\/div>\n\t\t\t\t\t<\/div>\n\t\t<\/div>\n\t\t\t\t\t\t\t\t<\/div>\n\t\t\t\t\t<\/div>\n\t\t<\/section>\n\t\t\t\t\t\t<\/div>\n\t\t\t\t\t\t<\/div>\n\t\t\t\t\t<\/div>\n\t\t","protected":false},"excerpt":{"rendered":"<p>Department of Animal Breeding and Agricultural Consulting UP Wydzia\u0142 Nauk o&nbsp;Zwierz\u0119tach i&nbsp;Biogospodarki Farming of animals &#8211; subject Zobacz wi\u0119cej Technology of Animal Production &#8211; subject<\/p>\n","protected":false},"author":2,"featured_media":0,"parent":142901,"menu_order":0,"comment_status":"closed","ping_status":"closed","template":"elementor_header_footer","meta":{"_monsterinsights_skip_tracking":false,"_monsterinsights_sitenote_active":false,"_monsterinsights_sitenote_note":"","_monsterinsights_sitenote_category":0},"_links":{"self":[{"href":"https:\/\/up.lublin.pl\/biologia\/en\/wp-json\/wp\/v2\/pages\/142971"}],"collection":[{"href":"https:\/\/up.lublin.pl\/biologia\/en\/wp-json\/wp\/v2\/pages"}],"about":[{"href":"https:\/\/up.lublin.pl\/biologia\/en\/wp-json\/wp\/v2\/types\/page"}],"author":[{"embeddable":true,"href":"https:\/\/up.lublin.pl\/biologia\/en\/wp-json\/wp\/v2\/users\/2"}],"replies":[{"embeddable":true,"href":"https:\/\/up.lublin.pl\/biologia\/en\/wp-json\/wp\/v2\/comments?post=142971"}],"version-history":[{"count":16,"href":"https:\/\/up.lublin.pl\/biologia\/en\/wp-json\/wp\/v2\/pages\/142971\/revisions"}],"predecessor-version":[{"id":144119,"href":"https:\/\/up.lublin.pl\/biologia\/en\/wp-json\/wp\/v2\/pages\/142971\/revisions\/144119"}],"up":[{"embeddable":true,"href":"https:\/\/up.lublin.pl\/biologia\/en\/wp-json\/wp\/v2\/pages\/142901"}],"wp:attachment":[{"href":"https:\/\/up.lublin.pl\/biologia\/en\/wp-json\/wp\/v2\/media?parent=142971"}],"curies":[{"name":"wp","href":"https:\/\/api.w.org\/{rel}","templated":true}]}}