{"id":142796,"date":"2021-07-22T12:03:17","date_gmt":"2021-07-22T10:03:17","guid":{"rendered":"https:\/\/up.lublin.pl\/biologia\/?page_id=142796"},"modified":"2021-07-22T14:05:39","modified_gmt":"2021-07-22T12:05:39","slug":"home","status":"publish","type":"page","link":"https:\/\/up.lublin.pl\/biologia\/en\/","title":{"rendered":"Home"},"content":{"rendered":"\t\t<div data-elementor-type=\"wp-page\" data-elementor-id=\"142796\" class=\"elementor elementor-142796 elementor-4\" data-elementor-settings=\"[]\">\n\t\t\t\t\t\t<div class=\"elementor-inner\">\n\t\t\t\t\t\t\t<div class=\"elementor-section-wrap\">\n\t\t\t\t\t\t\t<section class=\"elementor-section elementor-top-section elementor-element elementor-element-39749d6 elementor-section-boxed elementor-section-height-default elementor-section-height-default\" data-id=\"39749d6\" data-element_type=\"section\">\n\t\t\t\t\t\t<div class=\"elementor-container elementor-column-gap-default\">\n\t\t\t\t\t\t\t<div class=\"elementor-row\">\n\t\t\t\t\t<div class=\"elementor-column elementor-col-100 elementor-top-column elementor-element elementor-element-429049b\" data-id=\"429049b\" data-element_type=\"column\">\n\t\t\t<div class=\"elementor-column-wrap elementor-element-populated\">\n\t\t\t\t\t\t\t<div class=\"elementor-widget-wrap\">\n\t\t\t\t\t\t<div class=\"elementor-element elementor-element-40c59bd elementor-widget elementor-widget-m2c\" data-id=\"40c59bd\" data-element_type=\"widget\" data-widget_type=\"m2c.default\">\n\t\t\t\t<div class=\"elementor-widget-container\">\n\t\t\t\t<section class=\"mn-m2-a mn-m2-c mn-bg-green\">\n\t\t<div class=\"mn-grid\">\n\t\t\t<div class=\"mn-grid-3 mn-introtext\">\n\t\t\t\t\t\t\t\t\t<p>Faculty of<\/p>\n\t\t\t\t\t\t\t\t\t\t\t\t\t\t<h3>Animal Sciences and Bioeconomy<\/h3>\n\t\t\t\t\t                                    <div style=\"margin-top: 50px;\">\n                        <img src=\"https:\/\/up.lublin.pl\/biologia\/wp-content\/uploads\/sites\/4\/2021\/03\/Group-1664.png\" alt=\"\" \/>\n                    <\/div>\n                    \t\t\t<\/div>\n\t\t\t<div class=\"slider slider-for-m2c mn-grid-9\">\n\t\t\t\t\t\t\t\t\t<div class=\"element\">\n\t\t\t\t\t\t\t\t\t\t\t\t\t<img src=\"https:\/\/up.lublin.pl\/biologia\/wp-content\/uploads\/sites\/4\/2021\/02\/wnozib1.jpg\" alt=\"\">\n\t\t\t\t\t\t\t\t\t\t\t\t<\/div>\n\t\t\t\t\t\t\t\t\t\t<div class=\"element\">\n\t\t\t\t\t\t\t\t\t\t\t\t\t<img src=\"https:\/\/up.lublin.pl\/biologia\/wp-content\/uploads\/sites\/4\/2021\/02\/wnozib2.jpg\" alt=\"\">\n\t\t\t\t\t\t\t\t\t\t\t\t<\/div>\n\t\t\t\t\t\t\t\t\t\t<div class=\"element\">\n\t\t\t\t\t\t\t\t\t\t\t\t\t<img src=\"https:\/\/up.lublin.pl\/biologia\/wp-content\/uploads\/sites\/4\/2021\/03\/wnozib1.jpg\" alt=\"\">\n\t\t\t\t\t\t\t\t\t\t\t\t<\/div>\n\t\t\t\t\t\t\t\t\t\t<div class=\"element\">\n\t\t\t\t\t\t\t\t\t\t\t\t\t<img src=\"https:\/\/up.lublin.pl\/biologia\/wp-content\/uploads\/sites\/4\/2021\/03\/wnozib2.jpg\" alt=\"\">\n\t\t\t\t\t\t\t\t\t\t\t\t<\/div>\n\t\t\t\t\t\t\t\t<\/div>\n\t\t<\/div>\n\t\t\t\t<div class=\"mn-grid\">\n\t\t\t<div class=\"mn-content mn-grid-12\">\n\t\t\t\t<div class=\"slider slider-nav-m2c\">\n\t\t\t\t\t\t\t\t\t\t\t<div class=\"element\">\n\t\t\t\t\t\t\t<p class=\"mn-slide-nmb\">01<\/p>\n\t\t\t\t\t\t\t<div class=\"mn-slide-progress\"><\/div>\n\t\t\t\t\t\t\t\t\t\t\t\t\t<\/div>\n\t\t\t\t\t\t\t\t\t\t\t\t<div class=\"element\">\n\t\t\t\t\t\t\t<p class=\"mn-slide-nmb\">02<\/p>\n\t\t\t\t\t\t\t<div class=\"mn-slide-progress\"><\/div>\n\t\t\t\t\t\t\t\t\t\t\t\t\t<\/div>\n\t\t\t\t\t\t\t\t\t\t\t\t<div class=\"element\">\n\t\t\t\t\t\t\t<p class=\"mn-slide-nmb\">03<\/p>\n\t\t\t\t\t\t\t<div class=\"mn-slide-progress\"><\/div>\n\t\t\t\t\t\t\t\t\t\t\t\t\t<\/div>\n\t\t\t\t\t\t\t\t\t\t\t\t<div class=\"element\">\n\t\t\t\t\t\t\t<p class=\"mn-slide-nmb\">04<\/p>\n\t\t\t\t\t\t\t<div class=\"mn-slide-progress\"><\/div>\n\t\t\t\t\t\t\t\t\t\t\t\t\t<\/div>\n\t\t\t\t\t\t\t\t\t\t<\/div>\n\t\t\t<\/div>\n\t\t<\/div>\n\t<\/section>\n\t\t\t\t<\/div>\n\t\t\t\t<\/div>\n\t\t\t\t\t\t<\/div>\n\t\t\t\t\t<\/div>\n\t\t<\/div>\n\t\t\t\t\t\t\t\t<\/div>\n\t\t\t\t\t<\/div>\n\t\t<\/section>\n\t\t\t\t<section class=\"elementor-section elementor-top-section elementor-element elementor-element-66f8a10 elementor-section-boxed elementor-section-height-default elementor-section-height-default\" data-id=\"66f8a10\" data-element_type=\"section\">\n\t\t\t\t\t\t<div class=\"elementor-container elementor-column-gap-default\">\n\t\t\t\t\t\t\t<div class=\"elementor-row\">\n\t\t\t\t\t<div class=\"elementor-column elementor-col-100 elementor-top-column elementor-element elementor-element-3922df0\" data-id=\"3922df0\" data-element_type=\"column\">\n\t\t\t<div class=\"elementor-column-wrap elementor-element-populated\">\n\t\t\t\t\t\t\t<div class=\"elementor-widget-wrap\">\n\t\t\t\t\t\t<div class=\"elementor-element elementor-element-5166583 elementor-widget elementor-widget-m4a\" data-id=\"5166583\" data-element_type=\"widget\" data-widget_type=\"m4a.default\">\n\t\t\t\t<div class=\"elementor-widget-container\">\n\t\t\t\t<section class=\"mn-m4_b mn-bg-green\">\n\t\t\t\t<div class=\"mn-grid\">\n\t\t\t\t\t\t\t<div class=\"mn-grid-3 mn-kat-m4-container\">\n\t\t\t\t\t\t\t\t\t\t\t\t\t\t\t\t<h3>About Faculty<\/h3>\n\t\t\t\t\t\t\t\t\t\t\t\t\t\t\t\t\t\t\t\t\t\t<a href=\"https:\/\/up.lublin.pl\/biologia\/en\/about-faculty\/\" class=\"mn-more\">Read more<\/a>\n\t\t\t\t\t\t\t\t\t\t<\/div>\n\t\t\t\t\t\t\t\t<div class=\"mn-grid-3 mn-kat-m4-container\">\n\t\t\t\t\t\t\t\t\t\t\t\t\t\t\t\t<h3>Didactic units<\/h3>\n\t\t\t\t\t\t\t\t\t\t\t\t\t\t\t\t\t\t\t\t\t\t<a href=\"https:\/\/up.lublin.pl\/biologia\/en\/about-faculty\/didactic-units\/\" class=\"mn-more\">Read more<\/a>\n\t\t\t\t\t\t\t\t\t\t<\/div>\n\t\t\t\t\t\t\t\t<div class=\"mn-grid-3 mn-kat-m4-container\">\n\t\t\t\t\t\t\t\t\t\t\t\t\t\t\t\t<h3>Didactic activity<\/h3>\n\t\t\t\t\t\t\t\t\t\t\t\t\t\t\t\t\t\t\t\t\t\t<a href=\"https:\/\/up.lublin.pl\/biologia\/en\/didactic-activity\/\" class=\"mn-more\">Read more<\/a>\n\t\t\t\t\t\t\t\t\t\t<\/div>\n\t\t\t\t\t\t\t\t<div class=\"mn-grid-3 mn-kat-m4-container\">\n\t\t\t\t\t\t\t\t\t\t\t\t\t\t\t\t<h3>Direction of research<\/h3>\n\t\t\t\t\t\t\t\t\t\t\t\t\t\t\t\t\t\t\t\t\t\t<a href=\"https:\/\/up.lublin.pl\/biologia\/en\/direction-of-research\/\" class=\"mn-more\">Read more<\/a>\n\t\t\t\t\t\t\t\t\t\t<\/div>\n\t\t\t\t\t\t<\/div>\n\t<\/section>\n\t\t\t<\/div>\n\t\t\t\t<\/div>\n\t\t\t\t\t\t<\/div>\n\t\t\t\t\t<\/div>\n\t\t<\/div>\n\t\t\t\t\t\t\t\t<\/div>\n\t\t\t\t\t<\/div>\n\t\t<\/section>\n\t\t\t\t\t\t<\/div>\n\t\t\t\t\t\t<\/div>\n\t\t\t\t\t<\/div>\n\t\t","protected":false},"excerpt":{"rendered":"<p>Faculty of Animal Sciences and Bioeconomy UP Wydzia\u0142 Nauk o&nbsp;Zwierz\u0119tach i&nbsp;Biogospodarki 01 02 03 04 About Faculty Zobacz wi\u0119cej Didactic units Zobacz wi\u0119cej Didactic activity Zobacz wi\u0119cej Direction of research Zobacz wi\u0119cej<\/p>\n","protected":false},"author":2,"featured_media":0,"parent":0,"menu_order":0,"comment_status":"closed","ping_status":"closed","template":"","meta":{"_monsterinsights_skip_tracking":false,"_monsterinsights_sitenote_active":false,"_monsterinsights_sitenote_note":"","_monsterinsights_sitenote_category":0},"_links":{"self":[{"href":"https:\/\/up.lublin.pl\/biologia\/en\/wp-json\/wp\/v2\/pages\/142796"}],"collection":[{"href":"https:\/\/up.lublin.pl\/biologia\/en\/wp-json\/wp\/v2\/pages"}],"about":[{"href":"https:\/\/up.lublin.pl\/biologia\/en\/wp-json\/wp\/v2\/types\/page"}],"author":[{"embeddable":true,"href":"https:\/\/up.lublin.pl\/biologia\/en\/wp-json\/wp\/v2\/users\/2"}],"replies":[{"embeddable":true,"href":"https:\/\/up.lublin.pl\/biologia\/en\/wp-json\/wp\/v2\/comments?post=142796"}],"version-history":[{"count":7,"href":"https:\/\/up.lublin.pl\/biologia\/en\/wp-json\/wp\/v2\/pages\/142796\/revisions"}],"predecessor-version":[{"id":142914,"href":"https:\/\/up.lublin.pl\/biologia\/en\/wp-json\/wp\/v2\/pages\/142796\/revisions\/142914"}],"wp:attachment":[{"href":"https:\/\/up.lublin.pl\/biologia\/en\/wp-json\/wp\/v2\/media?parent=142796"}],"curies":[{"name":"wp","href":"https:\/\/api.w.org\/{rel}","templated":true}]}}