{"id":489,"date":"2020-11-18T13:41:24","date_gmt":"2020-11-18T12:41:24","guid":{"rendered":"https:\/\/nowastrona.up.lublin.plagrobio\/?page_id=489"},"modified":"2021-02-09T11:36:13","modified_gmt":"2021-02-09T10:36:13","slug":"jubileusz-70-lecia","status":"publish","type":"page","link":"https:\/\/up.lublin.pl\/agrobio\/wydzial\/jubileusze\/jubileusz-70-lecia\/","title":{"rendered":"Jubileusz 70-lecia"},"content":{"rendered":"\t\t<div data-elementor-type=\"wp-page\" data-elementor-id=\"489\" class=\"elementor elementor-489\" data-elementor-settings=\"[]\">\n\t\t\t\t\t\t<div class=\"elementor-inner\">\n\t\t\t\t\t\t\t<div class=\"elementor-section-wrap\">\n\t\t\t\t\t\t\t<section class=\"elementor-section elementor-top-section elementor-element elementor-element-25bddb2 elementor-section-boxed elementor-section-height-default elementor-section-height-default\" data-id=\"25bddb2\" data-element_type=\"section\">\n\t\t\t\t\t\t<div class=\"elementor-container elementor-column-gap-default\">\n\t\t\t\t\t\t\t<div class=\"elementor-row\">\n\t\t\t\t\t<div class=\"elementor-column elementor-col-100 elementor-top-column elementor-element elementor-element-d98bdd2\" data-id=\"d98bdd2\" data-element_type=\"column\">\n\t\t\t<div class=\"elementor-column-wrap elementor-element-populated\">\n\t\t\t\t\t\t\t<div class=\"elementor-widget-wrap\">\n\t\t\t\t\t\t<div class=\"elementor-element elementor-element-4af9d9f elementor-widget elementor-widget-m2d\" data-id=\"4af9d9f\" data-element_type=\"widget\" data-widget_type=\"m2d.default\">\n\t\t\t\t<div class=\"elementor-widget-container\">\n\t\t\t<section class=\"mn-m2-d mn-bg-green\">\r\n\t<div class=\"mn-grid\">\r\n\t\t<div class=\"mn-grid-12 mn-introtext\">\r\n\t\t\t\t\t\t\t<h3>\r\n\t\t\t\t\tJubileusz 70-lecia\t\t\t\t<\/h3>\r\n\t\t\t\t\t\t<\/div>\r\n\t\t\t        \r\n\r\n\t<\/div>\r\n\t<\/section>\r\n\t\t<\/div>\n\t\t\t\t<\/div>\n\t\t\t\t\t\t<\/div>\n\t\t\t\t\t<\/div>\n\t\t<\/div>\n\t\t\t\t\t\t\t\t<\/div>\n\t\t\t\t\t<\/div>\n\t\t<\/section>\n\t\t\t\t<section class=\"elementor-section elementor-top-section elementor-element elementor-element-08afa05 elementor-section-boxed elementor-section-height-default elementor-section-height-default\" data-id=\"08afa05\" data-element_type=\"section\">\n\t\t\t\t\t\t<div class=\"elementor-container elementor-column-gap-default\">\n\t\t\t\t\t\t\t<div class=\"elementor-row\">\n\t\t\t\t\t<div class=\"elementor-column elementor-col-100 elementor-top-column elementor-element elementor-element-bc88972\" data-id=\"bc88972\" data-element_type=\"column\">\n\t\t\t<div class=\"elementor-column-wrap elementor-element-populated\">\n\t\t\t\t\t\t\t<div class=\"elementor-widget-wrap\">\n\t\t\t\t\t\t<div class=\"elementor-element elementor-element-0176be9 elementor-widget elementor-widget-m5c\" data-id=\"0176be9\" data-element_type=\"widget\" data-widget_type=\"m5c.default\">\n\t\t\t\t<div class=\"elementor-widget-container\">\n\t\t\t<section class=\"mn-m5-c mn-bg-white\">\n\t<div class=\"mn-grid\">\n\t\t            <div class=\"mn-menu-container mn-grid-3\">\n                <ul class=\"mn-bg-yellow\">\n\t                                        <li>\n                            <a href=\"#\" class=\"active\" data-hash=\"#\">\n                                Informacje og\u00f3lne                            <\/a>\n                        <\/li>\n                                                <li>\n                            <a href=\"#\" class=\"\" data-hash=\"#\">\n                                Lokalizacja                            <\/a>\n                        <\/li>\n                                                <li>\n                            <a href=\"#\" class=\"\" data-hash=\"#\">\n                                Sponsorzy                            <\/a>\n                        <\/li>\n                                        <\/ul>\n            <\/div>\n\t        \t\t<div class=\"mn-content mn-grid-8\">\n\t\t\t                <div class=\"mn-content-block active\">\n\t                                                        <div class=\"block-text\">\n\t                                        <p><img loading=\"lazy\" class=\"aligncenter size-full wp-image-1810\" src=\"http:\/\/nowastrona.up.lublin.pl\/agrobio\/wp-content\/uploads\/sites\/2\/2021\/02\/agro-motyw.jpg\" alt=\"\" width=\"650\" height=\"203\" \/><\/p>\n<p style=\"text-align: center;\">Mi\u0119dzynarodowa Konferencja Naukowa<\/p>\n<h3 style=\"text-align: center;\">\u201eNAUKA DLA GOSPODARKI I&nbsp;\u015aRODOWISKA\u201d<\/h3>\n<p style=\"text-align: center;\">po\u0142\u0105czona z&nbsp;Jubileuszem 70-lecia Wydzia\u0142u Agrobioin\u017cynierii<br \/>15-16 wrze\u015bnia 2014 roku.<\/p>\n                                        <\/div>\n\t\t\t\t\t\t                                                        <div class=\"block-text\">\n\t                                        <table style=\"border-collapse: collapse; width: 100%;\">\n<tbody>\n<tr>\n<td style=\"width: 25%; text-align: center;\">Komunikat 1<\/td>\n<td style=\"width: 25%; text-align: center;\"><strong>Komunikat 2<\/strong><\/td>\n<td style=\"width: 25%; text-align: center;\">Formularz rejestracyjny:<\/td>\n<\/tr>\n<tr>\n<td style=\"width: 25%; text-align: center;\"><a href=\"http:\/\/nowastrona.up.lublin.pl\/agrobio\/wp-content\/uploads\/sites\/2\/2021\/02\/komunikat_1-2014-08-26.pdf\">komunikat_1-2014-08-26<\/a><\/td>\n<td style=\"width: 25%; text-align: center;\"><a href=\"http:\/\/nowastrona.up.lublin.pl\/agrobio\/wp-content\/uploads\/sites\/2\/2021\/02\/komunikat_2-2014-08-26.pdf\">komunikat_2-2014-08-26<\/a><\/td>\n<td style=\"width: 25%; text-align: center;\"><a href=\"http:\/\/nowastrona.up.lublin.pl\/agrobio\/wp-content\/uploads\/sites\/2\/2021\/02\/rejestracja.pdf\">rejestracja<\/a><\/td>\n<\/tr>\n<\/tbody>\n<\/table>\n<p>\u00a0<\/p>\n<p style=\"text-align: center;\"><strong><a href=\"http:\/\/nowastrona.up.lublin.pl\/agrobio\/wp-content\/uploads\/sites\/2\/2021\/02\/program_konferencji_2014-2.pdf\">Program Konferencji<\/a><\/strong><\/p>\n                                        <\/div>\n\t\t\t\t\t\t                                <\/div>\n\t\t\t\t                <div class=\"mn-content-block\">\n\t                                                        <div class=\"block-text\">\n\t                                        <p><a href=\"http:\/\/nowastrona.up.lublin.pl\/agrobio\/wp-content\/uploads\/sites\/2\/2021\/02\/mapka.jpg\"><img loading=\"lazy\" class=\"aligncenter size-full wp-image-1835\" src=\"http:\/\/nowastrona.up.lublin.pl\/agrobio\/wp-content\/uploads\/sites\/2\/2021\/02\/mapka.jpg\" alt=\"\" width=\"962\" height=\"813\" \/><\/a><\/p>\n                                        <\/div>\n\t\t\t\t\t\t                                <\/div>\n\t\t\t\t                <div class=\"mn-content-block\">\n\t                                                        <div class=\"block-text\">\n\t                                        <p><img loading=\"lazy\" class=\"aligncenter  wp-image-1842\" src=\"http:\/\/nowastrona.up.lublin.pl\/agrobio\/wp-content\/uploads\/sites\/2\/2021\/02\/sponsorzy70.png\" alt=\"\" width=\"477\" height=\"481\" \/><\/p>\n                                        <\/div>\n\t\t\t\t\t\t                                <\/div>\n\t\t\t\t\t\t<\/div>\n\t<\/div>\n<\/section>\n\t\t<\/div>\n\t\t\t\t<\/div>\n\t\t\t\t\t\t<\/div>\n\t\t\t\t\t<\/div>\n\t\t<\/div>\n\t\t\t\t\t\t\t\t<\/div>\n\t\t\t\t\t<\/div>\n\t\t<\/section>\n\t\t\t\t\t\t<\/div>\n\t\t\t\t\t\t<\/div>\n\t\t\t\t\t<\/div>\n\t\t","protected":false},"excerpt":{"rendered":"<p>Jubileusz 70-lecia UP Wydzia\u0142 Agrobioin\u017cynierii Informacje og\u00f3lne Lokalizacja Sponsorzy Mi\u0119dzynarodowa Konferencja Naukowa \u201eNAUKA DLA GOSPODARKI I&nbsp;\u015aRODOWISKA\u201d po\u0142\u0105czona z&nbsp;Jubileuszem 70-lecia Wydzia\u0142u Agrobioin\u017cynierii15-16 wrze\u015bnia 2014 roku. Komunikat 1 Komunikat 2 Formularz rejestracyjny: komunikat_1-2014-08-26 komunikat_2-2014-08-26 rejestracja \u00a0 Program Konferencji<\/p>\n","protected":false},"author":2,"featured_media":0,"parent":482,"menu_order":0,"comment_status":"closed","ping_status":"closed","template":"elementor_header_footer","meta":{"_monsterinsights_skip_tracking":false,"_monsterinsights_sitenote_active":false,"_monsterinsights_sitenote_note":"","_monsterinsights_sitenote_category":0},"_links":{"self":[{"href":"https:\/\/up.lublin.pl\/agrobio\/wp-json\/wp\/v2\/pages\/489"}],"collection":[{"href":"https:\/\/up.lublin.pl\/agrobio\/wp-json\/wp\/v2\/pages"}],"about":[{"href":"https:\/\/up.lublin.pl\/agrobio\/wp-json\/wp\/v2\/types\/page"}],"author":[{"embeddable":true,"href":"https:\/\/up.lublin.pl\/agrobio\/wp-json\/wp\/v2\/users\/2"}],"replies":[{"embeddable":true,"href":"https:\/\/up.lublin.pl\/agrobio\/wp-json\/wp\/v2\/comments?post=489"}],"version-history":[{"count":11,"href":"https:\/\/up.lublin.pl\/agrobio\/wp-json\/wp\/v2\/pages\/489\/revisions"}],"predecessor-version":[{"id":1848,"href":"https:\/\/up.lublin.pl\/agrobio\/wp-json\/wp\/v2\/pages\/489\/revisions\/1848"}],"up":[{"embeddable":true,"href":"https:\/\/up.lublin.pl\/agrobio\/wp-json\/wp\/v2\/pages\/482"}],"wp:attachment":[{"href":"https:\/\/up.lublin.pl\/agrobio\/wp-json\/wp\/v2\/media?parent=489"}],"curies":[{"name":"wp","href":"https:\/\/api.w.org\/{rel}","templated":true}]}}