{"id":301,"date":"2020-10-25T16:01:50","date_gmt":"2020-10-25T15:01:50","guid":{"rendered":"https:\/\/nowastrona.up.lublin.plagrobio\/?page_id=301"},"modified":"2025-07-24T11:49:23","modified_gmt":"2025-07-24T09:49:23","slug":"historia","status":"publish","type":"page","link":"https:\/\/up.lublin.pl\/agrobio\/wydzial\/historia\/","title":{"rendered":"Historia"},"content":{"rendered":"\t\t<div data-elementor-type=\"wp-page\" data-elementor-id=\"301\" class=\"elementor elementor-301\" data-elementor-settings=\"[]\">\n\t\t\t\t\t\t<div class=\"elementor-inner\">\n\t\t\t\t\t\t\t<div class=\"elementor-section-wrap\">\n\t\t\t\t\t\t\t<section class=\"elementor-section elementor-top-section elementor-element elementor-element-3dd50d6 elementor-section-boxed elementor-section-height-default elementor-section-height-default\" data-id=\"3dd50d6\" data-element_type=\"section\">\n\t\t\t\t\t\t<div class=\"elementor-container elementor-column-gap-default\">\n\t\t\t\t\t\t\t<div class=\"elementor-row\">\n\t\t\t\t\t<div class=\"elementor-column elementor-col-100 elementor-top-column elementor-element elementor-element-8347765\" data-id=\"8347765\" data-element_type=\"column\">\n\t\t\t<div class=\"elementor-column-wrap elementor-element-populated\">\n\t\t\t\t\t\t\t<div class=\"elementor-widget-wrap\">\n\t\t\t\t\t\t<div class=\"elementor-element elementor-element-68e3793 elementor-widget elementor-widget-m2e\" data-id=\"68e3793\" data-element_type=\"widget\" data-widget_type=\"m2e.default\">\n\t\t\t\t<div class=\"elementor-widget-container\">\n\t\t\t<section class=\"mn-m2-e mn-bg-green\">\n\t<div class=\"mn-grid\">\n\t\t<div class=\"mn-grid-3 mn-introtext\">\n\t\t\t\t\t\t\t<p class=\"mn-header\">Wydzia\u0142 Agrobioin\u017cynierii<\/p>\n\t\t\t\t\t\t\t\t\t\t\t<h3>\n\t\t\t\t\tHistoria\t\t\t\t<\/h3>\n\t\t\t\t\t\t\t\t\t\t\t\t<\/div>\n\t\t<div class=\"mn-grid-9 mn-image-container\">\n\t\t\t\t\t<\/div>\n\t<\/div>\n\t<\/section>\n\t\t<\/div>\n\t\t\t\t<\/div>\n\t\t\t\t\t\t<\/div>\n\t\t\t\t\t<\/div>\n\t\t<\/div>\n\t\t\t\t\t\t\t\t<\/div>\n\t\t\t\t\t<\/div>\n\t\t<\/section>\n\t\t\t\t<section class=\"elementor-section elementor-top-section elementor-element elementor-element-7e0b476 elementor-section-boxed elementor-section-height-default elementor-section-height-default\" data-id=\"7e0b476\" data-element_type=\"section\">\n\t\t\t\t\t\t<div class=\"elementor-container elementor-column-gap-default\">\n\t\t\t\t\t\t\t<div class=\"elementor-row\">\n\t\t\t\t\t<div class=\"elementor-column elementor-col-100 elementor-top-column elementor-element elementor-element-ad2279d\" data-id=\"ad2279d\" data-element_type=\"column\">\n\t\t\t<div class=\"elementor-column-wrap elementor-element-populated\">\n\t\t\t\t\t\t\t<div class=\"elementor-widget-wrap\">\n\t\t\t\t\t\t<div class=\"elementor-element elementor-element-47d5473 elementor-widget elementor-widget-m5c\" data-id=\"47d5473\" data-element_type=\"widget\" data-widget_type=\"m5c.default\">\n\t\t\t\t<div class=\"elementor-widget-container\">\n\t\t\t<section class=\"mn-m5-c mn-m5-d2 mn-bg-white\">\n\t<div class=\"mn-grid\">\n\t\t\t\t<div class=\"mn-content mn-grid-9\">\n\t\t\t                <div class=\"mn-content-block active\">\n\t                                                        <div class=\"block-text\">\n\t                                        <p style=\"text-align: justify\">Wydzia\u0142 Agrobioin\u017cynierii Uniwersytetu Przyrodniczego w\u00a0Lublinie jest jednym z\u00a0najstarszych w\u00a0powojennej Polsce. Wywodzi si\u0119 z\u00a0Uniwersytetu Marii Curie-Sk\u0142odowskiej utworzonego 23 pa\u017adziernika 1944 r. W\u00a0ci\u0105gu ponad 75 lat istnienia Jednostka ulega\u0142a wielu przekszta\u0142ceniom, dostosowuj\u0105c zar\u00f3wno ofert\u0119 dydaktyczn\u0105, jak i\u00a0pola zainteresowa\u0144 naukowych do potrzeb rynku i\u00a0nowych uwarunkowa\u0144. W\u00a01944 roku powsta\u0142 jako Wydzia\u0142 Rolny w\u00a0ramach Uniwersytetu Marii Curie-Sk\u0142odowskiej. W\u00a01955 roku zmieniono jego nazw\u0119 na Wydzia\u0142 Rolniczy. Od utworzenia Wy\u017cszej Szko\u0142y Rolniczej w\u00a01955 roku Wydzia\u0142 Rolniczy funkcjonowa\u0142 w\u00a0ramach UMCS, a\u00a0od 1972 sta\u0142 si\u0119 cz\u0119\u015bci\u0105 Akademii Rolniczej. W\u00a02007 roku Wydzia\u0142 Rolniczy zmieni\u0142 nazw\u0119 na Wydzia\u0142 Agrobioin\u017cynierii, aby w\u00a02008 roku wej\u015b\u0107 w\u00a0struktury Uniwersytetu Przyrodniczego w\u00a0Lublinie.<\/p>\n<p style=\"text-align: justify\">W czasie swojego istnienia Wydzia\u0142 przekaza\u0142 cz\u0119\u015b\u0107 kadry oraz wyposa\u017cenia laboratoryjnego na rzecz nowo utworzonych wydzia\u0142\u00f3w: Biologii i\u00a0Hodowli Zwierz\u0105t (1955), In\u017cynierii Produkcji (1970), Ogrodnictwa i\u00a0Architektury Krajobrazu (1970), Nauk \u017bywno\u015bci i\u00a0Biotechnologii (2005), Nauk Rolniczych (2007, Zamo\u015b\u0107).<\/p>\n<p style=\"text-align: justify\">W sk\u0142ad Wydzia\u0142u wchodzi 11 jednostek (w tym 2 instytuty i\u00a09 katedr) w\u00a0ramach kt\u00f3rych wydzielono 10 zak\u0142ad\u00f3w, 4 pracownie oraz stacj\u0119 dydaktyczno-badawcz\u0105 w\u00a0Sosnowicy. Na Wydziale Agrobioin\u017cynierii pracuje 108 nauczycieli akademickich, w\u00a0tym 12 z\u00a0tytu\u0142em naukowym profesora, 37 doktor\u00f3w habilitowanych na stanowiskach profesor\u00f3w uczelni, 2 adiunkt\u00f3w ze stopniem naukowym doktora habilitowanego, 49 adiunkt\u00f3w ze stopniem doktora, 2 wyk\u0142adowc\u00f3w ze stopniem doktora oraz 6 asystent\u00f3w ze stopniem doktora lub magistra. Stan kadrowy Wydzia\u0142u uzupe\u0142nia 39 pracownik\u00f3w naukowo-technicznych i\u00a0robotnik\u00f3w.<\/p>\n<p style=\"text-align: justify\">Wydzia\u0142 Agrobioin\u017cynierii ma pe\u0142ne uprawnienia akademickie w\u00a0nadawaniu stopnia doktora habilitowanego nauk rolniczych oraz stopnia doktora nauk rolniczych w\u00a0dyscyplinie rolnictwo i\u00a0ogrodnictwo. Do ko\u0144ca 2024 roku na Wydziale przeprowadzono 594 przewody doktorskie, 170 habilitacyjnych i\u00a0110 post\u0119powa\u0144 ws. nadania tytu\u0142u profesora. Podczas ostatniej oceny parametrycznej jednostek za lata 2013-2016 Minister Nauki i&nbsp;Szkolnictwa Wy\u017cszego przyzna\u0142 Wydzia\u0142owi Agrobioin\u017cynierii kategori\u0119 A. Natomiast podczas ewaluacji jednostek za lata 2017-2021 reprezentowana przez pracownik\u00f3w Wydzia\u0142u dyscyplina naukowa in\u017cynieria \u015brodowiska, g\u00f3rnictwo i&nbsp;energetyka uzyska\u0142a kategori\u0119 A, rolnictwo i&nbsp;ogrodnictwo \u2013 \u00a0kategori\u0119 B+.<\/p>\n<p style=\"text-align: justify\">Dotychczas studia na Wydziale uko\u0144czy\u0142o 26 542 \u00a0absolwent\u00f3w, w\u00a0tym 11 219 z\u00a0dyplomem magistra in\u017cyniera, 13 821 z\u00a0dyplomem in\u017cyniera, 158 z&nbsp;dyplomem magistra i\u00a01 344 z\u00a0dyplomem licencjata. Na Wydziale \u0142\u0105cznie na studiach stacjonarnych i\u00a0niestacjonarnych o\u015bmiu kierunk\u00f3w: Rolnictwo, Agrobiznes, Agrole\u015bnictwo, Bioin\u017cynieria, Ekonomia, Gospodarka przestrzenna, Le\u015bnictwo, oraz Turystyka i\u00a0rekreacja studiuje ok 1 tysi\u0105ca student\u00f3w.<\/p>\n                                        <\/div>\n\t\t\t\t\t\t                                <\/div>\n\t\t\t\t                <div class=\"mn-content-block\">\n\t                                <\/div>\n\t\t\t\t                <div class=\"mn-content-block\">\n\t                                <\/div>\n\t\t\t\t                <div class=\"mn-content-block\">\n\t                                <\/div>\n\t\t\t\t                <div class=\"mn-content-block\">\n\t                                <\/div>\n\t\t\t\t                <div class=\"mn-content-block\">\n\t                                <\/div>\n\t\t\t\t                <div class=\"mn-content-block\">\n\t                                <\/div>\n\t\t\t\t                <div class=\"mn-content-block\">\n\t                                <\/div>\n\t\t\t\t                <div class=\"mn-content-block\">\n\t                                <\/div>\n\t\t\t\t                <div class=\"mn-content-block\">\n\t                                <\/div>\n\t\t\t\t                <div class=\"mn-content-block\">\n\t                                <\/div>\n\t\t\t\t                <div class=\"mn-content-block\">\n\t                                <\/div>\n\t\t\t\t                <div class=\"mn-content-block\">\n\t                                <\/div>\n\t\t\t\t                <div class=\"mn-content-block\">\n\t                                <\/div>\n\t\t\t\t                <div class=\"mn-content-block\">\n\t                                <\/div>\n\t\t\t\t                <div class=\"mn-content-block\">\n\t                                <\/div>\n\t\t\t\t                <div class=\"mn-content-block\">\n\t                                <\/div>\n\t\t\t\t                <div class=\"mn-content-block\">\n\t                                <\/div>\n\t\t\t\t                <div class=\"mn-content-block\">\n\t                                <\/div>\n\t\t\t\t                <div class=\"mn-content-block\">\n\t                                <\/div>\n\t\t\t\t\t\t<\/div>\n\t<\/div>\n<\/section>\n\t\t<\/div>\n\t\t\t\t<\/div>\n\t\t\t\t\t\t<\/div>\n\t\t\t\t\t<\/div>\n\t\t<\/div>\n\t\t\t\t\t\t\t\t<\/div>\n\t\t\t\t\t<\/div>\n\t\t<\/section>\n\t\t\t\t\t\t<\/div>\n\t\t\t\t\t\t<\/div>\n\t\t\t\t\t<\/div>\n\t\t","protected":false},"excerpt":{"rendered":"<p>Wydzia\u0142 Agrobioin\u017cynierii Historia UP Wydzia\u0142 Agrobioin\u017cynierii Wydzia\u0142 Agrobioin\u017cynierii Uniwersytetu Przyrodniczego w\u00a0Lublinie jest jednym z\u00a0najstarszych w\u00a0powojennej Polsce. Wywodzi si\u0119 z\u00a0Uniwersytetu Marii Curie-Sk\u0142odowskiej utworzonego 23 pa\u017adziernika 1944 r. W\u00a0ci\u0105gu ponad 75 lat istnienia Jednostka ulega\u0142a wielu przekszta\u0142ceniom, dostosowuj\u0105c zar\u00f3wno ofert\u0119 dydaktyczn\u0105, jak i\u00a0pola zainteresowa\u0144 naukowych do potrzeb rynku i\u00a0nowych uwarunkowa\u0144. W\u00a01944 roku powsta\u0142 jako Wydzia\u0142 Rolny w\u00a0ramach [&hellip;]<\/p>\n","protected":false},"author":2,"featured_media":0,"parent":79,"menu_order":0,"comment_status":"closed","ping_status":"closed","template":"elementor_header_footer","meta":{"_monsterinsights_skip_tracking":false,"_monsterinsights_sitenote_active":false,"_monsterinsights_sitenote_note":"","_monsterinsights_sitenote_category":0},"_links":{"self":[{"href":"https:\/\/up.lublin.pl\/agrobio\/wp-json\/wp\/v2\/pages\/301"}],"collection":[{"href":"https:\/\/up.lublin.pl\/agrobio\/wp-json\/wp\/v2\/pages"}],"about":[{"href":"https:\/\/up.lublin.pl\/agrobio\/wp-json\/wp\/v2\/types\/page"}],"author":[{"embeddable":true,"href":"https:\/\/up.lublin.pl\/agrobio\/wp-json\/wp\/v2\/users\/2"}],"replies":[{"embeddable":true,"href":"https:\/\/up.lublin.pl\/agrobio\/wp-json\/wp\/v2\/comments?post=301"}],"version-history":[{"count":22,"href":"https:\/\/up.lublin.pl\/agrobio\/wp-json\/wp\/v2\/pages\/301\/revisions"}],"predecessor-version":[{"id":161797,"href":"https:\/\/up.lublin.pl\/agrobio\/wp-json\/wp\/v2\/pages\/301\/revisions\/161797"}],"up":[{"embeddable":true,"href":"https:\/\/up.lublin.pl\/agrobio\/wp-json\/wp\/v2\/pages\/79"}],"wp:attachment":[{"href":"https:\/\/up.lublin.pl\/agrobio\/wp-json\/wp\/v2\/media?parent=301"}],"curies":[{"name":"wp","href":"https:\/\/api.w.org\/{rel}","templated":true}]}}