{"id":297,"date":"2020-10-25T16:01:01","date_gmt":"2020-10-25T15:01:01","guid":{"rendered":"https:\/\/nowastrona.up.lublin.plagrobio\/?page_id=297"},"modified":"2025-01-09T08:16:40","modified_gmt":"2025-01-09T07:16:40","slug":"komisje-wydzialowe","status":"publish","type":"page","link":"https:\/\/up.lublin.pl\/agrobio\/wydzial\/komisje-wydzialowe\/","title":{"rendered":"Komisje wydzia\u0142owe"},"content":{"rendered":"\t\t<div data-elementor-type=\"wp-page\" data-elementor-id=\"297\" class=\"elementor elementor-297\" data-elementor-settings=\"[]\">\n\t\t\t\t\t\t<div class=\"elementor-inner\">\n\t\t\t\t\t\t\t<div class=\"elementor-section-wrap\">\n\t\t\t\t\t\t\t<section class=\"elementor-section elementor-top-section elementor-element elementor-element-1461928 elementor-section-boxed elementor-section-height-default elementor-section-height-default\" data-id=\"1461928\" data-element_type=\"section\">\n\t\t\t\t\t\t<div class=\"elementor-container elementor-column-gap-default\">\n\t\t\t\t\t\t\t<div class=\"elementor-row\">\n\t\t\t\t\t<div class=\"elementor-column elementor-col-100 elementor-top-column elementor-element elementor-element-676fa3c\" data-id=\"676fa3c\" data-element_type=\"column\">\n\t\t\t<div class=\"elementor-column-wrap elementor-element-populated\">\n\t\t\t\t\t\t\t<div class=\"elementor-widget-wrap\">\n\t\t\t\t\t\t<div class=\"elementor-element elementor-element-cc4f43e elementor-widget elementor-widget-m2e\" data-id=\"cc4f43e\" data-element_type=\"widget\" data-widget_type=\"m2e.default\">\n\t\t\t\t<div class=\"elementor-widget-container\">\n\t\t\t<section class=\"mn-m2-e mn-bg-green\">\n\t<div class=\"mn-grid\">\n\t\t<div class=\"mn-grid-3 mn-introtext\">\n\t\t\t\t\t\t\t<p class=\"mn-header\">Wydzia\u0142 Agrobioin\u017cynierii<\/p>\n\t\t\t\t\t\t\t\t\t\t\t<h3>\n\t\t\t\t\tKomisje wydzia\u0142owe\t\t\t\t<\/h3>\n\t\t\t\t\t\t\t\t\t\t\t\t<\/div>\n\t\t<div class=\"mn-grid-9 mn-image-container\">\n\t\t\t\t\t<\/div>\n\t<\/div>\n\t<\/section>\n\t\t<\/div>\n\t\t\t\t<\/div>\n\t\t\t\t\t\t<\/div>\n\t\t\t\t\t<\/div>\n\t\t<\/div>\n\t\t\t\t\t\t\t\t<\/div>\n\t\t\t\t\t<\/div>\n\t\t<\/section>\n\t\t\t\t<section class=\"elementor-section elementor-top-section elementor-element elementor-element-21faf27 elementor-section-boxed elementor-section-height-default elementor-section-height-default\" data-id=\"21faf27\" data-element_type=\"section\">\n\t\t\t\t\t\t<div class=\"elementor-container elementor-column-gap-default\">\n\t\t\t\t\t\t\t<div class=\"elementor-row\">\n\t\t\t\t\t<div class=\"elementor-column elementor-col-100 elementor-top-column elementor-element elementor-element-bb6c4b4\" data-id=\"bb6c4b4\" data-element_type=\"column\">\n\t\t\t<div class=\"elementor-column-wrap elementor-element-populated\">\n\t\t\t\t\t\t\t<div class=\"elementor-widget-wrap\">\n\t\t\t\t\t\t<div class=\"elementor-element elementor-element-d4b85e6 elementor-widget elementor-widget-m5c\" data-id=\"d4b85e6\" data-element_type=\"widget\" data-widget_type=\"m5c.default\">\n\t\t\t\t<div class=\"elementor-widget-container\">\n\t\t\t<section class=\"mn-m5-c mn-m5-d2 mn-bg-white\">\n\t<div class=\"mn-grid\">\n\t\t\t\t<div class=\"mn-content mn-grid-9\">\n\t\t\t                <div class=\"mn-content-block active\">\n\t                                                        <div class=\"block-text\">\n\t                                        <p><strong> I. Komisja ds. Kadr Naukowych <\/strong><\/p>\n<ul>\n<li>Dr hab. Aleksandra G\u0142owacka prof. uczelni \u2013 przewodnicz\u0105ca<\/li>\n<li>Dr hab. Agata \u015awi\u0119ci\u0142o prof. uczelni<\/li>\n<li>Dr hab. Marzena Brodowska prof. uczelni<\/li>\n<li>Dr hab. El\u017cbieta Harasim prof. uczelni<\/li>\n<li>Dr hab. Joanna Hawlena prof. uczelni<\/li>\n<li>Dr Agnieszka Komor<\/li>\n<li>Dr Aneta Kramek<\/li>\n<\/ul>\n<p><strong> II. Komisja ds. Jako\u015bci Kszta\u0142cenia<\/strong><\/p>\n<ul>\n<li>Dr hab. Mariusz Kulik prof. uczelni \u2013 przewodnicz\u0105cy<\/li>\n<li>Dr hab. Justyna Bohacz prof. uczelni<\/li>\n<li>Dr hab. Maja Bryk prof. uczelni<\/li>\n<li>Dr hab. Teresa Wy\u0142upek prof. uczelni<\/li>\n<li>Dr Sylwia Sowa<\/li>\n<li>Przedstawiciel WSRR<\/li>\n<\/ul>\n<p><strong>III. Komisja ds. Bada\u0144 Naukowych i&nbsp;Wsp\u00f3\u0142pracy z&nbsp;Zagranic\u0105<\/strong><\/p>\n<ul>\n<li>Dr hab. Edyta Paczos-Grz\u0119da prof. uczelni \u2013 przewodnicz\u0105cy<\/li>\n<li>Dr hab. Piotr Kraska prof. uczelni<\/li>\n<li>Dr hab. Monika Skowro\u0144ska prof. uczelni<\/li>\n<li>Dr hab. Izabela Jo\u015bko prof. uczelni<\/li>\n<li>Dr Micha\u0142 Nowak<\/li>\n<li>Dr Aneta Jarosz-Angowska<\/li>\n<li>Dr Wioletta Wr\u00f3blewska<\/li>\n<\/ul>\n<p style=\"text-align: left\"><strong>Komisja Oceniaj\u0105ca Wydzia\u0142u<\/strong><\/p>\n<ul>\n<li>Prof. dr hab. Aleksandra Badora \u2013 przewodnicz\u0105cy<\/li>\n<li>Prof. dr hab. Sylwia Oko\u0144<\/li>\n<li>Prof. dr hab. Andrzej Wo\u017aniak<\/li>\n<li>Dr hab. Eugenia Czernyszewicz prof. uczelni<\/li>\n<li>Dr hab. Jolanta Joniec prof. uczelni<\/li>\n<li>Dr hab. Marta Tomczy\u0144ska-Mleko prof. uczelni<\/li>\n<li>Dr hab. Kamila Rybczy\u0144ska-Tkaczyk<\/li>\n<\/ul>\n<p><strong>Komisja ds. Rozwoju Wydzia\u0142u<\/strong><\/p>\n<ul>\n<li>Dziekan<\/li>\n<li>Prodziekani<\/li>\n<li>Kierownicy Jednostek<\/li>\n<\/ul>\n                                        <\/div>\n\t\t\t\t\t\t                                <\/div>\n\t\t\t\t                <div class=\"mn-content-block\">\n\t                                <\/div>\n\t\t\t\t                <div class=\"mn-content-block\">\n\t                                <\/div>\n\t\t\t\t                <div class=\"mn-content-block\">\n\t                                <\/div>\n\t\t\t\t                <div class=\"mn-content-block\">\n\t                                <\/div>\n\t\t\t\t                <div class=\"mn-content-block\">\n\t                                <\/div>\n\t\t\t\t                <div class=\"mn-content-block\">\n\t                                <\/div>\n\t\t\t\t                <div class=\"mn-content-block\">\n\t                                <\/div>\n\t\t\t\t                <div class=\"mn-content-block\">\n\t                                <\/div>\n\t\t\t\t                <div class=\"mn-content-block\">\n\t                                <\/div>\n\t\t\t\t                <div class=\"mn-content-block\">\n\t                                <\/div>\n\t\t\t\t                <div class=\"mn-content-block\">\n\t                                <\/div>\n\t\t\t\t                <div class=\"mn-content-block\">\n\t                                <\/div>\n\t\t\t\t                <div class=\"mn-content-block\">\n\t                                <\/div>\n\t\t\t\t                <div class=\"mn-content-block\">\n\t                                <\/div>\n\t\t\t\t                <div class=\"mn-content-block\">\n\t                                <\/div>\n\t\t\t\t                <div class=\"mn-content-block\">\n\t                                <\/div>\n\t\t\t\t                <div class=\"mn-content-block\">\n\t                                <\/div>\n\t\t\t\t                <div class=\"mn-content-block\">\n\t                                <\/div>\n\t\t\t\t                <div class=\"mn-content-block\">\n\t                                <\/div>\n\t\t\t\t\t\t<\/div>\n\t<\/div>\n<\/section>\n\t\t<\/div>\n\t\t\t\t<\/div>\n\t\t\t\t\t\t<\/div>\n\t\t\t\t\t<\/div>\n\t\t<\/div>\n\t\t\t\t\t\t\t\t<\/div>\n\t\t\t\t\t<\/div>\n\t\t<\/section>\n\t\t\t\t\t\t<\/div>\n\t\t\t\t\t\t<\/div>\n\t\t\t\t\t<\/div>\n\t\t","protected":false},"excerpt":{"rendered":"<p>Wydzia\u0142 Agrobioin\u017cynierii Komisje wydzia\u0142owe UP Wydzia\u0142 Agrobioin\u017cynierii I. Komisja ds. Kadr Naukowych Dr hab. Aleksandra G\u0142owacka prof. uczelni \u2013 przewodnicz\u0105ca Dr hab. Agata \u015awi\u0119ci\u0142o prof. uczelni Dr hab. Marzena Brodowska prof. uczelni Dr hab. El\u017cbieta Harasim prof. uczelni Dr hab. Joanna Hawlena prof. uczelni Dr Agnieszka Komor Dr Aneta Kramek II. Komisja ds. Jako\u015bci Kszta\u0142cenia [&hellip;]<\/p>\n","protected":false},"author":2,"featured_media":0,"parent":79,"menu_order":0,"comment_status":"closed","ping_status":"closed","template":"elementor_header_footer","meta":{"_monsterinsights_skip_tracking":false,"_monsterinsights_sitenote_active":false,"_monsterinsights_sitenote_note":"","_monsterinsights_sitenote_category":0},"_links":{"self":[{"href":"https:\/\/up.lublin.pl\/agrobio\/wp-json\/wp\/v2\/pages\/297"}],"collection":[{"href":"https:\/\/up.lublin.pl\/agrobio\/wp-json\/wp\/v2\/pages"}],"about":[{"href":"https:\/\/up.lublin.pl\/agrobio\/wp-json\/wp\/v2\/types\/page"}],"author":[{"embeddable":true,"href":"https:\/\/up.lublin.pl\/agrobio\/wp-json\/wp\/v2\/users\/2"}],"replies":[{"embeddable":true,"href":"https:\/\/up.lublin.pl\/agrobio\/wp-json\/wp\/v2\/comments?post=297"}],"version-history":[{"count":43,"href":"https:\/\/up.lublin.pl\/agrobio\/wp-json\/wp\/v2\/pages\/297\/revisions"}],"predecessor-version":[{"id":159929,"href":"https:\/\/up.lublin.pl\/agrobio\/wp-json\/wp\/v2\/pages\/297\/revisions\/159929"}],"up":[{"embeddable":true,"href":"https:\/\/up.lublin.pl\/agrobio\/wp-json\/wp\/v2\/pages\/79"}],"wp:attachment":[{"href":"https:\/\/up.lublin.pl\/agrobio\/wp-json\/wp\/v2\/media?parent=297"}],"curies":[{"name":"wp","href":"https:\/\/api.w.org\/{rel}","templated":true}]}}