{"id":295,"date":"2020-10-25T16:00:31","date_gmt":"2020-10-25T15:00:31","guid":{"rendered":"https:\/\/nowastrona.up.lublin.plagrobio\/?page_id=295"},"modified":"2025-09-11T09:18:45","modified_gmt":"2025-09-11T07:18:45","slug":"kolegium-wydzialu","status":"publish","type":"page","link":"https:\/\/up.lublin.pl\/agrobio\/wydzial\/kolegium-wydzialu\/","title":{"rendered":"Kolegium wydzia\u0142u"},"content":{"rendered":"\t\t<div data-elementor-type=\"wp-page\" data-elementor-id=\"295\" class=\"elementor elementor-295\" data-elementor-settings=\"[]\">\n\t\t\t\t\t\t<div class=\"elementor-inner\">\n\t\t\t\t\t\t\t<div class=\"elementor-section-wrap\">\n\t\t\t\t\t\t\t<section class=\"elementor-section elementor-top-section elementor-element elementor-element-93e4abc elementor-section-boxed elementor-section-height-default elementor-section-height-default\" data-id=\"93e4abc\" data-element_type=\"section\">\n\t\t\t\t\t\t<div class=\"elementor-container elementor-column-gap-default\">\n\t\t\t\t\t\t\t<div class=\"elementor-row\">\n\t\t\t\t\t<div class=\"elementor-column elementor-col-100 elementor-top-column elementor-element elementor-element-25dce44\" data-id=\"25dce44\" data-element_type=\"column\">\n\t\t\t<div class=\"elementor-column-wrap elementor-element-populated\">\n\t\t\t\t\t\t\t<div class=\"elementor-widget-wrap\">\n\t\t\t\t\t\t<div class=\"elementor-element elementor-element-c6a426a elementor-widget elementor-widget-m2e\" data-id=\"c6a426a\" data-element_type=\"widget\" data-widget_type=\"m2e.default\">\n\t\t\t\t<div class=\"elementor-widget-container\">\n\t\t\t<section class=\"mn-m2-e mn-bg-green\">\n\t<div class=\"mn-grid\">\n\t\t<div class=\"mn-grid-3 mn-introtext\">\n\t\t\t\t\t\t\t<p class=\"mn-header\">Wydzia\u0142 Agrobioin\u017cynierii<\/p>\n\t\t\t\t\t\t\t\t\t\t\t<h3>\n\t\t\t\t\tKolegium Wydzia\u0142u\t\t\t\t<\/h3>\n\t\t\t\t\t\t\t\t\t\t\t\t<\/div>\n\t\t<div class=\"mn-grid-9 mn-image-container\">\n\t\t\t\t\t<\/div>\n\t<\/div>\n\t<\/section>\n\t\t<\/div>\n\t\t\t\t<\/div>\n\t\t\t\t\t\t<\/div>\n\t\t\t\t\t<\/div>\n\t\t<\/div>\n\t\t\t\t\t\t\t\t<\/div>\n\t\t\t\t\t<\/div>\n\t\t<\/section>\n\t\t\t\t<section class=\"elementor-section elementor-top-section elementor-element elementor-element-e08b62b elementor-section-boxed elementor-section-height-default elementor-section-height-default\" data-id=\"e08b62b\" data-element_type=\"section\">\n\t\t\t\t\t\t<div class=\"elementor-container elementor-column-gap-default\">\n\t\t\t\t\t\t\t<div class=\"elementor-row\">\n\t\t\t\t\t<div class=\"elementor-column elementor-col-100 elementor-top-column elementor-element elementor-element-9cba6fe\" data-id=\"9cba6fe\" data-element_type=\"column\">\n\t\t\t<div class=\"elementor-column-wrap elementor-element-populated\">\n\t\t\t\t\t\t\t<div class=\"elementor-widget-wrap\">\n\t\t\t\t\t\t<div class=\"elementor-element elementor-element-a0d6d11 elementor-widget elementor-widget-m5c\" data-id=\"a0d6d11\" data-element_type=\"widget\" data-widget_type=\"m5c.default\">\n\t\t\t\t<div class=\"elementor-widget-container\">\n\t\t\t<section class=\"mn-m5-c mn-m5-d2 mn-bg-white\">\n\t<div class=\"mn-grid\">\n\t\t\t\t<div class=\"mn-content mn-grid-9\">\n\t\t\t                <div class=\"mn-content-block active\">\n\t                                                        <div class=\"block-text\">\n\t                                        <p><strong>Sk\u0142ad osobowy Kolegium Wydzia\u0142u powo\u0142anego na podstawie \u00a7 51 Statutu Uniwersytetu Przyrodniczego w&nbsp;Lublinie<\/strong><\/p>\n<p>Dziekan &#8211; prof. dr hab. Ko\u0142odziej Barbara, <strong>Przewodnicz\u0105ca Kolegium Wydzia\u0142u,<\/strong><\/p>\n<p>Prodziekan \u2013 dr hab. Andruszczak Sylwia, prof. uczelni, <strong>Przewodnicz\u0105ca Rady Dyscypliny Rolnictwo i&nbsp;Ogrodnictwo,<\/strong><\/p>\n<p>Prodziekan \u2013\u00a0 prof. dr hab. Lipi\u0144ska Halina<\/p>\n<p>Rektor &#8211; <span id=\"page3R_mcid5\" class=\"markedContent\"><span dir=\"ltr\" role=\"presentation\">p<\/span><span dir=\"ltr\" role=\"presentation\">rof. dr hab. Krzysztof Kowalczyk<\/span><\/span><\/p>\n<p><strong>Kierownicy Jednostek<\/strong><br \/>dr hab. Eugenia Czernyszewicz, prof. uczelni<\/p>\n<p>dr hab. Aleksandra G\u0142owacka, prof. uczelni<\/p>\n<p>dr hab. Ma\u0142gorzata Haliniarz, prof. uczelni<\/p>\n<p>dr hab. Joanna Hawlena, prof. uczelni<\/p>\n<p>prof. dr hab. Janusz Igras<\/p>\n<p>dr hab. Jolanta Joniec, prof. uczelni<\/p>\n<p>dr hab. Mariusz Kulik, prof. uczelni<\/p>\n<p>dr hab. S\u0142awomir Lig\u0119za, prof. uczelni<\/p>\n<p>dr hab. Anna Nowak, prof. uczelni<\/p>\n<p><strong>Przedstawiciele nauczycieli akademickich zatrudnionych na wydziale<\/strong><br \/>dr hab. Beata Ko\u0142odziej, prof. uczelni<br \/>prof. dr hab. Sylwia Oko\u0144<br \/>dr hab.\u00a0 Monika Skowro\u0144ska, prof. uczelni<br \/><strong>Przedstawiciele pozosta\u0142ych nauczycieli akademickich<\/strong><br \/>dr Dominika Skiba<br \/>dr Sylwia Sowa<br \/>dr Wioletta Wr\u00f3blewska<br \/><strong>Przedstawiciel pracownik\u00f3w nieb\u0119d\u0105cych nauczycielami akademickimi<\/strong><br \/>dr in\u017c. Agnieszka Surmacz-Magdziak<br \/><strong>Przedstawiciele student\u00f3w<\/strong><br \/>Julia Petrzak<br \/>Bart\u0142omiej Dziedzic<br \/>Marta Kuzio\u0142a<br \/><strong>Przedstawiciele zwi\u0105zk\u00f3w zawodowych<\/strong><br \/>dr Anna Kobia\u0142ka \u2013 ZNP<br \/>mgr in\u017c. Machnacz-Rolla Anna \u2013 NSZZ \u201eSolidarno\u015b\u0107\u201d<\/p>\n<p><a href=\"https:\/\/up.lublin.pl\/agrobio\/wp-content\/uploads\/sites\/2\/2025\/09\/Kolegium-Wydzialu-Agrobioinzynierii-zal.-nr-1-do-Z-79-2025-1.pdf\">Kolegium Wydzia\u0142u Agrobioin\u017cynierii zal.-nr-1-do-Z-79-2025-1<\/a><\/p>\n<p>\u00a0<\/p>\n<p>\u00a0<\/p>\n<p>\u00a0<\/p>\n                                        <\/div>\n\t\t\t\t\t\t                                <\/div>\n\t\t\t\t                <div class=\"mn-content-block\">\n\t                                <\/div>\n\t\t\t\t                <div class=\"mn-content-block\">\n\t                                <\/div>\n\t\t\t\t                <div class=\"mn-content-block\">\n\t                                <\/div>\n\t\t\t\t                <div class=\"mn-content-block\">\n\t                                <\/div>\n\t\t\t\t                <div class=\"mn-content-block\">\n\t                                <\/div>\n\t\t\t\t                <div class=\"mn-content-block\">\n\t                                <\/div>\n\t\t\t\t                <div class=\"mn-content-block\">\n\t                                <\/div>\n\t\t\t\t                <div class=\"mn-content-block\">\n\t                                <\/div>\n\t\t\t\t                <div class=\"mn-content-block\">\n\t                                <\/div>\n\t\t\t\t                <div class=\"mn-content-block\">\n\t                                <\/div>\n\t\t\t\t                <div class=\"mn-content-block\">\n\t                                <\/div>\n\t\t\t\t                <div class=\"mn-content-block\">\n\t                                <\/div>\n\t\t\t\t                <div class=\"mn-content-block\">\n\t                                <\/div>\n\t\t\t\t                <div class=\"mn-content-block\">\n\t                                <\/div>\n\t\t\t\t                <div class=\"mn-content-block\">\n\t                                <\/div>\n\t\t\t\t                <div class=\"mn-content-block\">\n\t                                <\/div>\n\t\t\t\t                <div class=\"mn-content-block\">\n\t                                <\/div>\n\t\t\t\t                <div class=\"mn-content-block\">\n\t                                <\/div>\n\t\t\t\t                <div class=\"mn-content-block\">\n\t                                <\/div>\n\t\t\t\t\t\t<\/div>\n\t<\/div>\n<\/section>\n\t\t<\/div>\n\t\t\t\t<\/div>\n\t\t\t\t\t\t<\/div>\n\t\t\t\t\t<\/div>\n\t\t<\/div>\n\t\t\t\t\t\t\t\t<\/div>\n\t\t\t\t\t<\/div>\n\t\t<\/section>\n\t\t\t\t\t\t<\/div>\n\t\t\t\t\t\t<\/div>\n\t\t\t\t\t<\/div>\n\t\t","protected":false},"excerpt":{"rendered":"<p>Wydzia\u0142 Agrobioin\u017cynierii Kolegium Wydzia\u0142u UP Wydzia\u0142 Agrobioin\u017cynierii Sk\u0142ad osobowy Kolegium Wydzia\u0142u powo\u0142anego na podstawie \u00a7 51 Statutu Uniwersytetu Przyrodniczego w&nbsp;Lublinie Dziekan &#8211; prof. dr hab. Ko\u0142odziej Barbara, Przewodnicz\u0105ca Kolegium Wydzia\u0142u, Prodziekan \u2013 dr hab. Andruszczak Sylwia, prof. uczelni, Przewodnicz\u0105ca Rady Dyscypliny Rolnictwo i&nbsp;Ogrodnictwo, Prodziekan \u2013\u00a0 prof. dr hab. Lipi\u0144ska Halina Rektor &#8211; prof. dr hab. [&hellip;]<\/p>\n","protected":false},"author":2,"featured_media":0,"parent":79,"menu_order":0,"comment_status":"closed","ping_status":"closed","template":"elementor_header_footer","meta":{"_monsterinsights_skip_tracking":false,"_monsterinsights_sitenote_active":false,"_monsterinsights_sitenote_note":"","_monsterinsights_sitenote_category":0},"_links":{"self":[{"href":"https:\/\/up.lublin.pl\/agrobio\/wp-json\/wp\/v2\/pages\/295"}],"collection":[{"href":"https:\/\/up.lublin.pl\/agrobio\/wp-json\/wp\/v2\/pages"}],"about":[{"href":"https:\/\/up.lublin.pl\/agrobio\/wp-json\/wp\/v2\/types\/page"}],"author":[{"embeddable":true,"href":"https:\/\/up.lublin.pl\/agrobio\/wp-json\/wp\/v2\/users\/2"}],"replies":[{"embeddable":true,"href":"https:\/\/up.lublin.pl\/agrobio\/wp-json\/wp\/v2\/comments?post=295"}],"version-history":[{"count":38,"href":"https:\/\/up.lublin.pl\/agrobio\/wp-json\/wp\/v2\/pages\/295\/revisions"}],"predecessor-version":[{"id":161927,"href":"https:\/\/up.lublin.pl\/agrobio\/wp-json\/wp\/v2\/pages\/295\/revisions\/161927"}],"up":[{"embeddable":true,"href":"https:\/\/up.lublin.pl\/agrobio\/wp-json\/wp\/v2\/pages\/79"}],"wp:attachment":[{"href":"https:\/\/up.lublin.pl\/agrobio\/wp-json\/wp\/v2\/media?parent=295"}],"curies":[{"name":"wp","href":"https:\/\/api.w.org\/{rel}","templated":true}]}}