{"id":293,"date":"2020-10-25T15:59:57","date_gmt":"2020-10-25T14:59:57","guid":{"rendered":"https:\/\/nowastrona.up.lublin.plagrobio\/?page_id=293"},"modified":"2025-11-27T14:14:38","modified_gmt":"2025-11-27T13:14:38","slug":"wladze","status":"publish","type":"page","link":"https:\/\/up.lublin.pl\/agrobio\/wydzial\/wladze\/","title":{"rendered":"W\u0142adze"},"content":{"rendered":"\t\t<div data-elementor-type=\"wp-page\" data-elementor-id=\"293\" class=\"elementor elementor-293\" data-elementor-settings=\"[]\">\n\t\t\t\t\t\t<div class=\"elementor-inner\">\n\t\t\t\t\t\t\t<div class=\"elementor-section-wrap\">\n\t\t\t\t\t\t\t<section class=\"elementor-section elementor-top-section elementor-element elementor-element-beb9fc9 elementor-section-boxed elementor-section-height-default elementor-section-height-default\" data-id=\"beb9fc9\" data-element_type=\"section\">\n\t\t\t\t\t\t<div class=\"elementor-container elementor-column-gap-default\">\n\t\t\t\t\t\t\t<div class=\"elementor-row\">\n\t\t\t\t\t<div class=\"elementor-column elementor-col-100 elementor-top-column elementor-element elementor-element-50840a0\" data-id=\"50840a0\" data-element_type=\"column\">\n\t\t\t<div class=\"elementor-column-wrap elementor-element-populated\">\n\t\t\t\t\t\t\t<div class=\"elementor-widget-wrap\">\n\t\t\t\t\t\t<div class=\"elementor-element elementor-element-cab5e1d elementor-widget elementor-widget-m2e\" data-id=\"cab5e1d\" data-element_type=\"widget\" data-widget_type=\"m2e.default\">\n\t\t\t\t<div class=\"elementor-widget-container\">\n\t\t\t<section class=\"mn-m2-e mn-bg-green\">\n\t<div class=\"mn-grid\">\n\t\t<div class=\"mn-grid-3 mn-introtext\">\n\t\t\t\t\t\t\t<p class=\"mn-header\">Wydzia\u0142 Agrobioin\u017cynierii<\/p>\n\t\t\t\t\t\t\t\t\t\t\t<h3>\n\t\t\t\t\tW\u0142adze\t\t\t\t<\/h3>\n\t\t\t\t\t\t\t\t\t\t\t\t<\/div>\n\t\t<div class=\"mn-grid-9 mn-image-container\">\n\t\t\t\t\t<\/div>\n\t<\/div>\n\t<\/section>\n\t\t<\/div>\n\t\t\t\t<\/div>\n\t\t\t\t\t\t<\/div>\n\t\t\t\t\t<\/div>\n\t\t<\/div>\n\t\t\t\t\t\t\t\t<\/div>\n\t\t\t\t\t<\/div>\n\t\t<\/section>\n\t\t\t\t<section class=\"elementor-section elementor-top-section elementor-element elementor-element-6e685e0 elementor-section-boxed elementor-section-height-default elementor-section-height-default\" data-id=\"6e685e0\" data-element_type=\"section\">\n\t\t\t\t\t\t<div class=\"elementor-container elementor-column-gap-default\">\n\t\t\t\t\t\t\t<div class=\"elementor-row\">\n\t\t\t\t\t<div class=\"elementor-column elementor-col-100 elementor-top-column elementor-element elementor-element-20f01a2\" data-id=\"20f01a2\" data-element_type=\"column\">\n\t\t\t<div class=\"elementor-column-wrap elementor-element-populated\">\n\t\t\t\t\t\t\t<div class=\"elementor-widget-wrap\">\n\t\t\t\t\t\t<div class=\"elementor-element elementor-element-ab44ab2 elementor-widget elementor-widget-m5e\" data-id=\"ab44ab2\" data-element_type=\"widget\" data-widget_type=\"m5e.default\">\n\t\t\t\t<div class=\"elementor-widget-container\">\n\t\t\t<section class=\"mn-m5-e mn-bg-white\">\r\n\t<div class=\"mn-grid\">\r\n\t\t\t\t\t<div class=\"mn-img mn-grid-6\">\r\n\t\t\t\t\t\t\t\t\t<img src=\"https:\/\/up.lublin.pl\/agrobio\/wp-content\/uploads\/sites\/2\/2025\/02\/prof_kolodziej.png\" alt=\"\">\r\n\t\t\t\t\t\t\t\t<\/div>\r\n\t\t\t\t\t<div class=\"mn-content mn-grid-6\">\r\n\t\t\t<h1 style=\"text-align: left;\">Dziekan:<\/h1>\n<h1 style=\"text-align: left;\">prof. dr hab. Barbara Ko\u0142odziej<\/h1>\n<p>e-mail: <a href=\"mailto:barbara.kolodziej@up.edu.pl\">barbara.kolodziej@up.edu.pl<\/a><br \/>tel. +48 81 445 66 79<br \/>Rektorat pok\u00f3j 371<\/p>\n<p><strong>Konsultacje:<\/strong><br \/>wtorek w&nbsp;godz. 9.00-11.00<\/p>\n<p><strong>Skargi i&nbsp;wnioski:<br \/><\/strong>\u015broda w&nbsp;godz. 9.00-11.00<\/p>\n\t\t<\/div>\r\n\t\t\t<\/div>\r\n<\/section>\r\n\t\t<\/div>\n\t\t\t\t<\/div>\n\t\t\t\t\t\t<\/div>\n\t\t\t\t\t<\/div>\n\t\t<\/div>\n\t\t\t\t\t\t\t\t<\/div>\n\t\t\t\t\t<\/div>\n\t\t<\/section>\n\t\t\t\t<section class=\"elementor-section elementor-top-section elementor-element elementor-element-a229165 elementor-section-boxed elementor-section-height-default elementor-section-height-default\" data-id=\"a229165\" data-element_type=\"section\">\n\t\t\t\t\t\t<div class=\"elementor-container elementor-column-gap-default\">\n\t\t\t\t\t\t\t<div class=\"elementor-row\">\n\t\t\t\t\t<div class=\"elementor-column elementor-col-100 elementor-top-column elementor-element elementor-element-5c17488\" data-id=\"5c17488\" data-element_type=\"column\">\n\t\t\t<div class=\"elementor-column-wrap elementor-element-populated\">\n\t\t\t\t\t\t\t<div class=\"elementor-widget-wrap\">\n\t\t\t\t\t\t<div class=\"elementor-element elementor-element-c8f35e2 elementor-widget elementor-widget-m5e\" data-id=\"c8f35e2\" data-element_type=\"widget\" data-widget_type=\"m5e.default\">\n\t\t\t\t<div class=\"elementor-widget-container\">\n\t\t\t<section class=\"mn-m5-e mn-bg-white\">\r\n\t<div class=\"mn-grid\">\r\n\t\t\t\t<div class=\"mn-content mn-grid-6\">\r\n\t\t\t<h1>Prodziekan:<\/h1>\n<h1>dr hab. Sylwia Andruszczak, prof. uczelni<\/h1>\n<p>e-mail: <a href=\"mailto:sylwia.andruszczak@up.edu.pl\">sylwia.andruszczak@up.edu.pl<\/a><br \/>tel. +48 81 445 65 16<br \/>Rektorat pok\u00f3j 370<\/p>\n<p><strong>Konsultacje:<\/strong><br \/>wtorek w&nbsp;godz. 12.00-14.00<br \/>\u015broda w&nbsp;godz. 10.00-12.00<\/p>\n<p><em><strong>ds. studenckich kierunku Agrole\u015bnictwo<\/strong><\/em><\/p>\n<p><em><strong>ds. studenckich kierunku Bioin\u017cynieria<\/strong><\/em><\/p>\n<p><em><strong>ds. studenckich kierunku Le\u015bnictwo<\/strong><\/em><\/p>\n<p><em><strong>\u00a0<\/strong><\/em><\/p>\n\t\t<\/div>\r\n\t\t\t\t\t<div class=\"mn-img mn-grid-6\">\r\n\t\t\t\t\t\t\t\t\t<img src=\"https:\/\/up.lublin.pl\/agrobio\/wp-content\/uploads\/sites\/2\/2025\/02\/prof_andruszczak.png\" alt=\"\">\r\n\t\t\t\t\t\t\t\t<\/div>\r\n\t\t\t\t<\/div>\r\n<\/section>\r\n\t\t<\/div>\n\t\t\t\t<\/div>\n\t\t\t\t<div class=\"elementor-element elementor-element-ee6a4a0 elementor-widget elementor-widget-m5e\" data-id=\"ee6a4a0\" data-element_type=\"widget\" data-widget_type=\"m5e.default\">\n\t\t\t\t<div class=\"elementor-widget-container\">\n\t\t\t<section class=\"mn-m5-e mn-bg-white\">\r\n\t<div class=\"mn-grid\">\r\n\t\t\t\t\t<div class=\"mn-img mn-grid-6\">\r\n\t\t\t\t\t\t\t\t\t<img src=\"https:\/\/up.lublin.pl\/agrobio\/wp-content\/uploads\/sites\/2\/2025\/02\/prof_lipinska.png\" alt=\"\">\r\n\t\t\t\t\t\t\t\t<\/div>\r\n\t\t\t\t\t<div class=\"mn-content mn-grid-6\">\r\n\t\t\t<h1>Prodziekan:<\/h1>\n<h1>Prof. dr hab. Halina Lipi\u0144ska<\/h1>\n<p>e-mail: <a href=\"mailto:halina.lipinska@up.edu.pl\">halina.lipinska@up.edu.pl<\/a><br \/>tel. +48 81 445 60 90<br \/>Rektorat pok\u00f3j 373<\/p>\n<p><strong>Konsultacje:<\/strong><br \/>wtorek w&nbsp;godz. 9.00-11.00<br \/>czwartek w&nbsp;godz. 9.00-11.00<\/p>\n<p><em><strong>ds. studenckich kierunku Agrobiznes<\/strong><\/em><\/p>\n<p><em><strong>ds. studenckich kierunku Ekonomia<\/strong><\/em><\/p>\n<p><em><strong>ds. studenckich kierunku Gospodarka przestrzenna<\/strong><\/em><\/p>\n<p><em><strong>ds. studenckich kierunku Rolnictwo<\/strong><\/em><\/p>\n<p><em><strong>ds. studenckich kierunku Turystyka i&nbsp;rekreacja<\/strong><\/em><\/p>\n\t\t<\/div>\r\n\t\t\t<\/div>\r\n<\/section>\r\n\t\t<\/div>\n\t\t\t\t<\/div>\n\t\t\t\t\t\t<\/div>\n\t\t\t\t\t<\/div>\n\t\t<\/div>\n\t\t\t\t\t\t\t\t<\/div>\n\t\t\t\t\t<\/div>\n\t\t<\/section>\n\t\t\t\t\t\t<\/div>\n\t\t\t\t\t\t<\/div>\n\t\t\t\t\t<\/div>\n\t\t","protected":false},"excerpt":{"rendered":"<p>Wydzia\u0142 Agrobioin\u017cynierii W\u0142adze UP Wydzia\u0142 Agrobioin\u017cynierii Dziekan: prof. dr hab. Barbara Ko\u0142odziej e-mail: barbara.kolodziej@up.edu.pltel. +48 81 445 66 79Rektorat pok\u00f3j 371 Konsultacje:wtorek w&nbsp;godz. 9.00-11.00 Skargi i&nbsp;wnioski:\u015broda w&nbsp;godz. 9.00-11.00 Prodziekan: dr hab. Sylwia Andruszczak, prof. uczelni e-mail: sylwia.andruszczak@up.edu.pltel. +48 81 445 65 16Rektorat pok\u00f3j 370 Konsultacje:wtorek w&nbsp;godz. 12.00-14.00\u015broda w&nbsp;godz. 10.00-12.00 ds. studenckich kierunku Agrole\u015bnictwo ds. studenckich [&hellip;]<\/p>\n","protected":false},"author":2,"featured_media":0,"parent":79,"menu_order":0,"comment_status":"closed","ping_status":"closed","template":"elementor_header_footer","meta":{"_monsterinsights_skip_tracking":false,"_monsterinsights_sitenote_active":false,"_monsterinsights_sitenote_note":"","_monsterinsights_sitenote_category":0},"_links":{"self":[{"href":"https:\/\/up.lublin.pl\/agrobio\/wp-json\/wp\/v2\/pages\/293"}],"collection":[{"href":"https:\/\/up.lublin.pl\/agrobio\/wp-json\/wp\/v2\/pages"}],"about":[{"href":"https:\/\/up.lublin.pl\/agrobio\/wp-json\/wp\/v2\/types\/page"}],"author":[{"embeddable":true,"href":"https:\/\/up.lublin.pl\/agrobio\/wp-json\/wp\/v2\/users\/2"}],"replies":[{"embeddable":true,"href":"https:\/\/up.lublin.pl\/agrobio\/wp-json\/wp\/v2\/comments?post=293"}],"version-history":[{"count":172,"href":"https:\/\/up.lublin.pl\/agrobio\/wp-json\/wp\/v2\/pages\/293\/revisions"}],"predecessor-version":[{"id":163192,"href":"https:\/\/up.lublin.pl\/agrobio\/wp-json\/wp\/v2\/pages\/293\/revisions\/163192"}],"up":[{"embeddable":true,"href":"https:\/\/up.lublin.pl\/agrobio\/wp-json\/wp\/v2\/pages\/79"}],"wp:attachment":[{"href":"https:\/\/up.lublin.pl\/agrobio\/wp-json\/wp\/v2\/media?parent=293"}],"curies":[{"name":"wp","href":"https:\/\/api.w.org\/{rel}","templated":true}]}}