{"id":286,"date":"2020-10-25T15:48:11","date_gmt":"2020-10-25T14:48:11","guid":{"rendered":"https:\/\/nowastrona.up.lublin.plagrobio\/?page_id=286"},"modified":"2025-11-27T10:48:56","modified_gmt":"2025-11-27T09:48:56","slug":"dziekanat","status":"publish","type":"page","link":"https:\/\/up.lublin.pl\/agrobio\/dziekanat\/","title":{"rendered":"Dziekanat Wydzia\u0142u Agrobioin\u017cynierii"},"content":{"rendered":"\t\t<div data-elementor-type=\"wp-page\" data-elementor-id=\"286\" class=\"elementor elementor-286\" data-elementor-settings=\"[]\">\n\t\t\t\t\t\t<div class=\"elementor-inner\">\n\t\t\t\t\t\t\t<div class=\"elementor-section-wrap\">\n\t\t\t\t\t\t\t<section class=\"elementor-section elementor-top-section elementor-element elementor-element-8ff3b96 elementor-section-boxed elementor-section-height-default elementor-section-height-default\" data-id=\"8ff3b96\" data-element_type=\"section\">\n\t\t\t\t\t\t<div class=\"elementor-container elementor-column-gap-default\">\n\t\t\t\t\t\t\t<div class=\"elementor-row\">\n\t\t\t\t\t<div class=\"elementor-column elementor-col-100 elementor-top-column elementor-element elementor-element-3be63a0\" data-id=\"3be63a0\" data-element_type=\"column\">\n\t\t\t<div class=\"elementor-column-wrap elementor-element-populated\">\n\t\t\t\t\t\t\t<div class=\"elementor-widget-wrap\">\n\t\t\t\t\t\t<div class=\"elementor-element elementor-element-0179896 elementor-widget elementor-widget-m2d\" data-id=\"0179896\" data-element_type=\"widget\" data-widget_type=\"m2d.default\">\n\t\t\t\t<div class=\"elementor-widget-container\">\n\t\t\t<section class=\"mn-m2-d mn-bg-green\">\r\n\t<div class=\"mn-grid\">\r\n\t\t<div class=\"mn-grid-3 mn-introtext\">\r\n\t\t\t\t\t\t\t<h3>\r\n\t\t\t\t\tDziekanat Wydzia\u0142u Agrobioin\u017cynierii\t\t\t\t<\/h3>\r\n\t\t\t\t\t\t<\/div>\r\n\t\t\t            <div class=\"mn-grid-9 mn-image-container\">\r\n\t\t\t\t<img src=\"https:\/\/up.lublin.pl\/agrobio\/wp-content\/uploads\/sites\/2\/2020\/10\/agrobio-2.jpg\" alt=\"\">\r\n            <\/div>\r\n\t\t\t\t                            <div class=\"mn-grid-3 mn-m2d-baner-btn\">\r\n                        <a href=\"https:\/\/wd.up.lublin.pl\/\" class=\"mn-slider-btn\" style=\"margin-left: 5px;\">\r\n                            Wirtualny dziekanat                        <\/a>\r\n                    <\/div>\r\n                \r\n\r\n\t<\/div>\r\n\t<\/section>\r\n\t\t<\/div>\n\t\t\t\t<\/div>\n\t\t\t\t\t\t<\/div>\n\t\t\t\t\t<\/div>\n\t\t<\/div>\n\t\t\t\t\t\t\t\t<\/div>\n\t\t\t\t\t<\/div>\n\t\t<\/section>\n\t\t\t\t<section class=\"elementor-section elementor-top-section elementor-element elementor-element-8377059 elementor-section-boxed elementor-section-height-default elementor-section-height-default\" data-id=\"8377059\" data-element_type=\"section\">\n\t\t\t\t\t\t<div class=\"elementor-container elementor-column-gap-default\">\n\t\t\t\t\t\t\t<div class=\"elementor-row\">\n\t\t\t\t\t<div class=\"elementor-column elementor-col-100 elementor-top-column elementor-element elementor-element-85cc086\" data-id=\"85cc086\" data-element_type=\"column\">\n\t\t\t<div class=\"elementor-column-wrap elementor-element-populated\">\n\t\t\t\t\t\t\t<div class=\"elementor-widget-wrap\">\n\t\t\t\t\t\t<div class=\"elementor-element elementor-element-483f0cf elementor-widget elementor-widget-m5c\" data-id=\"483f0cf\" data-element_type=\"widget\" data-widget_type=\"m5c.default\">\n\t\t\t\t<div class=\"elementor-widget-container\">\n\t\t\t<section class=\"mn-m5-c mn-m5-d2 mn-bg-white\">\n\t<div class=\"mn-grid\">\n\t\t\t\t<div class=\"mn-content mn-grid-9\">\n\t\t\t                <div class=\"mn-content-block active\">\n\t                                                        <div class=\"block-text\">\n\t                                        <p><strong>Dziekanat czynny dla student\u00f3w:<\/strong><\/p>\n<p>poniedzia\u0142ek, wtorek, czwartek, pi\u0105tek w&nbsp;godz.: <strong>11.00-14.00<\/strong><\/p>\n<p>sobota dla student\u00f3w studi\u00f3w niestacjonarnych podczas zjazd\u00f3w i&nbsp;sesji egzaminacyjnej w&nbsp;godz.: 9.00-13.00<\/p>\n<p>\u015broda \u2013 Dziekanat nieczynny dla student\u00f3w<\/p>\n<p>e-mail: dziekanat.agbioinz@up.edu.pl<br \/>ul. Akademicka 13<br \/>20-950 Lublin<\/p>\n                                        <\/div>\n\t\t\t\t\t\t                                                        <ul class=\"mn-accordion\">\n                                            <li>\n                                                <h4 class=\"mn-accordion-title\">Koordynator Dziekanatu<\/h4>\n                                                <div>\n\t\t\t\t\t\t\t\t\t                <p><strong>Koordynator Dziekanatu:<\/strong><\/p>\n<p><em><strong>mgr in\u017c. Maria Kr\u00f3l<\/strong><\/em><\/p>\n<p>pok\u00f3j 368, tel.\/fax (081) 445 68 06<br \/>e-mail: maria.krol@up.lublin.pl<\/p>\n                                                <\/div>\n                                            <\/li>\n                                        <\/ul>\n\t\t\t\t\t\t                                                        <ul class=\"mn-accordion\">\n                                            <li>\n                                                <h4 class=\"mn-accordion-title\">Obs\u0142uga student\u00f3w<\/h4>\n                                                <div>\n\t\t\t\t\t\t\t\t\t                <p><strong>Obs\u0142ug student\u00f3w:<\/strong><\/p>\n<p><strong>mgr in\u017c. Marzena Gorzkowska<\/strong><\/p>\n<p><strong>&#8211; <em>Bioin\u017cynieria<\/em><\/strong><strong><em><br \/><\/em><\/strong><strong><em>&#8211; Le\u015bnictwo\u00a0<\/em><\/strong><\/p>\n<p>tel.: 81 445-65-02\u00a0\u00a0 pok\u00f3j 369<br \/>e-mail: marzena.gorzkowska@up.edu.pl<\/p>\n<p><strong>mgr in\u017c. Agnieszka Kowalik<\/strong><\/p>\n<p><strong><em>&#8211; Agrole\u015bnictwo<br \/><\/em><\/strong><strong><em>&#8211; Ekonomia<br \/><\/em><\/strong><em><strong>&#8211; Turystyka i&nbsp;rekreacja<br \/><\/strong><\/em><\/p>\n<p>tel.: 81 445-69-46\u00a0\u00a0 pok\u00f3j 367<br \/>e-mail: agnieszka.kowalik@up.edu.pl<\/p>\n<p><strong>mgr in\u017c. Maria Kr\u00f3l<\/strong><\/p>\n<p><strong><em>&#8211; Agrobiznes<br \/>&#8211; Gospodarka przestrzenna<br \/><\/em><\/strong><strong><em>&#8211; Rolnictwo<br \/><\/em><\/strong><\/p>\n<p>tel.: 445-68-06\u00a0\u00a0 pok\u00f3j 368<br \/>e-mail: maria.krol@up.edu.pl<\/p>\n                                                <\/div>\n                                            <\/li>\n                                        <\/ul>\n\t\t\t\t\t\t                                <\/div>\n\t\t\t\t                <div class=\"mn-content-block\">\n\t                                <\/div>\n\t\t\t\t                <div class=\"mn-content-block\">\n\t                                <\/div>\n\t\t\t\t                <div class=\"mn-content-block\">\n\t                                <\/div>\n\t\t\t\t                <div class=\"mn-content-block\">\n\t                                <\/div>\n\t\t\t\t                <div class=\"mn-content-block\">\n\t                                <\/div>\n\t\t\t\t                <div class=\"mn-content-block\">\n\t                                <\/div>\n\t\t\t\t                <div class=\"mn-content-block\">\n\t                                <\/div>\n\t\t\t\t                <div class=\"mn-content-block\">\n\t                                <\/div>\n\t\t\t\t                <div class=\"mn-content-block\">\n\t                                <\/div>\n\t\t\t\t                <div class=\"mn-content-block\">\n\t                                <\/div>\n\t\t\t\t                <div class=\"mn-content-block\">\n\t                                <\/div>\n\t\t\t\t                <div class=\"mn-content-block\">\n\t                                <\/div>\n\t\t\t\t                <div class=\"mn-content-block\">\n\t                                <\/div>\n\t\t\t\t                <div class=\"mn-content-block\">\n\t                                <\/div>\n\t\t\t\t                <div class=\"mn-content-block\">\n\t                                <\/div>\n\t\t\t\t                <div class=\"mn-content-block\">\n\t                                <\/div>\n\t\t\t\t                <div class=\"mn-content-block\">\n\t                                <\/div>\n\t\t\t\t                <div class=\"mn-content-block\">\n\t                                <\/div>\n\t\t\t\t                <div class=\"mn-content-block\">\n\t                                <\/div>\n\t\t\t\t\t\t<\/div>\n\t<\/div>\n<\/section>\n\t\t<\/div>\n\t\t\t\t<\/div>\n\t\t\t\t\t\t<\/div>\n\t\t\t\t\t<\/div>\n\t\t<\/div>\n\t\t\t\t\t\t\t\t<\/div>\n\t\t\t\t\t<\/div>\n\t\t<\/section>\n\t\t\t\t\t\t<\/div>\n\t\t\t\t\t\t<\/div>\n\t\t\t\t\t<\/div>\n\t\t","protected":false},"excerpt":{"rendered":"<p>Dziekanat Wydzia\u0142u Agrobioin\u017cynierii Wirtualny dziekanat UP Wydzia\u0142 Agrobioin\u017cynierii Dziekanat czynny dla student\u00f3w: poniedzia\u0142ek, wtorek, czwartek, pi\u0105tek w&nbsp;godz.: 11.00-14.00 sobota dla student\u00f3w studi\u00f3w niestacjonarnych podczas zjazd\u00f3w i&nbsp;sesji egzaminacyjnej w&nbsp;godz.: 9.00-13.00 \u015broda \u2013 Dziekanat nieczynny dla student\u00f3w e-mail: dziekanat.agbioinz@up.edu.plul. Akademicka 1320-950 Lublin Koordynator Dziekanatu Koordynator Dziekanatu: mgr in\u017c. Maria Kr\u00f3l pok\u00f3j 368, tel.\/fax (081) 445 68 06e-mail: [&hellip;]<\/p>\n","protected":false},"author":2,"featured_media":0,"parent":0,"menu_order":0,"comment_status":"closed","ping_status":"closed","template":"elementor_header_footer","meta":{"_monsterinsights_skip_tracking":false,"_monsterinsights_sitenote_active":false,"_monsterinsights_sitenote_note":"","_monsterinsights_sitenote_category":0},"_links":{"self":[{"href":"https:\/\/up.lublin.pl\/agrobio\/wp-json\/wp\/v2\/pages\/286"}],"collection":[{"href":"https:\/\/up.lublin.pl\/agrobio\/wp-json\/wp\/v2\/pages"}],"about":[{"href":"https:\/\/up.lublin.pl\/agrobio\/wp-json\/wp\/v2\/types\/page"}],"author":[{"embeddable":true,"href":"https:\/\/up.lublin.pl\/agrobio\/wp-json\/wp\/v2\/users\/2"}],"replies":[{"embeddable":true,"href":"https:\/\/up.lublin.pl\/agrobio\/wp-json\/wp\/v2\/comments?post=286"}],"version-history":[{"count":72,"href":"https:\/\/up.lublin.pl\/agrobio\/wp-json\/wp\/v2\/pages\/286\/revisions"}],"predecessor-version":[{"id":163179,"href":"https:\/\/up.lublin.pl\/agrobio\/wp-json\/wp\/v2\/pages\/286\/revisions\/163179"}],"wp:attachment":[{"href":"https:\/\/up.lublin.pl\/agrobio\/wp-json\/wp\/v2\/media?parent=286"}],"curies":[{"name":"wp","href":"https:\/\/api.w.org\/{rel}","templated":true}]}}