{"id":1791,"date":"2021-02-05T10:07:45","date_gmt":"2021-02-05T09:07:45","guid":{"rendered":"https:\/\/nowastrona.up.lublin.plagrobio\/?page_id=1791"},"modified":"2024-02-07T14:26:59","modified_gmt":"2024-02-07T13:26:59","slug":"studenckie-kolo-naukowe-turystyczno-krajoznawcze","status":"publish","type":"page","link":"https:\/\/up.lublin.pl\/agrobio\/studenckie-kolo-naukowe-turystyczno-krajoznawcze\/","title":{"rendered":"Studenckie Ko\u0142o Naukowe Turystyczno-Krajoznawcze"},"content":{"rendered":"\t\t<div data-elementor-type=\"wp-page\" data-elementor-id=\"1791\" class=\"elementor elementor-1791\" data-elementor-settings=\"[]\">\n\t\t\t\t\t\t<div class=\"elementor-inner\">\n\t\t\t\t\t\t\t<div class=\"elementor-section-wrap\">\n\t\t\t\t\t\t\t<section class=\"elementor-section elementor-top-section elementor-element elementor-element-6fd41d0 elementor-section-boxed elementor-section-height-default elementor-section-height-default\" data-id=\"6fd41d0\" data-element_type=\"section\">\n\t\t\t\t\t\t<div class=\"elementor-container elementor-column-gap-default\">\n\t\t\t\t\t\t\t<div class=\"elementor-row\">\n\t\t\t\t\t<div class=\"elementor-column elementor-col-100 elementor-top-column elementor-element elementor-element-17619d8\" data-id=\"17619d8\" data-element_type=\"column\">\n\t\t\t<div class=\"elementor-column-wrap elementor-element-populated\">\n\t\t\t\t\t\t\t<div class=\"elementor-widget-wrap\">\n\t\t\t\t\t\t<div class=\"elementor-element elementor-element-281a43d elementor-widget elementor-widget-m5c\" data-id=\"281a43d\" data-element_type=\"widget\" data-widget_type=\"m5c.default\">\n\t\t\t\t<div class=\"elementor-widget-container\">\n\t\t\t<section class=\"mn-m5-c mn-m5-d2 mn-bg-white\">\n\t<div class=\"mn-grid\">\n\t\t\t\t<div class=\"mn-content mn-grid-9\">\n\t\t\t                <div class=\"mn-content-block active\">\n\t                                                        <div class=\"block-text\">\n\t                                        <p><img loading=\"lazy\" class=\"aligncenter size-full wp-image-1793\" src=\"http:\/\/nowastrona.up.lublin.pl\/agrobio\/wp-content\/uploads\/sites\/2\/2021\/02\/kolo_naukowe_turyst.jpg\" alt=\"\" width=\"150\" height=\"151\" \/><\/p>\n<p>Studenckie Ko\u0142o Naukowe Turystyczno-Krajoznawcze powsta\u0142o w\u00a02006 roku. Pierwszym opiekunem ko\u0142a by\u0142 prof. dr hab. Bogus\u0142aw Sawicki, kierownik Katedry Turystyki i\u00a0Rekreacji. Obecnie jest nim dr Agata Koby\u0142ka.<\/p>\n<p>Dzia\u0142alno\u015b\u0107 ko\u0142a skupia si\u0119 na odkrywaniu nowego spojrzenia na turystyk\u0119. W\u00a0wyznaczonych ju\u017c punktach turystycznych, dostrzegamy to o\u00a0czym \u201ePrawdziwy turysta\u201d powinien pami\u0119ta\u0107 i\u00a0o wiele wi\u0119cej \u2026<\/p>\n<p>Sta\u0142ym przedmiotem naszej dzia\u0142alno\u015bci jest organizowanie wyjazd\u00f3w, dalekich i&nbsp;bliskich. Mamy na swoim koncie m.in.: wypraw\u0119 na Krym, do Chorwacji, rejs Darem M\u0142odzie\u017cy do K\u0142ajpedy, sp\u0142ywy kajakowe, wyjazdy do Zwierzy\u0144ca, Krasnobrodu, Janowca, Kazimierza Dolnego, na Polesie, a&nbsp;w planach wiele dalszych i&nbsp;bli\u017cszych podr\u00f3\u017cy do r\u00f3\u017cnych zak\u0105tk\u00f3w Polski i&nbsp;\u015bwiata.<\/p>\n<p>Zorganizowali\u015bmy tak\u017ce Minitargi Agroturystyczne. Bierzemy czynny udzia\u0142 w\u00a0konferencjach, r\u00f3\u017cnych spotkaniach i\u00a0imprezach kulturalnych.<\/p>\n<p><strong>Zach\u0119camy do wsp\u00f3\u0142pracy i&nbsp;odwiedzenia naszych profili w&nbsp;mediach spo\u0142eczno\u015bciowych<\/strong>:<\/p>\n                                        <\/div>\n\t\t\t\t\t\t                                                        <div class=\"mn-cards-list\">\n                                            <div class=\"mn-card-container\">\n                                                <div>\n                                                    <img src=\"https:\/\/up.lublin.pl\/agrobio\/wp-content\/themes\/up-lublin\/assets\/images\/doc-ico.svg\" alt=\"\" \/>\n                                                    <h5>Studenckie Ko\u0142o Naukowe Turystyczno-Krajoznawcze na Facebooku<\/h5>\n                                                <\/div>\n                                                <a href=\"https:\/\/www.facebook.com\/profile.php?id=61554765476342&locale=pl_PL\" class=\"mn-more\" target=\"_blank\">Zobacz<\/a>\n                                            <\/div>\n                                        <\/div>\n\t\t\t\t\t\t                                                        <div class=\"mn-cards-list\">\n                                            <div class=\"mn-card-container\">\n                                                <div>\n                                                    <img src=\"https:\/\/up.lublin.pl\/agrobio\/wp-content\/themes\/up-lublin\/assets\/images\/doc-ico.svg\" alt=\"\" \/>\n                                                    <h5>Studenckie Ko\u0142o Naukowe Turystyczno-Krajoznawcze na Instagramie<\/h5>\n                                                <\/div>\n                                                <a href=\"https:\/\/www.instagram.com\/skntk_uplublin?fbclid=IwAR3v0FhzCc3tz0W8L2qXX_cStNuxULGRu0bFykPJfPRJ384dAe3GjYGobjg\" class=\"mn-more\" target=\"_blank\">Zobacz<\/a>\n                                            <\/div>\n                                        <\/div>\n\t\t\t\t\t\t                                                        <div class=\"block-text\">\n\t                                        <p><strong>Kontakt:<\/strong><br \/>email:\u00a0agata.kobylka@up.lublin.pl<\/p>\n                                        <\/div>\n\t\t\t\t\t\t                                <\/div>\n\t\t\t\t                <div class=\"mn-content-block\">\n\t                                <\/div>\n\t\t\t\t                <div class=\"mn-content-block\">\n\t                                <\/div>\n\t\t\t\t                <div class=\"mn-content-block\">\n\t                                <\/div>\n\t\t\t\t                <div class=\"mn-content-block\">\n\t                                <\/div>\n\t\t\t\t                <div class=\"mn-content-block\">\n\t                                <\/div>\n\t\t\t\t                <div class=\"mn-content-block\">\n\t                                <\/div>\n\t\t\t\t                <div class=\"mn-content-block\">\n\t                                <\/div>\n\t\t\t\t                <div class=\"mn-content-block\">\n\t                                <\/div>\n\t\t\t\t                <div class=\"mn-content-block\">\n\t                                <\/div>\n\t\t\t\t                <div class=\"mn-content-block\">\n\t                                <\/div>\n\t\t\t\t                <div class=\"mn-content-block\">\n\t                                <\/div>\n\t\t\t\t                <div class=\"mn-content-block\">\n\t                                <\/div>\n\t\t\t\t                <div class=\"mn-content-block\">\n\t                                <\/div>\n\t\t\t\t                <div class=\"mn-content-block\">\n\t                                <\/div>\n\t\t\t\t                <div class=\"mn-content-block\">\n\t                                <\/div>\n\t\t\t\t                <div class=\"mn-content-block\">\n\t                                <\/div>\n\t\t\t\t                <div class=\"mn-content-block\">\n\t                                <\/div>\n\t\t\t\t                <div class=\"mn-content-block\">\n\t                                <\/div>\n\t\t\t\t                <div class=\"mn-content-block\">\n\t                                <\/div>\n\t\t\t\t\t\t<\/div>\n\t<\/div>\n<\/section>\n\t\t<\/div>\n\t\t\t\t<\/div>\n\t\t\t\t\t\t<\/div>\n\t\t\t\t\t<\/div>\n\t\t<\/div>\n\t\t\t\t\t\t\t\t<\/div>\n\t\t\t\t\t<\/div>\n\t\t<\/section>\n\t\t\t\t\t\t<\/div>\n\t\t\t\t\t\t<\/div>\n\t\t\t\t\t<\/div>\n\t\t","protected":false},"excerpt":{"rendered":"<p>Studenckie Ko\u0142o Naukowe Turystyczno-Krajoznawcze powsta\u0142o w\u00a02006 roku. Pierwszym opiekunem ko\u0142a by\u0142 prof. dr hab. Bogus\u0142aw Sawicki, kierownik Katedry Turystyki i\u00a0Rekreacji. Obecnie jest nim dr Agata Koby\u0142ka. Dzia\u0142alno\u015b\u0107 ko\u0142a skupia si\u0119 na odkrywaniu nowego spojrzenia na turystyk\u0119. W\u00a0wyznaczonych ju\u017c punktach turystycznych, dostrzegamy to o\u00a0czym \u201ePrawdziwy turysta\u201d powinien pami\u0119ta\u0107 i\u00a0o wiele wi\u0119cej \u2026 Sta\u0142ym przedmiotem naszej dzia\u0142alno\u015bci [&hellip;]<\/p>\n","protected":false},"author":2,"featured_media":0,"parent":0,"menu_order":0,"comment_status":"closed","ping_status":"closed","template":"elementor_header_footer","meta":{"_monsterinsights_skip_tracking":false,"_monsterinsights_sitenote_active":false,"_monsterinsights_sitenote_note":"","_monsterinsights_sitenote_category":0},"_links":{"self":[{"href":"https:\/\/up.lublin.pl\/agrobio\/wp-json\/wp\/v2\/pages\/1791"}],"collection":[{"href":"https:\/\/up.lublin.pl\/agrobio\/wp-json\/wp\/v2\/pages"}],"about":[{"href":"https:\/\/up.lublin.pl\/agrobio\/wp-json\/wp\/v2\/types\/page"}],"author":[{"embeddable":true,"href":"https:\/\/up.lublin.pl\/agrobio\/wp-json\/wp\/v2\/users\/2"}],"replies":[{"embeddable":true,"href":"https:\/\/up.lublin.pl\/agrobio\/wp-json\/wp\/v2\/comments?post=1791"}],"version-history":[{"count":7,"href":"https:\/\/up.lublin.pl\/agrobio\/wp-json\/wp\/v2\/pages\/1791\/revisions"}],"predecessor-version":[{"id":155027,"href":"https:\/\/up.lublin.pl\/agrobio\/wp-json\/wp\/v2\/pages\/1791\/revisions\/155027"}],"wp:attachment":[{"href":"https:\/\/up.lublin.pl\/agrobio\/wp-json\/wp\/v2\/media?parent=1791"}],"curies":[{"name":"wp","href":"https:\/\/api.w.org\/{rel}","templated":true}]}}