{"id":157328,"date":"2024-09-12T12:17:07","date_gmt":"2024-09-12T10:17:07","guid":{"rendered":"https:\/\/up.lublin.pl\/agrobio\/?page_id=157328"},"modified":"2024-10-04T13:26:09","modified_gmt":"2024-10-04T11:26:09","slug":"komitet-honorowy","status":"publish","type":"page","link":"https:\/\/up.lublin.pl\/agrobio\/wydzial\/jubileusze\/80jubileusz-agrobio\/komitet-honorowy\/","title":{"rendered":"Komitet Honorowy| Jubileusz 80-lecia Wydzia\u0142u"},"content":{"rendered":"\t\t<div data-elementor-type=\"wp-page\" data-elementor-id=\"157328\" class=\"elementor elementor-157328\" data-elementor-settings=\"[]\">\n\t\t\t\t\t\t<div class=\"elementor-inner\">\n\t\t\t\t\t\t\t<div class=\"elementor-section-wrap\">\n\t\t\t\t\t\t\t<section class=\"elementor-section elementor-top-section elementor-element elementor-element-3c5e772 elementor-section-boxed elementor-section-height-default elementor-section-height-default\" data-id=\"3c5e772\" data-element_type=\"section\">\n\t\t\t\t\t\t<div class=\"elementor-container elementor-column-gap-default\">\n\t\t\t\t\t\t\t<div class=\"elementor-row\">\n\t\t\t\t\t<div class=\"elementor-column elementor-col-100 elementor-top-column elementor-element elementor-element-f08fec1\" data-id=\"f08fec1\" data-element_type=\"column\">\n\t\t\t<div class=\"elementor-column-wrap elementor-element-populated\">\n\t\t\t\t\t\t\t<div class=\"elementor-widget-wrap\">\n\t\t\t\t\t\t<div class=\"elementor-element elementor-element-f23adc7 elementor-widget elementor-widget-m2j\" data-id=\"f23adc7\" data-element_type=\"widget\" data-widget_type=\"m2j.default\">\n\t\t\t\t<div class=\"elementor-widget-container\">\n\t\t\t<section class=\"mn-m2-h\">\n    <div class=\"mn-image-container mn-container\">\n                    <img src=\"https:\/\/up.lublin.pl\/agrobio\/wp-content\/uploads\/sites\/2\/2024\/10\/80-WA-banner.jpg\" alt=\"\">\n                        <\/div>\n    <div class=\"mn-grid mn-content\">\n            <\/div>\n<\/section>\n\t\t<\/div>\n\t\t\t\t<\/div>\n\t\t\t\t<div class=\"elementor-element elementor-element-31fbe42 elementor-widget elementor-widget-m5c\" data-id=\"31fbe42\" data-element_type=\"widget\" data-widget_type=\"m5c.default\">\n\t\t\t\t<div class=\"elementor-widget-container\">\n\t\t\t<section class=\"mn-m5-c mn-m5-d2 mn-bg-white\">\n\t<div class=\"mn-grid\">\n\t\t\t\t<div class=\"mn-content mn-grid-9\">\n\t\t\t                <div class=\"mn-content-block active\">\n\t                                                        <div class=\"block-text\">\n\t                                        <h2 style=\"text-align: center;\"><strong>Komitet Honorowy<\/strong><\/h2>\n<p><strong>Prof. dr hab. Krzysztof Kowalczyk<\/strong><br \/>Rektor Uniwersytetu Przyrodniczego w&nbsp;Lublinie (od 2020 roku do chwili obecnej)<br \/>Dziekan Wydzia\u0142u\u00a0 Agrobioin\u017cynierii w&nbsp;latach 2012-2020 <\/p>\n<table style=\"border-collapse: collapse; width: 34.0146%; height: 27px;\">\n<tbody>\n<tr style=\"height: 27px;\">\n<td style=\"width: 100%; height: 27px; border: 1px solid #222222; text-align: center; vertical-align: middle;\"><strong>Prof. dr hab. Zdzis\u0142aw Targo\u0144ski <\/strong><\/td>\n<\/tr>\n<\/tbody>\n<\/table>\n<p>Rektor Akademii Rolniczej w&nbsp;Lublinie w&nbsp;latach 2002-2005 i&nbsp;2005-2008<\/p>\n<p><strong>Prof. dr hab. Stanis\u0142aw Berbe\u0107<\/strong><br \/>Dziekan Wydzia\u0142u Rolniczego w&nbsp;latach 1987\u20131990; Prorektor ds. Bada\u0144 Naukowych i&nbsp;Wsp\u00f3\u0142pracy z&nbsp;Zagranic\u0105 w&nbsp;latach 1990-1993 i&nbsp;1993-1996<\/p>\n<p><strong>Prof. dr hab. Marian Weso\u0142owski\u00a0<\/strong><br \/>Dziekan Wydzia\u0142u Rolniczego w&nbsp;latach 1990\u20131996; Rektor AR w&nbsp;Lublinie w&nbsp;latach 1996-2002; Rektor UP w&nbsp;Lublinie w&nbsp;latach 2008-2016<\/p>\n<p><strong>Prof. dr hab. Janusz Wi\u015bniewski<\/strong><br \/>Dziekan Wydzia\u0142u Rolniczego w&nbsp;latach 1996\u20132002; Prorektor ds. Nauki i&nbsp;Wsp\u00f3\u0142pracy z&nbsp;Zagranic\u0105 w&nbsp;latach 2004-2008<\/p>\n<p><strong>Prof. dr hab. Edward Pa\u0142ys<\/strong><br \/>Dziekan Wydzia\u0142u Rolniczego w&nbsp;latach 2002\u20132008; Prorektor ds. Nauki i&nbsp;Wsp\u00f3\u0142pracy z&nbsp;Zagranic\u0105 w&nbsp;latach 2008-2012<\/p>\n<p><strong>Prof. dr hab. Stanis\u0142aw Baran<\/strong><br \/>Dziekan Wydzia\u0142u \u00a0Agrobioin\u017cynierii o&nbsp;w latach 2008\u20132012; Prorektor ds. Nauki i&nbsp;Wsp\u00f3\u0142pracy z&nbsp;Zagranic\u0105 w&nbsp;latach 2012-2016<\/p>\n<p><strong>Prof. dr hab. Barbara Ko\u0142odziej<\/strong><br \/>Dziekan Wydzia\u0142u Agrobioin\u017cynierii od 2020 roku do chwili obecnej<\/p>\n                                        <\/div>\n\t\t\t\t\t\t                                <\/div>\n\t\t\t\t                <div class=\"mn-content-block\">\n\t                                <\/div>\n\t\t\t\t                <div class=\"mn-content-block\">\n\t                                <\/div>\n\t\t\t\t                <div class=\"mn-content-block\">\n\t                                <\/div>\n\t\t\t\t                <div class=\"mn-content-block\">\n\t                                <\/div>\n\t\t\t\t                <div class=\"mn-content-block\">\n\t                                <\/div>\n\t\t\t\t                <div class=\"mn-content-block\">\n\t                                <\/div>\n\t\t\t\t                <div class=\"mn-content-block\">\n\t                                <\/div>\n\t\t\t\t                <div class=\"mn-content-block\">\n\t                                <\/div>\n\t\t\t\t                <div class=\"mn-content-block\">\n\t                                <\/div>\n\t\t\t\t                <div class=\"mn-content-block\">\n\t                                <\/div>\n\t\t\t\t                <div class=\"mn-content-block\">\n\t                                <\/div>\n\t\t\t\t                <div class=\"mn-content-block\">\n\t                                <\/div>\n\t\t\t\t                <div class=\"mn-content-block\">\n\t                                <\/div>\n\t\t\t\t                <div class=\"mn-content-block\">\n\t                                <\/div>\n\t\t\t\t                <div class=\"mn-content-block\">\n\t                                <\/div>\n\t\t\t\t                <div class=\"mn-content-block\">\n\t                                <\/div>\n\t\t\t\t                <div class=\"mn-content-block\">\n\t                                <\/div>\n\t\t\t\t                <div class=\"mn-content-block\">\n\t                                <\/div>\n\t\t\t\t                <div class=\"mn-content-block\">\n\t                                <\/div>\n\t\t\t\t\t\t<\/div>\n\t<\/div>\n<\/section>\n\t\t<\/div>\n\t\t\t\t<\/div>\n\t\t\t\t\t\t<\/div>\n\t\t\t\t\t<\/div>\n\t\t<\/div>\n\t\t\t\t\t\t\t\t<\/div>\n\t\t\t\t\t<\/div>\n\t\t<\/section>\n\t\t\t\t\t\t<\/div>\n\t\t\t\t\t\t<\/div>\n\t\t\t\t\t<\/div>\n\t\t","protected":false},"excerpt":{"rendered":"<p>Komitet Honorowy Prof. dr hab. Krzysztof KowalczykRektor Uniwersytetu Przyrodniczego w&nbsp;Lublinie (od 2020 roku do chwili obecnej)Dziekan Wydzia\u0142u\u00a0 Agrobioin\u017cynierii w&nbsp;latach 2012-2020 Prof. dr hab. Zdzis\u0142aw Targo\u0144ski Rektor Akademii Rolniczej w&nbsp;Lublinie w&nbsp;latach 2002-2005 i&nbsp;2005-2008 Prof. dr hab. Stanis\u0142aw Berbe\u0107Dziekan Wydzia\u0142u Rolniczego w&nbsp;latach 1987\u20131990; Prorektor ds. Bada\u0144 Naukowych i&nbsp;Wsp\u00f3\u0142pracy z&nbsp;Zagranic\u0105 w&nbsp;latach 1990-1993 i&nbsp;1993-1996 Prof. dr hab. Marian Weso\u0142owski\u00a0Dziekan [&hellip;]<\/p>\n","protected":false},"author":228,"featured_media":0,"parent":154930,"menu_order":0,"comment_status":"closed","ping_status":"closed","template":"elementor_header_footer","meta":{"_monsterinsights_skip_tracking":false,"_monsterinsights_sitenote_active":false,"_monsterinsights_sitenote_note":"","_monsterinsights_sitenote_category":0},"_links":{"self":[{"href":"https:\/\/up.lublin.pl\/agrobio\/wp-json\/wp\/v2\/pages\/157328"}],"collection":[{"href":"https:\/\/up.lublin.pl\/agrobio\/wp-json\/wp\/v2\/pages"}],"about":[{"href":"https:\/\/up.lublin.pl\/agrobio\/wp-json\/wp\/v2\/types\/page"}],"author":[{"embeddable":true,"href":"https:\/\/up.lublin.pl\/agrobio\/wp-json\/wp\/v2\/users\/228"}],"replies":[{"embeddable":true,"href":"https:\/\/up.lublin.pl\/agrobio\/wp-json\/wp\/v2\/comments?post=157328"}],"version-history":[{"count":31,"href":"https:\/\/up.lublin.pl\/agrobio\/wp-json\/wp\/v2\/pages\/157328\/revisions"}],"predecessor-version":[{"id":158260,"href":"https:\/\/up.lublin.pl\/agrobio\/wp-json\/wp\/v2\/pages\/157328\/revisions\/158260"}],"up":[{"embeddable":true,"href":"https:\/\/up.lublin.pl\/agrobio\/wp-json\/wp\/v2\/pages\/154930"}],"wp:attachment":[{"href":"https:\/\/up.lublin.pl\/agrobio\/wp-json\/wp\/v2\/media?parent=157328"}],"curies":[{"name":"wp","href":"https:\/\/api.w.org\/{rel}","templated":true}]}}