{"id":157326,"date":"2024-09-12T12:16:54","date_gmt":"2024-09-12T10:16:54","guid":{"rendered":"https:\/\/up.lublin.pl\/agrobio\/?page_id=157326"},"modified":"2024-10-04T13:26:18","modified_gmt":"2024-10-04T11:26:18","slug":"komitet-organizacyjny","status":"publish","type":"page","link":"https:\/\/up.lublin.pl\/agrobio\/wydzial\/jubileusze\/80jubileusz-agrobio\/komitet-organizacyjny\/","title":{"rendered":"Komitet Organizacyjny| Jubileusz 80-lecia Wydzia\u0142u"},"content":{"rendered":"\t\t<div data-elementor-type=\"wp-page\" data-elementor-id=\"157326\" class=\"elementor elementor-157326\" data-elementor-settings=\"[]\">\n\t\t\t\t\t\t<div class=\"elementor-inner\">\n\t\t\t\t\t\t\t<div class=\"elementor-section-wrap\">\n\t\t\t\t\t\t\t<section class=\"elementor-section elementor-top-section elementor-element elementor-element-7b73c1e elementor-section-boxed elementor-section-height-default elementor-section-height-default\" data-id=\"7b73c1e\" data-element_type=\"section\">\n\t\t\t\t\t\t<div class=\"elementor-container elementor-column-gap-default\">\n\t\t\t\t\t\t\t<div class=\"elementor-row\">\n\t\t\t\t\t<div class=\"elementor-column elementor-col-100 elementor-top-column elementor-element elementor-element-0bd63bb\" data-id=\"0bd63bb\" data-element_type=\"column\">\n\t\t\t<div class=\"elementor-column-wrap elementor-element-populated\">\n\t\t\t\t\t\t\t<div class=\"elementor-widget-wrap\">\n\t\t\t\t\t\t<div class=\"elementor-element elementor-element-d58c534 elementor-widget elementor-widget-m2j\" data-id=\"d58c534\" data-element_type=\"widget\" data-widget_type=\"m2j.default\">\n\t\t\t\t<div class=\"elementor-widget-container\">\n\t\t\t<section class=\"mn-m2-h\">\n    <div class=\"mn-image-container mn-container\">\n                    <img src=\"https:\/\/up.lublin.pl\/agrobio\/wp-content\/uploads\/sites\/2\/2024\/10\/80-WA-banner.jpg\" alt=\"\">\n                        <\/div>\n    <div class=\"mn-grid mn-content\">\n            <\/div>\n<\/section>\n\t\t<\/div>\n\t\t\t\t<\/div>\n\t\t\t\t<div class=\"elementor-element elementor-element-84da7a9 elementor-widget elementor-widget-m5c\" data-id=\"84da7a9\" data-element_type=\"widget\" data-widget_type=\"m5c.default\">\n\t\t\t\t<div class=\"elementor-widget-container\">\n\t\t\t<section class=\"mn-m5-c mn-m5-d2 mn-bg-white\">\n\t<div class=\"mn-grid\">\n\t\t\t\t<div class=\"mn-content mn-grid-9\">\n\t\t\t                <div class=\"mn-content-block active\">\n\t                                                        <div class=\"block-text\">\n\t                                        <h2><strong>Komitet organizacyjny<\/strong><\/h2>\n<p><strong>Dr hab. Ma\u0142gorzata Haliniarz, prof. uczelni \u2013 przewodnicz\u0105ca<\/strong><\/p>\n<p><strong>Dr in\u017c. Agnieszka Surmacz-Magdziak \u2013 sekretarz<\/strong><\/p>\n<p><strong>Prof. dr hab. Barbara Ko\u0142odziej<\/strong><\/p>\n<p><strong>Prof. dr hab. Halina Lipi\u0144ska<\/strong><\/p>\n<p><strong>Dr hab. Sylwia Andruszczak, prof. uczelni<\/strong><\/p>\n<p><strong>Dr hab. Anna Nowak, prof. uczelni<\/strong><\/p>\n<p><strong>Dr hab. Beata Ko\u0142odziej, prof. uczelni<\/strong><\/p>\n<p><strong>Dr hab. Beata Kr\u00f3l, prof. uczelni<\/strong><\/p>\n<p><strong>Dr hab. Mariusz Kulik, prof. uczelni<\/strong><\/p>\n<p><strong>Dr hab. Piotr Kraska, prof. uczelni<\/strong><\/p>\n<p><strong>Dr hab. Przemys\u0142aw Tkaczyk, prof. uczelni<\/strong><\/p>\n<p><strong>Dr hab. Anna Kie\u0142tyka-Dadasiewicz<\/strong><\/p>\n<p><strong>Dr hab. Teresa Wy\u0142upek<\/strong><\/p>\n<p><strong>Dr in\u017c. Aleksandra Nucia<\/strong><\/p>\n<p><strong>Dr in\u017c. Joanna Gmitrowicz-Iwan<\/strong><\/p>\n<p><strong>Dr in\u017c. Ma\u0142gorzata Wysocka<\/strong><\/p>\n<p><strong>Dr in\u017c. Dominika Skiba<\/strong><\/p>\n<p><strong>Dr in\u017c. Pawe\u0142 Janulewicz<\/strong><\/p>\n                                        <\/div>\n\t\t\t\t\t\t                                <\/div>\n\t\t\t\t                <div class=\"mn-content-block\">\n\t                                <\/div>\n\t\t\t\t                <div class=\"mn-content-block\">\n\t                                <\/div>\n\t\t\t\t                <div class=\"mn-content-block\">\n\t                                <\/div>\n\t\t\t\t                <div class=\"mn-content-block\">\n\t                                <\/div>\n\t\t\t\t                <div class=\"mn-content-block\">\n\t                                <\/div>\n\t\t\t\t                <div class=\"mn-content-block\">\n\t                                <\/div>\n\t\t\t\t                <div class=\"mn-content-block\">\n\t                                <\/div>\n\t\t\t\t                <div class=\"mn-content-block\">\n\t                                <\/div>\n\t\t\t\t                <div class=\"mn-content-block\">\n\t                                <\/div>\n\t\t\t\t                <div class=\"mn-content-block\">\n\t                                <\/div>\n\t\t\t\t                <div class=\"mn-content-block\">\n\t                                <\/div>\n\t\t\t\t                <div class=\"mn-content-block\">\n\t                                <\/div>\n\t\t\t\t                <div class=\"mn-content-block\">\n\t                                <\/div>\n\t\t\t\t                <div class=\"mn-content-block\">\n\t                                <\/div>\n\t\t\t\t                <div class=\"mn-content-block\">\n\t                                <\/div>\n\t\t\t\t                <div class=\"mn-content-block\">\n\t                                <\/div>\n\t\t\t\t                <div class=\"mn-content-block\">\n\t                                <\/div>\n\t\t\t\t                <div class=\"mn-content-block\">\n\t                                <\/div>\n\t\t\t\t                <div class=\"mn-content-block\">\n\t                                <\/div>\n\t\t\t\t\t\t<\/div>\n\t<\/div>\n<\/section>\n\t\t<\/div>\n\t\t\t\t<\/div>\n\t\t\t\t\t\t<\/div>\n\t\t\t\t\t<\/div>\n\t\t<\/div>\n\t\t\t\t\t\t\t\t<\/div>\n\t\t\t\t\t<\/div>\n\t\t<\/section>\n\t\t\t\t\t\t<\/div>\n\t\t\t\t\t\t<\/div>\n\t\t\t\t\t<\/div>\n\t\t","protected":false},"excerpt":{"rendered":"<p>Komitet organizacyjny Dr hab. Ma\u0142gorzata Haliniarz, prof. uczelni \u2013 przewodnicz\u0105ca Dr in\u017c. Agnieszka Surmacz-Magdziak \u2013 sekretarz Prof. dr hab. Barbara Ko\u0142odziej Prof. dr hab. Halina Lipi\u0144ska Dr hab. Sylwia Andruszczak, prof. uczelni Dr hab. Anna Nowak, prof. uczelni Dr hab. Beata Ko\u0142odziej, prof. uczelni Dr hab. Beata Kr\u00f3l, prof. uczelni Dr hab. Mariusz Kulik, prof. [&hellip;]<\/p>\n","protected":false},"author":228,"featured_media":0,"parent":154930,"menu_order":0,"comment_status":"closed","ping_status":"closed","template":"elementor_header_footer","meta":{"_monsterinsights_skip_tracking":false,"_monsterinsights_sitenote_active":false,"_monsterinsights_sitenote_note":"","_monsterinsights_sitenote_category":0},"_links":{"self":[{"href":"https:\/\/up.lublin.pl\/agrobio\/wp-json\/wp\/v2\/pages\/157326"}],"collection":[{"href":"https:\/\/up.lublin.pl\/agrobio\/wp-json\/wp\/v2\/pages"}],"about":[{"href":"https:\/\/up.lublin.pl\/agrobio\/wp-json\/wp\/v2\/types\/page"}],"author":[{"embeddable":true,"href":"https:\/\/up.lublin.pl\/agrobio\/wp-json\/wp\/v2\/users\/228"}],"replies":[{"embeddable":true,"href":"https:\/\/up.lublin.pl\/agrobio\/wp-json\/wp\/v2\/comments?post=157326"}],"version-history":[{"count":28,"href":"https:\/\/up.lublin.pl\/agrobio\/wp-json\/wp\/v2\/pages\/157326\/revisions"}],"predecessor-version":[{"id":158263,"href":"https:\/\/up.lublin.pl\/agrobio\/wp-json\/wp\/v2\/pages\/157326\/revisions\/158263"}],"up":[{"embeddable":true,"href":"https:\/\/up.lublin.pl\/agrobio\/wp-json\/wp\/v2\/pages\/154930"}],"wp:attachment":[{"href":"https:\/\/up.lublin.pl\/agrobio\/wp-json\/wp\/v2\/media?parent=157326"}],"curies":[{"name":"wp","href":"https:\/\/api.w.org\/{rel}","templated":true}]}}