{"id":156790,"date":"2024-06-25T07:48:58","date_gmt":"2024-06-25T05:48:58","guid":{"rendered":"https:\/\/up.lublin.pl\/agrobio\/?page_id=156790"},"modified":"2024-10-09T07:45:36","modified_gmt":"2024-10-09T05:45:36","slug":"sponsorzy","status":"publish","type":"page","link":"https:\/\/up.lublin.pl\/agrobio\/wydzial\/jubileusze\/80jubileusz-agrobio\/sponsorzy\/","title":{"rendered":"Sponsorzy | Jubileusz 80-lecia Wydzia\u0142u"},"content":{"rendered":"\t\t<div data-elementor-type=\"wp-page\" data-elementor-id=\"156790\" class=\"elementor elementor-156790\" data-elementor-settings=\"[]\">\n\t\t\t\t\t\t<div class=\"elementor-inner\">\n\t\t\t\t\t\t\t<div class=\"elementor-section-wrap\">\n\t\t\t\t\t\t\t<section class=\"elementor-section elementor-top-section elementor-element elementor-element-037f0d9 elementor-section-boxed elementor-section-height-default elementor-section-height-default\" data-id=\"037f0d9\" data-element_type=\"section\">\n\t\t\t\t\t\t<div class=\"elementor-container elementor-column-gap-default\">\n\t\t\t\t\t\t\t<div class=\"elementor-row\">\n\t\t\t\t\t<div class=\"elementor-column elementor-col-100 elementor-top-column elementor-element elementor-element-14fa959\" data-id=\"14fa959\" data-element_type=\"column\">\n\t\t\t<div class=\"elementor-column-wrap elementor-element-populated\">\n\t\t\t\t\t\t\t<div class=\"elementor-widget-wrap\">\n\t\t\t\t\t\t<div class=\"elementor-element elementor-element-11f9b60 elementor-widget elementor-widget-m2j\" data-id=\"11f9b60\" data-element_type=\"widget\" data-widget_type=\"m2j.default\">\n\t\t\t\t<div class=\"elementor-widget-container\">\n\t\t\t<section class=\"mn-m2-h\">\n    <div class=\"mn-image-container mn-container\">\n                    <img src=\"https:\/\/up.lublin.pl\/agrobio\/wp-content\/uploads\/sites\/2\/2024\/10\/80-WA-banner.jpg\" alt=\"\">\n                        <\/div>\n    <div class=\"mn-grid mn-content\">\n                    <div class=\"mn-content-block\">\n                <h5 style=\"text-align: left;\"><span style=\"color: #000000;\"><a style=\"color: #000000;\" href=\"https:\/\/up.lublin.pl\/agrobio\/wydzial\/jubileusze\/80jubileusz-agrobio\/\">\u2190 powr\u00f3t do strony g\u0142\u00f3wnej<\/a><\/span><\/h5>\n            <\/div>\n                <\/div>\n<\/section>\n\t\t<\/div>\n\t\t\t\t<\/div>\n\t\t\t\t\t\t<\/div>\n\t\t\t\t\t<\/div>\n\t\t<\/div>\n\t\t\t\t\t\t\t\t<\/div>\n\t\t\t\t\t<\/div>\n\t\t<\/section>\n\t\t\t\t<section class=\"elementor-section elementor-top-section elementor-element elementor-element-4db7147 elementor-section-boxed elementor-section-height-default elementor-section-height-default\" data-id=\"4db7147\" data-element_type=\"section\">\n\t\t\t\t\t\t<div class=\"elementor-container elementor-column-gap-default\">\n\t\t\t\t\t\t\t<div class=\"elementor-row\">\n\t\t\t\t\t<div class=\"elementor-column elementor-col-100 elementor-top-column elementor-element elementor-element-40c05ed\" data-id=\"40c05ed\" data-element_type=\"column\">\n\t\t\t<div class=\"elementor-column-wrap elementor-element-populated\">\n\t\t\t\t\t\t\t<div class=\"elementor-widget-wrap\">\n\t\t\t\t\t\t<div class=\"elementor-element elementor-element-36fe6a1 elementor-widget elementor-widget-m5c\" data-id=\"36fe6a1\" data-element_type=\"widget\" data-widget_type=\"m5c.default\">\n\t\t\t\t<div class=\"elementor-widget-container\">\n\t\t\t<section class=\"mn-m5-c mn-m5-d2 mn-bg-white\">\n\t<div class=\"mn-grid\">\n\t\t\t\t<div class=\"mn-content mn-grid-9\">\n\t\t\t                <div class=\"mn-content-block active\">\n\t                                                        <div class=\"block-text\">\n\t                                        <p style=\"text-align: center;\"><a href=\"https:\/\/www.gov.pl\/web\/kowr\"><img loading=\"lazy\" class=\"aligncenter wp-image-156579\" src=\"https:\/\/up.lublin.pl\/agrobio\/wp-content\/uploads\/sites\/2\/2024\/05\/kowr-logo.png\" alt=\"\" width=\"509\" height=\"215\" \/><\/a><br \/><a href=\"https:\/\/pl.timacagro.com\/\"><img loading=\"lazy\" class=\"aligncenter wp-image-156464\" src=\"https:\/\/up.lublin.pl\/agrobio\/wp-content\/uploads\/sites\/2\/2024\/05\/Timac_agro.png\" alt=\"\" width=\"359\" height=\"98\" \/><\/a><br \/><strong><span style=\"font-size: 24px;\">TRANS-MAJ J\u00d3ZEF MAJEWSKI<\/span><\/strong><br \/><strong><span style=\"font-size: 24px;\">FIRMA HANDLOWO-US\u0141UGOWA<\/span><\/strong><\/p>\n<p><a href=\"https:\/\/www.procam.pl\/\"><img loading=\"lazy\" class=\"wp-image-157210 aligncenter\" src=\"https:\/\/up.lublin.pl\/agrobio\/wp-content\/uploads\/sites\/2\/2024\/08\/PROCAM_logo.png\" alt=\"Procam logo\" width=\"270\" height=\"245\" \/><\/a><\/p>\n<p><a href=\"https:\/\/www.helmpolska.com\/pl\/\">\u00a0<img loading=\"lazy\" class=\"aligncenter wp-image-156512\" src=\"https:\/\/up.lublin.pl\/agrobio\/wp-content\/uploads\/sites\/2\/2024\/05\/helm-logo.png\" alt=\"\" width=\"287\" height=\"179\" \/><\/a><\/p>\n<p><a href=\"https:\/\/www.ks-polska.com\/pl-pl\/\"><img loading=\"lazy\" class=\"aligncenter wp-image-156956 size-full\" src=\"https:\/\/up.lublin.pl\/agrobio\/wp-content\/uploads\/sites\/2\/2024\/07\/kpluss.jpg\" alt=\"\" width=\"328\" height=\"184\" \/><\/a><a href=\"https:\/\/www.lawenda-lublin.pl\/\"><img loading=\"lazy\" class=\"aligncenter wp-image-157179 size-full\" src=\"https:\/\/up.lublin.pl\/agrobio\/wp-content\/uploads\/sites\/2\/2024\/08\/lawenda-logo.jpg\" alt=\"\" width=\"297\" height=\"102\" \/><\/a><\/p>\n<p><a href=\"https:\/\/www.facebook.com\/permalink.php?story_fbid=pfbid027YUgwQ6MNpC3sdGuAMNkDftyfdQMDVuKsJL6N5RuqJbW25BP6vb5UFpYVzaeLfz4l&amp;id=104457825669662\"><img loading=\"lazy\" class=\"aligncenter wp-image-157186\" src=\"https:\/\/up.lublin.pl\/agrobio\/wp-content\/uploads\/sites\/2\/2024\/08\/sery_lesniczowka_logo.png\" alt=\"\" width=\"277\" height=\"229\" \/><\/a><\/p>\n<p><a href=\"https:\/\/lubella.pl\/\"><img loading=\"lazy\" class=\"aligncenter wp-image-156699\" src=\"https:\/\/up.lublin.pl\/agrobio\/wp-content\/uploads\/sites\/2\/2024\/06\/leballa_spnsr.jpg\" alt=\"\" width=\"340\" height=\"148\" \/><\/a><a href=\"https:\/\/perla.pl\/\"><img loading=\"lazy\" class=\"aligncenter wp-image-157722 \" src=\"https:\/\/up.lublin.pl\/agrobio\/wp-content\/uploads\/sites\/2\/2024\/09\/perla-logo.jpg\" alt=\"\" width=\"217\" height=\"217\" \/><\/a> <a href=\"https:\/\/plantico.pl\/\"><img loading=\"lazy\" class=\"aligncenter wp-image-157726 \" src=\"https:\/\/up.lublin.pl\/agrobio\/wp-content\/uploads\/sites\/2\/2024\/09\/plantico-logo.jpg\" alt=\"\" width=\"478\" height=\"120\" \/><\/a><\/p>\n<p><a href=\"https:\/\/www.lir.lublin.pl\/\"><img loading=\"lazy\" class=\"aligncenter wp-image-157971\" src=\"https:\/\/up.lublin.pl\/agrobio\/wp-content\/uploads\/sites\/2\/2024\/09\/LIR.png\" alt=\"\" width=\"244\" height=\"309\" \/><\/a> <a href=\"https:\/\/www.lubelskibs.pl\/\"><img loading=\"lazy\" class=\"aligncenter wp-image-157975 \" src=\"https:\/\/up.lublin.pl\/agrobio\/wp-content\/uploads\/sites\/2\/2024\/09\/lubelski-bs.png\" alt=\"\" width=\"356\" height=\"94\" \/><\/a> <a href=\"https:\/\/polishherbs.com\/\"><img loading=\"lazy\" class=\"aligncenter wp-image-157979\" src=\"https:\/\/up.lublin.pl\/agrobio\/wp-content\/uploads\/sites\/2\/2024\/09\/PH.jpg\" alt=\"\" width=\"376\" height=\"161\" \/><\/a> <a href=\"https:\/\/www.lublin.lasy.gov.pl\"><img loading=\"lazy\" class=\"aligncenter wp-image-157983\" src=\"https:\/\/up.lublin.pl\/agrobio\/wp-content\/uploads\/sites\/2\/2024\/09\/RDLP.jpg\" alt=\"\" width=\"310\" height=\"145\" \/><\/a><\/p>\n<p><a href=\"https:\/\/ppmb.pl\/\"><img loading=\"lazy\" class=\"aligncenter wp-image-158044 \" src=\"https:\/\/up.lublin.pl\/agrobio\/wp-content\/uploads\/sites\/2\/2024\/10\/ppmb-logo.png\" alt=\"\" width=\"262\" height=\"115\" \/><\/a><\/p>\n<p><a href=\"https:\/\/www.krasnystaw.eu\/pl\"><img loading=\"lazy\" class=\"aligncenter wp-image-158049 \" src=\"https:\/\/up.lublin.pl\/agrobio\/wp-content\/uploads\/sites\/2\/2024\/10\/osmkrasnystaw-logo.jpg\" alt=\"\" width=\"350\" height=\"188\" \/><\/a><\/p>\n<p><a href=\"https:\/\/www.krasnystaw.eu\/pl\"><img loading=\"lazy\" class=\"aligncenter wp-image-158053 size-full\" src=\"https:\/\/up.lublin.pl\/agrobio\/wp-content\/uploads\/sites\/2\/2024\/10\/farmuroztocza-logo.png\" alt=\"\" width=\"254\" height=\"133\" \/><\/a><a href=\"http:\/\/www.dwawzgorza.pl\/pl#01._banner\"><img loading=\"lazy\" class=\"aligncenter wp-image-158385 size-full\" src=\"https:\/\/up.lublin.pl\/agrobio\/wp-content\/uploads\/sites\/2\/2024\/10\/winnica-dwa-wzgorza.jpg\" alt=\"\" width=\"228\" height=\"133\" \/><\/a><\/p>\n                                        <\/div>\n\t\t\t\t\t\t                                <\/div>\n\t\t\t\t                <div class=\"mn-content-block\">\n\t                                <\/div>\n\t\t\t\t                <div class=\"mn-content-block\">\n\t                                <\/div>\n\t\t\t\t                <div class=\"mn-content-block\">\n\t                                <\/div>\n\t\t\t\t                <div class=\"mn-content-block\">\n\t                                <\/div>\n\t\t\t\t                <div class=\"mn-content-block\">\n\t                                <\/div>\n\t\t\t\t                <div class=\"mn-content-block\">\n\t                                <\/div>\n\t\t\t\t                <div class=\"mn-content-block\">\n\t                                <\/div>\n\t\t\t\t                <div class=\"mn-content-block\">\n\t                                <\/div>\n\t\t\t\t                <div class=\"mn-content-block\">\n\t                                <\/div>\n\t\t\t\t                <div class=\"mn-content-block\">\n\t                                <\/div>\n\t\t\t\t                <div class=\"mn-content-block\">\n\t                                <\/div>\n\t\t\t\t                <div class=\"mn-content-block\">\n\t                                <\/div>\n\t\t\t\t                <div class=\"mn-content-block\">\n\t                                <\/div>\n\t\t\t\t                <div class=\"mn-content-block\">\n\t                                <\/div>\n\t\t\t\t                <div class=\"mn-content-block\">\n\t                                <\/div>\n\t\t\t\t                <div class=\"mn-content-block\">\n\t                                <\/div>\n\t\t\t\t                <div class=\"mn-content-block\">\n\t                                <\/div>\n\t\t\t\t                <div class=\"mn-content-block\">\n\t                                <\/div>\n\t\t\t\t                <div class=\"mn-content-block\">\n\t                                <\/div>\n\t\t\t\t\t\t<\/div>\n\t<\/div>\n<\/section>\n\t\t<\/div>\n\t\t\t\t<\/div>\n\t\t\t\t\t\t<\/div>\n\t\t\t\t\t<\/div>\n\t\t<\/div>\n\t\t\t\t\t\t\t\t<\/div>\n\t\t\t\t\t<\/div>\n\t\t<\/section>\n\t\t\t\t\t\t<\/div>\n\t\t\t\t\t\t<\/div>\n\t\t\t\t\t<\/div>\n\t\t","protected":false},"excerpt":{"rendered":"<p>\u2190 powr\u00f3t do strony g\u0142\u00f3wnej TRANS-MAJ J\u00d3ZEF MAJEWSKIFIRMA HANDLOWO-US\u0141UGOWA \u00a0<\/p>\n","protected":false},"author":2,"featured_media":0,"parent":154930,"menu_order":0,"comment_status":"closed","ping_status":"closed","template":"elementor_header_footer","meta":{"_monsterinsights_skip_tracking":false,"_monsterinsights_sitenote_active":false,"_monsterinsights_sitenote_note":"","_monsterinsights_sitenote_category":0},"_links":{"self":[{"href":"https:\/\/up.lublin.pl\/agrobio\/wp-json\/wp\/v2\/pages\/156790"}],"collection":[{"href":"https:\/\/up.lublin.pl\/agrobio\/wp-json\/wp\/v2\/pages"}],"about":[{"href":"https:\/\/up.lublin.pl\/agrobio\/wp-json\/wp\/v2\/types\/page"}],"author":[{"embeddable":true,"href":"https:\/\/up.lublin.pl\/agrobio\/wp-json\/wp\/v2\/users\/2"}],"replies":[{"embeddable":true,"href":"https:\/\/up.lublin.pl\/agrobio\/wp-json\/wp\/v2\/comments?post=156790"}],"version-history":[{"count":46,"href":"https:\/\/up.lublin.pl\/agrobio\/wp-json\/wp\/v2\/pages\/156790\/revisions"}],"predecessor-version":[{"id":158391,"href":"https:\/\/up.lublin.pl\/agrobio\/wp-json\/wp\/v2\/pages\/156790\/revisions\/158391"}],"up":[{"embeddable":true,"href":"https:\/\/up.lublin.pl\/agrobio\/wp-json\/wp\/v2\/pages\/154930"}],"wp:attachment":[{"href":"https:\/\/up.lublin.pl\/agrobio\/wp-json\/wp\/v2\/media?parent=156790"}],"curies":[{"name":"wp","href":"https:\/\/api.w.org\/{rel}","templated":true}]}}