{"id":154969,"date":"2024-02-05T14:03:17","date_gmt":"2024-02-05T13:03:17","guid":{"rendered":"https:\/\/up.lublin.pl\/agrobio\/?page_id=154969"},"modified":"2024-10-04T13:26:22","modified_gmt":"2024-10-04T11:26:22","slug":"komitet-naukowy","status":"publish","type":"page","link":"https:\/\/up.lublin.pl\/agrobio\/wydzial\/jubileusze\/80jubileusz-agrobio\/komitet-naukowy\/","title":{"rendered":"Komitet Naukowy | Jubileusz 80-lecia Wydzia\u0142u"},"content":{"rendered":"\t\t<div data-elementor-type=\"wp-page\" data-elementor-id=\"154969\" class=\"elementor elementor-154969\" data-elementor-settings=\"[]\">\n\t\t\t\t\t\t<div class=\"elementor-inner\">\n\t\t\t\t\t\t\t<div class=\"elementor-section-wrap\">\n\t\t\t\t\t\t\t<section class=\"elementor-section elementor-top-section elementor-element elementor-element-0027e85 elementor-section-boxed elementor-section-height-default elementor-section-height-default\" data-id=\"0027e85\" data-element_type=\"section\">\n\t\t\t\t\t\t<div class=\"elementor-container elementor-column-gap-default\">\n\t\t\t\t\t\t\t<div class=\"elementor-row\">\n\t\t\t\t\t<div class=\"elementor-column elementor-col-100 elementor-top-column elementor-element elementor-element-338bc57\" data-id=\"338bc57\" data-element_type=\"column\">\n\t\t\t<div class=\"elementor-column-wrap elementor-element-populated\">\n\t\t\t\t\t\t\t<div class=\"elementor-widget-wrap\">\n\t\t\t\t\t\t<div class=\"elementor-element elementor-element-7240147 elementor-widget elementor-widget-m2j\" data-id=\"7240147\" data-element_type=\"widget\" data-widget_type=\"m2j.default\">\n\t\t\t\t<div class=\"elementor-widget-container\">\n\t\t\t<section class=\"mn-m2-h\">\n    <div class=\"mn-image-container mn-container\">\n                    <img src=\"https:\/\/up.lublin.pl\/agrobio\/wp-content\/uploads\/sites\/2\/2024\/10\/80-WA-banner.jpg\" alt=\"\">\n                        <\/div>\n    <div class=\"mn-grid mn-content\">\n                    <div class=\"mn-content-block\">\n                <h5 style=\"text-align: left;\"><span style=\"color: #000000;\"><a style=\"color: #000000;\" href=\"https:\/\/up.lublin.pl\/agrobio\/wydzial\/jubileusze\/80jubileusz-agrobio\/\">\u2190 powr\u00f3t do strony g\u0142\u00f3wnej<\/a><\/span><\/h5>\n            <\/div>\n                <\/div>\n<\/section>\n\t\t<\/div>\n\t\t\t\t<\/div>\n\t\t\t\t\t\t<\/div>\n\t\t\t\t\t<\/div>\n\t\t<\/div>\n\t\t\t\t\t\t\t\t<\/div>\n\t\t\t\t\t<\/div>\n\t\t<\/section>\n\t\t\t\t<section class=\"elementor-section elementor-top-section elementor-element elementor-element-1a36bd0 elementor-section-boxed elementor-section-height-default elementor-section-height-default\" data-id=\"1a36bd0\" data-element_type=\"section\">\n\t\t\t\t\t\t<div class=\"elementor-container elementor-column-gap-default\">\n\t\t\t\t\t\t\t<div class=\"elementor-row\">\n\t\t\t\t\t<div class=\"elementor-column elementor-col-100 elementor-top-column elementor-element elementor-element-bf65981\" data-id=\"bf65981\" data-element_type=\"column\">\n\t\t\t<div class=\"elementor-column-wrap elementor-element-populated\">\n\t\t\t\t\t\t\t<div class=\"elementor-widget-wrap\">\n\t\t\t\t\t\t<div class=\"elementor-element elementor-element-1d61b9a elementor-widget elementor-widget-m5c\" data-id=\"1d61b9a\" data-element_type=\"widget\" data-widget_type=\"m5c.default\">\n\t\t\t\t<div class=\"elementor-widget-container\">\n\t\t\t<section class=\"mn-m5-c mn-m5-d2 mn-bg-white\">\n\t<div class=\"mn-grid\">\n\t\t\t\t<div class=\"mn-content mn-grid-9\">\n\t\t\t                <div class=\"mn-content-block active\">\n\t                                                        <div class=\"block-text\">\n\t                                        <h2 style=\"text-align: center;\"><strong>Komitet naukowy<\/strong><\/h2>\n<p><strong>Prof. dr hab. Daniel Lipi\u0144ski<\/strong><br \/>Dziekan Wydzia\u0142u Rolnictwa, Ogrodnictwa i&nbsp;Biotechnologii, Uniwersytet Przyrodniczy w&nbsp;Poznaniu<\/p>\n<p><strong>Prof. dr hab. in\u017c. Bogdan Kulig<\/strong><br \/>Dziekan Wydzia\u0142u Rolniczo-Ekonomicznego, Uniwersytet Rolniczy im. Hugona Ko\u0142\u0142\u0105taja w&nbsp;Krakowie<\/p>\n<p><strong>Prof. dr hab. in\u017c. Krzysztof J. Jankowski\u00a0<\/strong><br \/>Dziekan Wydzia\u0142u Rolnictwa i&nbsp;Le\u015bnictwa, Uniwersytet Warmi\u0144sko-Mazurski w&nbsp;Olsztynie<\/p>\n<p><strong>dr hab. Jadwiga Topczewska, prof. UR.<\/strong><br \/>Dziekan Kolegium Nauk Przyrodniczych, Uniwersytet Rzeszowski<\/p>\n<p><strong>Prof. dr hab. in\u017c. Jacek Sosnowski\u00a0\u00a0<\/strong><br \/>Dziekan Wydzia\u0142u Nauk Rolniczych, \u00a0Uniwersytet w&nbsp;Siedlcach<\/p>\n<p><strong>Prof. dr hab. in\u017c. Bogdan St\u0119pie\u0144<\/strong><br \/>Dziekan Wydzia\u0142u Przyrodniczo-Technologicznego, Uniwersytet Przyrodniczy we Wroc\u0142awiu<\/p>\n<p><strong>dr hab. Irena Suwara, prof. SGGW<\/strong><br \/>Wydzia\u0142 Rolnictwa i&nbsp;Ekologii, Szko\u0142a G\u0142\u00f3wna Gospodarstwa Wiejskiego w&nbsp;Warszawie<\/p>\n<p><strong>dr hab. in\u017c. Barbara Breza-Boruta, prof. PB\u015a<\/strong> <br \/>Dziekan Wydzia\u0142u\u00a0 Rolnictwa i&nbsp;Biotechnologii, Politechnika Bydgoska<\/p>\n<p><strong>dr hab. in\u017c. Anna Jaroszewska, prof. ZUT<\/strong><br \/>Dziekan Wydzia\u0142u Kszta\u0142towania \u015arodowiska i&nbsp;Rolnictwa, Zachodniopomorski Uniwersytet Technologiczny w&nbsp;Szczecinie<\/p>\n                                        <\/div>\n\t\t\t\t\t\t                                <\/div>\n\t\t\t\t                <div class=\"mn-content-block\">\n\t                                <\/div>\n\t\t\t\t                <div class=\"mn-content-block\">\n\t                                <\/div>\n\t\t\t\t                <div class=\"mn-content-block\">\n\t                                <\/div>\n\t\t\t\t                <div class=\"mn-content-block\">\n\t                                <\/div>\n\t\t\t\t                <div class=\"mn-content-block\">\n\t                                <\/div>\n\t\t\t\t                <div class=\"mn-content-block\">\n\t                                <\/div>\n\t\t\t\t                <div class=\"mn-content-block\">\n\t                                <\/div>\n\t\t\t\t                <div class=\"mn-content-block\">\n\t                                <\/div>\n\t\t\t\t                <div class=\"mn-content-block\">\n\t                                <\/div>\n\t\t\t\t                <div class=\"mn-content-block\">\n\t                                <\/div>\n\t\t\t\t                <div class=\"mn-content-block\">\n\t                                <\/div>\n\t\t\t\t                <div class=\"mn-content-block\">\n\t                                <\/div>\n\t\t\t\t                <div class=\"mn-content-block\">\n\t                                <\/div>\n\t\t\t\t                <div class=\"mn-content-block\">\n\t                                <\/div>\n\t\t\t\t                <div class=\"mn-content-block\">\n\t                                <\/div>\n\t\t\t\t                <div class=\"mn-content-block\">\n\t                                <\/div>\n\t\t\t\t                <div class=\"mn-content-block\">\n\t                                <\/div>\n\t\t\t\t                <div class=\"mn-content-block\">\n\t                                <\/div>\n\t\t\t\t                <div class=\"mn-content-block\">\n\t                                <\/div>\n\t\t\t\t\t\t<\/div>\n\t<\/div>\n<\/section>\n\t\t<\/div>\n\t\t\t\t<\/div>\n\t\t\t\t\t\t<\/div>\n\t\t\t\t\t<\/div>\n\t\t<\/div>\n\t\t\t\t\t\t\t\t<\/div>\n\t\t\t\t\t<\/div>\n\t\t<\/section>\n\t\t\t\t\t\t<\/div>\n\t\t\t\t\t\t<\/div>\n\t\t\t\t\t<\/div>\n\t\t","protected":false},"excerpt":{"rendered":"<p>\u2190 powr\u00f3t do strony g\u0142\u00f3wnej Komitet naukowy Prof. dr hab. Daniel Lipi\u0144skiDziekan Wydzia\u0142u Rolnictwa, Ogrodnictwa i&nbsp;Biotechnologii, Uniwersytet Przyrodniczy w&nbsp;Poznaniu Prof. dr hab. in\u017c. Bogdan KuligDziekan Wydzia\u0142u Rolniczo-Ekonomicznego, Uniwersytet Rolniczy im. Hugona Ko\u0142\u0142\u0105taja w&nbsp;Krakowie Prof. dr hab. in\u017c. Krzysztof J. Jankowski\u00a0Dziekan Wydzia\u0142u Rolnictwa i&nbsp;Le\u015bnictwa, Uniwersytet Warmi\u0144sko-Mazurski w&nbsp;Olsztynie dr hab. Jadwiga Topczewska, prof. UR.Dziekan Kolegium Nauk Przyrodniczych, [&hellip;]<\/p>\n","protected":false},"author":2,"featured_media":0,"parent":154930,"menu_order":0,"comment_status":"closed","ping_status":"closed","template":"elementor_header_footer","meta":{"_monsterinsights_skip_tracking":false,"_monsterinsights_sitenote_active":false,"_monsterinsights_sitenote_note":"","_monsterinsights_sitenote_category":0},"_links":{"self":[{"href":"https:\/\/up.lublin.pl\/agrobio\/wp-json\/wp\/v2\/pages\/154969"}],"collection":[{"href":"https:\/\/up.lublin.pl\/agrobio\/wp-json\/wp\/v2\/pages"}],"about":[{"href":"https:\/\/up.lublin.pl\/agrobio\/wp-json\/wp\/v2\/types\/page"}],"author":[{"embeddable":true,"href":"https:\/\/up.lublin.pl\/agrobio\/wp-json\/wp\/v2\/users\/2"}],"replies":[{"embeddable":true,"href":"https:\/\/up.lublin.pl\/agrobio\/wp-json\/wp\/v2\/comments?post=154969"}],"version-history":[{"count":28,"href":"https:\/\/up.lublin.pl\/agrobio\/wp-json\/wp\/v2\/pages\/154969\/revisions"}],"predecessor-version":[{"id":158266,"href":"https:\/\/up.lublin.pl\/agrobio\/wp-json\/wp\/v2\/pages\/154969\/revisions\/158266"}],"up":[{"embeddable":true,"href":"https:\/\/up.lublin.pl\/agrobio\/wp-json\/wp\/v2\/pages\/154930"}],"wp:attachment":[{"href":"https:\/\/up.lublin.pl\/agrobio\/wp-json\/wp\/v2\/media?parent=154969"}],"curies":[{"name":"wp","href":"https:\/\/api.w.org\/{rel}","templated":true}]}}