{"id":154930,"date":"2024-02-05T10:40:06","date_gmt":"2024-02-05T09:40:06","guid":{"rendered":"https:\/\/up.lublin.pl\/agrobio\/?page_id=154930"},"modified":"2024-10-21T12:36:34","modified_gmt":"2024-10-21T10:36:34","slug":"80jubileusz-agrobio","status":"publish","type":"page","link":"https:\/\/up.lublin.pl\/agrobio\/wydzial\/jubileusze\/80jubileusz-agrobio\/","title":{"rendered":"Jubileusz 80-lecia Wydzia\u0142u Agrobioin\u017cynierii UP w Lublinie"},"content":{"rendered":"\t\t<div data-elementor-type=\"wp-page\" data-elementor-id=\"154930\" class=\"elementor elementor-154930\" data-elementor-settings=\"[]\">\n\t\t\t\t\t\t<div class=\"elementor-inner\">\n\t\t\t\t\t\t\t<div class=\"elementor-section-wrap\">\n\t\t\t\t\t\t\t<section class=\"elementor-section elementor-top-section elementor-element elementor-element-aa58346 elementor-section-boxed elementor-section-height-default elementor-section-height-default\" data-id=\"aa58346\" data-element_type=\"section\">\n\t\t\t\t\t\t<div class=\"elementor-container elementor-column-gap-default\">\n\t\t\t\t\t\t\t<div class=\"elementor-row\">\n\t\t\t\t\t<div class=\"elementor-column elementor-col-100 elementor-top-column elementor-element elementor-element-d3863b6\" data-id=\"d3863b6\" data-element_type=\"column\">\n\t\t\t<div class=\"elementor-column-wrap elementor-element-populated\">\n\t\t\t\t\t\t\t<div class=\"elementor-widget-wrap\">\n\t\t\t\t\t\t<div class=\"elementor-element elementor-element-04a518a elementor-widget elementor-widget-m2j\" data-id=\"04a518a\" data-element_type=\"widget\" data-widget_type=\"m2j.default\">\n\t\t\t\t<div class=\"elementor-widget-container\">\n\t\t\t<section class=\"mn-m2-h\">\n    <div class=\"mn-image-container mn-container\">\n                    <img src=\"https:\/\/up.lublin.pl\/agrobio\/wp-content\/uploads\/sites\/2\/2024\/10\/80-WA-banner.jpg\" alt=\"\">\n                        <\/div>\n    <div class=\"mn-grid mn-content\">\n                    <div class=\"mn-content-block\">\n                <p>&nbsp;<\/p>\n<p><a href=\"https:\/\/up.lublin.pl\/agrobio\/wp-content\/uploads\/sites\/2\/2024\/02\/lines.png\"><img loading=\"lazy\" class=\"aligncenter wp-image-155274\" src=\"https:\/\/up.lublin.pl\/agrobio\/wp-content\/uploads\/sites\/2\/2024\/02\/lines.png\" alt=\"\" width=\"294\" height=\"11\" \/><\/a><\/p>\n            <\/div>\n                <\/div>\n<\/section>\n\t\t<\/div>\n\t\t\t\t<\/div>\n\t\t\t\t<div class=\"elementor-element elementor-element-ffc26f0 elementor-widget elementor-widget-m4a\" data-id=\"ffc26f0\" data-element_type=\"widget\" data-widget_type=\"m4a.default\">\n\t\t\t\t<div class=\"elementor-widget-container\">\n\t\t\t\t<section class=\"mn-m4_b mn-bg-white\">\n\t\t\t\t<div class=\"mn-grid\">\n\t\t\t\t\t\t\t<div class=\"mn-grid-3 mn-kat-m4-container\">\n\t\t\t\t\t\t\t\t\t\t\t\t\t\t\t\t<h3>Informacje og\u00f3lne<\/h3>\n\t\t\t\t\t\t\t\t\t\t\t\t\t\t\t\t\t\t\t\t\t\t<a href=\"https:\/\/up.lublin.pl\/agrobio\/wydzial\/jubileusze\/80jubileusz-agrobio\/informacje\/\" class=\"mn-more\">Zobacz wi\u0119cej<\/a>\n\t\t\t\t\t\t\t\t\t\t<\/div>\n\t\t\t\t\t\t\t\t<div class=\"mn-grid-3 mn-kat-m4-container\">\n\t\t\t\t\t\t\t\t\t\t\t\t\t\t\t\t<h3>Program uroczysto\u015bci i&nbsp;Konferencji Naukowej<\/h3>\n\t\t\t\t\t\t\t\t\t\t\t\t\t\t\t\t\t\t\t\t\t\t<a href=\"https:\/\/up.lublin.pl\/agrobio\/wydzial\/jubileusze\/80jubileusz-agrobio\/program\/\" class=\"mn-more\">Zobacz wi\u0119cej<\/a>\n\t\t\t\t\t\t\t\t\t\t<\/div>\n\t\t\t\t\t\t\t\t<div class=\"mn-grid-3 mn-kat-m4-container\">\n\t\t\t\t\t\t\t\t\t\t\t\t\t\t\t\t<h3>Rejestracja<\/h3>\n\t\t\t\t\t\t\t\t\t\t\t\t\t\t\t\t\t\t\t\t\t\t<a href=\"https:\/\/forms.office.com\/Pages\/ResponsePage.aspx?id=HLKj2lICKUm8ZlqzHoIn4b_SlrrJj7tNrUHaXqQ-o7JUOUhNRkdERkhSQlg3V1BJTU9QSk9KSDhMSS4u\" class=\"mn-more\">Zobacz wi\u0119cej<\/a>\n\t\t\t\t\t\t\t\t\t\t<\/div>\n\t\t\t\t\t\t\t\t<div class=\"mn-grid-3 mn-kat-m4-container\">\n\t\t\t\t\t\t\t\t\t\t\t\t\t\t\t\t<h3>Op\u0142aty<\/h3>\n\t\t\t\t\t\t\t\t\t\t\t\t\t\t\t\t\t\t\t\t\t\t<a href=\"https:\/\/up.lublin.pl\/agrobio\/wydzial\/jubileusze\/80jubileusz-agrobio\/oplaty\/\" class=\"mn-more\">Zobacz wi\u0119cej<\/a>\n\t\t\t\t\t\t\t\t\t\t<\/div>\n\t\t\t\t\t\t\t\t<div class=\"mn-grid-3 mn-kat-m4-container\">\n\t\t\t\t\t\t\t\t\t\t\t\t\t\t\t\t<h3>Komitet Naukowy<\/h3>\n\t\t\t\t\t\t\t\t\t\t\t\t\t\t\t\t\t\t\t\t\t\t<a href=\"https:\/\/up.lublin.pl\/agrobio\/wydzial\/jubileusze\/80jubileusz-agrobio\/komitet-naukowy\/\" class=\"mn-more\">Zobacz wi\u0119cej<\/a>\n\t\t\t\t\t\t\t\t\t\t<\/div>\n\t\t\t\t\t\t\t\t<div class=\"mn-grid-3 mn-kat-m4-container\">\n\t\t\t\t\t\t\t\t\t\t\t\t\t\t\t\t<h3>Komitet Organizacyjny<\/h3>\n\t\t\t\t\t\t\t\t\t\t\t\t\t\t\t\t\t\t\t\t\t\t<a href=\"https:\/\/up.lublin.pl\/agrobio\/wydzial\/jubileusze\/80jubileusz-agrobio\/komitet-organizacyjny\/\" class=\"mn-more\">Zobacz wi\u0119cej<\/a>\n\t\t\t\t\t\t\t\t\t\t<\/div>\n\t\t\t\t\t\t\t\t<div class=\"mn-grid-3 mn-kat-m4-container\">\n\t\t\t\t\t\t\t\t\t\t\t\t\t\t\t\t<h3>Komitet Honorowy<\/h3>\n\t\t\t\t\t\t\t\t\t\t\t\t\t\t\t\t\t\t\t\t\t\t<a href=\"https:\/\/up.lublin.pl\/agrobio\/wydzial\/jubileusze\/80jubileusz-agrobio\/komitet-honorowy\/\" class=\"mn-more\">Zobacz wi\u0119cej<\/a>\n\t\t\t\t\t\t\t\t\t\t<\/div>\n\t\t\t\t\t\t\t\t<div class=\"mn-grid-3 mn-kat-m4-container\">\n\t\t\t\t\t\t\t\t\t\t\t\t\t\t\t\t<h3>Patronaty<\/h3>\n\t\t\t\t\t\t\t\t\t\t\t\t\t\t\t\t\t\t\t\t\t\t<a href=\"https:\/\/up.lublin.pl\/agrobio\/wydzial\/jubileusze\/80jubileusz-agrobio\/patronaty\/\" class=\"mn-more\">Zobacz wi\u0119cej<\/a>\n\t\t\t\t\t\t\t\t\t\t<\/div>\n\t\t\t\t\t\t\t\t<div class=\"mn-grid-3 mn-kat-m4-container\">\n\t\t\t\t\t\t\t\t\t\t\t\t\t\t\t\t<h3>Sponsorzy<\/h3>\n\t\t\t\t\t\t\t\t\t\t\t\t\t\t\t\t\t\t\t\t\t\t<a href=\"https:\/\/up.lublin.pl\/agrobio\/wydzial\/jubileusze\/80jubileusz-agrobio\/sponsorzy\/\" class=\"mn-more\">Zobacz wi\u0119cej<\/a>\n\t\t\t\t\t\t\t\t\t\t<\/div>\n\t\t\t\t\t\t\t\t<div class=\"mn-grid-3 mn-kat-m4-container\">\n\t\t\t\t\t\t\t\t\t\t\t\t\t\t\t\t<h3>Lokalizacja<\/h3>\n\t\t\t\t\t\t\t\t\t\t\t\t\t\t\t\t\t\t\t\t\t\t<a href=\"https:\/\/up.lublin.pl\/agrobio\/wydzial\/jubileusze\/80jubileusz-agrobio\/lokalizacja\/\" class=\"mn-more\">Zobacz wi\u0119cej<\/a>\n\t\t\t\t\t\t\t\t\t\t<\/div>\n\t\t\t\t\t\t\t\t<div class=\"mn-grid-3 mn-kat-m4-container\">\n\t\t\t\t\t\t\t\t\t\t\t\t\t\t\t\t<h3>Galeria zdj\u0119\u0107<\/h3>\n\t\t\t\t\t\t\t\t\t\t\t\t\t\t\t\t\t\t\t\t\t\t<a href=\"https:\/\/up.lublin.pl\/agrobio\/galeria\/80-lat-wydzialu-agrobioinzynierii\/\" class=\"mn-more\">Zobacz wi\u0119cej<\/a>\n\t\t\t\t\t\t\t\t\t\t<\/div>\n\t\t\t\t\t\t<\/div>\n\t<\/section>\n\t\t\t<\/div>\n\t\t\t\t<\/div>\n\t\t\t\t<div class=\"elementor-element elementor-element-f9c3887 elementor-widget elementor-widget-m5h\" data-id=\"f9c3887\" data-element_type=\"widget\" data-widget_type=\"m5h.default\">\n\t\t\t\t<div class=\"elementor-widget-container\">\n\t\t\t<section class=\"mn-m5-h mn-bg-white no-spacing\">\r\n\t<div class=\"mn-grid\">\r\n\t\t<div class=\"mn-content mn-grid-12\">\r\n\t\t\t<div class=\"mn-lead\">\r\n\t\t\t\t<h4 style=\"margin-bottom: 20px;\"><span style=\"color: #f0a10e;\">\u2666 <a style=\"color: #f0a10e;\" href=\"https:\/\/up.lublin.pl\/agrobio\/wydzial\/jubileusze\/80jubileusz-agrobio\/english\/\"><span style=\"font-size: 24px;\">Information in English<\/span><\/a> \u2666<\/span><\/h4>\n<p style=\"text-align: center;\"><strong>Livestream:<\/strong><\/p>\n<p><a href=\"https:\/\/www.youtube.com\/live\/q8WmK6yrB0M\"><img loading=\"lazy\" class=\"aligncenter wp-image-158484\" src=\"https:\/\/up.lublin.pl\/agrobio\/wp-content\/uploads\/sites\/2\/2024\/10\/80-wa-LS.png\" alt=\"\" width=\"233\" height=\"133\" \/><\/a><\/p>\n\t\t\t<\/div>\r\n\t\t<\/div>\r\n\t<\/div>\r\n<\/section>\r\n\t\t<\/div>\n\t\t\t\t<\/div>\n\t\t\t\t\t\t<\/div>\n\t\t\t\t\t<\/div>\n\t\t<\/div>\n\t\t\t\t\t\t\t\t<\/div>\n\t\t\t\t\t<\/div>\n\t\t<\/section>\n\t\t\t\t<section class=\"elementor-section elementor-top-section elementor-element elementor-element-c8ae950 elementor-section-boxed elementor-section-height-default elementor-section-height-default\" data-id=\"c8ae950\" data-element_type=\"section\">\n\t\t\t\t\t\t<div class=\"elementor-container elementor-column-gap-default\">\n\t\t\t\t\t\t\t<div class=\"elementor-row\">\n\t\t\t\t\t<div class=\"elementor-column elementor-col-100 elementor-top-column elementor-element elementor-element-08df91a\" data-id=\"08df91a\" data-element_type=\"column\">\n\t\t\t<div class=\"elementor-column-wrap elementor-element-populated\">\n\t\t\t\t\t\t\t<div class=\"elementor-widget-wrap\">\n\t\t\t\t\t\t<div class=\"elementor-element elementor-element-c21eaf9 elementor-widget elementor-widget-m5h\" data-id=\"c21eaf9\" data-element_type=\"widget\" data-widget_type=\"m5h.default\">\n\t\t\t\t<div class=\"elementor-widget-container\">\n\t\t\t<section class=\"mn-m5-h mn-bg-green\">\r\n\t<div class=\"mn-grid\">\r\n\t\t<div class=\"mn-content mn-grid-12\">\r\n\t\t\t<div class=\"mn-lead\">\r\n\t\t\t\t<h3 style=\"text-align: center; margin-bottom: 12px;\"><span style=\"color: #ffffff;\">Kontakt \/ Contact<br \/><\/span><\/h3>\n<table style=\"border-collapse: collapse; width: 100%;\">\n<tbody>\n<tr>\n<td style=\"width: 50%; border-style: hidden;\">\n<p style=\"text-align: center;\"><span style=\"color: #ffffff; font-size: 16px;\"><strong>Przewodnicz\u0105ca Komitetu Organizacyjnego<\/strong><\/span><br \/><span style=\"color: #ffffff; font-size: 16px;\">dr hab. Ma\u0142gorzata Haliniarz, prof. uczelni<\/span><br \/><span style=\"color: #ffffff; font-size: 16px;\">tel. (+48) 81 445 66 54<\/span><\/p>\n<p style=\"text-align: center;\"><span style=\"color: #ffffff; font-size: 16px;\"><strong>Sekretarz<\/strong><\/span><br \/><span style=\"color: #ffffff; font-size: 16px;\">dr Agnieszka Surmacz-Magdziak<\/span><br \/><span style=\"color: #ffffff; font-size: 16px;\">tel. (+48) 81 445 68 84<\/span><br \/><span style=\"color: #ffffff; font-size: 16px;\">e-mail: jubileusz.agrobio@up.lublin.pl<\/span><\/p>\n<\/td>\n<td style=\"width: 50%; border-style: hidden;\">\n<p style=\"text-align: center;\"><span style=\"color: #ffffff; font-size: 16px;\"><strong>Organizing Commeetee Chairperson<\/strong><\/span><br \/><span style=\"color: #ffffff; font-size: 16px;\">Ma\u0142gorzata Haliniarz, PhD, DSc, Assoc. prof.<\/span><br \/><span style=\"color: #ffffff; font-size: 16px;\">phone no. (+48) 81 445 66 54<\/span><\/p>\n<p style=\"text-align: center;\"><span style=\"color: #ffffff; font-size: 16px;\"><strong>Secretary of the Conference<\/strong><\/span><br \/><span style=\"color: #ffffff; font-size: 16px;\">Agnieszka Surmacz-Magdziak, PhD<\/span><br \/><span style=\"color: #ffffff; font-size: 16px;\">phone no. (+48) 81 445 68 84<\/span><br \/><span style=\"color: #ffffff; font-size: 16px;\">e-mail: jubileusz.agrobio@up.lublin.pl<\/span><\/p>\n<\/td>\n<\/tr>\n<\/tbody>\n<\/table>\n\t\t\t<\/div>\r\n\t\t<\/div>\r\n\t<\/div>\r\n<\/section>\r\n\t\t<\/div>\n\t\t\t\t<\/div>\n\t\t\t\t\t\t<\/div>\n\t\t\t\t\t<\/div>\n\t\t<\/div>\n\t\t\t\t\t\t\t\t<\/div>\n\t\t\t\t\t<\/div>\n\t\t<\/section>\n\t\t\t\t\t\t<\/div>\n\t\t\t\t\t\t<\/div>\n\t\t\t\t\t<\/div>\n\t\t","protected":false},"excerpt":{"rendered":"<p>&nbsp; Informacje og\u00f3lne Zobacz wi\u0119cej Program uroczysto\u015bci i&nbsp;Konferencji Naukowej Zobacz wi\u0119cej Rejestracja Zobacz wi\u0119cej Op\u0142aty Zobacz wi\u0119cej Komitet Naukowy Zobacz wi\u0119cej Komitet Organizacyjny Zobacz wi\u0119cej Komitet Honorowy Zobacz wi\u0119cej Patronaty Zobacz wi\u0119cej Sponsorzy Zobacz wi\u0119cej Lokalizacja Zobacz wi\u0119cej Galeria zdj\u0119\u0107 Zobacz wi\u0119cej \u2666 Information in English \u2666 Livestream: Kontakt \/ Contact Przewodnicz\u0105ca Komitetu Organizacyjnegodr hab. [&hellip;]<\/p>\n","protected":false},"author":2,"featured_media":0,"parent":482,"menu_order":0,"comment_status":"closed","ping_status":"closed","template":"elementor_header_footer","meta":{"_monsterinsights_skip_tracking":false,"_monsterinsights_sitenote_active":false,"_monsterinsights_sitenote_note":"","_monsterinsights_sitenote_category":0},"_links":{"self":[{"href":"https:\/\/up.lublin.pl\/agrobio\/wp-json\/wp\/v2\/pages\/154930"}],"collection":[{"href":"https:\/\/up.lublin.pl\/agrobio\/wp-json\/wp\/v2\/pages"}],"about":[{"href":"https:\/\/up.lublin.pl\/agrobio\/wp-json\/wp\/v2\/types\/page"}],"author":[{"embeddable":true,"href":"https:\/\/up.lublin.pl\/agrobio\/wp-json\/wp\/v2\/users\/2"}],"replies":[{"embeddable":true,"href":"https:\/\/up.lublin.pl\/agrobio\/wp-json\/wp\/v2\/comments?post=154930"}],"version-history":[{"count":119,"href":"https:\/\/up.lublin.pl\/agrobio\/wp-json\/wp\/v2\/pages\/154930\/revisions"}],"predecessor-version":[{"id":159412,"href":"https:\/\/up.lublin.pl\/agrobio\/wp-json\/wp\/v2\/pages\/154930\/revisions\/159412"}],"up":[{"embeddable":true,"href":"https:\/\/up.lublin.pl\/agrobio\/wp-json\/wp\/v2\/pages\/482"}],"wp:attachment":[{"href":"https:\/\/up.lublin.pl\/agrobio\/wp-json\/wp\/v2\/media?parent=154930"}],"curies":[{"name":"wp","href":"https:\/\/api.w.org\/{rel}","templated":true}]}}