{"id":145548,"date":"2022-05-09T11:44:32","date_gmt":"2022-05-09T09:44:32","guid":{"rendered":"https:\/\/up.lublin.pl\/agrobio\/?page_id=145548"},"modified":"2022-07-06T13:12:34","modified_gmt":"2022-07-06T11:12:34","slug":"skn-analitykow-srodowiska","status":"publish","type":"page","link":"https:\/\/up.lublin.pl\/agrobio\/skn-analitykow-srodowiska\/","title":{"rendered":"Studenckie Ko\u0142o Naukowe Analityk\u00f3w \u015arodowiska"},"content":{"rendered":"\t\t<div data-elementor-type=\"wp-page\" data-elementor-id=\"145548\" class=\"elementor elementor-145548\" data-elementor-settings=\"[]\">\n\t\t\t\t\t\t<div class=\"elementor-inner\">\n\t\t\t\t\t\t\t<div class=\"elementor-section-wrap\">\n\t\t\t\t\t\t\t<section class=\"elementor-section elementor-top-section elementor-element elementor-element-7058cc4 elementor-section-boxed elementor-section-height-default elementor-section-height-default\" data-id=\"7058cc4\" data-element_type=\"section\">\n\t\t\t\t\t\t<div class=\"elementor-container elementor-column-gap-default\">\n\t\t\t\t\t\t\t<div class=\"elementor-row\">\n\t\t\t\t\t<div class=\"elementor-column elementor-col-100 elementor-top-column elementor-element elementor-element-6bac96f\" data-id=\"6bac96f\" data-element_type=\"column\">\n\t\t\t<div class=\"elementor-column-wrap elementor-element-populated\">\n\t\t\t\t\t\t\t<div class=\"elementor-widget-wrap\">\n\t\t\t\t\t\t<div class=\"elementor-element elementor-element-e4d43e7 elementor-widget elementor-widget-m2k\" data-id=\"e4d43e7\" data-element_type=\"widget\" data-widget_type=\"m2k.default\">\n\t\t\t\t<div class=\"elementor-widget-container\">\n\t\t\t<section class=\"mn-m2-d mn-bg-green\">\n    <div class=\"mn-grid\">\n        <div class=\"mn-grid-12 mn-introtext\">\n                            <h3>\n                    Studenckie Ko\u0142o Naukowe Analityk\u00f3w \u015arodowiska                <\/h3>\n                        <\/div>\n    <\/div>\n    <\/section>\n\t\t<\/div>\n\t\t\t\t<\/div>\n\t\t\t\t\t\t<\/div>\n\t\t\t\t\t<\/div>\n\t\t<\/div>\n\t\t\t\t\t\t\t\t<\/div>\n\t\t\t\t\t<\/div>\n\t\t<\/section>\n\t\t\t\t<section class=\"elementor-section elementor-top-section elementor-element elementor-element-455c757 elementor-section-boxed elementor-section-height-default elementor-section-height-default\" data-id=\"455c757\" data-element_type=\"section\">\n\t\t\t\t\t\t<div class=\"elementor-container elementor-column-gap-default\">\n\t\t\t\t\t\t\t<div class=\"elementor-row\">\n\t\t\t\t\t<div class=\"elementor-column elementor-col-100 elementor-top-column elementor-element elementor-element-9ed7e04\" data-id=\"9ed7e04\" data-element_type=\"column\">\n\t\t\t<div class=\"elementor-column-wrap elementor-element-populated\">\n\t\t\t\t\t\t\t<div class=\"elementor-widget-wrap\">\n\t\t\t\t\t\t<div class=\"elementor-element elementor-element-9ae9350 elementor-widget elementor-widget-m5c\" data-id=\"9ae9350\" data-element_type=\"widget\" data-widget_type=\"m5c.default\">\n\t\t\t\t<div class=\"elementor-widget-container\">\n\t\t\t<section class=\"mn-m5-c mn-bg-white\">\n\t<div class=\"mn-grid\">\n\t\t            <div class=\"mn-menu-container mn-grid-3\">\n                <ul class=\"mn-bg-yellow\">\n\t                                        <li>\n                            <a href=\"#\" class=\"active\" data-hash=\"#\">\n                                ...                            <\/a>\n                        <\/li>\n                                        <\/ul>\n            <\/div>\n\t        \t\t<div class=\"mn-content mn-grid-8\">\n\t\t\t                <div class=\"mn-content-block active\">\n\t                                                        <div class=\"block-text\">\n\t                                        <p style=\"text-align: left\"><u><img loading=\"lazy\" class=\"alignright wp-image-146138\" src=\"https:\/\/up.lublin.pl\/agrobio\/wp-content\/uploads\/sites\/2\/2022\/06\/Kolo-Analitykow-Srodowiska.jpg\" alt=\"\" width=\"330\" height=\"83\" \/><br \/><\/u><\/p>\n<p><span style=\"text-decoration: underline\">Opiekun ko\u0142a:<\/span><\/p>\n<p>dr in\u017c. <strong>Kamila Rybczy\u0144ska-Tkaczyk<\/strong> \u00a0\u00a0 p. 315 \u00a0 \u00a0 \u00a0\u00a0<\/p>\n<p><img loading=\"lazy\" class=\"size-full wp-image-146142 alignright\" src=\"https:\/\/up.lublin.pl\/agrobio\/wp-content\/uploads\/sites\/2\/2022\/06\/Kolo-Analitykow-Srodowiska-2.jpg\" alt=\"\" width=\"160\" height=\"214\" \/><\/p>\n<p><a href=\"mailto:kamila.rybczynska-tkaczyk@up.lublin.pl\"><em>kamila.rybczynska-tkaczyk@up.lublin.pl<\/em><\/a><\/p>\n<p><em>tel. 81 524 81 04 <\/em><\/p>\n<p style=\"text-align: justify\">Studenckie Ko\u0142o Naukowe Analityk\u00f3w \u015arodowiska dzia\u0142aj\u0105ce na Wydziale Agrobioin\u017cynierii w&nbsp;Katedrze Mikrobiologii \u015arodowiskowej, Uniwersytetu Przyrodniczego w&nbsp;Lublinie zosta\u0142o utworzone w&nbsp;kwietniu 2017 roku z&nbsp;inicjatywy dr in\u017c. Kamili Rybczy\u0144skiej-Tkaczyk oraz student\u00f3w I&nbsp;roku studi\u00f3w I&nbsp;stopnia kierunku Zielarstwo i&nbsp;Terapie Ro\u015blinne. Aktualnie, cz\u0142onkami SKN Analityk\u00f3w \u015arodowiska s\u0105 studenci kierunk\u00f3w: Bioin\u017cynieria, Biokosmetologia oraz Biotechnologia.<\/p>\n<p style=\"text-align: justify\">Studenci zrzeszeni w&nbsp;SKN bior\u0105 czynny udzia\u0142 w&nbsp;pracach badawczych prowadzonych w&nbsp;ramach dzia\u0142alno\u015bci SKN Analityk\u00f3w \u015arodowiska, kt\u00f3re <img loading=\"lazy\" class=\"size-full wp-image-146149 alignleft\" src=\"https:\/\/up.lublin.pl\/agrobio\/wp-content\/uploads\/sites\/2\/2022\/06\/Kolo-Analitykow-Srodowiska-3.jpg\" alt=\"\" width=\"224\" height=\"190\" \/>dotycz\u0105 g\u0142\u00f3wnie oceny aktywno\u015bci\u0105 zwi\u0105zk\u00f3w pochodzenia naturalnego (ro\u015blinnego i&nbsp;mikrobiologicznego).<\/p>\n<p style=\"text-align: justify\">Wyniki prac eksperymentalnych studenci SKN Analityk\u00f3w \u015arodowiska prezentuj\u0105 w&nbsp;formie poster\u00f3w oraz referat\u00f3w na og\u00f3lnopolskich oraz mi\u0119dzynarodowych konferencjach naukowych, za kt\u00f3re otrzymuj\u0105 wyr\u00f3\u017cnienia. SKN Analityk\u00f3w \u015arodowiska jest tak\u017ce zaanga\u017cowane w&nbsp;dzia\u0142alno\u015b\u0107 maj\u0105c\u0105 na celu promowanie Uniwersytetu Przyrodniczego w&nbsp;Lublinie, m.in. przez cykliczny udzia\u0142 w&nbsp;Dniach Otwartych oraz Lubelskim Festiwalu Nauki.<\/p>\n<p style=\"text-align: justify\"><strong><em>Komunikaty i&nbsp;referaty:<\/em><\/strong><\/p>\n<p style=\"text-align: justify\"><span style=\"font-size: 14px\">\u201eOcena aktywno\u015bci dekoloryzacyjnej szczepu <em>Gliocladium roseum<\/em> BwIII13 na pod\u0142o\u017cu sta\u0142ym z&nbsp;dodatkiem barwnik\u00f3w antrachinonowych\u201d Myszka M., Szacka D., Gle\u0144 M., Rybczy\u0144ska-Tkaczyk K., XI Interdyscyplinarna Konferencja Naukowa TYGIEL 2019 \u201eInterdyscyplinarno\u015b\u0107 kluczem do rozwoju\u201d, ksi\u0105\u017cka abstrakt\u00f3w, Fundacja na rzecz promocji nauki i&nbsp;rozwoju TYGIEL, Lublin 23-24 marca 2019, str. 288, ISBN 978-83-66261-09-9<\/span><\/p>\n<p style=\"text-align: justify\">\u201eUsuwanie i&nbsp;detoksykacja kwasu karminowego w&nbsp;p\u0142ynnych hodowlach szczepu <em>Gliocladium roseum<\/em> BwIII13 antrachinonowych\u201d, Szacka D., Prokop J., Dymitra D., Rybczy\u0144ska-Tkaczyk K., XI Interdyscyplinarna Konferencja Naukowa TYGIEL 2019 \u201eInterdyscyplinarno\u015b\u0107 kluczem do rozwoju\u201d, ksi\u0105\u017cka abstrakt\u00f3w, Fundacja na rzecz promocji nauki i&nbsp;rozwoju TYGIEL, Lublin 23-24 marca 2019, str. 289, ISBN 978-83-66261-09-9<\/p>\n<p style=\"text-align: justify\">\u201eBiotransformacja barwnika antrachinonowego Alizarin Blue Black B&nbsp;w hodowlach szczepu <em>Gliocladium roseum<\/em> BwIII13\u201d, Gle\u0144 M., Myszka M., Szacka D., Rybczy\u0144ska-Tkaczyk K., XVI Mi\u0119dzynarodowe Seminarium Studenckich K\u00f3\u0142 Naukowych \u201e\u015arodowisko \u2013 Zwierz\u0119 &#8211; Produkt\u201d, Lublin 8 kwietnia 2019, ksi\u0105\u017cka streszcze\u0144 str. 61,<\/p>\n<p style=\"text-align: justify\">\u201eOcena aktywno\u015bci zewn\u0105trzkom\u00f3rkowych oksydoreduktaz w&nbsp;hodowlach szczepu <em>Gliocladium roseum<\/em> BwIII13 z&nbsp;0,01% dodatkiem kwasu karminowego\u201d Maj W., Krajewska A., Poleszuk \u0141., Rybczy\u0144ska-Tkaczyk K., XVI Mi\u0119dzynarodowe Seminarium Studenckich K\u00f3\u0142 Naukowych \u201e\u015arodowisko \u2013 Zwierz\u0119 &#8211; Produkt\u201d, Lublin 8 kwietnia 2019, ksi\u0105zka streszcze\u0144 str. 62,<\/p>\n<p style=\"text-align: justify\">Antyoksydacyjne i&nbsp;przeciwmikrobiologiczne w\u0142a\u015bciwo\u015bci kawy<strong>.<\/strong> ANNA KRAJEWSKA, KAROLINA MADZELAN, KAMILA RYBCZY\u0143SKA-TKACZYK. W: XVI Mi\u0119dzynarodowe Seminarium Studenckich K\u00f3\u0142 Naukowych nt. &#8220;\u015arodowisko &#8211; Zwierz\u0119 &#8211; Produkt&#8221; : VI Konferencja Doktorant\u00f3w, Lublin, 8 kwietnia 2019 r. \/ Uniwersytet Przyrodniczy w&nbsp;Lublinie s. 128. Lublin 2019, Wydaw. Uniwersytetu Przyrodniczego.<\/p>\n<p style=\"text-align: justify\">Antyoksydacyjne i&nbsp;przeciwmikrobiologiczne w\u0142a\u015bciwo\u015bci cynamonu<strong>.<\/strong> KAROLINA MADZELAN, ANNA KRAJEWSKA, KAMILA RYBCZY\u0143SKA-TKACZYK. W: XVI Mi\u0119dzynarodowe Seminarium Studenckich K\u00f3\u0142 Naukowych nt. &#8220;\u015arodowisko &#8211; Zwierz\u0119 &#8211; Produkt&#8221; : VI Konferencja Doktorant\u00f3w, Lublin, 8 kwietnia 2019 r. \/ Uniwersytet Przyrodniczy w&nbsp;Lublinie s. 127. Lublin 2019, Wydaw. Uniwersytetu Przyrodniczego.<\/p>\n<p style=\"text-align: justify\">Aktywno\u015b\u0107 przeciwmikrobiologiczna wybranych olejk\u00f3w eterycznych(Antimicrobial activity of selected essential oils). PATRYCJA CIEPLI\u0143SKA, WERONIKA FAC, KAMILA RYBCZY\u0143SKA-TKACZYK. W: Przegl\u0105d bada\u0144 prowadzonych w&nbsp;studenckich ko\u0142ach naukowych s. 40. Lublin 2020, Uniwersytet Przyrodniczy w&nbsp;Lublinie. DOI: 10.24326\/srzp.2020.2<\/p>\n<p style=\"text-align: justify\">Ocena mo\u017cliwo\u015bci dekoloryzacyjnych szczepu Gliocladium roseum BWIII wobec barwnik\u00f3w antrachinonowych(Evaluation of decolorizing possibilities of strain of Gliocladium roseum BWIII against anthachinone dyes). JAKUB CHALIMONIUK, NATALIA KANADYS, PIOTR OSTROWSKI, KAMILA RYBCZY\u0143SKA-TKACZYK. W: Przegl\u0105d bada\u0144 prowadzonych w&nbsp;studenckich ko\u0142ach naukowych s. 10. Lublin 2020, Uniwersytet Przyrodniczy w&nbsp;Lublinie. DOI: 10.24326\/srzp.2020.2<\/p>\n<p style=\"text-align: justify\">Ocena w\u0142a\u015bciwo\u015bci antyoksydacyjnych wybranych olejk\u00f3w eterycznych(Evaluation of antioxidants properties of selected Essentials oils). WERONIKA FAC, PATRYCJA CIEPLI\u0143SKA, ANNA KRAJEWSKA, KAMILA RYBCZY\u0143SKA-TKACZYK. W: Przegl\u0105d bada\u0144 prowadzonych w&nbsp;studenckich ko\u0142ach naukowych s. 41. Lublin 2020, Uniwersytet Przyrodniczy w&nbsp;Lublinie. DOI: 10.24326\/srzp.2020.2<\/p>\n<p style=\"text-align: justify\">Usuwanie barwnika alizarin Blue Black B&nbsp;przy pomocy immobilizowanej grzybni <em>Gliocladium roseum<\/em> MARIUSZ GLE\u0143, WIKTORIA MARTA MAJ, KAMILA RYBCZY\u0143SKA-TKACZYK. W: Przegl\u0105d bada\u0144 prowadzonych w&nbsp;studenckich ko\u0142ach naukowych s. 13. Lublin 2020, Uniwersytet Przyrodniczy w&nbsp;Lublinie. DOI: 10.24326\/srzp.2020.2<\/p>\n<p style=\"text-align: justify\">Usuwanie kwasu karminowego przez immobilizowan\u0105 grzybni\u0119 szczepu <em>Gliocladium roseum<\/em> BwIII13(Removal of carminic acid using immobilized mycelium of <em>Gliocladium roseum<\/em>strain BwIII13). WIKTORIA MAJ, MARIUSZ GLE\u0143, KAMILA RYBCZY\u0143SKA-TKACZYK. W: Przegl\u0105d bada\u0144 prowadzonych w&nbsp;studenckich ko\u0142ach naukowych s. 22. Lublin 2020, Uniwersytet Przyrodniczy w&nbsp;Lublinie. DOI: 10.24326\/srzp.2020.2<\/p>\n<p style=\"text-align: justify\">Wykorzystanie usieciowanych agregat\u00f3w enzym\u00f3w (CLEAs) w&nbsp;usuwaniu ksenobiotyk\u00f3w (The use of cross-linked enzymes aggregates (CLEAs) in the removal of xenobiotics). Ostrowski P., Michta G., Chalimoniuk J., Rybczy\u0144ska-Tkaczyk K., III Mi\u0119dzynarodowe Sympozjum Studenckich K\u00f3\u0142 Naukowych Uniwersytet Przyrodniczy w&nbsp;Lublinie, Sekcja Agrobioin\u017cynierii, Lublin, \u00a02022<\/p>\n<p style=\"text-align: justify\">Usuwanie barwnik\u00f3w przemys\u0142owych z&nbsp;zastosowaniem usieciowanego kompleksu enzymatycznego (CLEA-KO-BsIII33\/5) szczepu <em>Trichoderma harzianum<\/em> BsIII33\/5 (Removal of industrial dyes using a&nbsp;cross-linked enzyme complex (CLEA-KO-BsIII33\/5) of the <em>Trichoderma harzianum<\/em> BsIII33\/5 strain). Michta G., Ostrowski P., Chalimoniuk J., Rybczy\u0144ska-Tkaczyk K., III Mi\u0119dzynarodowe Sympozjum Studenckich K\u00f3\u0142 Naukowych Uniwersytet Przyrodniczy w&nbsp;Lublinie, Sekcja Agrobioin\u017cynierii, Lublin,\u00a0 2022<\/p>\n<p style=\"text-align: justify\"><strong><em>Rozdzia\u0142y w&nbsp;monografiach:<\/em><\/strong><\/p>\n<p style=\"text-align: justify\">Biodegradacja alkilofenoli przez mikroorganizmy (Biodegradation of alkylphenols by microorganisms). JAKUB CHALIMONIUK, GABRIELA MICHTA, PIOTR OSTROWSKI, NATALIA KANADYS, ANITA GORCZYCA, KAMILA RYBCZY\u0143SKA-TKACZYK. W: Wybrane zagadnienia z&nbsp;zakresu ochrony i&nbsp;zagro\u017ce\u0144 \u015brodowiska pod redakcj\u0105 \/ Marka Babicza, Bo\u017ceny Nowakowicz-D\u0119bek Lublin 2021, Uniwersytet Przyrodniczy w&nbsp;Lublinie, s. 7-12<\/p>\n<p style=\"text-align: justify\">Perspektywy wykorzystania mikroorganizm\u00f3w do biodegradacji cytostatyk\u00f3w (Prospects for using microorganisms for biodegradation of cytostatics). [AUT.] PIOTR OSTROWSKI, JAKUB CHALIMONIUK, NATALIA KANADYS, GABRIELA MICHTA, KAMILA RYBCZY\u0143SKA-TKACZYK. W: Wybrane zagadnienia z&nbsp;zakresu ochrony i&nbsp;zagro\u017ce\u0144 \u015brodowiska pod redakcj\u0105 \/ Marka Babicza, Bo\u017ceny Nowakowicz-D\u0119bek Lublin 2021, Uniwersytet Przyrodniczy w&nbsp;Lublinie, s. 90-96<\/p>\n<p style=\"text-align: justify\">Substancje pochodzenia mikrobiologicznego wykorzystywane w&nbsp;przemy\u015ble kosmetycznym (Substances of microbiological origin used in the cosmetics industry).[AUT.] PATRYCJA CIEPLI\u0143SKA, WERONIKA FAC, KAMILA RYBCZY\u0143SKA-TKACZYK. W: Wybrane zagadnienia z&nbsp;zakresu produkcji surowc\u00f3w, \u017cywno\u015bci kosmetyk\u00f3w pod redakcj\u0105 \/ Marka Babicza, Kingi Kropiwiec-Doma\u0144skiej Lublin 2021, Uniwersytet Przyrodniczy w&nbsp;Lublinie, s. 21-29.<\/p>\n                                        <\/div>\n\t\t\t\t\t\t                                <\/div>\n\t\t\t\t\t\t<\/div>\n\t<\/div>\n<\/section>\n\t\t<\/div>\n\t\t\t\t<\/div>\n\t\t\t\t\t\t<\/div>\n\t\t\t\t\t<\/div>\n\t\t<\/div>\n\t\t\t\t\t\t\t\t<\/div>\n\t\t\t\t\t<\/div>\n\t\t<\/section>\n\t\t\t\t\t\t<\/div>\n\t\t\t\t\t\t<\/div>\n\t\t\t\t\t<\/div>\n\t\t","protected":false},"excerpt":{"rendered":"<p>Studenckie Ko\u0142o Naukowe Analityk\u00f3w \u015arodowiska UP Wydzia\u0142 Agrobioin\u017cynierii &#8230; Opiekun ko\u0142a: dr in\u017c. Kamila Rybczy\u0144ska-Tkaczyk \u00a0\u00a0 p. 315 \u00a0 \u00a0 \u00a0\u00a0 kamila.rybczynska-tkaczyk@up.lublin.pl tel. 81 524 81 04 Studenckie Ko\u0142o Naukowe Analityk\u00f3w \u015arodowiska dzia\u0142aj\u0105ce na Wydziale Agrobioin\u017cynierii w&nbsp;Katedrze Mikrobiologii \u015arodowiskowej, Uniwersytetu Przyrodniczego w&nbsp;Lublinie zosta\u0142o utworzone w&nbsp;kwietniu 2017 roku z&nbsp;inicjatywy dr in\u017c. Kamili Rybczy\u0144skiej-Tkaczyk oraz student\u00f3w I&nbsp;roku [&hellip;]<\/p>\n","protected":false},"author":2,"featured_media":0,"parent":0,"menu_order":0,"comment_status":"closed","ping_status":"closed","template":"elementor_header_footer","meta":{"_monsterinsights_skip_tracking":false,"_monsterinsights_sitenote_active":false,"_monsterinsights_sitenote_note":"","_monsterinsights_sitenote_category":0},"_links":{"self":[{"href":"https:\/\/up.lublin.pl\/agrobio\/wp-json\/wp\/v2\/pages\/145548"}],"collection":[{"href":"https:\/\/up.lublin.pl\/agrobio\/wp-json\/wp\/v2\/pages"}],"about":[{"href":"https:\/\/up.lublin.pl\/agrobio\/wp-json\/wp\/v2\/types\/page"}],"author":[{"embeddable":true,"href":"https:\/\/up.lublin.pl\/agrobio\/wp-json\/wp\/v2\/users\/2"}],"replies":[{"embeddable":true,"href":"https:\/\/up.lublin.pl\/agrobio\/wp-json\/wp\/v2\/comments?post=145548"}],"version-history":[{"count":43,"href":"https:\/\/up.lublin.pl\/agrobio\/wp-json\/wp\/v2\/pages\/145548\/revisions"}],"predecessor-version":[{"id":146280,"href":"https:\/\/up.lublin.pl\/agrobio\/wp-json\/wp\/v2\/pages\/145548\/revisions\/146280"}],"wp:attachment":[{"href":"https:\/\/up.lublin.pl\/agrobio\/wp-json\/wp\/v2\/media?parent=145548"}],"curies":[{"name":"wp","href":"https:\/\/api.w.org\/{rel}","templated":true}]}}