{"id":142345,"date":"2021-07-28T13:08:43","date_gmt":"2021-07-28T11:08:43","guid":{"rendered":"https:\/\/up.lublin.pl\/agrobio\/?page_id=142345"},"modified":"2023-05-25T14:08:12","modified_gmt":"2023-05-25T12:08:12","slug":"dydaktyka","status":"publish","type":"page","link":"https:\/\/up.lublin.pl\/agrobio\/wydzial\/struktura-i-pracownicy\/katedra-roslin-przemyslowych-i-leczniczych\/dydaktyka\/","title":{"rendered":"Dydaktyka"},"content":{"rendered":"\t\t<div data-elementor-type=\"wp-page\" data-elementor-id=\"142345\" class=\"elementor elementor-142345\" data-elementor-settings=\"[]\">\n\t\t\t\t\t\t<div class=\"elementor-inner\">\n\t\t\t\t\t\t\t<div class=\"elementor-section-wrap\">\n\t\t\t\t\t\t\t<section class=\"elementor-section elementor-top-section elementor-element elementor-element-39aa9d4 elementor-section-boxed elementor-section-height-default elementor-section-height-default\" data-id=\"39aa9d4\" data-element_type=\"section\">\n\t\t\t\t\t\t<div class=\"elementor-container elementor-column-gap-default\">\n\t\t\t\t\t\t\t<div class=\"elementor-row\">\n\t\t\t\t\t<div class=\"elementor-column elementor-col-100 elementor-top-column elementor-element elementor-element-c90aa29\" data-id=\"c90aa29\" data-element_type=\"column\">\n\t\t\t<div class=\"elementor-column-wrap elementor-element-populated\">\n\t\t\t\t\t\t\t<div class=\"elementor-widget-wrap\">\n\t\t\t\t\t\t<div class=\"elementor-element elementor-element-2f80e4f elementor-widget elementor-widget-m2e\" data-id=\"2f80e4f\" data-element_type=\"widget\" data-widget_type=\"m2e.default\">\n\t\t\t\t<div class=\"elementor-widget-container\">\n\t\t\t<section class=\"mn-m2-e mn-bg-green\">\n\t<div class=\"mn-grid\">\n\t\t<div class=\"mn-grid-3 mn-introtext\">\n\t\t\t\t\t\t\t<p class=\"mn-header\">Katedra Ro\u015blin Przemys\u0142owych i&nbsp;Leczniczych<\/p>\n\t\t\t\t\t\t\t\t\t\t\t<h3>\n\t\t\t\t\tDydaktyka\t\t\t\t<\/h3>\n\t\t\t\t\t\t\t\t\t\t\t\t<\/div>\n\t\t<div class=\"mn-grid-9 mn-image-container\">\n\t\t\t\t\t<\/div>\n\t<\/div>\n\t<\/section>\n\t\t<\/div>\n\t\t\t\t<\/div>\n\t\t\t\t\t\t<\/div>\n\t\t\t\t\t<\/div>\n\t\t<\/div>\n\t\t\t\t\t\t\t\t<\/div>\n\t\t\t\t\t<\/div>\n\t\t<\/section>\n\t\t\t\t<section class=\"elementor-section elementor-top-section elementor-element elementor-element-6649fb4 elementor-section-boxed elementor-section-height-default elementor-section-height-default\" data-id=\"6649fb4\" data-element_type=\"section\">\n\t\t\t\t\t\t<div class=\"elementor-container elementor-column-gap-default\">\n\t\t\t\t\t\t\t<div class=\"elementor-row\">\n\t\t\t\t\t<div class=\"elementor-column elementor-col-100 elementor-top-column elementor-element elementor-element-7f42211\" data-id=\"7f42211\" data-element_type=\"column\">\n\t\t\t<div class=\"elementor-column-wrap elementor-element-populated\">\n\t\t\t\t\t\t\t<div class=\"elementor-widget-wrap\">\n\t\t\t\t\t\t<div class=\"elementor-element elementor-element-77920fc elementor-widget elementor-widget-m5c\" data-id=\"77920fc\" data-element_type=\"widget\" data-widget_type=\"m5c.default\">\n\t\t\t\t<div class=\"elementor-widget-container\">\n\t\t\t<section class=\"mn-m5-c mn-bg-white\">\n\t<div class=\"mn-grid\">\n\t\t            <div class=\"mn-menu-container mn-grid-3\">\n                <ul class=\"mn-bg-yellow\">\n\t                                        <li>\n                            <a href=\"#\" class=\"active\" data-hash=\"#dzialalnosc\">\n                                Dzia\u0142alno\u015b\u0107 dydaktyczna                            <\/a>\n                        <\/li>\n                                                <li>\n                            <a href=\"#\" class=\"\" data-hash=\"#podreczniki\">\n                                Podr\u0119cznki i&nbsp;skrypty                            <\/a>\n                        <\/li>\n                                        <\/ul>\n            <\/div>\n\t        \t\t<div class=\"mn-content mn-grid-8\">\n\t\t\t                <div class=\"mn-content-block active\">\n\t                                                        <div class=\"block-text\">\n\t                                        <div>\n<div>\n<p>Pracownicy Katedry prowadz\u0105 zaj\u0119cia dydaktyczne na czterech Wydzia\u0142ach: Agrobioin\u017cynierii, \u00a0Ogrodnictwa i\u00a0Architektury Krajobrazu, Nauk o\u00a0Zwierz\u0119tach i\u00a0Biogospodarki, Nauk o\u00a0\u017bywno\u015bci i\u00a0Biotechnologii. Corocznie w\u00a0Katedrze wykonuje prace magisterskie i\u00a0in\u017cynierskie 30-40 student\u00f3w z\u00a0kilku kierunk\u00f3w studi\u00f3w.<\/p>\n<p>Realizowane przedmioty:<\/p>\n<ul>\n<li>\u00a0Zio\u0142a i\u00a0ro\u015bliny lecznicze<\/li>\n<li>Technologie uprawy zi\u00f3\u0142<\/li>\n<li>Produkcja i\u00a0jako\u015b\u0107 zi\u00f3\u0142<\/li>\n<li>Ro\u015bliny zielarskie w\u00a0\u017cywieniu<\/li>\n<li>Produkty zielarskie<\/li>\n<li>Towaroznawstwo zielarskie<\/li>\n<li>Towaroznawstwo produkt\u00f3w zielarskich<\/li>\n<li>Opakowalnictwo<\/li>\n<li>Metody badawcze surowc\u00f3w i\u00a0produkt\u00f3w rolniczych<\/li>\n<li>Dolistne dokarmianie ro\u015blin<\/li>\n<li>Metabolity ro\u015blinne<\/li>\n<li>Odnawialne \u017ar\u00f3d\u0142a energii<\/li>\n<li>Biochemia zagro\u017ce\u0144<\/li>\n<li>Propedeutyka le\u015bnictwa<\/li>\n<li>Szczeg\u00f3\u0142owa hodowla lasu<\/li>\n<li>Dendrometria<\/li>\n<li>Zarz\u0105dzanie w\u00a0le\u015bnictwie<\/li>\n<li>Dendrologia le\u015bna<\/li>\n<li>Technologia drewna<\/li>\n<li>Uboczne u\u017cytkowanie lasu<\/li>\n<li>Nauka o\u00a0surowcu drzewnym<\/li>\n<li>Propedeutyka le\u015bnictwa<\/li>\n<li>Finanse i\u00a0ekonomia le\u015bnictwa<\/li>\n<li>Podstawy prawa<\/li>\n<li>Prawoznawstwo<\/li>\n<li>Prawne uwarunkowania gospodarki przestrzennej<\/li>\n<li>Prawo celne<\/li>\n<li>Etyka<\/li>\n<li>BHP i\u00a0ergonomia<\/li>\n<li>Ochrona w\u0142asno\u015bci intelektualnej i\u00a0bhp<\/li>\n<li>Ochrona w\u0142asno\u015bci intelektualnej<\/li>\n<li>Prawo administracyjne i\u00a0finansowe<\/li>\n<li>Prawo gospodarcze<\/li>\n<li>Prawo rolne<\/li>\n<li>Bioetyka<\/li>\n<li>Prawo w\u00a0turystyce i\u00a0rekreacji<\/li>\n<li>Post\u0119powanie administracyjne<\/li>\n<li>Prawo<\/li>\n<li>Ochrona w\u0142asno\u015bci intelektualnej, ergonomia i\u00a0BHP w\u00a0le\u015bnictwie<\/li>\n<li>Demografia<\/li>\n<li>Socjologia BHP<\/li>\n<li>Socjologia<\/li>\n<li>Komunikacja spo\u0142eczna<\/li>\n<li>Socjologia czasu wolnego<\/li>\n<li>Zarz\u0105dzanie marketingowe<\/li>\n<li>Socjologia wybrane aspekty<\/li>\n<li>Socjologia w\u00a0turystyce<\/li>\n<li>Komunikacja interpersonalna<\/li>\n<li>Teoria gospodarki przestrzennej<\/li>\n<li>Socjologia i\u00a0psychologia \u015brodowiskowa<\/li>\n<li>Metody bada\u0144 GP<\/li>\n<\/ul>\n<\/div>\n<\/div>\n                                        <\/div>\n\t\t\t\t\t\t                                <\/div>\n\t\t\t\t                <div class=\"mn-content-block\">\n\t                                                        <div class=\"block-text\">\n\t                                        <p><a href=\"https:\/\/up.lublin.pl\/agrobio\/wp-content\/uploads\/sites\/2\/2021\/07\/podrecznik_01.jpg\"><img loading=\"lazy\" class=\"alignnone wp-image-142309\" src=\"https:\/\/up.lublin.pl\/agrobio\/wp-content\/uploads\/sites\/2\/2021\/07\/podrecznik_01.jpg\" alt=\"\" width=\"94\" height=\"134\" \/><\/a> <a href=\"https:\/\/up.lublin.pl\/agrobio\/wp-content\/uploads\/sites\/2\/2021\/07\/podrecznik_02.jpg\"><img loading=\"lazy\" class=\"alignnone wp-image-142313 size-full\" src=\"https:\/\/up.lublin.pl\/agrobio\/wp-content\/uploads\/sites\/2\/2021\/07\/podrecznik_02.jpg\" alt=\"\" width=\"94\" height=\"134\" \/><\/a> <a href=\"https:\/\/up.lublin.pl\/agrobio\/wp-content\/uploads\/sites\/2\/2021\/07\/podrecznik_03.jpg\"><img loading=\"lazy\" class=\"alignnone wp-image-142317\" src=\"https:\/\/up.lublin.pl\/agrobio\/wp-content\/uploads\/sites\/2\/2021\/07\/podrecznik_03.jpg\" alt=\"\" width=\"94\" height=\"134\" \/><\/a> <a href=\"https:\/\/up.lublin.pl\/agrobio\/wp-content\/uploads\/sites\/2\/2021\/07\/podrecznik_04.jpg\"><img loading=\"lazy\" class=\"alignnone wp-image-142321\" src=\"https:\/\/up.lublin.pl\/agrobio\/wp-content\/uploads\/sites\/2\/2021\/07\/podrecznik_04.jpg\" alt=\"\" width=\"92\" height=\"134\" \/><\/a> <a href=\"https:\/\/up.lublin.pl\/agrobio\/wp-content\/uploads\/sites\/2\/2021\/07\/podrecznik_05.jpg\"><img loading=\"lazy\" class=\"alignnone wp-image-142325\" src=\"https:\/\/up.lublin.pl\/agrobio\/wp-content\/uploads\/sites\/2\/2021\/07\/podrecznik_05.jpg\" alt=\"\" width=\"93\" height=\"134\" \/><\/a> <a href=\"https:\/\/up.lublin.pl\/agrobio\/wp-content\/uploads\/sites\/2\/2021\/07\/podrecznik_06.jpg\"><img loading=\"lazy\" class=\"alignnone wp-image-142329\" src=\"https:\/\/up.lublin.pl\/agrobio\/wp-content\/uploads\/sites\/2\/2021\/07\/podrecznik_06.jpg\" alt=\"\" width=\"95\" height=\"134\" \/><\/a><\/p>\n                                        <\/div>\n\t\t\t\t\t\t                                <\/div>\n\t\t\t\t\t\t<\/div>\n\t<\/div>\n<\/section>\n\t\t<\/div>\n\t\t\t\t<\/div>\n\t\t\t\t\t\t<\/div>\n\t\t\t\t\t<\/div>\n\t\t<\/div>\n\t\t\t\t\t\t\t\t<\/div>\n\t\t\t\t\t<\/div>\n\t\t<\/section>\n\t\t\t\t\t\t<\/div>\n\t\t\t\t\t\t<\/div>\n\t\t\t\t\t<\/div>\n\t\t","protected":false},"excerpt":{"rendered":"<p>Katedra Ro\u015blin Przemys\u0142owych i&nbsp;Leczniczych Dydaktyka UP Wydzia\u0142 Agrobioin\u017cynierii Dzia\u0142alno\u015b\u0107 dydaktyczna Podr\u0119cznki i&nbsp;skrypty Pracownicy Katedry prowadz\u0105 zaj\u0119cia dydaktyczne na czterech Wydzia\u0142ach: Agrobioin\u017cynierii, \u00a0Ogrodnictwa i\u00a0Architektury Krajobrazu, Nauk o\u00a0Zwierz\u0119tach i\u00a0Biogospodarki, Nauk o\u00a0\u017bywno\u015bci i\u00a0Biotechnologii. Corocznie w\u00a0Katedrze wykonuje prace magisterskie i\u00a0in\u017cynierskie 30-40 student\u00f3w z\u00a0kilku kierunk\u00f3w studi\u00f3w. Realizowane przedmioty: \u00a0Zio\u0142a i\u00a0ro\u015bliny lecznicze Technologie uprawy zi\u00f3\u0142 Produkcja i\u00a0jako\u015b\u0107 zi\u00f3\u0142 Ro\u015bliny zielarskie w\u00a0\u017cywieniu [&hellip;]<\/p>\n","protected":false},"author":2,"featured_media":0,"parent":141011,"menu_order":0,"comment_status":"closed","ping_status":"closed","template":"elementor_header_footer","meta":{"_monsterinsights_skip_tracking":false,"_monsterinsights_sitenote_active":false,"_monsterinsights_sitenote_note":"","_monsterinsights_sitenote_category":0},"_links":{"self":[{"href":"https:\/\/up.lublin.pl\/agrobio\/wp-json\/wp\/v2\/pages\/142345"}],"collection":[{"href":"https:\/\/up.lublin.pl\/agrobio\/wp-json\/wp\/v2\/pages"}],"about":[{"href":"https:\/\/up.lublin.pl\/agrobio\/wp-json\/wp\/v2\/types\/page"}],"author":[{"embeddable":true,"href":"https:\/\/up.lublin.pl\/agrobio\/wp-json\/wp\/v2\/users\/2"}],"replies":[{"embeddable":true,"href":"https:\/\/up.lublin.pl\/agrobio\/wp-json\/wp\/v2\/comments?post=142345"}],"version-history":[{"count":13,"href":"https:\/\/up.lublin.pl\/agrobio\/wp-json\/wp\/v2\/pages\/142345\/revisions"}],"predecessor-version":[{"id":152020,"href":"https:\/\/up.lublin.pl\/agrobio\/wp-json\/wp\/v2\/pages\/142345\/revisions\/152020"}],"up":[{"embeddable":true,"href":"https:\/\/up.lublin.pl\/agrobio\/wp-json\/wp\/v2\/pages\/141011"}],"wp:attachment":[{"href":"https:\/\/up.lublin.pl\/agrobio\/wp-json\/wp\/v2\/media?parent=142345"}],"curies":[{"name":"wp","href":"https:\/\/api.w.org\/{rel}","templated":true}]}}