{"id":142172,"date":"2021-07-28T12:24:55","date_gmt":"2021-07-28T10:24:55","guid":{"rendered":"https:\/\/up.lublin.pl\/agrobio\/?page_id=142172"},"modified":"2021-07-28T12:25:42","modified_gmt":"2021-07-28T10:25:42","slug":"oferta","status":"publish","type":"page","link":"https:\/\/up.lublin.pl\/agrobio\/wydzial\/struktura-i-pracownicy\/katedra-roslin-przemyslowych-i-leczniczych\/oferta\/","title":{"rendered":"Oferta"},"content":{"rendered":"\t\t<div data-elementor-type=\"wp-page\" data-elementor-id=\"142172\" class=\"elementor elementor-142172\" data-elementor-settings=\"[]\">\n\t\t\t\t\t\t<div class=\"elementor-inner\">\n\t\t\t\t\t\t\t<div class=\"elementor-section-wrap\">\n\t\t\t\t\t\t\t<section class=\"elementor-section elementor-top-section elementor-element elementor-element-3f002db elementor-section-boxed elementor-section-height-default elementor-section-height-default\" data-id=\"3f002db\" data-element_type=\"section\">\n\t\t\t\t\t\t<div class=\"elementor-container elementor-column-gap-default\">\n\t\t\t\t\t\t\t<div class=\"elementor-row\">\n\t\t\t\t\t<div class=\"elementor-column elementor-col-100 elementor-top-column elementor-element elementor-element-b4c06e2\" data-id=\"b4c06e2\" data-element_type=\"column\">\n\t\t\t<div class=\"elementor-column-wrap elementor-element-populated\">\n\t\t\t\t\t\t\t<div class=\"elementor-widget-wrap\">\n\t\t\t\t\t\t<div class=\"elementor-element elementor-element-502bfe3 elementor-widget elementor-widget-m2e\" data-id=\"502bfe3\" data-element_type=\"widget\" data-widget_type=\"m2e.default\">\n\t\t\t\t<div class=\"elementor-widget-container\">\n\t\t\t<section class=\"mn-m2-e mn-bg-green\">\n\t<div class=\"mn-grid\">\n\t\t<div class=\"mn-grid-3 mn-introtext\">\n\t\t\t\t\t\t\t\t\t\t<h3>\n\t\t\t\t\tOferta\t\t\t\t<\/h3>\n\t\t\t\t\t\t\t\t\t\t\t\t<\/div>\n\t\t<div class=\"mn-grid-9 mn-image-container\">\n\t\t\t\t\t<\/div>\n\t<\/div>\n\t<\/section>\n\t\t<\/div>\n\t\t\t\t<\/div>\n\t\t\t\t\t\t<\/div>\n\t\t\t\t\t<\/div>\n\t\t<\/div>\n\t\t\t\t\t\t\t\t<\/div>\n\t\t\t\t\t<\/div>\n\t\t<\/section>\n\t\t\t\t<section class=\"elementor-section elementor-top-section elementor-element elementor-element-e55e1ee elementor-section-boxed elementor-section-height-default elementor-section-height-default\" data-id=\"e55e1ee\" data-element_type=\"section\">\n\t\t\t\t\t\t<div class=\"elementor-container elementor-column-gap-default\">\n\t\t\t\t\t\t\t<div class=\"elementor-row\">\n\t\t\t\t\t<div class=\"elementor-column elementor-col-100 elementor-top-column elementor-element elementor-element-b0669d1\" data-id=\"b0669d1\" data-element_type=\"column\">\n\t\t\t<div class=\"elementor-column-wrap elementor-element-populated\">\n\t\t\t\t\t\t\t<div class=\"elementor-widget-wrap\">\n\t\t\t\t\t\t<div class=\"elementor-element elementor-element-38b0ddb elementor-widget elementor-widget-m5c\" data-id=\"38b0ddb\" data-element_type=\"widget\" data-widget_type=\"m5c.default\">\n\t\t\t\t<div class=\"elementor-widget-container\">\n\t\t\t<section class=\"mn-m5-c mn-m5-d2 mn-bg-white\">\n\t<div class=\"mn-grid\">\n\t\t\t\t<div class=\"mn-content mn-grid-9\">\n\t\t\t                <div class=\"mn-content-block active\">\n\t                                                        <div class=\"block-text\">\n\t                                        <h1>Katedra oferuje:<\/h1>\n<p>\u2022 Szkolenia w&nbsp;zakresie uprawy i&nbsp;zbioru ro\u015blin zielarskich<br \/>\u2022 Szkolenia w&nbsp;zakresie zbioru ro\u015blin zielarskich ze stanowisk naturalnych <br \/>\u2022 Szkolenia w&nbsp;zakresie ekologicznej uprawy ro\u015blin leczniczych i&nbsp;aromatycznych <br \/>\u2022 Szkolenia w&nbsp;zakresie towaroznawstwa surowc\u00f3w zielarskich<br \/>\u2022 Opracowywanie technologii uprawy ro\u015blin zielarskich<br \/>\u2022 Oznaczenia zawarto\u015bci substancji aktywnych w&nbsp;surowcach zielarskich (do uzgodnieniu)<\/p>\n<p>Us\u0142ugi doradcze w&nbsp;zakresie dolistnego dokarmiania ro\u015blin:<\/p>\n<ul>\n<li>Dla firm:<\/li>\n<\/ul>\n<p>&#8211; Szkolenia dotycz\u0105ce dolistnego dokarmiania ro\u015blin<br \/>&#8211; Ustalenie receptury nawoz\u00f3w dolistnych pod okre\u015blone uprawy w&nbsp;zale\u017cno\u015bci od odczynu gleby i&nbsp;zmiennych potrzeb pokarmowych ro\u015blin w&nbsp;okresie ich wegetacji<br \/>&#8211; Ocena wp\u0142ywu dokarmiania dolistnego na plony i&nbsp;jako\u015b\u0107 wybranych ro\u015blin uprawnych<\/p>\n<ul>\n<li>Dla rolnik\u00f3w<\/li>\n<\/ul>\n<p>&#8211; Opracowanie technologii dokarmiania dolistnego wybranych ro\u015blin uprawnych w&nbsp;okresie ich wegetacji<\/p>\n<p><b>Kontakt:<\/b><\/p>\n<p>Katedra Ro\u015blin Przemys\u0142owych i&nbsp;Leczniczych<br \/>20-950 Lublin 1, skr. poczt. 158,<br \/>ul. Akademicka 15<\/p>\n                                        <\/div>\n\t\t\t\t\t\t                                <\/div>\n\t\t\t\t                <div class=\"mn-content-block\">\n\t                                <\/div>\n\t\t\t\t                <div class=\"mn-content-block\">\n\t                                <\/div>\n\t\t\t\t                <div class=\"mn-content-block\">\n\t                                <\/div>\n\t\t\t\t                <div class=\"mn-content-block\">\n\t                                <\/div>\n\t\t\t\t                <div class=\"mn-content-block\">\n\t                                <\/div>\n\t\t\t\t                <div class=\"mn-content-block\">\n\t                                <\/div>\n\t\t\t\t                <div class=\"mn-content-block\">\n\t                                <\/div>\n\t\t\t\t                <div class=\"mn-content-block\">\n\t                                <\/div>\n\t\t\t\t                <div class=\"mn-content-block\">\n\t                                <\/div>\n\t\t\t\t                <div class=\"mn-content-block\">\n\t                                <\/div>\n\t\t\t\t                <div class=\"mn-content-block\">\n\t                                <\/div>\n\t\t\t\t                <div class=\"mn-content-block\">\n\t                                <\/div>\n\t\t\t\t                <div class=\"mn-content-block\">\n\t                                <\/div>\n\t\t\t\t                <div class=\"mn-content-block\">\n\t                                <\/div>\n\t\t\t\t                <div class=\"mn-content-block\">\n\t                                <\/div>\n\t\t\t\t                <div class=\"mn-content-block\">\n\t                                <\/div>\n\t\t\t\t                <div class=\"mn-content-block\">\n\t                                <\/div>\n\t\t\t\t                <div class=\"mn-content-block\">\n\t                                <\/div>\n\t\t\t\t                <div class=\"mn-content-block\">\n\t                                <\/div>\n\t\t\t\t\t\t<\/div>\n\t<\/div>\n<\/section>\n\t\t<\/div>\n\t\t\t\t<\/div>\n\t\t\t\t\t\t<\/div>\n\t\t\t\t\t<\/div>\n\t\t<\/div>\n\t\t\t\t\t\t\t\t<\/div>\n\t\t\t\t\t<\/div>\n\t\t<\/section>\n\t\t\t\t\t\t<\/div>\n\t\t\t\t\t\t<\/div>\n\t\t\t\t\t<\/div>\n\t\t","protected":false},"excerpt":{"rendered":"<p>Oferta UP Wydzia\u0142 Agrobioin\u017cynierii Katedra oferuje: \u2022 Szkolenia w&nbsp;zakresie uprawy i&nbsp;zbioru ro\u015blin zielarskich\u2022 Szkolenia w&nbsp;zakresie zbioru ro\u015blin zielarskich ze stanowisk naturalnych \u2022 Szkolenia w&nbsp;zakresie ekologicznej uprawy ro\u015blin leczniczych i&nbsp;aromatycznych \u2022 Szkolenia w&nbsp;zakresie towaroznawstwa surowc\u00f3w zielarskich\u2022 Opracowywanie technologii uprawy ro\u015blin zielarskich\u2022 Oznaczenia zawarto\u015bci substancji aktywnych w&nbsp;surowcach zielarskich (do uzgodnieniu) Us\u0142ugi doradcze w&nbsp;zakresie dolistnego dokarmiania ro\u015blin: Dla [&hellip;]<\/p>\n","protected":false},"author":2,"featured_media":0,"parent":141011,"menu_order":0,"comment_status":"closed","ping_status":"closed","template":"elementor_header_footer","meta":{"_monsterinsights_skip_tracking":false,"_monsterinsights_sitenote_active":false,"_monsterinsights_sitenote_note":"","_monsterinsights_sitenote_category":0},"_links":{"self":[{"href":"https:\/\/up.lublin.pl\/agrobio\/wp-json\/wp\/v2\/pages\/142172"}],"collection":[{"href":"https:\/\/up.lublin.pl\/agrobio\/wp-json\/wp\/v2\/pages"}],"about":[{"href":"https:\/\/up.lublin.pl\/agrobio\/wp-json\/wp\/v2\/types\/page"}],"author":[{"embeddable":true,"href":"https:\/\/up.lublin.pl\/agrobio\/wp-json\/wp\/v2\/users\/2"}],"replies":[{"embeddable":true,"href":"https:\/\/up.lublin.pl\/agrobio\/wp-json\/wp\/v2\/comments?post=142172"}],"version-history":[{"count":4,"href":"https:\/\/up.lublin.pl\/agrobio\/wp-json\/wp\/v2\/pages\/142172\/revisions"}],"predecessor-version":[{"id":142176,"href":"https:\/\/up.lublin.pl\/agrobio\/wp-json\/wp\/v2\/pages\/142172\/revisions\/142176"}],"up":[{"embeddable":true,"href":"https:\/\/up.lublin.pl\/agrobio\/wp-json\/wp\/v2\/pages\/141011"}],"wp:attachment":[{"href":"https:\/\/up.lublin.pl\/agrobio\/wp-json\/wp\/v2\/media?parent=142172"}],"curies":[{"name":"wp","href":"https:\/\/api.w.org\/{rel}","templated":true}]}}