{"id":141919,"date":"2021-07-28T11:34:31","date_gmt":"2021-07-28T09:34:31","guid":{"rendered":"https:\/\/up.lublin.pl\/agrobio\/?page_id=141919"},"modified":"2021-07-28T12:24:22","modified_gmt":"2021-07-28T10:24:22","slug":"galeria","status":"publish","type":"page","link":"https:\/\/up.lublin.pl\/agrobio\/wydzial\/struktura-i-pracownicy\/katedra-roslin-przemyslowych-i-leczniczych\/galeria\/","title":{"rendered":"Galeria"},"content":{"rendered":"\t\t<div data-elementor-type=\"wp-page\" data-elementor-id=\"141919\" class=\"elementor elementor-141919\" data-elementor-settings=\"[]\">\n\t\t\t\t\t\t<div class=\"elementor-inner\">\n\t\t\t\t\t\t\t<div class=\"elementor-section-wrap\">\n\t\t\t\t\t\t\t<section class=\"elementor-section elementor-top-section elementor-element elementor-element-bd885cf elementor-section-boxed elementor-section-height-default elementor-section-height-default\" data-id=\"bd885cf\" data-element_type=\"section\">\n\t\t\t\t\t\t<div class=\"elementor-container elementor-column-gap-default\">\n\t\t\t\t\t\t\t<div class=\"elementor-row\">\n\t\t\t\t\t<div class=\"elementor-column elementor-col-100 elementor-top-column elementor-element elementor-element-b0d4edf\" data-id=\"b0d4edf\" data-element_type=\"column\">\n\t\t\t<div class=\"elementor-column-wrap elementor-element-populated\">\n\t\t\t\t\t\t\t<div class=\"elementor-widget-wrap\">\n\t\t\t\t\t\t<div class=\"elementor-element elementor-element-1a6391a elementor-widget elementor-widget-m2e\" data-id=\"1a6391a\" data-element_type=\"widget\" data-widget_type=\"m2e.default\">\n\t\t\t\t<div class=\"elementor-widget-container\">\n\t\t\t<section class=\"mn-m2-e mn-bg-green\">\n\t<div class=\"mn-grid\">\n\t\t<div class=\"mn-grid-3 mn-introtext\">\n\t\t\t\t\t\t\t\t\t\t<h3>\n\t\t\t\t\tGaleria\t\t\t\t<\/h3>\n\t\t\t\t\t\t\t\t\t\t\t\t<\/div>\n\t\t<div class=\"mn-grid-9 mn-image-container\">\n\t\t\t\t\t<\/div>\n\t<\/div>\n\t<\/section>\n\t\t<\/div>\n\t\t\t\t<\/div>\n\t\t\t\t\t\t<\/div>\n\t\t\t\t\t<\/div>\n\t\t<\/div>\n\t\t\t\t\t\t\t\t<\/div>\n\t\t\t\t\t<\/div>\n\t\t<\/section>\n\t\t\t\t<section class=\"elementor-section elementor-top-section elementor-element elementor-element-f3a6733 elementor-section-boxed elementor-section-height-default elementor-section-height-default\" data-id=\"f3a6733\" data-element_type=\"section\">\n\t\t\t\t\t\t<div class=\"elementor-container elementor-column-gap-default\">\n\t\t\t\t\t\t\t<div class=\"elementor-row\">\n\t\t\t\t\t<div class=\"elementor-column elementor-col-100 elementor-top-column elementor-element elementor-element-0450eec\" data-id=\"0450eec\" data-element_type=\"column\">\n\t\t\t<div class=\"elementor-column-wrap elementor-element-populated\">\n\t\t\t\t\t\t\t<div class=\"elementor-widget-wrap\">\n\t\t\t\t\t\t<div class=\"elementor-element elementor-element-7a7a2ef elementor-widget elementor-widget-m5c\" data-id=\"7a7a2ef\" data-element_type=\"widget\" data-widget_type=\"m5c.default\">\n\t\t\t\t<div class=\"elementor-widget-container\">\n\t\t\t<section class=\"mn-m5-c mn-m5-d2 mn-bg-white\">\n\t<div class=\"mn-grid\">\n\t\t\t\t<div class=\"mn-content mn-grid-9\">\n\t\t\t                <div class=\"mn-content-block active\">\n\t                                                        <div class=\"block-text\">\n\t                                        <div class=\"content\">\n<h3>Ro\u015bliny przemys\u0142owe:<\/h3>\n<h4>Chmiel<\/h4>\n<p><a href=\"https:\/\/up.lublin.pl\/agrobio\/wp-content\/uploads\/sites\/2\/2021\/07\/chmiel_01.jpg\"><img loading=\"lazy\" class=\"wp-image-141942 alignleft\" src=\"https:\/\/up.lublin.pl\/agrobio\/wp-content\/uploads\/sites\/2\/2021\/07\/chmiel_01.jpg\" alt=\"\" width=\"145\" height=\"109\" \/><\/a> <a href=\"https:\/\/up.lublin.pl\/agrobio\/wp-content\/uploads\/sites\/2\/2021\/07\/chmiel_03.jpg\"><img loading=\"lazy\" class=\"wp-image-141950 alignleft\" src=\"https:\/\/up.lublin.pl\/agrobio\/wp-content\/uploads\/sites\/2\/2021\/07\/chmiel_03.jpg\" alt=\"\" width=\"175\" height=\"107\" \/><\/a> <a href=\"https:\/\/up.lublin.pl\/agrobio\/wp-content\/uploads\/sites\/2\/2021\/07\/chmiel_02.jpg\"><img loading=\"lazy\" class=\"wp-image-141946 alignleft\" src=\"https:\/\/up.lublin.pl\/agrobio\/wp-content\/uploads\/sites\/2\/2021\/07\/chmiel_02.jpg\" alt=\"\" width=\"83\" height=\"106\" \/><\/a> <a href=\"https:\/\/up.lublin.pl\/agrobio\/wp-content\/uploads\/sites\/2\/2021\/07\/chmiel_04.jpg\"><img loading=\"lazy\" class=\"wp-image-141954 alignleft\" src=\"https:\/\/up.lublin.pl\/agrobio\/wp-content\/uploads\/sites\/2\/2021\/07\/chmiel_04.jpg\" alt=\"\" width=\"127\" height=\"106\" \/><\/a><\/p>\n<h4>\u00a0<\/h4>\n<h4>\u00a0<\/h4>\n<\/div>\n<h4>\u00a0<\/h4>\n<p>\u00a0<\/p>\n                                        <\/div>\n\t\t\t\t\t\t                                                        <div class=\"block-text\">\n\t                                        <h4>Tyto\u0144<\/h4>\n<p><a href=\"https:\/\/up.lublin.pl\/agrobio\/wp-content\/uploads\/sites\/2\/2021\/07\/tyton_03.jpg\"><img loading=\"lazy\" class=\"wp-image-142066 alignleft\" src=\"https:\/\/up.lublin.pl\/agrobio\/wp-content\/uploads\/sites\/2\/2021\/07\/tyton_03.jpg\" alt=\"\" width=\"215\" height=\"147\" \/><\/a> <a href=\"https:\/\/up.lublin.pl\/agrobio\/wp-content\/uploads\/sites\/2\/2021\/07\/tyton_01.jpg\"><img loading=\"lazy\" class=\"wp-image-142058 alignleft\" src=\"https:\/\/up.lublin.pl\/agrobio\/wp-content\/uploads\/sites\/2\/2021\/07\/tyton_01.jpg\" alt=\"\" width=\"101\" height=\"146\" \/><\/a> <a href=\"https:\/\/up.lublin.pl\/agrobio\/wp-content\/uploads\/sites\/2\/2021\/07\/tyton_02.jpg\"><img loading=\"lazy\" class=\"wp-image-142062 alignleft\" src=\"https:\/\/up.lublin.pl\/agrobio\/wp-content\/uploads\/sites\/2\/2021\/07\/tyton_02.jpg\" alt=\"\" width=\"245\" height=\"145\" \/><\/a><\/p>\n<h4>\u00a0<\/h4>\n<p>\u00a0<\/p>\n<p>\u00a0<\/p>\n<p>\u00a0<\/p>\n                                        <\/div>\n\t\t\t\t\t\t                                                        <div class=\"block-text\">\n\t                                        <h4>Wierzba<\/h4>\n<p><a href=\"https:\/\/up.lublin.pl\/agrobio\/wp-content\/uploads\/sites\/2\/2021\/07\/wierzba_03.jpg\"><img loading=\"lazy\" class=\" wp-image-142078 alignleft\" src=\"https:\/\/up.lublin.pl\/agrobio\/wp-content\/uploads\/sites\/2\/2021\/07\/wierzba_03.jpg\" alt=\"\" width=\"93\" height=\"124\" \/><\/a> <a href=\"https:\/\/up.lublin.pl\/agrobio\/wp-content\/uploads\/sites\/2\/2021\/07\/wierzba_04.jpg\"><img loading=\"lazy\" class=\" wp-image-142082 alignleft\" src=\"https:\/\/up.lublin.pl\/agrobio\/wp-content\/uploads\/sites\/2\/2021\/07\/wierzba_04.jpg\" alt=\"\" width=\"167\" height=\"125\" \/><\/a> <a href=\"https:\/\/up.lublin.pl\/agrobio\/wp-content\/uploads\/sites\/2\/2021\/07\/wierzba_01.jpg\"><img loading=\"lazy\" class=\" wp-image-142070 alignleft\" src=\"https:\/\/up.lublin.pl\/agrobio\/wp-content\/uploads\/sites\/2\/2021\/07\/wierzba_01.jpg\" alt=\"\" width=\"167\" height=\"125\" \/><\/a> <a href=\"https:\/\/up.lublin.pl\/agrobio\/wp-content\/uploads\/sites\/2\/2021\/07\/wierzba_02.jpg\"><img loading=\"lazy\" class=\" wp-image-142074 alignleft\" src=\"https:\/\/up.lublin.pl\/agrobio\/wp-content\/uploads\/sites\/2\/2021\/07\/wierzba_02.jpg\" alt=\"\" width=\"95\" height=\"126\" \/><\/a><\/p>\n<h4>\u00a0<\/h4>\n<p>\u00a0<\/p>\n<p>\u00a0<\/p>\n<p>\u00a0<\/p>\n                                        <\/div>\n\t\t\t\t\t\t                                                        <div class=\"block-text\">\n\t                                        <h3>Ro\u015bliny zielarskie:<\/h3>\n<h4>\u017be\u0144-sze\u0144<\/h4>\n<p><a href=\"https:\/\/up.lublin.pl\/agrobio\/wp-content\/uploads\/sites\/2\/2021\/07\/zenszen_03.jpg\"><img loading=\"lazy\" class=\"wp-image-142110 alignleft\" src=\"https:\/\/up.lublin.pl\/agrobio\/wp-content\/uploads\/sites\/2\/2021\/07\/zenszen_03.jpg\" alt=\"\" width=\"168\" height=\"126\" \/><\/a> <a href=\"https:\/\/up.lublin.pl\/agrobio\/wp-content\/uploads\/sites\/2\/2021\/07\/zenszen_04.jpg\"><img loading=\"lazy\" class=\"wp-image-142114 alignleft\" src=\"https:\/\/up.lublin.pl\/agrobio\/wp-content\/uploads\/sites\/2\/2021\/07\/zenszen_04.jpg\" alt=\"\" width=\"111\" height=\"126\" \/><\/a> <a href=\"https:\/\/up.lublin.pl\/agrobio\/wp-content\/uploads\/sites\/2\/2021\/07\/zenszen_02.jpg\"><img loading=\"lazy\" class=\" wp-image-142106 alignleft\" src=\"https:\/\/up.lublin.pl\/agrobio\/wp-content\/uploads\/sites\/2\/2021\/07\/zenszen_02.jpg\" alt=\"\" width=\"162\" height=\"122\" \/><\/a> <a href=\"https:\/\/up.lublin.pl\/agrobio\/wp-content\/uploads\/sites\/2\/2021\/07\/zenszen_01.jpg\"><img loading=\"lazy\" class=\" wp-image-142102 alignleft\" src=\"https:\/\/up.lublin.pl\/agrobio\/wp-content\/uploads\/sites\/2\/2021\/07\/zenszen_01.jpg\" alt=\"\" width=\"155\" height=\"116\" \/><\/a><\/p>\n<h4>\u00a0<\/h4>\n<p>\u00a0<\/p>\n<p>\u00a0<\/p>\n<p>\u00a0<\/p>\n                                        <\/div>\n\t\t\t\t\t\t                                                        <div class=\"block-text\">\n\t                                        <h4>Mi\u0119ta pieprzowa<\/h4>\n<p><a href=\"https:\/\/up.lublin.pl\/agrobio\/wp-content\/uploads\/sites\/2\/2021\/07\/mieta_pieprzowa_zbior-266x200-1.jpg\"><img loading=\"lazy\" class=\"size-full wp-image-142002 alignleft\" src=\"https:\/\/up.lublin.pl\/agrobio\/wp-content\/uploads\/sites\/2\/2021\/07\/mieta_pieprzowa_zbior-266x200-1.jpg\" alt=\"\" width=\"266\" height=\"200\" \/><\/a> <a href=\"https:\/\/up.lublin.pl\/agrobio\/wp-content\/uploads\/sites\/2\/2021\/07\/mieta_pieprzowa_nawadnianie-266x200-1.jpg\"><img loading=\"lazy\" class=\"size-full wp-image-141998 alignleft\" src=\"https:\/\/up.lublin.pl\/agrobio\/wp-content\/uploads\/sites\/2\/2021\/07\/mieta_pieprzowa_nawadnianie-266x200-1.jpg\" alt=\"\" width=\"266\" height=\"200\" \/><\/a><\/p>\n<h4>\u00a0<\/h4>\n<p>\u00a0<\/p>\n<p>\u00a0<\/p>\n<p>\u00a0<\/p>\n<p>\u00a0<\/p>\n<p>\u00a0<\/p>\n                                        <\/div>\n\t\t\t\t\t\t                                                        <div class=\"block-text\">\n\t                                        <h4>Nagietek lekarski<\/h4>\n<div><a href=\"https:\/\/up.lublin.pl\/agrobio\/wp-content\/uploads\/sites\/2\/2021\/07\/nagietek_lekarski_odmianowe_01.jpg\"><img loading=\"lazy\" class=\"wp-image-142014 alignnone\" src=\"https:\/\/up.lublin.pl\/agrobio\/wp-content\/uploads\/sites\/2\/2021\/07\/nagietek_lekarski_odmianowe_01.jpg\" alt=\"\" width=\"151\" height=\"113\" \/><\/a><\/div>\n                                        <\/div>\n\t\t\t\t\t\t                                                        <div class=\"block-text\">\n\t                                        <h4>Lubczyk lekarski<\/h4>\n<p><a href=\"https:\/\/up.lublin.pl\/agrobio\/wp-content\/uploads\/sites\/2\/2021\/07\/lubczyk_lekarski_plantacja.jpg\"><img loading=\"lazy\" class=\" wp-image-141990 alignnone\" src=\"https:\/\/up.lublin.pl\/agrobio\/wp-content\/uploads\/sites\/2\/2021\/07\/lubczyk_lekarski_plantacja.jpg\" alt=\"\" width=\"165\" height=\"109\" \/><\/a> <a href=\"https:\/\/up.lublin.pl\/agrobio\/wp-content\/uploads\/sites\/2\/2021\/07\/lubczyk_podziemna.jpg\"><img loading=\"lazy\" class=\" wp-image-141994 alignnone\" src=\"https:\/\/up.lublin.pl\/agrobio\/wp-content\/uploads\/sites\/2\/2021\/07\/lubczyk_podziemna.jpg\" alt=\"\" width=\"172\" height=\"114\" \/><\/a><\/p>\n<h4>Prawo\u015blaz lekarski<\/h4>\n<p><a href=\"https:\/\/up.lublin.pl\/agrobio\/wp-content\/uploads\/sites\/2\/2021\/07\/prawoslaz_sadzonki.jpg\"><img loading=\"lazy\" class=\" wp-image-142026 alignnone\" src=\"https:\/\/up.lublin.pl\/agrobio\/wp-content\/uploads\/sites\/2\/2021\/07\/prawoslaz_sadzonki.jpg\" alt=\"\" width=\"193\" height=\"128\" \/><\/a> <a href=\"https:\/\/up.lublin.pl\/agrobio\/wp-content\/uploads\/sites\/2\/2021\/07\/prawoslaz_pomiary.jpg\"><img loading=\"lazy\" class=\" wp-image-142022 alignnone\" src=\"https:\/\/up.lublin.pl\/agrobio\/wp-content\/uploads\/sites\/2\/2021\/07\/prawoslaz_pomiary.jpg\" alt=\"\" width=\"90\" height=\"132\" \/><\/a><\/p>\n<h4>Koz\u0142ek lekarski<\/h4>\n<p><a href=\"https:\/\/up.lublin.pl\/agrobio\/wp-content\/uploads\/sites\/2\/2021\/07\/kozlek_01.jpg\"><img loading=\"lazy\" class=\"wp-image-141974 alignleft\" src=\"https:\/\/up.lublin.pl\/agrobio\/wp-content\/uploads\/sites\/2\/2021\/07\/kozlek_01.jpg\" alt=\"\" width=\"217\" height=\"163\" \/><\/a> <a href=\"https:\/\/up.lublin.pl\/agrobio\/wp-content\/uploads\/sites\/2\/2021\/07\/kozlek_02.jpg\"><img loading=\"lazy\" class=\"wp-image-141978 alignleft\" src=\"https:\/\/up.lublin.pl\/agrobio\/wp-content\/uploads\/sites\/2\/2021\/07\/kozlek_02.jpg\" alt=\"\" width=\"129\" height=\"161\" \/><\/a> <a href=\"https:\/\/up.lublin.pl\/agrobio\/wp-content\/uploads\/sites\/2\/2021\/07\/kozlek_03.jpg\"><img loading=\"lazy\" class=\"wp-image-141982 alignleft\" src=\"https:\/\/up.lublin.pl\/agrobio\/wp-content\/uploads\/sites\/2\/2021\/07\/kozlek_03.jpg\" alt=\"\" width=\"157\" height=\"157\" \/><\/a> <a href=\"https:\/\/up.lublin.pl\/agrobio\/wp-content\/uploads\/sites\/2\/2021\/07\/kozlek_04.jpg\"><img loading=\"lazy\" class=\"wp-image-141986 alignleft\" src=\"https:\/\/up.lublin.pl\/agrobio\/wp-content\/uploads\/sites\/2\/2021\/07\/kozlek_04.jpg\" alt=\"\" width=\"126\" height=\"154\" \/><\/a><\/p>\n<h4>\u00a0<\/h4>\n<p>\u00a0<\/p>\n<p>\u00a0<\/p>\n<p>\u00a0<\/p>\n                                        <\/div>\n\t\t\t\t\t\t                                                        <div class=\"block-text\">\n\t                                        <h4>Tymianek pospolity<\/h4>\n<p><a href=\"https:\/\/up.lublin.pl\/agrobio\/wp-content\/uploads\/sites\/2\/2021\/07\/tymianek_01.jpg\"><img loading=\"lazy\" class=\" wp-image-142050 alignnone\" src=\"https:\/\/up.lublin.pl\/agrobio\/wp-content\/uploads\/sites\/2\/2021\/07\/tymianek_01.jpg\" alt=\"\" width=\"227\" height=\"171\" \/><\/a> <a href=\"https:\/\/up.lublin.pl\/agrobio\/wp-content\/uploads\/sites\/2\/2021\/07\/tymianek_02.jpg\"><img loading=\"lazy\" class=\" wp-image-142054 alignnone\" src=\"https:\/\/up.lublin.pl\/agrobio\/wp-content\/uploads\/sites\/2\/2021\/07\/tymianek_02.jpg\" alt=\"\" width=\"234\" height=\"176\" \/><\/a><\/p>\n<h4>Rumianek pospolity<\/h4>\n<h4><a href=\"https:\/\/up.lublin.pl\/agrobio\/wp-content\/uploads\/sites\/2\/2021\/07\/rumianek_pospolity.jpg\"><img loading=\"lazy\" class=\" wp-image-142030 alignnone\" src=\"https:\/\/up.lublin.pl\/agrobio\/wp-content\/uploads\/sites\/2\/2021\/07\/rumianek_pospolity.jpg\" alt=\"\" width=\"163\" height=\"122\" \/><\/a><\/h4>\n<h4>Karczoch zwyczajny<\/h4>\n<dl id=\"attachment_405\">\n<dt><a href=\"https:\/\/up.lublin.pl\/agrobio\/wp-content\/uploads\/sites\/2\/2021\/07\/karczoch_zwyczajny_nawadnianie.jpg\"><img loading=\"lazy\" class=\" wp-image-141966 alignnone\" src=\"https:\/\/up.lublin.pl\/agrobio\/wp-content\/uploads\/sites\/2\/2021\/07\/karczoch_zwyczajny_nawadnianie.jpg\" alt=\"\" width=\"181\" height=\"102\" \/><\/a><\/dt>\n<dt><strong>Kozieradka pospolita<\/strong><\/dt>\n<dt><a href=\"https:\/\/up.lublin.pl\/agrobio\/wp-content\/uploads\/sites\/2\/2021\/07\/kozieradka.jpg\"><img loading=\"lazy\" class=\" wp-image-141970 alignnone\" src=\"https:\/\/up.lublin.pl\/agrobio\/wp-content\/uploads\/sites\/2\/2021\/07\/kozieradka.jpg\" alt=\"\" width=\"140\" height=\"175\" \/><\/a> <a href=\"https:\/\/up.lublin.pl\/agrobio\/wp-content\/uploads\/sites\/2\/2021\/07\/trigonellae.jpg\"><img loading=\"lazy\" class=\" wp-image-142046 alignnone\" src=\"https:\/\/up.lublin.pl\/agrobio\/wp-content\/uploads\/sites\/2\/2021\/07\/trigonellae.jpg\" alt=\"\" width=\"178\" height=\"174\" \/><\/a><\/dt>\n<\/dl>\n<h4>Arnika \u0142\u0105kowa<\/h4>\n<h4><a href=\"https:\/\/up.lublin.pl\/agrobio\/wp-content\/uploads\/sites\/2\/2021\/07\/arnika_lakowa_kwiaty.jpg\"><img loading=\"lazy\" class=\" wp-image-141930 alignnone\" src=\"https:\/\/up.lublin.pl\/agrobio\/wp-content\/uploads\/sites\/2\/2021\/07\/arnika_lakowa_kwiaty.jpg\" alt=\"\" width=\"215\" height=\"161\" \/><\/a> <a href=\"https:\/\/up.lublin.pl\/agrobio\/wp-content\/uploads\/sites\/2\/2021\/07\/arnika_lakowa.jpg\"><img loading=\"lazy\" class=\" wp-image-141926 alignnone\" src=\"https:\/\/up.lublin.pl\/agrobio\/wp-content\/uploads\/sites\/2\/2021\/07\/arnika_lakowa.jpg\" alt=\"\" width=\"120\" height=\"160\" \/><\/a><\/h4>\n<h3>Ro\u015bliny zielarskie wprowadzane do uprawy ze stanu naturalnego:<\/h3>\n<h4>Arnika g\u00f3rska<\/h4>\n<p><a href=\"https:\/\/up.lublin.pl\/agrobio\/wp-content\/uploads\/sites\/2\/2021\/07\/arnika_gorska.jpg\"><img loading=\"lazy\" class=\" wp-image-141922 alignnone\" src=\"https:\/\/up.lublin.pl\/agrobio\/wp-content\/uploads\/sites\/2\/2021\/07\/arnika_gorska.jpg\" alt=\"\" width=\"117\" height=\"155\" \/><\/a><\/p>\n<h4>Babka lancetowata<\/h4>\n<p><a href=\"https:\/\/up.lublin.pl\/agrobio\/wp-content\/uploads\/sites\/2\/2021\/07\/babka_lancetowata.jpg\"><img loading=\"lazy\" class=\" wp-image-141934 alignnone\" src=\"https:\/\/up.lublin.pl\/agrobio\/wp-content\/uploads\/sites\/2\/2021\/07\/babka_lancetowata.jpg\" alt=\"\" width=\"182\" height=\"137\" \/><\/a><\/p>\n<h4>Bez czarny<\/h4>\n<p><a href=\"https:\/\/up.lublin.pl\/agrobio\/wp-content\/uploads\/sites\/2\/2021\/07\/bez_czarny.jpg\"><img loading=\"lazy\" class=\" wp-image-141938 alignnone\" src=\"https:\/\/up.lublin.pl\/agrobio\/wp-content\/uploads\/sites\/2\/2021\/07\/bez_czarny.jpg\" alt=\"\" width=\"179\" height=\"135\" \/><\/a><\/p>\n<h4>Dziurawiec zwyczajny<\/h4>\n<p><a href=\"https:\/\/up.lublin.pl\/agrobio\/wp-content\/uploads\/sites\/2\/2021\/07\/dziurawiec_zwyczajny.jpg\"><img loading=\"lazy\" class=\" wp-image-141958 alignnone\" src=\"https:\/\/up.lublin.pl\/agrobio\/wp-content\/uploads\/sites\/2\/2021\/07\/dziurawiec_zwyczajny.jpg\" alt=\"\" width=\"111\" height=\"148\" \/><\/a><\/p>\n<h4>G\u0142\u00f3g jednoszyjkowy<\/h4>\n<p><a href=\"https:\/\/up.lublin.pl\/agrobio\/wp-content\/uploads\/sites\/2\/2021\/07\/glog_jednoszyjkowy.jpg\"><img loading=\"lazy\" class=\" wp-image-141962 alignnone\" src=\"https:\/\/up.lublin.pl\/agrobio\/wp-content\/uploads\/sites\/2\/2021\/07\/glog_jednoszyjkowy.jpg\" alt=\"\" width=\"135\" height=\"168\" \/><\/a><\/p>\n<h4>Serdecznik pospolity<\/h4>\n<p><a href=\"https:\/\/up.lublin.pl\/agrobio\/wp-content\/uploads\/sites\/2\/2021\/07\/serdecznik_pospolity.jpg\"><img loading=\"lazy\" class=\" wp-image-142038 alignnone\" src=\"https:\/\/up.lublin.pl\/agrobio\/wp-content\/uploads\/sites\/2\/2021\/07\/serdecznik_pospolity.jpg\" alt=\"\" width=\"138\" height=\"172\" \/><\/a><\/p>\n<h4>Naw\u0142o\u0107 pospolita<\/h4>\n<p><a href=\"https:\/\/up.lublin.pl\/agrobio\/wp-content\/uploads\/sites\/2\/2021\/07\/nawloc_pospolita.jpg\"><img loading=\"lazy\" class=\" wp-image-142018 alignnone\" src=\"https:\/\/up.lublin.pl\/agrobio\/wp-content\/uploads\/sites\/2\/2021\/07\/nawloc_pospolita.jpg\" alt=\"\" width=\"103\" height=\"180\" \/><\/a><\/p>\n<h4>Solidaginis virgaureae herba<\/h4>\n<p><a href=\"https:\/\/up.lublin.pl\/agrobio\/wp-content\/uploads\/sites\/2\/2021\/07\/solidaginis.jpg\"><img loading=\"lazy\" class=\" wp-image-142042 alignnone\" src=\"https:\/\/up.lublin.pl\/agrobio\/wp-content\/uploads\/sites\/2\/2021\/07\/solidaginis.jpg\" alt=\"\" width=\"90\" height=\"193\" \/><\/a><\/p>\n<h4>Wiesio\u0142ek dwuletni<\/h4>\n<p><a href=\"https:\/\/up.lublin.pl\/agrobio\/wp-content\/uploads\/sites\/2\/2021\/07\/wiesiolek_dwuletni.jpg\"><img loading=\"lazy\" class=\" wp-image-142098 alignnone\" src=\"https:\/\/up.lublin.pl\/agrobio\/wp-content\/uploads\/sites\/2\/2021\/07\/wiesiolek_dwuletni.jpg\" alt=\"\" width=\"135\" height=\"168\" \/><\/a><\/p>\n<h4>\u017bmijowiec babkowaty<\/h4>\n<p><a href=\"https:\/\/up.lublin.pl\/agrobio\/wp-content\/uploads\/sites\/2\/2021\/07\/zmijowiec_babkowaty_01.jpg\"><img loading=\"lazy\" class=\" wp-image-142118 alignnone\" src=\"https:\/\/up.lublin.pl\/agrobio\/wp-content\/uploads\/sites\/2\/2021\/07\/zmijowiec_babkowaty_01.jpg\" alt=\"\" width=\"195\" height=\"150\" \/><\/a> <a href=\"https:\/\/up.lublin.pl\/agrobio\/wp-content\/uploads\/sites\/2\/2021\/07\/zmijowiec_babkowaty_02.jpg\"><img loading=\"lazy\" class=\" wp-image-142122 alignnone\" src=\"https:\/\/up.lublin.pl\/agrobio\/wp-content\/uploads\/sites\/2\/2021\/07\/zmijowiec_babkowaty_02.jpg\" alt=\"\" width=\"200\" height=\"150\" \/><\/a><\/p>\n<h4>Mniszek pospolity<\/h4>\n<p><a href=\"https:\/\/up.lublin.pl\/agrobio\/wp-content\/uploads\/sites\/2\/2021\/07\/mniszek_pospolity_01.jpg\"><img loading=\"lazy\" class=\" wp-image-142006 alignnone\" src=\"https:\/\/up.lublin.pl\/agrobio\/wp-content\/uploads\/sites\/2\/2021\/07\/mniszek_pospolity_01.jpg\" alt=\"\" width=\"203\" height=\"152\" \/><\/a> <a href=\"https:\/\/up.lublin.pl\/agrobio\/wp-content\/uploads\/sites\/2\/2021\/07\/mniszek_pospolity_02.jpg\"><img loading=\"lazy\" class=\" wp-image-142010 alignnone\" src=\"https:\/\/up.lublin.pl\/agrobio\/wp-content\/uploads\/sites\/2\/2021\/07\/mniszek_pospolity_02.jpg\" alt=\"\" width=\"261\" height=\"150\" \/><\/a><\/p>\n<h4>Wierzba wawrzynkowa<\/h4>\n<p><a href=\"https:\/\/up.lublin.pl\/agrobio\/wp-content\/uploads\/sites\/2\/2021\/07\/wierzba_wawrzynkowa_01.jpg\"><img loading=\"lazy\" class=\" wp-image-142090 alignnone\" src=\"https:\/\/up.lublin.pl\/agrobio\/wp-content\/uploads\/sites\/2\/2021\/07\/wierzba_wawrzynkowa_01.jpg\" alt=\"\" width=\"138\" height=\"184\" \/><\/a> <a href=\"https:\/\/up.lublin.pl\/agrobio\/wp-content\/uploads\/sites\/2\/2021\/07\/wierzba_wawrzynkowa_02.jpg\"><img loading=\"lazy\" class=\" wp-image-142094 alignnone\" src=\"https:\/\/up.lublin.pl\/agrobio\/wp-content\/uploads\/sites\/2\/2021\/07\/wierzba_wawrzynkowa_02.jpg\" alt=\"\" width=\"139\" height=\"184\" \/><\/a><\/p>\n<h4>Wierzba czarniawa<\/h4>\n<p><a href=\"https:\/\/up.lublin.pl\/agrobio\/wp-content\/uploads\/sites\/2\/2021\/07\/wierzba_czarniawa.jpg\"><img loading=\"lazy\" class=\" wp-image-142086 alignnone\" src=\"https:\/\/up.lublin.pl\/agrobio\/wp-content\/uploads\/sites\/2\/2021\/07\/wierzba_czarniawa.jpg\" alt=\"\" width=\"114\" height=\"151\" \/><\/a><\/p>\n<h4>Kora Wierzby<\/h4>\n<p><a href=\"https:\/\/up.lublin.pl\/agrobio\/wp-content\/uploads\/sites\/2\/2021\/07\/salicis_cortex.jpg\"><img loading=\"lazy\" class=\" wp-image-142034 alignnone\" src=\"https:\/\/up.lublin.pl\/agrobio\/wp-content\/uploads\/sites\/2\/2021\/07\/salicis_cortex.jpg\" alt=\"\" width=\"151\" height=\"113\" \/><\/a><\/p>\n                                        <\/div>\n\t\t\t\t\t\t                                <\/div>\n\t\t\t\t                <div class=\"mn-content-block\">\n\t                                <\/div>\n\t\t\t\t                <div class=\"mn-content-block\">\n\t                                <\/div>\n\t\t\t\t                <div class=\"mn-content-block\">\n\t                                <\/div>\n\t\t\t\t                <div class=\"mn-content-block\">\n\t                                <\/div>\n\t\t\t\t                <div class=\"mn-content-block\">\n\t                                <\/div>\n\t\t\t\t                <div class=\"mn-content-block\">\n\t                                <\/div>\n\t\t\t\t                <div class=\"mn-content-block\">\n\t                                <\/div>\n\t\t\t\t                <div class=\"mn-content-block\">\n\t                                <\/div>\n\t\t\t\t                <div class=\"mn-content-block\">\n\t                                <\/div>\n\t\t\t\t                <div class=\"mn-content-block\">\n\t                                <\/div>\n\t\t\t\t                <div class=\"mn-content-block\">\n\t                                <\/div>\n\t\t\t\t                <div class=\"mn-content-block\">\n\t                                <\/div>\n\t\t\t\t                <div class=\"mn-content-block\">\n\t                                <\/div>\n\t\t\t\t                <div class=\"mn-content-block\">\n\t                                <\/div>\n\t\t\t\t                <div class=\"mn-content-block\">\n\t                                <\/div>\n\t\t\t\t                <div class=\"mn-content-block\">\n\t                                <\/div>\n\t\t\t\t                <div class=\"mn-content-block\">\n\t                                <\/div>\n\t\t\t\t                <div class=\"mn-content-block\">\n\t                                <\/div>\n\t\t\t\t                <div class=\"mn-content-block\">\n\t                                <\/div>\n\t\t\t\t\t\t<\/div>\n\t<\/div>\n<\/section>\n\t\t<\/div>\n\t\t\t\t<\/div>\n\t\t\t\t\t\t<\/div>\n\t\t\t\t\t<\/div>\n\t\t<\/div>\n\t\t\t\t\t\t\t\t<\/div>\n\t\t\t\t\t<\/div>\n\t\t<\/section>\n\t\t\t\t\t\t<\/div>\n\t\t\t\t\t\t<\/div>\n\t\t\t\t\t<\/div>\n\t\t","protected":false},"excerpt":{"rendered":"<p>Galeria UP Wydzia\u0142 Agrobioin\u017cynierii Ro\u015bliny przemys\u0142owe: Chmiel \u00a0 \u00a0 \u00a0 \u00a0 Tyto\u0144 \u00a0 \u00a0 \u00a0 \u00a0 Wierzba \u00a0 \u00a0 \u00a0 \u00a0 Ro\u015bliny zielarskie: \u017be\u0144-sze\u0144 \u00a0 \u00a0 \u00a0 \u00a0 Mi\u0119ta pieprzowa \u00a0 \u00a0 \u00a0 \u00a0 \u00a0 \u00a0 Nagietek lekarski Lubczyk lekarski Prawo\u015blaz lekarski Koz\u0142ek lekarski \u00a0 \u00a0 \u00a0 \u00a0 Tymianek pospolity Rumianek pospolity Karczoch zwyczajny Kozieradka [&hellip;]<\/p>\n","protected":false},"author":2,"featured_media":0,"parent":141011,"menu_order":0,"comment_status":"closed","ping_status":"closed","template":"elementor_header_footer","meta":{"_monsterinsights_skip_tracking":false,"_monsterinsights_sitenote_active":false,"_monsterinsights_sitenote_note":"","_monsterinsights_sitenote_category":0},"_links":{"self":[{"href":"https:\/\/up.lublin.pl\/agrobio\/wp-json\/wp\/v2\/pages\/141919"}],"collection":[{"href":"https:\/\/up.lublin.pl\/agrobio\/wp-json\/wp\/v2\/pages"}],"about":[{"href":"https:\/\/up.lublin.pl\/agrobio\/wp-json\/wp\/v2\/types\/page"}],"author":[{"embeddable":true,"href":"https:\/\/up.lublin.pl\/agrobio\/wp-json\/wp\/v2\/users\/2"}],"replies":[{"embeddable":true,"href":"https:\/\/up.lublin.pl\/agrobio\/wp-json\/wp\/v2\/comments?post=141919"}],"version-history":[{"count":46,"href":"https:\/\/up.lublin.pl\/agrobio\/wp-json\/wp\/v2\/pages\/141919\/revisions"}],"predecessor-version":[{"id":142171,"href":"https:\/\/up.lublin.pl\/agrobio\/wp-json\/wp\/v2\/pages\/141919\/revisions\/142171"}],"up":[{"embeddable":true,"href":"https:\/\/up.lublin.pl\/agrobio\/wp-json\/wp\/v2\/pages\/141011"}],"wp:attachment":[{"href":"https:\/\/up.lublin.pl\/agrobio\/wp-json\/wp\/v2\/media?parent=141919"}],"curies":[{"name":"wp","href":"https:\/\/api.w.org\/{rel}","templated":true}]}}