{"id":141568,"date":"2021-07-28T10:37:09","date_gmt":"2021-07-28T08:37:09","guid":{"rendered":"https:\/\/up.lublin.pl\/agrobio\/?page_id=141568"},"modified":"2023-05-25T14:09:43","modified_gmt":"2023-05-25T12:09:43","slug":"o-katedrze","status":"publish","type":"page","link":"https:\/\/up.lublin.pl\/agrobio\/wydzial\/struktura-i-pracownicy\/katedra-roslin-przemyslowych-i-leczniczych\/o-katedrze\/","title":{"rendered":"O Katedrze"},"content":{"rendered":"\t\t<div data-elementor-type=\"wp-page\" data-elementor-id=\"141568\" class=\"elementor elementor-141568\" data-elementor-settings=\"[]\">\n\t\t\t\t\t\t<div class=\"elementor-inner\">\n\t\t\t\t\t\t\t<div class=\"elementor-section-wrap\">\n\t\t\t\t\t\t\t<section class=\"elementor-section elementor-top-section elementor-element elementor-element-b450eab elementor-section-boxed elementor-section-height-default elementor-section-height-default\" data-id=\"b450eab\" data-element_type=\"section\">\n\t\t\t\t\t\t<div class=\"elementor-container elementor-column-gap-default\">\n\t\t\t\t\t\t\t<div class=\"elementor-row\">\n\t\t\t\t\t<div class=\"elementor-column elementor-col-100 elementor-top-column elementor-element elementor-element-7c13a98\" data-id=\"7c13a98\" data-element_type=\"column\">\n\t\t\t<div class=\"elementor-column-wrap elementor-element-populated\">\n\t\t\t\t\t\t\t<div class=\"elementor-widget-wrap\">\n\t\t\t\t\t\t<div class=\"elementor-element elementor-element-22c47e2 elementor-widget elementor-widget-m2e\" data-id=\"22c47e2\" data-element_type=\"widget\" data-widget_type=\"m2e.default\">\n\t\t\t\t<div class=\"elementor-widget-container\">\n\t\t\t<section class=\"mn-m2-e mn-bg-green\">\n\t<div class=\"mn-grid\">\n\t\t<div class=\"mn-grid-3 mn-introtext\">\n\t\t\t\t\t\t\t<p class=\"mn-header\">Katedra Ro\u015blin Przemys\u0142owych i&nbsp;Leczniczych<\/p>\n\t\t\t\t\t\t\t\t\t\t\t<h3>\n\t\t\t\t\tKatedra - informacje\t\t\t\t<\/h3>\n\t\t\t\t\t\t\t\t\t\t\t\t<\/div>\n\t\t<div class=\"mn-grid-9 mn-image-container\">\n\t\t\t\t\t<\/div>\n\t<\/div>\n\t<\/section>\n\t\t<\/div>\n\t\t\t\t<\/div>\n\t\t\t\t\t\t<\/div>\n\t\t\t\t\t<\/div>\n\t\t<\/div>\n\t\t\t\t\t\t\t\t<\/div>\n\t\t\t\t\t<\/div>\n\t\t<\/section>\n\t\t\t\t<section class=\"elementor-section elementor-top-section elementor-element elementor-element-6facec5 elementor-section-boxed elementor-section-height-default elementor-section-height-default\" data-id=\"6facec5\" data-element_type=\"section\">\n\t\t\t\t\t\t<div class=\"elementor-container elementor-column-gap-default\">\n\t\t\t\t\t\t\t<div class=\"elementor-row\">\n\t\t\t\t\t<div class=\"elementor-column elementor-col-100 elementor-top-column elementor-element elementor-element-d551af1\" data-id=\"d551af1\" data-element_type=\"column\">\n\t\t\t<div class=\"elementor-column-wrap elementor-element-populated\">\n\t\t\t\t\t\t\t<div class=\"elementor-widget-wrap\">\n\t\t\t\t\t\t<div class=\"elementor-element elementor-element-7239191 elementor-widget elementor-widget-m5c\" data-id=\"7239191\" data-element_type=\"widget\" data-widget_type=\"m5c.default\">\n\t\t\t\t<div class=\"elementor-widget-container\">\n\t\t\t<section class=\"mn-m5-c mn-bg-white\">\n\t<div class=\"mn-grid\">\n\t\t            <div class=\"mn-menu-container mn-grid-3\">\n                <ul class=\"mn-bg-yellow\">\n\t                                        <li>\n                            <a href=\"#\" class=\"active\" data-hash=\"#historia\">\n                                Historia                            <\/a>\n                        <\/li>\n                                                <li>\n                            <a href=\"#\" class=\"\" data-hash=\"#pracownicy\">\n                                Pracownicy                            <\/a>\n                        <\/li>\n                                        <\/ul>\n            <\/div>\n\t        \t\t<div class=\"mn-content mn-grid-8\">\n\t\t\t                <div class=\"mn-content-block active\">\n\t                                                        <div class=\"block-text\">\n\t                                        <p>Historia powstania Katedry Ro\u015blin Przemys\u0142owych i&nbsp;Leczniczych si\u0119ga 1988 r., bowiem 31 marca tego roku na wniosek prof. dr hab. Stanis\u0142awa Berbecia w&nbsp;Instytucie Szczeg\u00f3\u0142owej Uprawy Ro\u015blin powo\u0142ano Pracowni\u0119 Ro\u015blin Przemys\u0142owych i&nbsp;Leczniczych. Jej kierownictwo powierzono <strong>prof. dr hab. Stanis\u0142awowi Berbeciowi. <\/strong><\/p>\n<table style=\"border-collapse: collapse; width: 100%;\">\n<tbody>\n<tr style=\"border-style: none;\">\n<td style=\"width: 50%; vertical-align: middle;\"><img loading=\"lazy\" class=\"aligncenter size-full wp-image-141021\" src=\"https:\/\/up.lublin.pl\/agrobio\/wp-content\/uploads\/sites\/2\/2021\/06\/rosliny1.jpg\" alt=\"\" width=\"250\" height=\"319\" \/><\/td>\n<td style=\"width: 50%;\">\n<p>W kolejnych latach wzros\u0142a liczba os\u00f3b zajmuj\u0105cych si\u0119 problematyk\u0105 badawcz\u0105 z&nbsp;zakresu ro\u015blin przemys\u0142owych i&nbsp;leczniczych, co stanowi\u0142o podstaw\u0119 do przemianowania (z dniem 30.06 1993 r.) Pracowni w&nbsp;Zak\u0142ad o&nbsp;tej samej nazwie. Wobec du\u017cego zainteresowanie student\u00f3w specjalizacj\u0105 reprezentowan\u0105 przez Zak\u0142ad oraz potrzebami regionu lubelskiego, kt\u00f3ry odgrywa wiod\u0105c\u0105 rol\u0119 w&nbsp;kraju w&nbsp;zakresie uprawy i&nbsp;przerobu surowca ro\u015blin przemys\u0142owych i&nbsp;zielarskich, powsta\u0142a koncepcja powo\u0142ania samodzielnej jednostki dydaktyczno-naukowej, jak\u0105 jest Katedra.<\/p>\n<p>Zar\u00f3wno Rada Wydzia\u0142u Rolniczego jak i&nbsp;Senat Uczelni pozytywnie zaopiniowa\u0142y t\u0119 propozycj\u0119 i&nbsp;Rektor AR &#8211; <strong>prof. dr hab. Marian Weso\u0142owski <\/strong>podj\u0105\u0142 decyzj\u0119 o&nbsp;utworzeniu z&nbsp;dniem 01.01.1997 roku <strong>Katedry Ro\u015blin Przemys\u0142owych i&nbsp;Leczniczych.<\/strong><\/p>\n<\/td>\n<\/tr>\n<\/tbody>\n<\/table>\n<p><a href=\"https:\/\/up.lublin.pl\/agrobio\/wp-content\/uploads\/sites\/2\/2021\/06\/zdjecie_pracownikow_katedry_rkl-1.jpg\"><img loading=\"lazy\" class=\"aligncenter wp-image-141029\" src=\"https:\/\/up.lublin.pl\/agrobio\/wp-content\/uploads\/sites\/2\/2021\/06\/zdjecie_pracownikow_katedry_rkl-1.jpg\" alt=\"\" width=\"540\" height=\"358\" \/><\/a> <em>Foto. Obecni pracownicy Katedry.<\/em><\/p>\n<p>Od czasu powo\u0142ania Katedry trzy osoby uzyska\u0142y tytu\u0142 profesora, (Janusz Wi\u015bniewski, Czes\u0142aw Szewczuk, Barbara Ko\u0142odziej), trzy \u2013 stopie\u0144 doktora habilitowanego (Barbara Ko\u0142odziej, Danuta Sugier, Beata Kr\u00f3l) oraz wiele os\u00f3b \u2013 stopie\u0144 doktora: Beata Kr\u00f3l, Ma\u0142gorzata Gruszczyk , Hubert Moniuszko, Mieczys\u0142aw Dziedzic, Sylwia Andruszczak, Anna Kie\u0142tyka, Rafa\u0142 Magdziak, Marian Mazur, Maria St\u0119pniak, Agnieszka Surmacz-Magdziak, Sylwia Winiarska, Monika \u0106wik\u0142a, Magdalena Szczepanik, Katarzyna Luchowska (wszyscy z&nbsp;zakresu ro\u015blin zielarskich), Danuta Sugier, Paulina Studzi\u0144ska-Jaksim, Krzysztof Kargul i&nbsp;Krzysztof Zawadzki (z chmielu), Ma\u0142gorzata Wysocka (tyto\u0144), Marzena Tomaszewska (rzepak), Magdalena Stachyra (ro\u015bliny energetyczne).<\/p>\n<p><strong>Kierownicy katedry:<\/strong><\/p>\n<ul>\n<li>Prof. dr hab. Stanis\u0142aw Berbe\u0107 (1997 &#8211; 2007)<\/li>\n<li>Prof. dr hab. Janusz Wi\u015bniewski (2007 &#8211; 2010)<\/li>\n<li>Prof. dr hab. Czes\u0142aw Szewczuk (od 2010 &#8211; 2016)<\/li>\n<li>Prof. dr hab. Barbara Ko\u0142odziej (od 2016 r.)<\/li>\n<\/ul>\n                                        <\/div>\n\t\t\t\t\t\t                                <\/div>\n\t\t\t\t                <div class=\"mn-content-block\">\n\t                                                        <div class=\"block-text\">\n\t                                        <h3>Kierownicy Katedry:<\/h3>\n<ul>\n<li>Prof. dr hab. Barbara Ko\u0142odziej (obecna Kierownik Katedry)<\/li>\n<li>Prof. dr hab. Czes\u0142aw Szewczuk (od 2010)<\/li>\n<li>Prof. dr hab. Janusz Wi\u015bniewski (2007 \u2013 2010)<\/li>\n<li>Prof. dr hab. Stanis\u0142aw Berbe\u0107 (1997 \u2013 2007)<\/li>\n<\/ul>\n<h3>Pracownicy naukowi:<\/h3>\n<ul>\n<li>Prof. dr hab. Czes\u0142aw Szewczuk \u2013 profesor zwyczajny<\/li>\n<li>Prof. dr hab. Janusz Wi\u015bniewski \u2013 profesor zwyczajny<\/li>\n<li>Prof. dr hab. Barbara Ko\u0142odziej \u2013 profesor nadzwyczajny<\/li>\n<li>Dr Ma\u0142gorzata Gruszczyk \u2013 adiunkt<\/li>\n<li>Dr Beata Kr\u00f3l \u2013 adiunkt<\/li>\n<li>Dr Danuta Sugier \u2013 adiunkt<\/li>\n<\/ul>\n<h3>Pracownicy in\u017cynieryjno-techniczni:<\/h3>\n<ul>\n<li>Mgr in\u017c. Stanis\u0142aw Ferenc \u2013 specjalista<\/li>\n<li>Mgr in\u017c. Anna Machnacz-Rolla \u2013 specjalista<\/li>\n<li>Mgr in\u017c. Adam Chojecki \u2013 st. technik<\/li>\n<li>Mgr Katarzyna Dro\u017cd\u017cal \u2013 st. technik (chemik)<\/li>\n<\/ul>\n<h3>Pracownicy emerytowani:<\/h3>\n<ul>\n<li>Prof. dr hab. Stanis\u0142aw Berbe\u0107 \u2013 profesor zwyczajny<\/li>\n<li>Mgr Marta Benicewicz \u2013 specjalista<\/li>\n<li>Mgr in\u017c. Wies\u0142awa Pa\u0142ys \u2013 specjalista<\/li>\n<\/ul>\n                                        <\/div>\n\t\t\t\t\t\t                                <\/div>\n\t\t\t\t\t\t<\/div>\n\t<\/div>\n<\/section>\n\t\t<\/div>\n\t\t\t\t<\/div>\n\t\t\t\t\t\t<\/div>\n\t\t\t\t\t<\/div>\n\t\t<\/div>\n\t\t\t\t\t\t\t\t<\/div>\n\t\t\t\t\t<\/div>\n\t\t<\/section>\n\t\t\t\t\t\t<\/div>\n\t\t\t\t\t\t<\/div>\n\t\t\t\t\t<\/div>\n\t\t","protected":false},"excerpt":{"rendered":"<p>Katedra Ro\u015blin Przemys\u0142owych i&nbsp;Leczniczych Katedra &#8211; informacje UP Wydzia\u0142 Agrobioin\u017cynierii Historia Pracownicy Historia powstania Katedry Ro\u015blin Przemys\u0142owych i&nbsp;Leczniczych si\u0119ga 1988 r., bowiem 31 marca tego roku na wniosek prof. dr hab. Stanis\u0142awa Berbecia w&nbsp;Instytucie Szczeg\u00f3\u0142owej Uprawy Ro\u015blin powo\u0142ano Pracowni\u0119 Ro\u015blin Przemys\u0142owych i&nbsp;Leczniczych. Jej kierownictwo powierzono prof. dr hab. Stanis\u0142awowi Berbeciowi. W kolejnych latach wzros\u0142a liczba [&hellip;]<\/p>\n","protected":false},"author":2,"featured_media":0,"parent":141011,"menu_order":0,"comment_status":"closed","ping_status":"closed","template":"elementor_header_footer","meta":{"_monsterinsights_skip_tracking":false,"_monsterinsights_sitenote_active":false,"_monsterinsights_sitenote_note":"","_monsterinsights_sitenote_category":0},"_links":{"self":[{"href":"https:\/\/up.lublin.pl\/agrobio\/wp-json\/wp\/v2\/pages\/141568"}],"collection":[{"href":"https:\/\/up.lublin.pl\/agrobio\/wp-json\/wp\/v2\/pages"}],"about":[{"href":"https:\/\/up.lublin.pl\/agrobio\/wp-json\/wp\/v2\/types\/page"}],"author":[{"embeddable":true,"href":"https:\/\/up.lublin.pl\/agrobio\/wp-json\/wp\/v2\/users\/2"}],"replies":[{"embeddable":true,"href":"https:\/\/up.lublin.pl\/agrobio\/wp-json\/wp\/v2\/comments?post=141568"}],"version-history":[{"count":13,"href":"https:\/\/up.lublin.pl\/agrobio\/wp-json\/wp\/v2\/pages\/141568\/revisions"}],"predecessor-version":[{"id":152026,"href":"https:\/\/up.lublin.pl\/agrobio\/wp-json\/wp\/v2\/pages\/141568\/revisions\/152026"}],"up":[{"embeddable":true,"href":"https:\/\/up.lublin.pl\/agrobio\/wp-json\/wp\/v2\/pages\/141011"}],"wp:attachment":[{"href":"https:\/\/up.lublin.pl\/agrobio\/wp-json\/wp\/v2\/media?parent=141568"}],"curies":[{"name":"wp","href":"https:\/\/api.w.org\/{rel}","templated":true}]}}