{"id":141163,"date":"2021-06-21T13:44:39","date_gmt":"2021-06-21T11:44:39","guid":{"rendered":"https:\/\/up.lublin.pl\/agrobio\/?page_id=141163"},"modified":"2021-06-21T13:48:30","modified_gmt":"2021-06-21T11:48:30","slug":"monika-jaroszuk-sierocinska","status":"publish","type":"page","link":"https:\/\/up.lublin.pl\/agrobio\/wydzial\/struktura-i-pracownicy\/gleba\/monika-jaroszuk-sierocinska\/","title":{"rendered":"Monika Jaroszuk-Sieroci\u0144ska"},"content":{"rendered":"\t\t<div data-elementor-type=\"wp-page\" data-elementor-id=\"141163\" class=\"elementor elementor-141163\" data-elementor-settings=\"[]\">\n\t\t\t\t\t\t<div class=\"elementor-inner\">\n\t\t\t\t\t\t\t<div class=\"elementor-section-wrap\">\n\t\t\t\t\t\t\t<section class=\"elementor-section elementor-top-section elementor-element elementor-element-4b776ee elementor-section-boxed elementor-section-height-default elementor-section-height-default\" data-id=\"4b776ee\" data-element_type=\"section\">\n\t\t\t\t\t\t<div class=\"elementor-container elementor-column-gap-default\">\n\t\t\t\t\t\t\t<div class=\"elementor-row\">\n\t\t\t\t\t<div class=\"elementor-column elementor-col-100 elementor-top-column elementor-element elementor-element-8c7e31c\" data-id=\"8c7e31c\" data-element_type=\"column\">\n\t\t\t<div class=\"elementor-column-wrap elementor-element-populated\">\n\t\t\t\t\t\t\t<div class=\"elementor-widget-wrap\">\n\t\t\t\t\t\t<div class=\"elementor-element elementor-element-c3dc7c1 elementor-widget elementor-widget-m5c\" data-id=\"c3dc7c1\" data-element_type=\"widget\" data-widget_type=\"m5c.default\">\n\t\t\t\t<div class=\"elementor-widget-container\">\n\t\t\t<section class=\"mn-m5-c mn-bg-white\">\n\t<div class=\"mn-grid\">\n\t\t            <div class=\"mn-menu-container mn-grid-3\">\n                <ul class=\"mn-bg-yellow\">\n\t                                        <li>\n                            <a href=\"#\" class=\"active\" data-hash=\"#\">\n                                Informacje og\u00f3lne                            <\/a>\n                        <\/li>\n                                                <li>\n                            <a href=\"#\" class=\"\" data-hash=\"#\">\n                                Dydaktyka                            <\/a>\n                        <\/li>\n                                                <li>\n                            <a href=\"#\" class=\"\" data-hash=\"#\">\n                                Tematyka bada\u0144                            <\/a>\n                        <\/li>\n                                                <li>\n                            <a href=\"#\" class=\"\" data-hash=\"#\">\n                                Wybrane publikacje                            <\/a>\n                        <\/li>\n                                        <\/ul>\n            <\/div>\n\t        \t\t<div class=\"mn-content mn-grid-8\">\n\t\t\t                <div class=\"mn-content-block active\">\n\t                                                        <div class=\"block-text\">\n\t                                        <table style=\"border-collapse: collapse; width: 100%;\">\n<tbody>\n<tr>\n<td style=\"width: 50%;\"><img loading=\"lazy\" class=\"aligncenter  wp-image-141210\" src=\"https:\/\/up.lublin.pl\/agrobio\/wp-content\/uploads\/sites\/2\/2021\/06\/jarosz.jpg\" alt=\"\" width=\"220\" height=\"273\" \/><\/td>\n<td style=\"width: 50%; vertical-align: middle;\">\n<h1>dr in\u017c. Monika Jaroszuk-Sieroci\u0144ska<\/h1>\n<p>Uniwersytet Przyrodniczy w&nbsp;Lublinie <br \/>Instytut Gleboznawstwa, In\u017cynierii i&nbsp;Kszta\u0142towania \u015arodowiska <br \/>Zak\u0142ad Nauk o&nbsp;\u015arodowisku Glebowym<br \/>telefon: +48 81 5248148<br \/>monika.jaroszuk@up.lublin.pl<\/p>\n<\/td>\n<\/tr>\n<\/tbody>\n<\/table>\n                                        <\/div>\n\t\t\t\t\t\t                                <\/div>\n\t\t\t\t                <div class=\"mn-content-block\">\n\t                                                        <div class=\"block-text\">\n\t                                        <p>Dr in\u017c. Monika Jaroszuk-Sieroci\u0144ska prowadzi zaj\u0119cia z&nbsp;przedmiotu <b>&#8220;Gleboznawstwo&#8221;<\/b> ze studentami studi\u00f3w dziennych na kierunku Architektura Krajobrazu, Ogrodnictwo oraz Rolnictwo. Prowadzi tak\u017ce \u0107wiczenia z&nbsp;przedmiotu <b>&#8220;Zmiany \u015brodowiska w&nbsp;obszarach rolniczych, uprzemys\u0142owionych i&nbsp;zurbanizowanych&#8221;<\/b> ze studentami III roku specjalno\u015bci Kszta\u0142towanie \u015arodowiska. Jest promotorem 3 prac magisterskich.<\/p>\n                                        <\/div>\n\t\t\t\t\t\t                                <\/div>\n\t\t\t\t                <div class=\"mn-content-block\">\n\t                                                        <div class=\"block-text\">\n\t                                        <p><b>Praca magisterska (1999):<\/b> Palmy wielkanocne regionu lubelskiego, Wydzia\u0142 Ogrodniczy AR Lublin <br \/><b>Praca doktorska (2004):<\/b> Struktura i&nbsp;w\u0142a\u015bciwo\u015bci fizyczne pod\u0142o\u017cy ogrodniczych, Wydzia\u0142 Rolniczy AR Lublin <\/p>\n<p><b>Obszar zainteresowa\u0144 naukowych:<\/b> Gleboznawstwo &#8211; Struktura i&nbsp;w\u0142a\u015bciwo\u015bci wodno-powietrzne pod\u0142o\u017cy ogrodniczych &#8211; Kszta\u0142towanie \u015brodowiska &#8211; Architektura krajobrazu &#8211; Florystyka<\/p>\n                                        <\/div>\n\t\t\t\t\t\t                                <\/div>\n\t\t\t\t                <div class=\"mn-content-block\">\n\t                                                        <div class=\"block-text\">\n\t                                        <ol>\n<li>S\u0142owi\u0144ska-Jurkiewicz A., <b>Jaroszuk M.<\/b>, 2001. Hydrofizyczna charakterystyka superabsorbentu &#8220;HIDROPLUS&#8221;. Acta Agrophysica, 57, 93-100.<\/li>\n<li><b>Jaroszuk M.<\/b>, S\u0142owi\u0144ska-Jurkiewicz A., 2002. Morfologiczna analiza struktury ziemi do kwiat\u00f3w KRONEN\u00ae z&nbsp;w\u0142\u00f3knami kokosowymi. Zesz. Probl. Post. Nauk Roln., 485, 133-140.<\/li>\n<li><b>Jaroszuk M.<\/b>, S\u0142owi\u0144ska-Jurkiewicz A., 2003. Por\u00f3wnanie w\u0142a\u015bciwo\u015bci wodnych dw\u00f3ch pod\u0142o\u017cy ogrodniczych &#8211; torfu wysokiego i&nbsp;substratu kokosowego. Acta Agrophysica, 89, vol. 1(4), 641-645.<\/li>\n<li><b>Jaroszuk M.<\/b>, 2005. Palmy wielkanocne. Kwartalnik Aktualno\u015bci Akademii Rolniczej w&nbsp;Lublinie. Kwiecie\u0144 &#8211; Czerwiec 2005 Rok IX nr 2(34), 32-33<\/li>\n<li><b>Jaroszuk M.<\/b>, S\u0142owi\u0144ska-Jurkiewicz A., 2005. Wodno-powietrzne w\u0142a\u015bciwo\u015bci torfu wysokiego i&nbsp;jego mieszanek jako wzorzec stanu fizycznego stosowanych w&nbsp;ogrodnictwie pod\u0142o\u017cy organicznych. Roczn. AR w&nbsp;Poznaniu, 365, 159-163.<\/li>\n<li><b>Jaroszuk M.<\/b>, S\u0142owi\u0144ska-Jurkiewicz A., 2005. Charakterystyka podstawowych w\u0142a\u015bciwo\u015bci wodno-powietrznych pod\u0142o\u017cy ogrodniczych stosowanych w&nbsp;uprawie pojemnikowej. Zesz. Probl. Post. Nauk Roln., 504, 105-110.<\/li>\n<li>S\u0142owi\u0144ska-Jurkiewicz A., <b>Jaroszuk-Sieroci\u0144ska M.<\/b>, 2006. Morfologiczna analiza struktury pod\u0142o\u017cy ogrodniczych. &#8220;Procesy fizyczne w&nbsp;kszta\u0142towaniu \u015brodowiska i&nbsp;jako\u015bci surowc\u00f3w \u017cywno\u015bciowych&#8221;, (w druku)<\/li>\n<li><b>Jaroszuk-Sieroci\u0144ska M.<\/b>, 2006. Charakterystyka w\u0142a\u015bciwo\u015bci wodno-powietrznych we\u0142ny mineralnej. &#8220;Procesy fizyczne w&nbsp;kszta\u0142towaniu \u015brodowiska i&nbsp;jako\u015bci surowc\u00f3w \u017cywno\u015bciowych&#8221;, (w druku)<\/li>\n<li><b>Jaroszuk M.<\/b>, S\u0142owi\u0144ska-Jurkiewicz A., 2007. W\u0142a\u015bciwo\u015bci filtracyjne pod\u0142o\u017cy ogrodniczych. &#8220;Problemy agrofizyczne kszta\u0142towania \u015brodowiska rolniczego i&nbsp;jako\u015bci surowc\u00f3w \u017cywno\u015bciowych&#8221;, (w druku)<\/li>\n<\/ol>\n                                        <\/div>\n\t\t\t\t\t\t                                <\/div>\n\t\t\t\t\t\t<\/div>\n\t<\/div>\n<\/section>\n\t\t<\/div>\n\t\t\t\t<\/div>\n\t\t\t\t\t\t<\/div>\n\t\t\t\t\t<\/div>\n\t\t<\/div>\n\t\t\t\t\t\t\t\t<\/div>\n\t\t\t\t\t<\/div>\n\t\t<\/section>\n\t\t\t\t\t\t<\/div>\n\t\t\t\t\t\t<\/div>\n\t\t\t\t\t<\/div>\n\t\t","protected":false},"excerpt":{"rendered":"<p>Informacje og\u00f3lne Dydaktyka Tematyka bada\u0144 Wybrane publikacje dr in\u017c. Monika Jaroszuk-Sieroci\u0144ska Uniwersytet Przyrodniczy w&nbsp;Lublinie Instytut Gleboznawstwa, In\u017cynierii i&nbsp;Kszta\u0142towania \u015arodowiska Zak\u0142ad Nauk o&nbsp;\u015arodowisku Glebowymtelefon: +48 81 5248148monika.jaroszuk@up.lublin.pl Dr in\u017c. Monika Jaroszuk-Sieroci\u0144ska prowadzi zaj\u0119cia z&nbsp;przedmiotu &#8220;Gleboznawstwo&#8221; ze studentami studi\u00f3w dziennych na kierunku Architektura Krajobrazu, Ogrodnictwo oraz Rolnictwo. Prowadzi tak\u017ce \u0107wiczenia z&nbsp;przedmiotu &#8220;Zmiany \u015brodowiska w&nbsp;obszarach rolniczych, uprzemys\u0142owionych i&nbsp;zurbanizowanych&#8221; [&hellip;]<\/p>\n","protected":false},"author":2,"featured_media":0,"parent":140704,"menu_order":0,"comment_status":"closed","ping_status":"closed","template":"elementor_header_footer","meta":{"_monsterinsights_skip_tracking":false,"_monsterinsights_sitenote_active":false,"_monsterinsights_sitenote_note":"","_monsterinsights_sitenote_category":0},"_links":{"self":[{"href":"https:\/\/up.lublin.pl\/agrobio\/wp-json\/wp\/v2\/pages\/141163"}],"collection":[{"href":"https:\/\/up.lublin.pl\/agrobio\/wp-json\/wp\/v2\/pages"}],"about":[{"href":"https:\/\/up.lublin.pl\/agrobio\/wp-json\/wp\/v2\/types\/page"}],"author":[{"embeddable":true,"href":"https:\/\/up.lublin.pl\/agrobio\/wp-json\/wp\/v2\/users\/2"}],"replies":[{"embeddable":true,"href":"https:\/\/up.lublin.pl\/agrobio\/wp-json\/wp\/v2\/comments?post=141163"}],"version-history":[{"count":7,"href":"https:\/\/up.lublin.pl\/agrobio\/wp-json\/wp\/v2\/pages\/141163\/revisions"}],"predecessor-version":[{"id":141220,"href":"https:\/\/up.lublin.pl\/agrobio\/wp-json\/wp\/v2\/pages\/141163\/revisions\/141220"}],"up":[{"embeddable":true,"href":"https:\/\/up.lublin.pl\/agrobio\/wp-json\/wp\/v2\/pages\/140704"}],"wp:attachment":[{"href":"https:\/\/up.lublin.pl\/agrobio\/wp-json\/wp\/v2\/media?parent=141163"}],"curies":[{"name":"wp","href":"https:\/\/api.w.org\/{rel}","templated":true}]}}