{"id":141161,"date":"2021-06-21T12:13:00","date_gmt":"2021-06-21T10:13:00","guid":{"rendered":"https:\/\/up.lublin.pl\/agrobio\/?page_id=141161"},"modified":"2021-06-21T12:56:41","modified_gmt":"2021-06-21T10:56:41","slug":"maja-bryk","status":"publish","type":"page","link":"https:\/\/up.lublin.pl\/agrobio\/wydzial\/struktura-i-pracownicy\/gleba\/maja-bryk\/","title":{"rendered":"Maja Bryk"},"content":{"rendered":"\t\t<div data-elementor-type=\"wp-page\" data-elementor-id=\"141161\" class=\"elementor elementor-141161\" data-elementor-settings=\"[]\">\n\t\t\t\t\t\t<div class=\"elementor-inner\">\n\t\t\t\t\t\t\t<div class=\"elementor-section-wrap\">\n\t\t\t\t\t\t\t<section class=\"elementor-section elementor-top-section elementor-element elementor-element-59e365c elementor-section-boxed elementor-section-height-default elementor-section-height-default\" data-id=\"59e365c\" data-element_type=\"section\">\n\t\t\t\t\t\t<div class=\"elementor-container elementor-column-gap-default\">\n\t\t\t\t\t\t\t<div class=\"elementor-row\">\n\t\t\t\t\t<div class=\"elementor-column elementor-col-100 elementor-top-column elementor-element elementor-element-ec1756f\" data-id=\"ec1756f\" data-element_type=\"column\">\n\t\t\t<div class=\"elementor-column-wrap elementor-element-populated\">\n\t\t\t\t\t\t\t<div class=\"elementor-widget-wrap\">\n\t\t\t\t\t\t<div class=\"elementor-element elementor-element-c582ab7 elementor-widget elementor-widget-m5c\" data-id=\"c582ab7\" data-element_type=\"widget\" data-widget_type=\"m5c.default\">\n\t\t\t\t<div class=\"elementor-widget-container\">\n\t\t\t<section class=\"mn-m5-c mn-bg-white\">\n\t<div class=\"mn-grid\">\n\t\t            <div class=\"mn-menu-container mn-grid-3\">\n                <ul class=\"mn-bg-yellow\">\n\t                                        <li>\n                            <a href=\"#\" class=\"active\" data-hash=\"#\">\n                                Informacje og\u00f3lne                            <\/a>\n                        <\/li>\n                                                <li>\n                            <a href=\"#\" class=\"\" data-hash=\"#\">\n                                Dydaktyka                            <\/a>\n                        <\/li>\n                                                <li>\n                            <a href=\"#\" class=\"\" data-hash=\"#\">\n                                Tematyka bada\u0144                            <\/a>\n                        <\/li>\n                                                <li>\n                            <a href=\"#\" class=\"\" data-hash=\"#\">\n                                Wybrane publikacje                            <\/a>\n                        <\/li>\n                                        <\/ul>\n            <\/div>\n\t        \t\t<div class=\"mn-content mn-grid-8\">\n\t\t\t                <div class=\"mn-content-block active\">\n\t                                                        <div class=\"block-text\">\n\t                                        <table style=\"border-collapse: collapse; width: 100%;\">\n<tbody>\n<tr>\n<td style=\"width: 50%;\"><img loading=\"lazy\" class=\"aligncenter  wp-image-141186\" src=\"https:\/\/up.lublin.pl\/agrobio\/wp-content\/uploads\/sites\/2\/2021\/06\/bryk.jpg\" alt=\"\" width=\"225\" height=\"288\" \/><\/td>\n<td style=\"width: 50%; vertical-align: middle;\">\n<h1>dr hab. Maja Bryk<\/h1>\n<p>Uniwersytet Przyrodniczy w&nbsp;Lublinie <br \/>Instytut Gleboznawstwa, In\u017cynierii i&nbsp;Kszta\u0142towania \u015arodowiska <br \/>Zak\u0142ad Nauk o&nbsp;\u015arodowisku Glebowym<br \/>telefon: +48 81 5248117<br \/>maja.bryk@up.lublin.pl<\/p>\n<\/td>\n<\/tr>\n<\/tbody>\n<\/table>\n                                        <\/div>\n\t\t\t\t\t\t                                <\/div>\n\t\t\t\t                <div class=\"mn-content-block\">\n\t                                                        <div class=\"block-text\">\n\t                                        <p><b>Konsultacje dla student\u00f3w w&nbsp;semestrze zimowym 2020\/2021: <\/b> pi\u0105tek 10.30 &#8212; 12<\/p>\n<p>Konsultacje s\u0105 realizowane zdalnie przez MS Teams.<\/p>\n<hr class=\"ccz\" \/>\n<p>Dr hab. Maja Bryk jest promotorem 22 obronionych <b>prac magisterskich<\/b> i&nbsp;<b>in\u017cynierskich<\/b>.<\/p>\n                                        <\/div>\n\t\t\t\t\t\t                                <\/div>\n\t\t\t\t                <div class=\"mn-content-block\">\n\t                                                        <div class=\"block-text\">\n\t                                        <p><b>Praca magisterska (1996):<\/b> Badania stabilno\u015bci uk\u0142ad\u00f3w zdyspergowanych w&nbsp;obecno\u015bci wybranych substancji stabilizuj\u0105cych, Wydzia\u0142 Chemii UMCS Lublin<br \/><b>Praca doktorska (2001):<\/b> Opracowanie wska\u017anik\u00f3w struktury gleby na podstawie bada\u0144 morfologicznych, morfometrycznych i&nbsp;w\u0142a\u015bciwo\u015bci fizycznych gleby, Wydzia\u0142 Rolniczy AR Lublin<br \/><b>Rozprawa habilitacyjna (2018):<\/b> Kwantyfikacja makrostruktury do oceny stanu fizycznego gleby i&nbsp;jego przemian, Wydzia\u0142 Agrobioin\u017cynierii, UP Lublin<\/p>\n<p>By\u0142a <b>kierownikiem<\/b> projektu badawczego MNiSW &#8211; N&nbsp;N310 447938 &#8220;Zastosowanie wska\u017anik\u00f3w morfometrycznych i&nbsp;parametr\u00f3w fizykochemicznych do oceny struktury wybranych gleb autogenicznych wytworzonych ze ska\u0142 lu\u017anych&#8221; (2010-2013).<\/p>\n<p>By\u0142a <b>wykonawc\u0105<\/b> w&nbsp;projekcie badawczym MNiSW &#8211; N&nbsp;N310 306939 &#8220;Opracowanie albumu makrostruktury gleb ekosystem\u00f3w naturalnych i&nbsp;antropogenicznych&#8221; (2010-2012).<\/p>\n<p><b>Obszar zainteresowa\u0144 naukowych:<\/b><br \/>Gleboznawstwo &#8211; Struktura gleby &#8211; Morfometria &#8211; W\u0142a\u015bciwo\u015bci fizyczne &#8211; W\u0142a\u015bciwo\u015bci wodno-powietrzne gleby &#8211; Ochrona \u015brodowiska &#8211; Geomatyka<\/p>\n<p><a href=\"https:\/\/www.researchgate.net\/profile\/Maja_Bryk\"><b>ResearchGate<\/b><\/a> &#8211; <a href=\"http:\/\/orcid.org\/0000-0002-2291-1492\"><b>OrcID<\/b><\/a> &#8211; <a href=\"https:\/\/www.scopus.com\/authid\/detail.uri?authorId=7006657167\"><b>Scopus Author ID (Maja Bryk)<\/b><\/a><b><\/b><\/p>\n                                        <\/div>\n\t\t\t\t\t\t                                <\/div>\n\t\t\t\t                <div class=\"mn-content-block\">\n\t                                                        <div class=\"block-text\">\n\t                                        <p><span class=\"prac1\">\u00a0\u00a0\u00a0\u00a0 <\/span> <br \/><a href=\"https:\/\/publikacje.up.lublin.pl\/nowe_raporty\/autor\/1540\/1996\/2020\/?_export=html&amp;_tzju=True\"> <span class=\"prac1\"><b>Publikacje &#8211; Baza UP<\/b><\/span><\/a> <\/p>\n<p><a href=\"https:\/\/www.researchgate.net\/profile\/Maja_Bryk\"><b>Profil &#8211; ResearchGate<\/b><\/a> <\/p>\n<p><a href=\"http:\/\/orcid.org\/0000-0002-2291-1492\"><b>Profil &#8211; OrcID<\/b><\/a> <\/p>\n<p><a href=\"https:\/\/publons.com\/researcher\/1421932\/maja-bryk\"><b>Profil &#8211; Publons<\/b><\/a> <\/p>\n<p><a href=\"https:\/\/www.scopus.com\/authid\/detail.uri?authorId=7006657167\"><b>Publikacje &#8211; Scopus <\/b><\/a> <\/p>\n<p><a href=\"https:\/\/publikacje.up.lublin.pl\/nowe_raporty\/autor\/1331\/1996\/1999\/?_export=html&amp;_tzju=False\"> <span class=\"prac1\"><b>Publikacje &#8211; Maja \u0141azarz<\/b><\/span><\/a><\/p>\n                                        <\/div>\n\t\t\t\t\t\t                                <\/div>\n\t\t\t\t\t\t<\/div>\n\t<\/div>\n<\/section>\n\t\t<\/div>\n\t\t\t\t<\/div>\n\t\t\t\t\t\t<\/div>\n\t\t\t\t\t<\/div>\n\t\t<\/div>\n\t\t\t\t\t\t\t\t<\/div>\n\t\t\t\t\t<\/div>\n\t\t<\/section>\n\t\t\t\t\t\t<\/div>\n\t\t\t\t\t\t<\/div>\n\t\t\t\t\t<\/div>\n\t\t","protected":false},"excerpt":{"rendered":"<p>Informacje og\u00f3lne Dydaktyka Tematyka bada\u0144 Wybrane publikacje dr hab. Maja Bryk Uniwersytet Przyrodniczy w&nbsp;Lublinie Instytut Gleboznawstwa, In\u017cynierii i&nbsp;Kszta\u0142towania \u015arodowiska Zak\u0142ad Nauk o&nbsp;\u015arodowisku Glebowymtelefon: +48 81 5248117maja.bryk@up.lublin.pl Konsultacje dla student\u00f3w w&nbsp;semestrze zimowym 2020\/2021: pi\u0105tek 10.30 &#8212; 12 Konsultacje s\u0105 realizowane zdalnie przez MS Teams. Dr hab. Maja Bryk jest promotorem 22 obronionych prac magisterskich i&nbsp;in\u017cynierskich. Praca [&hellip;]<\/p>\n","protected":false},"author":2,"featured_media":0,"parent":140704,"menu_order":0,"comment_status":"closed","ping_status":"closed","template":"elementor_header_footer","meta":{"_monsterinsights_skip_tracking":false,"_monsterinsights_sitenote_active":false,"_monsterinsights_sitenote_note":"","_monsterinsights_sitenote_category":0},"_links":{"self":[{"href":"https:\/\/up.lublin.pl\/agrobio\/wp-json\/wp\/v2\/pages\/141161"}],"collection":[{"href":"https:\/\/up.lublin.pl\/agrobio\/wp-json\/wp\/v2\/pages"}],"about":[{"href":"https:\/\/up.lublin.pl\/agrobio\/wp-json\/wp\/v2\/types\/page"}],"author":[{"embeddable":true,"href":"https:\/\/up.lublin.pl\/agrobio\/wp-json\/wp\/v2\/users\/2"}],"replies":[{"embeddable":true,"href":"https:\/\/up.lublin.pl\/agrobio\/wp-json\/wp\/v2\/comments?post=141161"}],"version-history":[{"count":4,"href":"https:\/\/up.lublin.pl\/agrobio\/wp-json\/wp\/v2\/pages\/141161\/revisions"}],"predecessor-version":[{"id":141192,"href":"https:\/\/up.lublin.pl\/agrobio\/wp-json\/wp\/v2\/pages\/141161\/revisions\/141192"}],"up":[{"embeddable":true,"href":"https:\/\/up.lublin.pl\/agrobio\/wp-json\/wp\/v2\/pages\/140704"}],"wp:attachment":[{"href":"https:\/\/up.lublin.pl\/agrobio\/wp-json\/wp\/v2\/media?parent=141161"}],"curies":[{"name":"wp","href":"https:\/\/api.w.org\/{rel}","templated":true}]}}