{"id":141087,"date":"2021-06-21T10:02:11","date_gmt":"2021-06-21T08:02:11","guid":{"rendered":"https:\/\/up.lublin.pl\/agrobio\/?page_id=141087"},"modified":"2026-02-24T11:25:27","modified_gmt":"2026-02-24T10:25:27","slug":"agrometeorologia","status":"publish","type":"page","link":"https:\/\/up.lublin.pl\/agrobio\/wydzial\/struktura-i-pracownicy\/katedra-technologii-produkcji-roslinnej-i-towaroznawstwa\/agrometeorologia\/","title":{"rendered":"Zak\u0142ad Agrometeorologii"},"content":{"rendered":"\t\t<div data-elementor-type=\"wp-page\" data-elementor-id=\"141087\" class=\"elementor elementor-141087\" data-elementor-settings=\"[]\">\n\t\t\t\t\t\t<div class=\"elementor-inner\">\n\t\t\t\t\t\t\t<div class=\"elementor-section-wrap\">\n\t\t\t\t\t\t\t<section class=\"elementor-section elementor-top-section elementor-element elementor-element-8a479e0 elementor-section-boxed elementor-section-height-default elementor-section-height-default\" data-id=\"8a479e0\" data-element_type=\"section\">\n\t\t\t\t\t\t<div class=\"elementor-container elementor-column-gap-default\">\n\t\t\t\t\t\t\t<div class=\"elementor-row\">\n\t\t\t\t\t<div class=\"elementor-column elementor-col-100 elementor-top-column elementor-element elementor-element-b718c73\" data-id=\"b718c73\" data-element_type=\"column\">\n\t\t\t<div class=\"elementor-column-wrap elementor-element-populated\">\n\t\t\t\t\t\t\t<div class=\"elementor-widget-wrap\">\n\t\t\t\t\t\t<div class=\"elementor-element elementor-element-5dac968 elementor-widget elementor-widget-m2k\" data-id=\"5dac968\" data-element_type=\"widget\" data-widget_type=\"m2k.default\">\n\t\t\t\t<div class=\"elementor-widget-container\">\n\t\t\t<section class=\"mn-m2-d mn-bg-green\">\n    <div class=\"mn-grid\">\n        <div class=\"mn-grid-12 mn-introtext\">\n                            <h3>\n                    Zak\u0142ad Agrometeorologii                <\/h3>\n                        <\/div>\n    <\/div>\n    <\/section>\n\t\t<\/div>\n\t\t\t\t<\/div>\n\t\t\t\t\t\t<\/div>\n\t\t\t\t\t<\/div>\n\t\t<\/div>\n\t\t\t\t\t\t\t\t<\/div>\n\t\t\t\t\t<\/div>\n\t\t<\/section>\n\t\t\t\t<section class=\"elementor-section elementor-top-section elementor-element elementor-element-b939f3e elementor-section-boxed elementor-section-height-default elementor-section-height-default\" data-id=\"b939f3e\" data-element_type=\"section\">\n\t\t\t\t\t\t<div class=\"elementor-container elementor-column-gap-default\">\n\t\t\t\t\t\t\t<div class=\"elementor-row\">\n\t\t\t\t\t<div class=\"elementor-column elementor-col-100 elementor-top-column elementor-element elementor-element-89cb4ee\" data-id=\"89cb4ee\" data-element_type=\"column\">\n\t\t\t<div class=\"elementor-column-wrap elementor-element-populated\">\n\t\t\t\t\t\t\t<div class=\"elementor-widget-wrap\">\n\t\t\t\t\t\t<div class=\"elementor-element elementor-element-d44729d elementor-widget elementor-widget-m5c\" data-id=\"d44729d\" data-element_type=\"widget\" data-widget_type=\"m5c.default\">\n\t\t\t\t<div class=\"elementor-widget-container\">\n\t\t\t<section class=\"mn-m5-c mn-bg-white\">\n\t<div class=\"mn-grid\">\n\t\t            <div class=\"mn-menu-container mn-grid-3\">\n                <ul class=\"mn-bg-yellow\">\n\t                                        <li>\n                            <a href=\"#\" class=\"active\" data-hash=\"#dydaktyka\">\n                                Dydaktyka                            <\/a>\n                        <\/li>\n                                                <li>\n                            <a href=\"#\" class=\"\" data-hash=\"#badania\">\n                                Badania                            <\/a>\n                        <\/li>\n                                                <li>\n                            <a href=\"#\" class=\"\" data-hash=\"#historia\">\n                                Historia                            <\/a>\n                        <\/li>\n                                                <li>\n                            <a href=\"#\" class=\"\" data-hash=\"#publikacje\">\n                                Publikacje                            <\/a>\n                        <\/li>\n                                                <li>\n                            <a href=\"#\" class=\"\" data-hash=\"#meteo\">\n                                Obserwatorium Meteorologiczne Lublin-Felin                            <\/a>\n                        <\/li>\n                                        <\/ul>\n            <\/div>\n\t        \t\t<div class=\"mn-content mn-grid-8\">\n\t\t\t                <div class=\"mn-content-block active\">\n\t                                                        <div class=\"block-text\">\n\t                                        <p>Zaj\u0119cia dydaktyczne (w systemie dziennym i&nbsp;zaocznym) s\u0105 przeprowadzane na kierunku Rolnictwo, Le\u015bnictwo, In\u017cynieria \u015arodowiska, Ochrona \u015arodowiska, Ogrodnictwo oraz Turystyka i&nbsp;Rekreacja. Prowadzone przedmioty to m.in.: agrometeorologia, meteorologia i&nbsp;klimatologia, ochrona powietrza, klimatyczne zagro\u017cenia \u015brodowiska.<\/p>\n                                        <\/div>\n\t\t\t\t\t\t                                <\/div>\n\t\t\t\t                <div class=\"mn-content-block\">\n\t                                                        <div class=\"block-text\">\n\t                                        <p>G\u0142\u00f3wne kierunki bada\u0144 naukowych:<\/p>\n<ul>\n<li>Ocena przydatno\u015bci danych gridowych oraz satelitarnych do wyznaczania dat pocz\u0105tku i&nbsp;ko\u0144ca okresu wegetacyjnego;<\/li>\n<li>Konstrukcja kalendarza typ\u00f3w cyrkulacji atmosferycznej dla obszaru Lubelszczyzny;<\/li>\n<li>Wp\u0142yw element\u00f3w meteorologicznych na wzrost, rozw\u00f3j i&nbsp;plonowanie wybranych ro\u015blin uprawnych;<\/li>\n<li>Analiza warunk\u00f3w pogodowych uci\u0105\u017cliwych dla cz\u0142owieka w&nbsp;nawi\u0105zaniu do uprawiania r\u00f3\u017cnych form turystyki i&nbsp;rekreacji na obszarze Lubelszczyzny.<\/li>\n<\/ul>\n                                        <\/div>\n\t\t\t\t\t\t                                <\/div>\n\t\t\t\t                <div class=\"mn-content-block\">\n\t                                                        <div class=\"block-text\">\n\t                                        <p>Zak\u0142ad kontynuuje tradycje Katedry Agrometeorologii, kt\u00f3rej historia si\u0119ga lat 50. XX w. Zosta\u0142a ona powo\u0142ana na Wydziale Rolnym UMCS, a&nbsp;funkcj\u0119 organizatora i&nbsp;kierownika tej plac\u00f3wki powierzono prof. W\u0142odzimierzowi Zinkiewiczowi. Kolejnymi kierownikami Katedry byli: prof. Henryk Mitosek w&nbsp;latach 1962-1975 oraz prof. dr hab. J\u00f3zef Ko\u0142odziej w&nbsp;okresie 1975-2007. Po reorganizacji obecnie kierownikiem Zak\u0142adu Agrometeorologii jest prof. dr hab. Marek \u0106wintal.<\/p>\n                                        <\/div>\n\t\t\t\t\t\t                                <\/div>\n\t\t\t\t                <div class=\"mn-content-block\">\n\t                                                        <div class=\"block-text\">\n\t                                        <ol>\n<li><strong>Bartoszek K.<\/strong>, 2014: Usefulness of MODIS data for assessment of the growth and development of winter oilseed rape. Zemdirbyste-Agriculture, vol. 101, No. 4, p. 445-452 DOI: 10.13080\/z-a.2014.101.057<\/li>\n<li><strong>Bartoszek K.<\/strong>, 2014: Relacje mi\u0119dzy cyrkulacj\u0105 atmosferyczn\u0105 a&nbsp;przezimowaniem rzepaku na Lubelszczy\u017anie. Annales UMCS, sec. E, t. 69 (4), s. 39-48<\/li>\n<li><strong>Bartoszek K.<\/strong>, 2014: Wyst\u0119powanie susz atmosferycznych w&nbsp;okolicy Lublina i&nbsp;ich uwarunkowania cyrkulacyjne. Annales UMCS, sec. E, t. 69 (4), s. 49-61<\/li>\n<li><strong>Bartoszek K., W\u0119grzyn A., Sienkiewicz E.<\/strong>, 2014: Cz\u0119sto\u015b\u0107 wyst\u0119powania i&nbsp;uwarunkowania cyrkulacyjne nocy ciep\u0142ych, bardzo ciep\u0142ych oraz gor\u0105cych w&nbsp;okolicach Lublina i&nbsp;Na\u0142\u0119czowa. Przegl\u0105d Naukowy &#8211; In\u017cynieria i&nbsp;Kszta\u0142towanie \u015arodowiska, Vol 23, 4 (66), s. 410-420<\/li>\n<li><strong>Bartoszek K.<\/strong>, 2014: Wykorzystanie teledetekcji satelitarnej do monitorowania wzrostu i&nbsp;rozwoju rzepaku ozimego. Przegl\u0105d Naukowy &#8211; In\u017cynieria i&nbsp;Kszta\u0142towanie \u015arodowiska, Vol 23, 2 (64), s. 150-160<\/li>\n<li><strong>Bartoszek K.<\/strong>, 2014: Wp\u0142yw warunk\u00f3w pogodowych na wybrane cechy botaniczno-rolnicze rzepaku ozimego. Przegl\u0105d Naukowy &#8211; In\u017cynieria i&nbsp;Kszta\u0142towanie \u015arodowiska, Vol 23, 1 (63), s. 43-53<\/li>\n<li><strong>\u0106wintal M.<\/strong>, Wilczek M., 2014: Wp\u0142yw warunk\u00f3w pogodowych i&nbsp;czynnik\u00f3w agrotechnicznych na warto\u015b\u0107 siewn\u0105 nasion koniczyny bia\u0142ej (<em>Trifolium repens L.<\/em>). Annales UMCS, sec. E, t. 69 (4), s. 62-75<\/li>\n<li>\u00a0<strong>Bartoszek K.<\/strong>, 2013: Przezimowanie rzepaku w&nbsp;warunkach klimatycznych \u015brodkowo-wschodniej Lubelszczyzny. Acta Agrophysica, t. 20 (3), s. 341-352<\/li>\n<li>\u00a0<strong>Bartoszek K.<\/strong>, 2013: Wp\u0142yw warunk\u00f3w meteorologicznych na pocz\u0105tek wybranych faz rozwojowych rzepaku ozimego wiosn\u0105 i&nbsp;latem. Acta Agrophysica, t. 20 (2), s. 227-240<\/li>\n<li>\u00a0<strong>Bartoszek K., W\u0119grzyn A.<\/strong>, 2013: Dni z&nbsp;pogod\u0105 parn\u0105 w&nbsp;okolicy Lublina i&nbsp;Na\u0142\u0119czowa w&nbsp;latach 1966-2010. Prace Geograficzne, vol. 133, s. 21-34<\/li>\n<li>\u00a0<strong>Bartoszek K., W\u0119grzyn A.<\/strong>, Kaszewski B. M., Si\u0142uch M., 2012: Ocena przydatno\u015bci danych gridowych w&nbsp;wyznaczaniu dat pocz\u0105tku i&nbsp;ko\u0144ca okresu wegetacyjnego. Przegl\u0105d Geofizyczny, t. 57, z. 1, s. 109-121<\/li>\n<li>\u00a0<strong>Bartoszek K., W\u0119grzyn A.<\/strong>, Kaszewski B. M., Si\u0142uch M., 2012: Por\u00f3wnanie wybranych metod wyznaczania dat pocz\u0105tku i&nbsp;ko\u0144ca okresu wegetacyjnego na przyk\u0142adzie Lubelszczyzny. Przegl\u0105d Geofizyczny, t. 57, z. 1, s. 123-134<\/li>\n<li>\u00a0Si\u0142uch M., <strong>Bartoszek K.<\/strong>, 2012: Mo\u017cliwo\u015bci wykorzystania danych satelitarnych do wyznaczania pocz\u0105tku i&nbsp;ko\u0144ca okresu wegetacyjnego. Woda &#8211; \u015arodowisko &#8211; Obszary Wiejskie, t. 12, z. 2 (38), s. 245-25<\/li>\n<li>\u00a0<strong>Bartoszek K., W\u0119grzyn A.<\/strong>, 2011: Uwarunkowania cyrkulacyjne pocz\u0105tku okresu wegetacyjnego w&nbsp;Polsce Wschodniej. Annales UMCS, sec. B, t. 66, z. 1, s. 93-102<\/li>\n<li>\u00a0<strong>Bartoszek K.<\/strong>, Skiba K., Dobek M., Si\u0142uch M., Wereski S., 2010: Frost occurrence in April and May in the Eastern Poland area in the period 1988-2007 [w:] Agrometeorology Research, pod red. J. Le\u015bnego. Acta Agrophysica, Rozprawy i&nbsp;Monografie, 185 (6), s. 24-33<\/li>\n<li>\u00a0<strong>Bartoszek K.<\/strong>, Cicho\u0144 M., 2008: Termiczne pory roku w&nbsp;rejonie Czes\u0142awic k. Na\u0142\u0119czowa (1963-2005). Annales UMCS, sec. E, t. 63, 1, s. 1-9<\/li>\n<li>\u00a0Dobek M., Si\u0142uch M., Wereski S., <strong>Bartoszek K.<\/strong>, Skiba K., 2008: Czas trwania i&nbsp;cz\u0119sto\u015b\u0107 wyst\u0119powania uci\u0105\u017cliwych warunk\u00f3w bioklimatycznych w&nbsp;Lublinie na podstawie wska\u017anika Humidex [w:] Klimat i&nbsp;bioklimat miast, pod red. K. K\u0142ysika, J. Wibig i&nbsp;K. Fortuniaka. Wyd. U\u0141, \u0141\u00f3d\u017a, s. 415-422<\/li>\n<li>\u00a0<strong>W\u0119grzyn A.<\/strong>, 2008: Typowe i&nbsp;anomalne d\u0142ugo\u015bci okresu wegetacyjnego na Lubelszczy\u017anie. Acta Agrophysica vol. 12 (2), s. 561-573<\/li>\n<li>\u00a0<strong>Bartoszek K.<\/strong>, Banasiewicz I., 2007: Agrometeorologiczna charakterystyka okresu wegetacyjnego 2005 w&nbsp;rejonie Lublina na tle wielolecia 1951-2000. Acta Agrophysica, t. 9 (2), s. 275-283<\/li>\n<li>\u00a0Nowosad M., <strong>Bartoszek K.<\/strong>, 2007: Wieloletnia zmienno\u015b\u0107 grubo\u015bci pokrywy \u015bnie\u017cnej w&nbsp;okolicy Lublina [w:] Wahania klimatu w&nbsp;r\u00f3\u017cnych skalach przestrzennych i&nbsp;czasowych, pod red. K. Piotrowicz i&nbsp;R. Twardosza. Instytut Geografii i&nbsp;Gospodarki Przestrzennej, Uniwersytet Jagiello\u0144ski, Krak\u00f3w, s. 411-421<\/li>\n<li>\u00a0\u00a0<strong>Bartoszek K.<\/strong>, 2007: Charakterystyka pokrywy \u015bnie\u017cnej w&nbsp;Obserwatorium Agrometeorologicznym w&nbsp;Felinie (1955\/1956-2004\/2005). Annales UMCS, sec. E, t. 62, 1, s. 39-47<\/li>\n<li>\u00a0<strong>W\u0119grzyn A.<\/strong>, 2007: Ocena okresu wegetacyjnego na Lubelszczy\u017anie w&nbsp;latach 1951-1990. Cz\u0119\u015b\u0107 I&nbsp;i II &#8211; Klasyfikacja dat pocz\u0105tku i&nbsp;dat ko\u0144ca. Annales UMCS, sec. E, t. 62, 1, s. 23-38<\/li>\n<li>\u00a0\u00a0<strong>W\u0119grzyn A.<\/strong>, 2007: Klasyfikacja okres\u00f3w wegetacyjnych pod wzgl\u0119dem termicznym na Lubelszczy\u017anie w&nbsp;latach 1951-1990. Acta Agrophysica, t. 9 (2), s. 505-517<\/li>\n<\/ol>\n<p>\u00a0<\/p>\n                                        <\/div>\n\t\t\t\t\t\t                                <\/div>\n\t\t\t\t                <div class=\"mn-content-block\">\n\t                                                        <div class=\"block-text\">\n\t                                        <p>Obserwatorium Meteorologiczne Uniwersytetu Przyrodniczego w&nbsp;Lublinie zosta\u0142o utworzone w&nbsp;1951 roku. Stacja zlokalizowana jest w&nbsp;dzielnicy Felin, na wysoko\u015bci 215 m&nbsp;n.p.m. (\u03c6 = 51\u00b014\u2032N, \u03bb = 22\u00b038\u2032E). W&nbsp;momencie powstania stacja reprezentowa\u0142a warunki meteorologiczne obszaru po\u0142o\u017conego na obrze\u017cach miasta. Rozw\u00f3j przestrzenny Lublina i&nbsp;post\u0119puj\u0105ca urbanizacja spowodowa\u0142y, i\u017c obecne otoczenie reprezentuje warunki klimatyczne charakterystyczne dla obszaru zurbanizowanego.<\/p>\n<p>Opiek\u0119 merytoryczn\u0105 nad stacj\u0105 sprawuje Zak\u0142ad Agrometeorologii, funkcjonuj\u0105cy w&nbsp;strukturze Katedry Technologii Produkcji Ro\u015blinnej i&nbsp;Towaroznawstwa na Wydziale Agrobioin\u017cynierii.<\/p>\n<p>Obserwatorium prowadzi ci\u0105g\u0142e pomiary element\u00f3w meteorologicznych, stanowi\u0105c jednocze\u015bnie wa\u017cne zaplecze dydaktyczne i&nbsp;naukowe. Na jego terenie realizowane s\u0105 zaj\u0119cia dydaktyczne oraz warsztaty edukacyjne, podczas kt\u00f3rych studenci i&nbsp;uczniowie maj\u0105 mo\u017cliwo\u015b\u0107 zapoznania si\u0119 z&nbsp;zasadami dzia\u0142ania przyrz\u0105d\u00f3w meteorologicznych oraz metodami prowadzenia obserwacji meteorologicznych.<\/p>\n                                        <\/div>\n\t\t\t\t\t\t                                                        <div class=\"mn-cards-list\">\n                                            <div class=\"mn-card-container\">\n                                                <div>\n                                                    <img src=\"https:\/\/up.lublin.pl\/agrobio\/wp-content\/themes\/up-lublin\/assets\/images\/doc-ico.svg\" alt=\"\" \/>\n                                                    <h5>Zobacz aktualne dane meteorologiczne<\/h5>\n                                                <\/div>\n                                                <a href=\"http:\/\/monitoring.a-ster.net\/login2.php?o=27&u=69&d=125&key=wd56sc\" class=\"mn-more\" target=\"_blank\">Zobacz<\/a>\n                                            <\/div>\n                                        <\/div>\n\t\t\t\t\t\t                                                        <div class=\"block-text\">\n\t                                        <p>Dane prezentowane s\u0105 wed\u0142ug uniwersalnego czasu koordynowanego (UTC). Dla warunk\u00f3w obowi\u0105zuj\u0105cych w&nbsp;Polsce nale\u017cy doliczy\u0107:<\/p>\n<ul>\n<li>w okresie zimowym \u2013 1 godzin\u0119 (UTC+01:00, czas \u015brodkowoeuropejski),<\/li>\n<li>w okresie letnim \u2013 2 godziny (UTC+02:00, czas \u015brodkowoeuropejski letni).<\/li>\n<\/ul>\n                                        <\/div>\n\t\t\t\t\t\t                                <\/div>\n\t\t\t\t\t\t<\/div>\n\t<\/div>\n<\/section>\n\t\t<\/div>\n\t\t\t\t<\/div>\n\t\t\t\t\t\t<\/div>\n\t\t\t\t\t<\/div>\n\t\t<\/div>\n\t\t\t\t\t\t\t\t<\/div>\n\t\t\t\t\t<\/div>\n\t\t<\/section>\n\t\t\t\t\t\t<\/div>\n\t\t\t\t\t\t<\/div>\n\t\t\t\t\t<\/div>\n\t\t","protected":false},"excerpt":{"rendered":"<p>Zak\u0142ad Agrometeorologii UP Wydzia\u0142 Agrobioin\u017cynierii Dydaktyka Badania Historia Publikacje Obserwatorium Meteorologiczne Lublin-Felin Zaj\u0119cia dydaktyczne (w systemie dziennym i&nbsp;zaocznym) s\u0105 przeprowadzane na kierunku Rolnictwo, Le\u015bnictwo, In\u017cynieria \u015arodowiska, Ochrona \u015arodowiska, Ogrodnictwo oraz Turystyka i&nbsp;Rekreacja. Prowadzone przedmioty to m.in.: agrometeorologia, meteorologia i&nbsp;klimatologia, ochrona powietrza, klimatyczne zagro\u017cenia \u015brodowiska. G\u0142\u00f3wne kierunki bada\u0144 naukowych: Ocena przydatno\u015bci danych gridowych oraz satelitarnych do [&hellip;]<\/p>\n","protected":false},"author":2,"featured_media":0,"parent":141075,"menu_order":0,"comment_status":"closed","ping_status":"closed","template":"elementor_header_footer","meta":{"_monsterinsights_skip_tracking":false,"_monsterinsights_sitenote_active":false,"_monsterinsights_sitenote_note":"","_monsterinsights_sitenote_category":0},"_links":{"self":[{"href":"https:\/\/up.lublin.pl\/agrobio\/wp-json\/wp\/v2\/pages\/141087"}],"collection":[{"href":"https:\/\/up.lublin.pl\/agrobio\/wp-json\/wp\/v2\/pages"}],"about":[{"href":"https:\/\/up.lublin.pl\/agrobio\/wp-json\/wp\/v2\/types\/page"}],"author":[{"embeddable":true,"href":"https:\/\/up.lublin.pl\/agrobio\/wp-json\/wp\/v2\/users\/2"}],"replies":[{"embeddable":true,"href":"https:\/\/up.lublin.pl\/agrobio\/wp-json\/wp\/v2\/comments?post=141087"}],"version-history":[{"count":13,"href":"https:\/\/up.lublin.pl\/agrobio\/wp-json\/wp\/v2\/pages\/141087\/revisions"}],"predecessor-version":[{"id":164045,"href":"https:\/\/up.lublin.pl\/agrobio\/wp-json\/wp\/v2\/pages\/141087\/revisions\/164045"}],"up":[{"embeddable":true,"href":"https:\/\/up.lublin.pl\/agrobio\/wp-json\/wp\/v2\/pages\/141075"}],"wp:attachment":[{"href":"https:\/\/up.lublin.pl\/agrobio\/wp-json\/wp\/v2\/media?parent=141087"}],"curies":[{"name":"wp","href":"https:\/\/api.w.org\/{rel}","templated":true}]}}