{"id":141070,"date":"2021-06-21T09:31:30","date_gmt":"2021-06-21T07:31:30","guid":{"rendered":"https:\/\/up.lublin.pl\/agrobio\/?page_id=141070"},"modified":"2022-10-12T14:33:37","modified_gmt":"2022-10-12T12:33:37","slug":"socjologia-wsi","status":"publish","type":"page","link":"https:\/\/up.lublin.pl\/agrobio\/wydzial\/struktura-i-pracownicy\/katedra-roslin-przemyslowych-i-leczniczych\/socjologia-wsi\/","title":{"rendered":"Zak\u0142ad Socjologii Wsi"},"content":{"rendered":"\t\t<div data-elementor-type=\"wp-page\" data-elementor-id=\"141070\" class=\"elementor elementor-141070\" data-elementor-settings=\"[]\">\n\t\t\t\t\t\t<div class=\"elementor-inner\">\n\t\t\t\t\t\t\t<div class=\"elementor-section-wrap\">\n\t\t\t\t\t\t\t<section class=\"elementor-section elementor-top-section elementor-element elementor-element-10aa9f4 elementor-section-boxed elementor-section-height-default elementor-section-height-default\" data-id=\"10aa9f4\" data-element_type=\"section\">\n\t\t\t\t\t\t<div class=\"elementor-container elementor-column-gap-default\">\n\t\t\t\t\t\t\t<div class=\"elementor-row\">\n\t\t\t\t\t<div class=\"elementor-column elementor-col-100 elementor-top-column elementor-element elementor-element-dbb6f81\" data-id=\"dbb6f81\" data-element_type=\"column\">\n\t\t\t<div class=\"elementor-column-wrap elementor-element-populated\">\n\t\t\t\t\t\t\t<div class=\"elementor-widget-wrap\">\n\t\t\t\t\t\t<div class=\"elementor-element elementor-element-587d63d elementor-widget elementor-widget-m2k\" data-id=\"587d63d\" data-element_type=\"widget\" data-widget_type=\"m2k.default\">\n\t\t\t\t<div class=\"elementor-widget-container\">\n\t\t\t<section class=\"mn-m2-d mn-bg-green\">\n    <div class=\"mn-grid\">\n        <div class=\"mn-grid-12 mn-introtext\">\n                            <h3>\n                    Zak\u0142ad Socjologii Wsi                <\/h3>\n                        <\/div>\n    <\/div>\n    <\/section>\n\t\t<\/div>\n\t\t\t\t<\/div>\n\t\t\t\t\t\t<\/div>\n\t\t\t\t\t<\/div>\n\t\t<\/div>\n\t\t\t\t\t\t\t\t<\/div>\n\t\t\t\t\t<\/div>\n\t\t<\/section>\n\t\t\t\t<section class=\"elementor-section elementor-top-section elementor-element elementor-element-25de54f elementor-section-boxed elementor-section-height-default elementor-section-height-default\" data-id=\"25de54f\" data-element_type=\"section\">\n\t\t\t\t\t\t<div class=\"elementor-container elementor-column-gap-default\">\n\t\t\t\t\t\t\t<div class=\"elementor-row\">\n\t\t\t\t\t<div class=\"elementor-column elementor-col-100 elementor-top-column elementor-element elementor-element-8818b06\" data-id=\"8818b06\" data-element_type=\"column\">\n\t\t\t<div class=\"elementor-column-wrap elementor-element-populated\">\n\t\t\t\t\t\t\t<div class=\"elementor-widget-wrap\">\n\t\t\t\t\t\t<div class=\"elementor-element elementor-element-fcf9506 elementor-widget elementor-widget-m5c\" data-id=\"fcf9506\" data-element_type=\"widget\" data-widget_type=\"m5c.default\">\n\t\t\t\t<div class=\"elementor-widget-container\">\n\t\t\t<section class=\"mn-m5-c mn-bg-white\">\n\t<div class=\"mn-grid\">\n\t\t            <div class=\"mn-menu-container mn-grid-3\">\n                <ul class=\"mn-bg-yellow\">\n\t                                        <li>\n                            <a href=\"#\" class=\"active\" data-hash=\"#dydaktyka\">\n                                Dydaktyka                            <\/a>\n                        <\/li>\n                                                <li>\n                            <a href=\"#\" class=\"\" data-hash=\"#badania\">\n                                Badania                            <\/a>\n                        <\/li>\n                                                <li>\n                            <a href=\"#\" class=\"\" data-hash=\"#historia\">\n                                Historia                            <\/a>\n                        <\/li>\n                                        <\/ul>\n            <\/div>\n\t        \t\t<div class=\"mn-content mn-grid-8\">\n\t\t\t                <div class=\"mn-content-block active\">\n\t                                                        <div class=\"block-text\">\n\t                                        <ul>\n<li>Podstawy prawa<\/li>\n<li>Prawoznawstwo<\/li>\n<li>Prawne uwarunkowania gospodarki przestrzennej<\/li>\n<li>Prawo celne<\/li>\n<li>Etyka<\/li>\n<li>BHP i&nbsp;ergonomia<\/li>\n<li>Ochrona w\u0142asno\u015bci intelektualnej i&nbsp;bhp<\/li>\n<li>Ochrona w\u0142asno\u015bci intelektualnej<\/li>\n<li>Prawo administracyjne i&nbsp;finansowe<\/li>\n<li>Prawo gospodarcze<\/li>\n<li>Prawo rolne<\/li>\n<li>Bioetyka<\/li>\n<li>Prawo w&nbsp;turystyce i&nbsp;rekreacji<\/li>\n<li>Post\u0119powanie administracyjne<\/li>\n<li>Prawo<\/li>\n<li>Ochrona w\u0142asno\u015bci intelektualnej, ergonomia i&nbsp;BHP w&nbsp;le\u015bnictwie<\/li>\n<li>Demografia<\/li>\n<li>Socjologia BHP<\/li>\n<li>Socjologia<\/li>\n<li>Komunikacja spo\u0142eczna<\/li>\n<li>Socjologia czasu wolnego<\/li>\n<li>Zarz\u0105dzanie marketingowe<\/li>\n<li>Socjologia wybrane aspekty<\/li>\n<li>Socjologia w&nbsp;turystyce<\/li>\n<li>Komunikacja interpersonalna<\/li>\n<li>Teoria gospodarki przestrzennej<\/li>\n<li>Socjologia i&nbsp;psychologia \u015brodowiskowa<\/li>\n<li>Metody bada\u0144 GP<\/li>\n<\/ul>\n                                        <\/div>\n\t\t\t\t\t\t                                <\/div>\n\t\t\t\t                <div class=\"mn-content-block\">\n\t                                                        <div class=\"block-text\">\n\t                                        <p>W Zak\u0142adzie prowadzone s\u0105 badania ujmuj\u0105ce kompleksow\u0105 analiz\u0119 procesu konsumpcji w&nbsp;perspektywie zr\u00f3wnowa\u017conego rozwoju wojew\u00f3dztwa lubelskiego. Obejmuj\u0105 uwarunkowania ekonomiczne i&nbsp;spo\u0142eczno-kulturowe. Badano r\u00f3wnie\u017c wp\u0142yw czynnik\u00f3w spo\u0142eczno- kulturowych i&nbsp;ekonomicznych na zachowania konsumenckie. Analizowano tak\u017ce \u015bwiadomo\u015b\u0107 ekologiczn\u0105 konsument\u00f3w. Prowadzone badania \u0142\u0105cz\u0105 w&nbsp;sobie funkcje poznawcze i&nbsp;aplikacyjne. Wyniki bada\u0144 umo\u017cliwi\u0105 opracowanie program\u00f3w dzia\u0142a\u0144 praktycznych stymuluj\u0105cych rozw\u00f3j konsumpcji zr\u00f3wnowa\u017conej i&nbsp;jednocze\u015bnie przeciwdzia\u0142aj\u0105cych negatywnym zjawiskom degradacji \u015brodowiska naturalnego i&nbsp;kulturowego.<\/p>\n                                        <\/div>\n\t\t\t\t\t\t                                <\/div>\n\t\t\t\t                <div class=\"mn-content-block\">\n\t                                                        <div class=\"block-text\">\n\t                                        <p>Od 2017 r. w&nbsp;Katedrze Ro\u015blin Przemys\u0142owych i&nbsp;Leczniczych dzia\u0142a Zak\u0142ad Socjologii Wsi<\/p>\n                                        <\/div>\n\t\t\t\t\t\t                                <\/div>\n\t\t\t\t\t\t<\/div>\n\t<\/div>\n<\/section>\n\t\t<\/div>\n\t\t\t\t<\/div>\n\t\t\t\t\t\t<\/div>\n\t\t\t\t\t<\/div>\n\t\t<\/div>\n\t\t\t\t\t\t\t\t<\/div>\n\t\t\t\t\t<\/div>\n\t\t<\/section>\n\t\t\t\t\t\t<\/div>\n\t\t\t\t\t\t<\/div>\n\t\t\t\t\t<\/div>\n\t\t","protected":false},"excerpt":{"rendered":"<p>Zak\u0142ad Socjologii Wsi UP Wydzia\u0142 Agrobioin\u017cynierii Dydaktyka Badania Historia Podstawy prawa Prawoznawstwo Prawne uwarunkowania gospodarki przestrzennej Prawo celne Etyka BHP i&nbsp;ergonomia Ochrona w\u0142asno\u015bci intelektualnej i&nbsp;bhp Ochrona w\u0142asno\u015bci intelektualnej Prawo administracyjne i&nbsp;finansowe Prawo gospodarcze Prawo rolne Bioetyka Prawo w&nbsp;turystyce i&nbsp;rekreacji Post\u0119powanie administracyjne Prawo Ochrona w\u0142asno\u015bci intelektualnej, ergonomia i&nbsp;BHP w&nbsp;le\u015bnictwie Demografia Socjologia BHP Socjologia Komunikacja spo\u0142eczna Socjologia [&hellip;]<\/p>\n","protected":false},"author":2,"featured_media":0,"parent":141011,"menu_order":0,"comment_status":"closed","ping_status":"closed","template":"elementor_header_footer","meta":{"_monsterinsights_skip_tracking":false,"_monsterinsights_sitenote_active":false,"_monsterinsights_sitenote_note":"","_monsterinsights_sitenote_category":0},"_links":{"self":[{"href":"https:\/\/up.lublin.pl\/agrobio\/wp-json\/wp\/v2\/pages\/141070"}],"collection":[{"href":"https:\/\/up.lublin.pl\/agrobio\/wp-json\/wp\/v2\/pages"}],"about":[{"href":"https:\/\/up.lublin.pl\/agrobio\/wp-json\/wp\/v2\/types\/page"}],"author":[{"embeddable":true,"href":"https:\/\/up.lublin.pl\/agrobio\/wp-json\/wp\/v2\/users\/2"}],"replies":[{"embeddable":true,"href":"https:\/\/up.lublin.pl\/agrobio\/wp-json\/wp\/v2\/comments?post=141070"}],"version-history":[{"count":10,"href":"https:\/\/up.lublin.pl\/agrobio\/wp-json\/wp\/v2\/pages\/141070\/revisions"}],"predecessor-version":[{"id":148274,"href":"https:\/\/up.lublin.pl\/agrobio\/wp-json\/wp\/v2\/pages\/141070\/revisions\/148274"}],"up":[{"embeddable":true,"href":"https:\/\/up.lublin.pl\/agrobio\/wp-json\/wp\/v2\/pages\/141011"}],"wp:attachment":[{"href":"https:\/\/up.lublin.pl\/agrobio\/wp-json\/wp\/v2\/media?parent=141070"}],"curies":[{"name":"wp","href":"https:\/\/api.w.org\/{rel}","templated":true}]}}