{"id":141065,"date":"2021-06-21T09:29:34","date_gmt":"2021-06-21T07:29:34","guid":{"rendered":"https:\/\/up.lublin.pl\/agrobio\/?page_id=141065"},"modified":"2022-10-12T14:32:51","modified_gmt":"2022-10-12T12:32:51","slug":"gospodarka-lesna","status":"publish","type":"page","link":"https:\/\/up.lublin.pl\/agrobio\/wydzial\/struktura-i-pracownicy\/katedra-roslin-przemyslowych-i-leczniczych\/gospodarka-lesna\/","title":{"rendered":"Zak\u0142ad Gospodarki Le\u015bnej"},"content":{"rendered":"\t\t<div data-elementor-type=\"wp-page\" data-elementor-id=\"141065\" class=\"elementor elementor-141065\" data-elementor-settings=\"[]\">\n\t\t\t\t\t\t<div class=\"elementor-inner\">\n\t\t\t\t\t\t\t<div class=\"elementor-section-wrap\">\n\t\t\t\t\t\t\t<section class=\"elementor-section elementor-top-section elementor-element elementor-element-e6f101f elementor-section-boxed elementor-section-height-default elementor-section-height-default\" data-id=\"e6f101f\" data-element_type=\"section\">\n\t\t\t\t\t\t<div class=\"elementor-container elementor-column-gap-default\">\n\t\t\t\t\t\t\t<div class=\"elementor-row\">\n\t\t\t\t\t<div class=\"elementor-column elementor-col-100 elementor-top-column elementor-element elementor-element-f592210\" data-id=\"f592210\" data-element_type=\"column\">\n\t\t\t<div class=\"elementor-column-wrap elementor-element-populated\">\n\t\t\t\t\t\t\t<div class=\"elementor-widget-wrap\">\n\t\t\t\t\t\t<div class=\"elementor-element elementor-element-02bb063 elementor-widget elementor-widget-m2k\" data-id=\"02bb063\" data-element_type=\"widget\" data-widget_type=\"m2k.default\">\n\t\t\t\t<div class=\"elementor-widget-container\">\n\t\t\t<section class=\"mn-m2-d mn-bg-green\">\n    <div class=\"mn-grid\">\n        <div class=\"mn-grid-12 mn-introtext\">\n                            <h3>\n                     Zak\u0142ad Gospodarki Le\u015bnej                <\/h3>\n                        <\/div>\n    <\/div>\n    <\/section>\n\t\t<\/div>\n\t\t\t\t<\/div>\n\t\t\t\t\t\t<\/div>\n\t\t\t\t\t<\/div>\n\t\t<\/div>\n\t\t\t\t\t\t\t\t<\/div>\n\t\t\t\t\t<\/div>\n\t\t<\/section>\n\t\t\t\t<section class=\"elementor-section elementor-top-section elementor-element elementor-element-312bbfa elementor-section-boxed elementor-section-height-default elementor-section-height-default\" data-id=\"312bbfa\" data-element_type=\"section\">\n\t\t\t\t\t\t<div class=\"elementor-container elementor-column-gap-default\">\n\t\t\t\t\t\t\t<div class=\"elementor-row\">\n\t\t\t\t\t<div class=\"elementor-column elementor-col-100 elementor-top-column elementor-element elementor-element-1c5a419\" data-id=\"1c5a419\" data-element_type=\"column\">\n\t\t\t<div class=\"elementor-column-wrap elementor-element-populated\">\n\t\t\t\t\t\t\t<div class=\"elementor-widget-wrap\">\n\t\t\t\t\t\t<div class=\"elementor-element elementor-element-64ef6d3 elementor-widget elementor-widget-m5c\" data-id=\"64ef6d3\" data-element_type=\"widget\" data-widget_type=\"m5c.default\">\n\t\t\t\t<div class=\"elementor-widget-container\">\n\t\t\t<section class=\"mn-m5-c mn-bg-white\">\n\t<div class=\"mn-grid\">\n\t\t            <div class=\"mn-menu-container mn-grid-3\">\n                <ul class=\"mn-bg-yellow\">\n\t                                        <li>\n                            <a href=\"#\" class=\"active\" data-hash=\"#dydaktyka\">\n                                Dydaktyka                            <\/a>\n                        <\/li>\n                                                <li>\n                            <a href=\"#\" class=\"\" data-hash=\"#badania\">\n                                Badania                            <\/a>\n                        <\/li>\n                                                <li>\n                            <a href=\"#\" class=\"\" data-hash=\"#historia\">\n                                Historia                            <\/a>\n                        <\/li>\n                                        <\/ul>\n            <\/div>\n\t        \t\t<div class=\"mn-content mn-grid-8\">\n\t\t\t                <div class=\"mn-content-block active\">\n\t                                                        <div class=\"block-text\">\n\t                                        <p>Przedmioty realizowane przez Zak\u0142ad Gospodarki Le\u015bnej:<\/p>\n<ul>\n<li>Propedeutyka le\u015bnictwa<\/li>\n<li>Szczeg\u00f3\u0142owa hodowla lasu<\/li>\n<li>Dendrometria<\/li>\n<li>Zarz\u0105dzanie w&nbsp;le\u015bnictwie<\/li>\n<li>Dendrologia le\u015bna<\/li>\n<li>Technologia drewna<\/li>\n<li>Uboczne u\u017cytkowanie lasu<\/li>\n<li>Nauka o&nbsp;surowcu drzewnym<\/li>\n<li>Propedeutyka le\u015bnictwa<\/li>\n<li>Finanse i&nbsp;ekonomia le\u015bnictwa<\/li>\n<li>Podstawy prawa<\/li>\n<\/ul>\n                                        <\/div>\n\t\t\t\t\t\t                                <\/div>\n\t\t\t\t                <div class=\"mn-content-block\">\n\t                                                        <div class=\"block-text\">\n\t                                        <div>\u00a0Problematyka badawcza Zak\u0142adu Gospodarki Le\u015bnej:<\/div>\n<ul>\n<li>ocena warto\u015bci dendrologicznej i&nbsp;krajobrazowej park\u00f3w wiejskich Lubelszczyzny<\/li>\n<li>ocena odnowienia naturalnego d\u0119bu szypu\u0142kowego w&nbsp;drzewostanach po\u0142udniowo-wschodniej Polski<\/li>\n<li>zwi\u0105zki pomi\u0119dzy warto\u015bci\u0105 dendrologiczn\u0105 park\u00f3w a&nbsp;ich warto\u015bciami estetycznymi<\/li>\n<li>ekonomiczno-spo\u0142eczne efekty gospodarki le\u015bnej w&nbsp;Polsce: ekonomiczna efektywno\u015b\u0107 zagospodarowania grunt\u00f3w rolnych nie u\u017cytkowanych rolniczo przez zalesianie, wielofunkcyjne zagospodarowanie obszar\u00f3w wiejskich oraz perspektyw rozwoju gospodarki le\u015bnej<\/li>\n<li>zagadnienia praktyczne zwi\u0105zane ze specyfik\u0105 gospodarki le\u015bnej, funkcjonowaniem ekosystem\u00f3w le\u015bnych, w&nbsp;tym na terenach zabagnionych, zagadnienia zwi\u0105zane z&nbsp;ochron\u0105 lasu oraz ochron\u0105 przyrody\u00a0 \u2013 obszary Natura 2000 i&nbsp;grunty le\u015bne obj\u0119te innymi formami ochrony przyrody<\/li>\n<li>wyst\u0119powanie, rola i&nbsp;znaczenie jod\u0142y w&nbsp;lasach regionu oraz sposoby zagospodarowania drzewostan\u00f3w jod\u0142owych i&nbsp;z udzia\u0142em jod\u0142y (realizowane s\u0105 w&nbsp;ramach nadzorowania gospodarki le\u015bnej w&nbsp;zasi\u0119gu dzia\u0142ania RDLP w&nbsp;Lublinie)<\/li>\n<li>problematyka technologii drewna w&nbsp;szerokim zakresie (w tym: ocena jako\u015bci drewna, konserwacja drewna oraz artystyczna obr\u00f3bka)<\/li>\n<li>badania pow\u0142ok na drewnie, por\u00f3wnanie tradycyjnych i&nbsp;wsp\u00f3\u0142czesnych metod<\/li>\n<li>problematyka zachowania drewnianej architektury poobozowej (w tym wykonanie badania stanu zachowania i&nbsp;przyczyn zniszcze\u0144 24 drewnianych budynk\u00f3w oraz prace konserwatorskie obejmuj\u0105ce jeden barak na terenie by\u0142ego niemieckiego obozu koncentracyjnego na Majdanku oraz por\u00f3wnanie skuteczno\u015bci metod detekcji stanu drewna \u2013 m.in. tomografii komputerowej, tomografii akustycznej i&nbsp;rezystografii)<\/li>\n<\/ul>\n                                        <\/div>\n\t\t\t\t\t\t                                <\/div>\n\t\t\t\t                <div class=\"mn-content-block\">\n\t                                                        <div class=\"block-text\">\n\t                                        <p>Od 2016r w&nbsp;Katedrze Ro\u015blin Przemys\u0142owych i&nbsp;Leczniczych dzia\u0142a Zak\u0142ad Gospodarki Le\u015bnej.<\/p>\n                                        <\/div>\n\t\t\t\t\t\t                                <\/div>\n\t\t\t\t\t\t<\/div>\n\t<\/div>\n<\/section>\n\t\t<\/div>\n\t\t\t\t<\/div>\n\t\t\t\t\t\t<\/div>\n\t\t\t\t\t<\/div>\n\t\t<\/div>\n\t\t\t\t\t\t\t\t<\/div>\n\t\t\t\t\t<\/div>\n\t\t<\/section>\n\t\t\t\t\t\t<\/div>\n\t\t\t\t\t\t<\/div>\n\t\t\t\t\t<\/div>\n\t\t","protected":false},"excerpt":{"rendered":"<p>Zak\u0142ad Gospodarki Le\u015bnej UP Wydzia\u0142 Agrobioin\u017cynierii Dydaktyka Badania Historia Przedmioty realizowane przez Zak\u0142ad Gospodarki Le\u015bnej: Propedeutyka le\u015bnictwa Szczeg\u00f3\u0142owa hodowla lasu Dendrometria Zarz\u0105dzanie w&nbsp;le\u015bnictwie Dendrologia le\u015bna Technologia drewna Uboczne u\u017cytkowanie lasu Nauka o&nbsp;surowcu drzewnym Propedeutyka le\u015bnictwa Finanse i&nbsp;ekonomia le\u015bnictwa Podstawy prawa \u00a0Problematyka badawcza Zak\u0142adu Gospodarki Le\u015bnej: ocena warto\u015bci dendrologicznej i&nbsp;krajobrazowej park\u00f3w wiejskich Lubelszczyzny ocena odnowienia naturalnego [&hellip;]<\/p>\n","protected":false},"author":2,"featured_media":0,"parent":141011,"menu_order":0,"comment_status":"closed","ping_status":"closed","template":"elementor_header_footer","meta":{"_monsterinsights_skip_tracking":false,"_monsterinsights_sitenote_active":false,"_monsterinsights_sitenote_note":"","_monsterinsights_sitenote_category":0},"_links":{"self":[{"href":"https:\/\/up.lublin.pl\/agrobio\/wp-json\/wp\/v2\/pages\/141065"}],"collection":[{"href":"https:\/\/up.lublin.pl\/agrobio\/wp-json\/wp\/v2\/pages"}],"about":[{"href":"https:\/\/up.lublin.pl\/agrobio\/wp-json\/wp\/v2\/types\/page"}],"author":[{"embeddable":true,"href":"https:\/\/up.lublin.pl\/agrobio\/wp-json\/wp\/v2\/users\/2"}],"replies":[{"embeddable":true,"href":"https:\/\/up.lublin.pl\/agrobio\/wp-json\/wp\/v2\/comments?post=141065"}],"version-history":[{"count":10,"href":"https:\/\/up.lublin.pl\/agrobio\/wp-json\/wp\/v2\/pages\/141065\/revisions"}],"predecessor-version":[{"id":148268,"href":"https:\/\/up.lublin.pl\/agrobio\/wp-json\/wp\/v2\/pages\/141065\/revisions\/148268"}],"up":[{"embeddable":true,"href":"https:\/\/up.lublin.pl\/agrobio\/wp-json\/wp\/v2\/pages\/141011"}],"wp:attachment":[{"href":"https:\/\/up.lublin.pl\/agrobio\/wp-json\/wp\/v2\/media?parent=141065"}],"curies":[{"name":"wp","href":"https:\/\/api.w.org\/{rel}","templated":true}]}}