{"id":141003,"date":"2021-06-21T08:23:14","date_gmt":"2021-06-21T06:23:14","guid":{"rendered":"https:\/\/up.lublin.pl\/agrobio\/?page_id=141003"},"modified":"2022-10-12T14:31:11","modified_gmt":"2022-10-12T12:31:11","slug":"zaklad-studiow-krajobrazowych-i-gospodarki-przestrzennej","status":"publish","type":"page","link":"https:\/\/up.lublin.pl\/agrobio\/wydzial\/struktura-i-pracownicy\/katedra-lakarstwa-i-ksztaltowania-krajobrazu\/zaklad-studiow-krajobrazowych-i-gospodarki-przestrzennej\/","title":{"rendered":"Zak\u0142ad Studi\u00f3w Krajobrazowych i Gospodarki Przestrzennej"},"content":{"rendered":"\t\t<div data-elementor-type=\"wp-page\" data-elementor-id=\"141003\" class=\"elementor elementor-141003\" data-elementor-settings=\"[]\">\n\t\t\t\t\t\t<div class=\"elementor-inner\">\n\t\t\t\t\t\t\t<div class=\"elementor-section-wrap\">\n\t\t\t\t\t\t\t<section class=\"elementor-section elementor-top-section elementor-element elementor-element-a9d649d elementor-section-boxed elementor-section-height-default elementor-section-height-default\" data-id=\"a9d649d\" data-element_type=\"section\">\n\t\t\t\t\t\t<div class=\"elementor-container elementor-column-gap-default\">\n\t\t\t\t\t\t\t<div class=\"elementor-row\">\n\t\t\t\t\t<div class=\"elementor-column elementor-col-100 elementor-top-column elementor-element elementor-element-a21b9c4\" data-id=\"a21b9c4\" data-element_type=\"column\">\n\t\t\t<div class=\"elementor-column-wrap elementor-element-populated\">\n\t\t\t\t\t\t\t<div class=\"elementor-widget-wrap\">\n\t\t\t\t\t\t<div class=\"elementor-element elementor-element-804f96d elementor-widget elementor-widget-m2d\" data-id=\"804f96d\" data-element_type=\"widget\" data-widget_type=\"m2d.default\">\n\t\t\t\t<div class=\"elementor-widget-container\">\n\t\t\t<section class=\"mn-m2-d mn-bg-green\">\r\n\t<div class=\"mn-grid\">\r\n\t\t<div class=\"mn-grid-12 mn-introtext\">\r\n\t\t\t\t\t\t\t<h3>\r\n\t\t\t\t\tZak\u0142ad Studi\u00f3w Krajobrazowych i&nbsp;Gospodarki Przestrzennej\t\t\t\t<\/h3>\r\n\t\t\t\t\t\t<\/div>\r\n\t\t\t        \r\n\r\n\t<\/div>\r\n\t<\/section>\r\n\t\t<\/div>\n\t\t\t\t<\/div>\n\t\t\t\t\t\t<\/div>\n\t\t\t\t\t<\/div>\n\t\t<\/div>\n\t\t\t\t\t\t\t\t<\/div>\n\t\t\t\t\t<\/div>\n\t\t<\/section>\n\t\t\t\t<section class=\"elementor-section elementor-top-section elementor-element elementor-element-6b7ba96 elementor-section-boxed elementor-section-height-default elementor-section-height-default\" data-id=\"6b7ba96\" data-element_type=\"section\">\n\t\t\t\t\t\t<div class=\"elementor-container elementor-column-gap-default\">\n\t\t\t\t\t\t\t<div class=\"elementor-row\">\n\t\t\t\t\t<div class=\"elementor-column elementor-col-100 elementor-top-column elementor-element elementor-element-1acfcd7\" data-id=\"1acfcd7\" data-element_type=\"column\">\n\t\t\t<div class=\"elementor-column-wrap elementor-element-populated\">\n\t\t\t\t\t\t\t<div class=\"elementor-widget-wrap\">\n\t\t\t\t\t\t<div class=\"elementor-element elementor-element-e1216c6 elementor-widget elementor-widget-m5c\" data-id=\"e1216c6\" data-element_type=\"widget\" data-widget_type=\"m5c.default\">\n\t\t\t\t<div class=\"elementor-widget-container\">\n\t\t\t<section class=\"mn-m5-c mn-bg-white\">\n\t<div class=\"mn-grid\">\n\t\t            <div class=\"mn-menu-container mn-grid-3\">\n                <ul class=\"mn-bg-yellow\">\n\t                                        <li>\n                            <a href=\"#\" class=\"active\" data-hash=\"#dydaktyka\">\n                                Dydaktyka                            <\/a>\n                        <\/li>\n                                                <li>\n                            <a href=\"#\" class=\"\" data-hash=\"#badania\">\n                                Badania                            <\/a>\n                        <\/li>\n                                                <li>\n                            <a href=\"#\" class=\"\" data-hash=\"#historia\">\n                                Historia                            <\/a>\n                        <\/li>\n                                        <\/ul>\n            <\/div>\n\t        \t\t<div class=\"mn-content mn-grid-8\">\n\t\t\t                <div class=\"mn-content-block active\">\n\t                                                        <div class=\"block-text\">\n\t                                        <p><strong>Przedmioty realizowane na Kierunku Architektura Krajobrazu:<\/p>\n<p><\/strong>Przestrze\u0144 publiczna w&nbsp;krajobrazie otwartym,<br \/>Przydomowe tereny zieleni<br \/>Kszta\u0142towanie krajobrazu rolniczego<\/p>\n                                        <\/div>\n\t\t\t\t\t\t                                <\/div>\n\t\t\t\t                <div class=\"mn-content-block\">\n\t                                                        <div class=\"block-text\">\n\t                                        <p>G\u0142\u00f3wne nurty badawcze Zak\u0142adu skupiaj\u0105 si\u0119 na problematyce zwi\u0105zanej z&nbsp;kszta\u0142towaniem krajobrazu otwartego. Obejmuj\u0105 one r\u00f3wnie\u017c zagadnienia zwi\u0105zane z&nbsp;projektowaniem przestrzeni publicznej oraz prywatnej w&nbsp;\u015brodowisku zurbanizowanym i&nbsp;na obszarach wiejskich. Zak\u0142ad \u015bwiadczy us\u0142ugi badawczo-studialne oraz projektowe, szczeg\u00f3lnie w&nbsp;zakresie kszta\u0142towania przestrzeni publicznych w&nbsp;krajobrazie wiejskim.<\/p>\n                                        <\/div>\n\t\t\t\t\t\t                                <\/div>\n\t\t\t\t                <div class=\"mn-content-block\">\n\t                                                        <div class=\"block-text\">\n\t                                        <p>Zak\u0142ad zosta\u0142 powo\u0142ana do studi\u00f3w nad kszta\u0142towaniem krajobrazu otwartego. \u015awiadczy tak\u017ce us\u0142ugi badawczo-studialne oraz projektowe, szczeg\u00f3lnie w&nbsp;zakresie kszta\u0142towania przestrzeni publicznych w&nbsp;krajobrazie wiejskim.<\/p>\n<p style=\"text-align: center;\"><strong>Historia Zak\u0142adu<\/strong><\/p>\n<p>Na mocy decyzji Senatu Uniwersytetu Przyrodniczego w&nbsp;Lublinie, z&nbsp;dniem 26 czerwca 2009r. utworzono w&nbsp;Katedrze \u0141\u0105karstwa i&nbsp;Kszta\u0142towania Krajobrazu Pracowni\u0119 Studi\u00f3w Krajobrazowych Na kierownika Pracowni z&nbsp;dniem 1\u00a0pa\u017adziernika 2009r.s powo\u0142ano architekta krajobrazu dr in\u017c. Agnieszk\u0119 K\u0119pkowicz.<\/p>\n                                        <\/div>\n\t\t\t\t\t\t                                <\/div>\n\t\t\t\t\t\t<\/div>\n\t<\/div>\n<\/section>\n\t\t<\/div>\n\t\t\t\t<\/div>\n\t\t\t\t\t\t<\/div>\n\t\t\t\t\t<\/div>\n\t\t<\/div>\n\t\t\t\t\t\t\t\t<\/div>\n\t\t\t\t\t<\/div>\n\t\t<\/section>\n\t\t\t\t\t\t<\/div>\n\t\t\t\t\t\t<\/div>\n\t\t\t\t\t<\/div>\n\t\t","protected":false},"excerpt":{"rendered":"<p>Zak\u0142ad Studi\u00f3w Krajobrazowych i&nbsp;Gospodarki Przestrzennej UP Wydzia\u0142 Agrobioin\u017cynierii Dydaktyka Badania Historia Przedmioty realizowane na Kierunku Architektura Krajobrazu: Przestrze\u0144 publiczna w&nbsp;krajobrazie otwartym,Przydomowe tereny zieleniKszta\u0142towanie krajobrazu rolniczego G\u0142\u00f3wne nurty badawcze Zak\u0142adu skupiaj\u0105 si\u0119 na problematyce zwi\u0105zanej z&nbsp;kszta\u0142towaniem krajobrazu otwartego. Obejmuj\u0105 one r\u00f3wnie\u017c zagadnienia zwi\u0105zane z&nbsp;projektowaniem przestrzeni publicznej oraz prywatnej w&nbsp;\u015brodowisku zurbanizowanym i&nbsp;na obszarach wiejskich. Zak\u0142ad \u015bwiadczy us\u0142ugi [&hellip;]<\/p>\n","protected":false},"author":2,"featured_media":0,"parent":140753,"menu_order":0,"comment_status":"closed","ping_status":"closed","template":"elementor_header_footer","meta":{"_monsterinsights_skip_tracking":false,"_monsterinsights_sitenote_active":false,"_monsterinsights_sitenote_note":"","_monsterinsights_sitenote_category":0},"_links":{"self":[{"href":"https:\/\/up.lublin.pl\/agrobio\/wp-json\/wp\/v2\/pages\/141003"}],"collection":[{"href":"https:\/\/up.lublin.pl\/agrobio\/wp-json\/wp\/v2\/pages"}],"about":[{"href":"https:\/\/up.lublin.pl\/agrobio\/wp-json\/wp\/v2\/types\/page"}],"author":[{"embeddable":true,"href":"https:\/\/up.lublin.pl\/agrobio\/wp-json\/wp\/v2\/users\/2"}],"replies":[{"embeddable":true,"href":"https:\/\/up.lublin.pl\/agrobio\/wp-json\/wp\/v2\/comments?post=141003"}],"version-history":[{"count":16,"href":"https:\/\/up.lublin.pl\/agrobio\/wp-json\/wp\/v2\/pages\/141003\/revisions"}],"predecessor-version":[{"id":148259,"href":"https:\/\/up.lublin.pl\/agrobio\/wp-json\/wp\/v2\/pages\/141003\/revisions\/148259"}],"up":[{"embeddable":true,"href":"https:\/\/up.lublin.pl\/agrobio\/wp-json\/wp\/v2\/pages\/140753"}],"wp:attachment":[{"href":"https:\/\/up.lublin.pl\/agrobio\/wp-json\/wp\/v2\/media?parent=141003"}],"curies":[{"name":"wp","href":"https:\/\/api.w.org\/{rel}","templated":true}]}}