{"id":140724,"date":"2021-06-18T09:57:14","date_gmt":"2021-06-18T07:57:14","guid":{"rendered":"https:\/\/up.lublin.pl\/agrobio\/?page_id=140724"},"modified":"2026-03-23T14:49:39","modified_gmt":"2026-03-23T13:49:39","slug":"katedra-chemii-rolnej-i-srodowiskowej","status":"publish","type":"page","link":"https:\/\/up.lublin.pl\/agrobio\/wydzial\/struktura-i-pracownicy\/katedra-chemii-rolnej-i-srodowiskowej\/","title":{"rendered":"Katedra Chemii Rolnej i \u015arodowiskowej"},"content":{"rendered":"\t\t<div data-elementor-type=\"wp-page\" data-elementor-id=\"140724\" class=\"elementor elementor-140724\" data-elementor-settings=\"[]\">\n\t\t\t\t\t\t<div class=\"elementor-inner\">\n\t\t\t\t\t\t\t<div class=\"elementor-section-wrap\">\n\t\t\t\t\t\t\t<section class=\"elementor-section elementor-top-section elementor-element elementor-element-69c3ccb elementor-section-boxed elementor-section-height-default elementor-section-height-default\" data-id=\"69c3ccb\" data-element_type=\"section\">\n\t\t\t\t\t\t<div class=\"elementor-container elementor-column-gap-default\">\n\t\t\t\t\t\t\t<div class=\"elementor-row\">\n\t\t\t\t\t<div class=\"elementor-column elementor-col-100 elementor-top-column elementor-element elementor-element-83f1ec0\" data-id=\"83f1ec0\" data-element_type=\"column\">\n\t\t\t<div class=\"elementor-column-wrap elementor-element-populated\">\n\t\t\t\t\t\t\t<div class=\"elementor-widget-wrap\">\n\t\t\t\t\t\t<div class=\"elementor-element elementor-element-9aeaf82 elementor-widget elementor-widget-m2k\" data-id=\"9aeaf82\" data-element_type=\"widget\" data-widget_type=\"m2k.default\">\n\t\t\t\t<div class=\"elementor-widget-container\">\n\t\t\t<section class=\"mn-m2-d mn-bg-green\">\n    <div class=\"mn-grid\">\n        <div class=\"mn-grid-12 mn-introtext\">\n                            <h3>\n                     Katedra Chemii Rolnej i&nbsp;\u015arodowiskowej                <\/h3>\n                        <\/div>\n    <\/div>\n    <\/section>\n\t\t<\/div>\n\t\t\t\t<\/div>\n\t\t\t\t\t\t<\/div>\n\t\t\t\t\t<\/div>\n\t\t<\/div>\n\t\t\t\t\t\t\t\t<\/div>\n\t\t\t\t\t<\/div>\n\t\t<\/section>\n\t\t\t\t<section class=\"elementor-section elementor-top-section elementor-element elementor-element-013de93 elementor-section-boxed elementor-section-height-default elementor-section-height-default\" data-id=\"013de93\" data-element_type=\"section\">\n\t\t\t\t\t\t<div class=\"elementor-container elementor-column-gap-default\">\n\t\t\t\t\t\t\t<div class=\"elementor-row\">\n\t\t\t\t\t<div class=\"elementor-column elementor-col-100 elementor-top-column elementor-element elementor-element-dfe8ce5\" data-id=\"dfe8ce5\" data-element_type=\"column\">\n\t\t\t<div class=\"elementor-column-wrap elementor-element-populated\">\n\t\t\t\t\t\t\t<div class=\"elementor-widget-wrap\">\n\t\t\t\t\t\t<div class=\"elementor-element elementor-element-7f001ef elementor-widget elementor-widget-m5c\" data-id=\"7f001ef\" data-element_type=\"widget\" data-widget_type=\"m5c.default\">\n\t\t\t\t<div class=\"elementor-widget-container\">\n\t\t\t<section class=\"mn-m5-c mn-bg-white\">\n\t<div class=\"mn-grid\">\n\t\t            <div class=\"mn-menu-container mn-grid-3\">\n                <ul class=\"mn-bg-yellow\">\n\t                                        <li>\n                            <a href=\"#\" class=\"active\" data-hash=\"#dydaktyka\">\n                                Dydaktyka                            <\/a>\n                        <\/li>\n                                                <li>\n                            <a href=\"#\" class=\"\" data-hash=\"#badania\">\n                                Badania                            <\/a>\n                        <\/li>\n                                                <li>\n                            <a href=\"#\" class=\"\" data-hash=\"#publikacje\">\n                                Publikacje                            <\/a>\n                        <\/li>\n                                                <li>\n                            <a href=\"#\" class=\"\" data-hash=\"#oferta\">\n                                Oferta i&nbsp;Wsp\u00f3\u0142praca                            <\/a>\n                        <\/li>\n                                                <li>\n                            <a href=\"#\" class=\"\" data-hash=\"#dzialalnosc_pracownikow\">\n                                Inne formy dzia\u0142alno\u015bci pracownik\u00f3w                            <\/a>\n                        <\/li>\n                                                <li>\n                            <a href=\"#\" class=\"\" data-hash=\"#historia\">\n                                Historia                            <\/a>\n                        <\/li>\n                                        <\/ul>\n            <\/div>\n\t        \t\t<div class=\"mn-content mn-grid-8\">\n\t\t\t                <div class=\"mn-content-block active\">\n\t                                                        <div class=\"block-text\">\n\t                                        <p><strong>Kierunki studi\u00f3w, na kt\u00f3rych katedra prowadzi zaj\u0119cia (studia stacjonarne i&nbsp;niestacjonarne, I&nbsp;oraz II stopnia) <\/strong><\/p>\n<p><strong>\u00a0<\/strong><\/p>\n<p><strong>\u00a0<\/strong>Wydzia\u0142 Agrobioin\u017cynierii \u2013 kierunki:<\/p>\n<ul>\n<li style=\"list-style-type: none\">\n<ul>\n<li>rolnictwo<\/li>\n<li>bioin\u017cynieria<\/li>\n<li>le\u015bnictwo<\/li>\n<li>agrobiznes<\/li>\n<li>agrole\u015bnictwo<\/li>\n<li>turystyka i&nbsp;rekreacja<\/li>\n<li>gospodarka przestrzenna<\/li>\n<li>aktywno\u015b\u0107 fizyczna<\/li>\n<\/ul>\n<\/li>\n<\/ul>\n<p>\u00a0<\/p>\n<p>Wydzia\u0142 Biologii \u015arodowiskowej \u2013 kierunki:<\/p>\n<ul>\n<li>biokosmetologia<\/li>\n<\/ul>\n<p>\u00a0<\/p>\n<p>Wydzia\u0142 In\u017cynierii Produkcji \u2013 kierunki:<\/p>\n<ul>\n<li>in\u017cynieria \u015brodowiska<\/li>\n<\/ul>\n<p>\u00a0<\/p>\n<p>Wydzia\u0142 Nauk o&nbsp;Zwierz\u0119tach i&nbsp;Biogospodarki \u2013 kierunki:<\/p>\n<ul>\n<li>hipologia i&nbsp;je\u017adziectwo<\/li>\n<li>zootechnika<\/li>\n<li>bezpiecze\u0144stwo i&nbsp;certyfikacja \u017cywno\u015bci<\/li>\n<li>aktywno\u015b\u0107 fizyczna<\/li>\n<li>aktywno\u015b\u0107 fizyczna i&nbsp;agroturystyka kwalifikowana<\/li>\n<\/ul>\n<p>\u00a0<\/p>\n<p>Wydzia\u0142 Medycyny Weterynaryjnej \u2013 kierunki:<\/p>\n<ul>\n<li>veterinary medicine<\/li>\n<\/ul>\n<p>\u00a0<\/p>\n<p>Mi\u0119dzywydzia\u0142owe:<\/p>\n<ul>\n<li>studia podyplomowe<\/li>\n<\/ul>\n<p>\u00a0<\/p>\n<p><strong>Przedmioty, prowadzone w&nbsp;katedrze <\/strong><\/p>\n<p><strong><u>I stopie\u0144 studi\u00f3w:<\/u><\/strong><\/p>\n<p>&#8211; chemia rolna<\/p>\n<p>&#8211; chemia rolna z&nbsp;gleboznawstwem<\/p>\n<p>&#8211; chemia rolna i&nbsp;gleboznawstwo<\/p>\n<p>&#8211; chemia rolna z&nbsp;doradztwem nawozowym<\/p>\n<p>&#8211; melioracje i&nbsp;miernictwo<\/p>\n<p>&#8211; chemia<\/p>\n<p>&#8211; analityka produkt\u00f3w nie\u017cywno\u015bciowych<\/p>\n<p>&#8211; analityka laboratoryjna<\/p>\n<p>&#8211; fizjologia ro\u015blin<\/p>\n<p>&#8211; fizjologia ro\u015blin z&nbsp;elementami biochemii<\/p>\n<p>&#8211; chemia \u015brodowiska<\/p>\n<p>&#8211; kszta\u0142towanie \u015brodowiska<\/p>\n<p>&#8211; biobezpiecze\u0144stwo surowc\u00f3w ro\u015blinnych<\/p>\n<p>&#8211; sport i&nbsp;rekreacja os\u00f3b z&nbsp;niepe\u0142nosprawno\u015bci\u0105<\/p>\n<p>&#8211; organizacja imprez sportowo-rekreacyjnych<\/p>\n<p>&#8211; organizacja imprez agroturystycznych<\/p>\n<p>&#8211; seminarium dyplomowe<\/p>\n<p>&#8211; agronomy<\/p>\n<p>&#8211; Erasmus z&nbsp;przedmiot\u00f3w: chemistry oraz laboratory analytics.<\/p>\n<p>\u00a0<\/p>\n<p><strong><u>II stopie\u0144 studi\u00f3w:<\/u><\/strong><\/p>\n<p>&#8211; doradztwo nawozowe<\/p>\n<p>&#8211; do\u015bwiadczalnictwo i&nbsp;biometria<\/p>\n<p>&#8211; dobra praktyka laboratoryjna<\/p>\n<p>&#8211; systemy jako\u015bci i&nbsp;akredytacja w&nbsp;laboratoriach<\/p>\n<p>&#8211; Ochrona i&nbsp;kszta\u0142towanie ekosystem\u00f3w<\/p>\n<p>&#8211; bezpiecze\u0144stwo produkt\u00f3w ro\u015blinnych<\/p>\n<p>&#8211; analizy instrumentalne<\/p>\n<p>&#8211; survival<\/p>\n<p>&#8211; ubezpieczenia w&nbsp;turystyce<\/p>\n<p>&#8211; nowoczesne formy turystyki.<\/p>\n<p><strong>dr hab. in\u017c. Przemys\u0142aw Tkaczyk, prof. uczelni &#8211; instruktor sportu, specjalno\u015b\u0107: survival &#8211; No 24899\/PAS\/2022<\/strong><\/p>\n                                        <\/div>\n\t\t\t\t\t\t                                <\/div>\n\t\t\t\t                <div class=\"mn-content-block\">\n\t                                                        <ul class=\"mn-accordion\">\n                                            <li>\n                                                <h4 class=\"mn-accordion-title\">Obszary zainteresowa\u0144 badawczych<\/h4>\n                                                <div>\n\t\t\t\t\t\t\t\t\t                <ol>\n<li>Badanie zale\u017cno\u015bci gleba-nawozy-ro\u015blina pod k\u0105tem wzajemnego oddzia\u0142ywania<\/li>\n<li>Badanie jako\u015bci gleb i&nbsp;ro\u015blin pod k\u0105tem w\u0142a\u015bciwo\u015bci fizykochemicznych, chemicznych i&nbsp;biologicznych.<\/li>\n<li>Badanie wp\u0142ywu sorbent\u00f3w mineralnych i&nbsp;organicznych na cechy zdrowotne surowc\u00f3w i&nbsp;produkt\u00f3w ro\u015blinnych.<\/li>\n<li>Badania nawoz\u00f3w naturalnych i&nbsp;organicznych oraz gospodarka sk\u0142adnikami pokarmowymi.<\/li>\n<li>Badanie funkcjonowania p\u00f3l produkcyjnych w&nbsp;zmieniaj\u0105cym si\u0119 \u015brodowisku przyrodniczym.<\/li>\n<li>Badanie wp\u0142ywu dyrektyw unijnych na funkcjonowanie gospodarstw rolnych.<\/li>\n<li>Badanie r\u00f3\u017cnych aspekt\u00f3w toksykologii \u015brodowiska<\/li>\n<li>Badanie aspekt\u00f3w \u015brodowiskowych i\u00a0jako\u015bciowych kszta\u0142tuj\u0105cych plony ro\u015blin, uprawianych na cele \u017cywno\u015bciowe, paszowe i\u00a0energetyczne, ze wskazaniem na bezpiecze\u0144stwo \u017cywno\u015bci.<\/li>\n<li>Badania biostymulacji ro\u015blin i&nbsp;produkcja metabolit\u00f3w wt\u00f3rnych.<\/li>\n<li>Badanie obiegu pierwiastk\u00f3w biogennych w\u00a0ekosystemach.<\/li>\n<li>Mitygacja i&nbsp;adaptacja do zmian klimatu.<\/li>\n<li>Badania dynamiki ro\u015blinno\u015bci w&nbsp;kontek\u015bcie zmian klimatycznych.<\/li>\n<li>Badania dotycz\u0105ce zr\u00f3wnowa\u017conego rolnictwa i&nbsp;dzia\u0142a\u0144 rolno-\u015brodowiskowo-klimatycznych.<\/li>\n<li>Badania teledetekcji i&nbsp;obrazowanie hiperspektralne w&nbsp;monitoringu ro\u015blin.<\/li>\n<li>Badania dotycz\u0105ce wykorzystania danych satelitarnych w&nbsp;badaniach \u015brodowiskowych.<\/li>\n<li>Badanie (interdyscyplinarne) proces\u00f3w cywilizacji informacyjnej.<\/li>\n<li>Przygotowywanie receptur i&nbsp;wytwarzanie innowacyjnych doglebowych nawoz\u00f3w mineralnych i&nbsp;organiczno-mineralnych na bazie produkt\u00f3w odpadowych. Badanie wp\u0142ywu tych nawoz\u00f3w na plonowanie i&nbsp;parametry jako\u015bciowe ro\u015blin oraz w\u0142a\u015bciwo\u015bci gleby.<\/li>\n<li>Przygotowywanie receptur i&nbsp;wytwarzanie innowacyjnych dolistnych nawoz\u00f3w na bazie aminochelat\u00f3w. Badanie wp\u0142ywu tych nawoz\u00f3w na plonowanie i&nbsp;parametry jako\u015bciowe ro\u015blin oraz w\u0142a\u015bciwo\u015bci gleby.<\/li>\n<li>Przygotowywanie receptur i&nbsp;wytwarzanie innowacyjnych doglebowych nawoz\u00f3w z&nbsp;dodatkiem mikrobiologicznym. Badanie wp\u0142ywu tych nawoz\u00f3w na plonowanie i&nbsp;parametry jako\u015bciowe ro\u015blin oraz w\u0142a\u015bciwo\u015bci gleby.<\/li>\n<\/ol>\n                                                <\/div>\n                                            <\/li>\n                                        <\/ul>\n\t\t\t\t\t\t                                                        <ul class=\"mn-accordion\">\n                                            <li>\n                                                <h4 class=\"mn-accordion-title\">Projekty badawcze finansowane zewn\u0119trznie<\/h4>\n                                                <div>\n\t\t\t\t\t\t\t\t\t                <p>Igras Janusz<\/p>\n<p style=\"padding-left: 40px\">a) Projekt badawczy wykorzystania nawoz\u00f3w azotowych na do\u015bwiadczalnych poletkach obszaru Polski, Niemiec i&nbsp;Czech \u201eMEGAPROJEKT\u201d, zlecaj\u0105cy: ZA Pu\u0142awy S.A., 2008-2012.<\/p>\n<p style=\"padding-left: 40px\">b) Mitigation options for reducing nutrient emission to surface water and groundwater, Akcja COST 869, 2006-2011.<\/p>\n<p style=\"padding-left: 40px\">c) Projekt finansowany w&nbsp;ramach Norweskiego Mechanizmu Finansowego oraz Mechanizmu Finansowego EOG \u201ePrognoza i&nbsp;redukcja zanieczyszcze\u0144 obszarowych, emisji sta\u0142ej i&nbsp;przep\u0142yw\u00f3w ekstremalnych z&nbsp;obszar\u00f3w wiejskich\u201d (EOG-PL0274), 2008-2011.<\/p>\n<p style=\"padding-left: 40px\">d) Udzia\u0142 w&nbsp;pracach mi\u0119dzynarodowej grupy roboczej ds. agrochemicznej obs\u0142ugi rolnictwa MOEL &#8211; Mittel und Osteuropaischer Lander, 2000-2010.<\/p>\n<p style=\"padding-left: 40px\">e) Niskonak\u0142adowy i&nbsp;bezpieczny dla \u015brodowiska system nawo\u017cenia i&nbsp;siewu kukurydzy (Azomais), PBS1\/B8\/4\/2012, NCBiR, Program Bada\u0144 Stosowanych, 2012-2015, Monika Skowro\u0144ska, Wykonawca.<\/p>\n<p>\u00a0<\/p>\n<p><strong>Badora Aleksandra<\/strong><\/p>\n<ol>\n<li>Project t&nbsp;EU \u2013 HPRI-CT-1999-00085\/2001-20: Wageningen University, The Netherlands &#8211; &#8220;13C NMR and pyrolysis-GC\/MS for the understanding of the changing in soil organic matter chemistry upon pollution in podzol soils of Poland. -originator and performer. &#8211; realized abroad \u2013 pomyslodawca i&nbsp;wykonawca \u2013 Aleksandra Badora \u2013 3 miesi\u0105ce w&nbsp;2001 roku.<\/li>\n<li>Project MNiSW &#8211; 5 P06B 059 15. &#8211; &#8216;Unconventional methods of reducing the toxicity of Al, Mn, Zn and Cd for selected crops&#8221;. &#8211; project manager. -realized in Poland \u2013 kierownik projektu \u2013 \u00a0Aleksandra Badora, w&nbsp;latach 1993-1996.<\/li>\n<li>Project &#8220;GREEN ENERGY IN AGRICULTURE IN EASTERN POLAND &#8211; DEVELOPMENT CONDITIONS&#8221; &#8211; from June 1, 2022 to October 31, 2023. Aleksandra Badora by\u0142a partnerem projektu. Finansowany przez MRiRW. Operational Plan for 2022-2023). Its leader is the University of Bialystok. Funding is provided under the &#8216;European Agricultural Fund for Rural Development: Europe investing in rural areas&#8217;.<\/li>\n<\/ol>\n<p>Badora Aleksandra<\/p>\n<p style=\"padding-left: 40px\">a)\u00a0\u00a0\u00a0\u00a0\u00a0\u00a0 Project t&nbsp;EU \u2013 HPRI-CT-1999-00085\/2001-20: Wageningen University, The Netherlands &#8211; &#8220;13C NMR and pyrolysis-GC\/MS for the understanding of the changing in soil organic matter chemistry upon pollution in podzol soils of Poland. -originator and performer. &#8211; realized abroad \u2013 pomyslodawca i&nbsp;wykonawca \u2013 Aleksandra Badora \u2013 3 miesi\u0105ce w&nbsp;2001 roku.<\/p>\n<p style=\"padding-left: 40px\">b)\u00a0\u00a0\u00a0\u00a0\u00a0\u00a0 \u00a0Project MNiSW &#8211; 5 P06B 059 15. &#8211; &#8216;Unconventional methods of reducing the toxicity of Al, Mn, Zn and Cd for selected crops&#8221;. &#8211; project manager. -realized in Poland \u2013 kierownik projektu \u2013 \u00a0Aleksandra Badora, w&nbsp;latach 1993-1996.<\/p>\n<p style=\"padding-left: 40px\">c)\u00a0\u00a0\u00a0\u00a0\u00a0\u00a0 Project &#8220;GREEN ENERGY IN AGRICULTURE IN EASTERN POLAND &#8211; DEVELOPMENT CONDITIONS&#8221; &#8211; from June 1, 2022 to October 31, 2023. Aleksandra Badora by\u0142a partnerem projektu. Finansowany przez MRiRW. Operational Plan for 2022-2023). Its leader is the University of Bialystok. Funding is provided under the &#8216;European Agricultural Fund for Rural Development: Europe investing in rural areas&#8217;.<\/p>\n<p>\u00a0<\/p>\n                                                <\/div>\n                                            <\/li>\n                                        <\/ul>\n\t\t\t\t\t\t                                                        <ul class=\"mn-accordion\">\n                                            <li>\n                                                <h4 class=\"mn-accordion-title\">Konferencje  i&nbsp;seminaria naukowe (2020\u20132025)<\/h4>\n                                                <div>\n\t\t\t\t\t\t\t\t\t                                                                <\/div>\n                                            <\/li>\n                                        <\/ul>\n\t\t\t\t\t\t                                <\/div>\n\t\t\t\t                <div class=\"mn-content-block\">\n\t                                                        <div class=\"block-text\">\n\t                                        <p style=\"text-align: center;\">Wykaz najwa\u017cniejszych publikacji naukowych (2022\u20132025)<\/p>\n                                        <\/div>\n\t\t\t\t\t\t                                                        <ul class=\"mn-accordion\">\n                                            <li>\n                                                <h4 class=\"mn-accordion-title\">Igras Janusz<\/h4>\n                                                <div>\n\t\t\t\t\t\t\t\t\t                <p>&#8230;<\/p>\n                                                <\/div>\n                                            <\/li>\n                                        <\/ul>\n\t\t\t\t\t\t                                                        <ul class=\"mn-accordion\">\n                                            <li>\n                                                <h4 class=\"mn-accordion-title\">Badora Aleksandra<\/h4>\n                                                <div>\n\t\t\t\t\t\t\t\t\t                <p>&#8230;<\/p>\n                                                <\/div>\n                                            <\/li>\n                                        <\/ul>\n\t\t\t\t\t\t                                                        <ul class=\"mn-accordion\">\n                                            <li>\n                                                <h4 class=\"mn-accordion-title\">Brodowska Marzena Sylwia<\/h4>\n                                                <div>\n\t\t\t\t\t\t\t\t\t                <p>&#8230;<\/p>\n                                                <\/div>\n                                            <\/li>\n                                        <\/ul>\n\t\t\t\t\t\t                                                        <ul class=\"mn-accordion\">\n                                            <li>\n                                                <h4 class=\"mn-accordion-title\">Skowro\u0144ska Monika<\/h4>\n                                                <div>\n\t\t\t\t\t\t\t\t\t                <p>&#8230;<\/p>\n                                                <\/div>\n                                            <\/li>\n                                        <\/ul>\n\t\t\t\t\t\t                                                        <ul class=\"mn-accordion\">\n                                            <li>\n                                                <h4 class=\"mn-accordion-title\">Doma\u0144ska Jolanta<\/h4>\n                                                <div>\n\t\t\t\t\t\t\t\t\t                <p>&#8230;<\/p>\n                                                <\/div>\n                                            <\/li>\n                                        <\/ul>\n\t\t\t\t\t\t                                                        <ul class=\"mn-accordion\">\n                                            <li>\n                                                <h4 class=\"mn-accordion-title\">Tkaczyk Przemys\u0142aw<\/h4>\n                                                <div>\n\t\t\t\t\t\t\t\t\t                <p>&#8230;<\/p>\n                                                <\/div>\n                                            <\/li>\n                                        <\/ul>\n\t\t\t\t\t\t                                <\/div>\n\t\t\t\t                <div class=\"mn-content-block\">\n\t                                                        <div class=\"block-text\">\n\t                                        <p><strong>Katedra prowadzi badania we wsp\u00f3\u0142pracy z\u00a0praktyk\u0105 rolnicz\u0105\u00a0 oraz z&nbsp;otoczeniem spo\u0142ecznym i&nbsp;naukowym:<\/strong><\/p>\n<ul>\n<li>Wsp\u00f3\u0142praca z&nbsp;Krajow\u0105 Stacj\u0105 Chemiczno-Rolnicz\u0105 w&nbsp;Warszawie i&nbsp;Okr\u0119gow\u0105 Stacj\u0105 Chemiczno-Rolnicz\u0105 w&nbsp;Lublinie w&nbsp;zakresie prowadzenia zaj\u0119\u0107 terenowych ze studentami oraz badania i&nbsp;wsp\u00f3lne publikacje.<\/li>\n<li>Wsp\u00f3\u0142praca z&nbsp;Instytutem Uprawy Nawo\u017cenia i&nbsp;Gleboznawstwa \u2013 Pa\u0144stwowym Instytutem Badawczym w&nbsp;Pu\u0142awach w&nbsp;zakresie prowadzenia zaj\u0119\u0107 terenowych ze studentami.<\/li>\n<li>Wsp\u00f3\u0142praca z&nbsp;Pa\u0144stwow\u0105 Inspekcj\u0105 Ochrony Ro\u015blin i&nbsp;Nasiennictwa w&nbsp;zakresie kszta\u0142cenia student\u00f3w.<\/li>\n<li>Wsp\u00f3\u0142praca z&nbsp;Instytutem Agrofizyki im. Bohdana Dobrza\u0144skiego Polskiej Akademii Nauk \u2013 badania, publikacje.<\/li>\n<li>Wsp\u00f3\u0142praca z&nbsp;Instytutem Uprawy Nawo\u017cenia i&nbsp;Gleboznawstwa \u2013 Pa\u0144stwowy Instytut Badawczy w&nbsp;Pu\u0142awach, Zak\u0142ad Nawo\u017cenia i&nbsp;Zarz\u0105dzania Sk\u0142adnikami Pokarmowymi \u2013 badania, publikacje.<\/li>\n<li>Wsp\u00f3\u0142praca z&nbsp;firm\u0105 TimacAgro &#8211; szkolenia dla rolnik\u00f3w.<\/li>\n<li>Wsp\u00f3\u0142praca naukowa z&nbsp;firm\u0105 \u201eIntermag\u201d<\/li>\n<li>Wsp\u00f3\u0142praca naukowa z&nbsp;firm\u0105 \u201eLUVENA\u201d<\/li>\n<li>Wsp\u00f3\u0142praca naukowa z&nbsp;firm\u0105 \u201eAndermatt Polska\u201d<\/li>\n<li>Wsp\u00f3\u0142praca z&nbsp;Wydawnictwami \u201eTop Agrar\u201d, \u201eFarmer\u201d \u201eWiadomo\u015bci Rolnicze Polska\u201d \u201eWarzywa\u201d<\/li>\n<\/ul>\n                                        <\/div>\n\t\t\t\t\t\t                                <\/div>\n\t\t\t\t                <div class=\"mn-content-block\">\n\t                                <\/div>\n\t\t\t\t                <div class=\"mn-content-block\">\n\t                                                        <div class=\"block-text\">\n\t                                        <p><strong>Katedra wywodzi si\u0119 z\u00a0Katedry \u017bywienia Ro\u015blin i\u00a0Nawo\u017cenia, utworzonej na Wydziale Rolnym UMCS w&nbsp;Lublinie \u00a0w\u00a01945 roku. Jej nazwa ulega\u0142a kilkakrotnie zmianie:<\/strong><\/p>\n<ul>\n<li style=\"list-style-type: none;\">\n<ul>\n<li>Katedra \u017bywienia Ro\u015blin i\u00a0Nawo\u017cenia UMCS \u2013 od 1945 do 1949,<\/li>\n<li>Katedra Chemii Rolnej \u2013 od 1949 do 1970,<\/li>\n<li>Zak\u0142ad Chemii Rolnej Instytutu Gleboznawstwa i\u00a0Chemii Rolnej \u2013 od 1970 do 1975,<\/li>\n<li>Katedra Chemii Rolnej \u2013 od 1975 do 2003,<\/li>\n<li>Katedra Chemii Rolnej i\u00a0\u015arodowiskowej \u2013 od 2003 roku.<\/li>\n<\/ul>\n<\/li>\n<\/ul>\n<p>W latach 2006-2021 w\u00a0Katedrze dzia\u0142a\u0142 Zak\u0142ad Kszta\u0142towania Jako\u015bci i\u00a0Standaryzacji Surowc\u00f3w Ro\u015blinnych, kt\u00f3rego kierownikiem by\u0142a \u00a0prof. dr hab. Aleksandra Badora.<\/p>\n<p><strong>Kierownicy katedry:<\/strong><\/p>\n<ol>\n<li>dr hab. Kazimierz Boraty\u0144ski (1945-1946),<\/li>\n<li>dr hab. Bohdan Dobrza\u0144ski (1946-1949),<\/li>\n<li>dr hab. Adam Wondrausch (1949-1974),<\/li>\n<li>dr hab. Ryszard Turski \u2013 kurator (1974-1975),<\/li>\n<li>dr Anna Myszka (1975-1981),<\/li>\n<li>dr hab. Ignacy Dechnik (1981-1995),<\/li>\n<li>dr hab. Tadeusz Filipek (od 1995- 2017)<\/li>\n<li><strong> dr hab. Aleksandra Badora (2017-2021) \u2013 aktywna zawodowo<\/strong><\/li>\n<li><strong>dr hab. Marzena Sylwia Brodowska (2021-2024) &#8211; aktywna zawodowo<\/strong><\/li>\n<li><strong><strong> dr hab. Janusz Igras (od 2024 \u2013obecnie) \u2013 aktywny zawodowo<\/strong><\/strong>\n<p>\u00a0<\/p>\n<\/li>\n<\/ol>\n<p><strong>Katedra dysponuje laboratoriami<\/strong> wyposa\u017conymi w\u00a0urz\u0105dzenia, sprz\u0119t i\u00a0aparatur\u0119 takie, jak np.: dygestoria, mineralizatory, pH-metry, koncentratometry, aparaty ASA, ASE, fotokolorymetry, komputery i\u00a0inne. Korzystamy r\u00f3wnie\u017c z\u00a0bazy badawczej Centralnego Laboratorium Aparaturowego UP, IUNG w\u00a0Pu\u0142awach, IA PAN w\u00a0Lublinie, Stacji Chemiczno-Rolniczej w\u00a0Lublinie.<\/p>\n                                        <\/div>\n\t\t\t\t\t\t                                <\/div>\n\t\t\t\t\t\t<\/div>\n\t<\/div>\n<\/section>\n\t\t<\/div>\n\t\t\t\t<\/div>\n\t\t\t\t\t\t<\/div>\n\t\t\t\t\t<\/div>\n\t\t<\/div>\n\t\t\t\t\t\t\t\t<\/div>\n\t\t\t\t\t<\/div>\n\t\t<\/section>\n\t\t\t\t\t\t<\/div>\n\t\t\t\t\t\t<\/div>\n\t\t\t\t\t<\/div>\n\t\t","protected":false},"excerpt":{"rendered":"<p>Katedra Chemii Rolnej i&nbsp;\u015arodowiskowej UP Wydzia\u0142 Agrobioin\u017cynierii Dydaktyka Badania Publikacje Oferta i&nbsp;Wsp\u00f3\u0142praca Inne formy dzia\u0142alno\u015bci pracownik\u00f3w Historia Kierunki studi\u00f3w, na kt\u00f3rych katedra prowadzi zaj\u0119cia (studia stacjonarne i&nbsp;niestacjonarne, I&nbsp;oraz II stopnia) \u00a0 \u00a0Wydzia\u0142 Agrobioin\u017cynierii \u2013 kierunki: rolnictwo bioin\u017cynieria le\u015bnictwo agrobiznes agrole\u015bnictwo turystyka i&nbsp;rekreacja gospodarka przestrzenna aktywno\u015b\u0107 fizyczna \u00a0 Wydzia\u0142 Biologii \u015arodowiskowej \u2013 kierunki: biokosmetologia \u00a0 Wydzia\u0142 [&hellip;]<\/p>\n","protected":false},"author":2,"featured_media":0,"parent":290,"menu_order":0,"comment_status":"closed","ping_status":"closed","template":"elementor_header_footer","meta":{"_monsterinsights_skip_tracking":false,"_monsterinsights_sitenote_active":false,"_monsterinsights_sitenote_note":"","_monsterinsights_sitenote_category":0},"_links":{"self":[{"href":"https:\/\/up.lublin.pl\/agrobio\/wp-json\/wp\/v2\/pages\/140724"}],"collection":[{"href":"https:\/\/up.lublin.pl\/agrobio\/wp-json\/wp\/v2\/pages"}],"about":[{"href":"https:\/\/up.lublin.pl\/agrobio\/wp-json\/wp\/v2\/types\/page"}],"author":[{"embeddable":true,"href":"https:\/\/up.lublin.pl\/agrobio\/wp-json\/wp\/v2\/users\/2"}],"replies":[{"embeddable":true,"href":"https:\/\/up.lublin.pl\/agrobio\/wp-json\/wp\/v2\/comments?post=140724"}],"version-history":[{"count":88,"href":"https:\/\/up.lublin.pl\/agrobio\/wp-json\/wp\/v2\/pages\/140724\/revisions"}],"predecessor-version":[{"id":164585,"href":"https:\/\/up.lublin.pl\/agrobio\/wp-json\/wp\/v2\/pages\/140724\/revisions\/164585"}],"up":[{"embeddable":true,"href":"https:\/\/up.lublin.pl\/agrobio\/wp-json\/wp\/v2\/pages\/290"}],"wp:attachment":[{"href":"https:\/\/up.lublin.pl\/agrobio\/wp-json\/wp\/v2\/media?parent=140724"}],"curies":[{"name":"wp","href":"https:\/\/api.w.org\/{rel}","templated":true}]}}