{"id":140134,"date":"2021-05-04T12:31:55","date_gmt":"2021-05-04T10:31:55","guid":{"rendered":"https:\/\/up.lublin.pl\/agrobio\/?page_id=140134"},"modified":"2022-10-12T13:02:50","modified_gmt":"2022-10-12T11:02:50","slug":"zaklad-genetyki-i-hodowli-roslin-ogrodniczych","status":"publish","type":"page","link":"https:\/\/up.lublin.pl\/agrobio\/wydzial\/struktura-i-pracownicy\/genetyka\/zaklad-genetyki-i-hodowli-roslin-ogrodniczych\/","title":{"rendered":"Zak\u0142ad Genetyki i Hodowli Ro\u015blin Ogrodniczych"},"content":{"rendered":"\t\t<div data-elementor-type=\"wp-page\" data-elementor-id=\"140134\" class=\"elementor elementor-140134\" data-elementor-settings=\"[]\">\n\t\t\t\t\t\t<div class=\"elementor-inner\">\n\t\t\t\t\t\t\t<div class=\"elementor-section-wrap\">\n\t\t\t\t\t\t\t<section class=\"elementor-section elementor-top-section elementor-element elementor-element-af630d8 elementor-section-boxed elementor-section-height-default elementor-section-height-default\" data-id=\"af630d8\" data-element_type=\"section\">\n\t\t\t\t\t\t<div class=\"elementor-container elementor-column-gap-default\">\n\t\t\t\t\t\t\t<div class=\"elementor-row\">\n\t\t\t\t\t<div class=\"elementor-column elementor-col-100 elementor-top-column elementor-element elementor-element-9871490\" data-id=\"9871490\" data-element_type=\"column\">\n\t\t\t<div class=\"elementor-column-wrap elementor-element-populated\">\n\t\t\t\t\t\t\t<div class=\"elementor-widget-wrap\">\n\t\t\t\t\t\t<div class=\"elementor-element elementor-element-2b17a5a elementor-widget elementor-widget-m2k\" data-id=\"2b17a5a\" data-element_type=\"widget\" data-widget_type=\"m2k.default\">\n\t\t\t\t<div class=\"elementor-widget-container\">\n\t\t\t<section class=\"mn-m2-d mn-bg-green\">\n    <div class=\"mn-grid\">\n        <div class=\"mn-grid-12 mn-introtext\">\n                            <h3>\n                    Zak\u0142ad Genetyki i\u00a0Hodowli Ro\u015blin Ogrodniczych                <\/h3>\n                        <\/div>\n    <\/div>\n    <\/section>\n\t\t<\/div>\n\t\t\t\t<\/div>\n\t\t\t\t\t\t<\/div>\n\t\t\t\t\t<\/div>\n\t\t<\/div>\n\t\t\t\t\t\t\t\t<\/div>\n\t\t\t\t\t<\/div>\n\t\t<\/section>\n\t\t\t\t<section class=\"elementor-section elementor-top-section elementor-element elementor-element-8dafce6 elementor-section-boxed elementor-section-height-default elementor-section-height-default\" data-id=\"8dafce6\" data-element_type=\"section\">\n\t\t\t\t\t\t<div class=\"elementor-container elementor-column-gap-default\">\n\t\t\t\t\t\t\t<div class=\"elementor-row\">\n\t\t\t\t\t<div class=\"elementor-column elementor-col-100 elementor-top-column elementor-element elementor-element-22b18ec\" data-id=\"22b18ec\" data-element_type=\"column\">\n\t\t\t<div class=\"elementor-column-wrap elementor-element-populated\">\n\t\t\t\t\t\t\t<div class=\"elementor-widget-wrap\">\n\t\t\t\t\t\t<div class=\"elementor-element elementor-element-665fcc1 elementor-widget elementor-widget-m5c\" data-id=\"665fcc1\" data-element_type=\"widget\" data-widget_type=\"m5c.default\">\n\t\t\t\t<div class=\"elementor-widget-container\">\n\t\t\t<section class=\"mn-m5-c mn-bg-white\">\n\t<div class=\"mn-grid\">\n\t\t            <div class=\"mn-menu-container mn-grid-3\">\n                <ul class=\"mn-bg-yellow\">\n\t                                        <li>\n                            <a href=\"#\" class=\"active\" data-hash=\"#dydaktyka\">\n                                Dydaktyka                            <\/a>\n                        <\/li>\n                                                <li>\n                            <a href=\"#\" class=\"\" data-hash=\"#badania\">\n                                Badania                            <\/a>\n                        <\/li>\n                                                <li>\n                            <a href=\"#\" class=\"\" data-hash=\"#historia\">\n                                Historia                            <\/a>\n                        <\/li>\n                                                <li>\n                            <a href=\"#\" class=\"\" data-hash=\"#rozprawy\">\n                                Rozprawy                            <\/a>\n                        <\/li>\n                                        <\/ul>\n            <\/div>\n\t        \t\t<div class=\"mn-content mn-grid-8\">\n\t\t\t                <div class=\"mn-content-block active\">\n\t                                                        <div class=\"block-text\">\n\t                                        <p>Dzia\u0142alno\u015b\u0107 dydaktyczna realizowana jest na Wydziale Ogrodniczym oraz Wydziale Nauk o&nbsp;\u017bywno\u015bci i&nbsp;Biotechnologii. Obejmuje takie przedmioty jak: genetyka i&nbsp;hodowla ro\u015blin, biotechnologia ro\u015blin, hodowla ro\u015blin ozdobnych, warzywnych, sadowniczych, zielarskich, hodowla odporno\u015bciowa, kultury tkankowe i&nbsp;kom\u00f3rkowe ro\u015blin, biologia molekularna, wsp\u00f3\u0142czesne trendy w&nbsp;ogrodnictwie \u2013 genetyka, metodologia do\u015bwiadczalnictwa ogrodniczego, a&nbsp;tak\u017ce seminaria i&nbsp;konwersatoria.<\/p>\n                                        <\/div>\n\t\t\t\t\t\t                                <\/div>\n\t\t\t\t                <div class=\"mn-content-block\">\n\t                                                        <div class=\"block-text\">\n\t                                        <p>Kierunki bada\u0144<\/p>\n<ul>\n<li>Genetyka i&nbsp;hodowla tw\u00f3rcza truskawki (<i>Fragaria <\/i>x <i>ananassa <\/i>Duch)<\/li>\n<li>Badania nad dziedziczniem cech u\u017cytkowych w&nbsp;rodzaju <i>Fragaria<\/i><\/li>\n<li>Badania nad dziedziczeniem cech ilo\u015bciowych u&nbsp;wybranych gatunk\u00f3w ro\u015blin sadowniczych<\/li>\n<\/ul>\n<p style=\"text-align: justify;\">Katedra dysponuje laboratorium kultur tkankowych w&nbsp;budynku Collegium Agronomicum tzw.\u201eAgro\u201d, szklarniami i&nbsp;polem do\u015bwiadczalnym na terenie Gospodarstwa Do\u015bwiadczalnego Felin.<\/p>\n<p style=\"text-align: center;\"><img style=\"width: 250px; height: 161px;\" src=\"\/files\/ogrodnictwo\/mnozarka1.JPG\" alt=\"\" \/> <img style=\"width: 236px; height: 163px;\" src=\"\/files\/ogrodnictwo\/truskawka1.JPG\" alt=\"\" \/><\/p>\n                                        <\/div>\n\t\t\t\t\t\t                                <\/div>\n\t\t\t\t                <div class=\"mn-content-block\">\n\t                                                        <div class=\"block-text\">\n\t                                        <p>Katedra zosta\u0142a powo\u0142ana w&nbsp;1965 r., na \u00f3wczesnym Oddziale Ogrodniczym Wydzia\u0142u Rolniczego Wy\u017cszej Szko\u0142y Rolniczej w&nbsp;Lublinie. Inicjatorem po\u00acwstania Katedry, opr\u00f3cz w\u0142adz uczelni, a&nbsp;zarazem pierwszym jej kierownikiem by\u0142a prof. dr hab. Teresa Hulewicz. W&nbsp;tym okresie w&nbsp;jednostce zatrudniona by\u0142a tylko jedna asystentka &#8211; mgr in\u017c. Izabela Miczulska, a&nbsp;od 1967 r. w\u0142\u0105czo\u00acny zosta\u0142 do zespo\u0142u jeden z&nbsp;pierwszych magistrant\u00f3w Katedry &#8211; mgr in\u017c. Je\u00acrzy Adam Horty\u0144ski, kt\u00f3ry pocz\u0105tkowo pracowa\u0142 jako asystent w&nbsp;RZD w&nbsp;Feli\u00acnie. W&nbsp;1968 r. w&nbsp;Katedrze zatrudniono na stanowisku adiunkta dr. Jana Piecha (z IUNG w&nbsp;Pu\u0142awach).<\/p>\n<p>Podczas reorganizacji uczelni w&nbsp;1970 r. Katedra zosta\u0142a w\u0142\u0105czona do Instytutu Przyrodniczych Podstaw Produkcji Ro\u015blinnej jako Zak\u0142ad Genetyki i&nbsp;Hodowli Ro\u015blin Ogrodniczych. Po kolejnej reorganizacji struktur jednostek badawczych w&nbsp;1991 r., Zak\u0142ad ponownie sta\u0142 si\u0119 Katedr\u0105 Genetyki i&nbsp;Hodowli Ro\u015blin Ogrodniczych.<\/p>\n<p>Prof. dr hab. Teresa Hulewicz kierowa\u0142a Katedr\u0105 do 1982 r., tj. do chwili przej\u015bcia na emerytur\u0119. Od 1982 r. kierownictwo Zak\u0142adu przej\u0105\u0142 doc. dr hab. Jan Piech i&nbsp;kierowa\u0142 nim do 1989 r. Nast\u0119pnie od 1989 r. Zak\u0142adem, a&nbsp;od 1991 r. Katedr\u0105 kieruje prof. dr hab. Jerzy Adam Horty\u0144ski.<\/p>\n                                        <\/div>\n\t\t\t\t\t\t                                <\/div>\n\t\t\t\t                <div class=\"mn-content-block\">\n\t                                                        <div class=\"block-text\">\n\t                                        <p>Rozprawy doktorskie<\/p>\n<p>Dyrda Diana 2004. \u201cAnaliza genetyczna marker\u00f3w molekularnych zwi\u0105zanych z&nbsp;odporno\u015bci\u0105 na stresy abiotyczne w&nbsp;rodzaju Fragaria przy u\u017cyciu techniki DDRT-PCR\u201d.<\/p>\n                                        <\/div>\n\t\t\t\t\t\t                                <\/div>\n\t\t\t\t\t\t<\/div>\n\t<\/div>\n<\/section>\n\t\t<\/div>\n\t\t\t\t<\/div>\n\t\t\t\t\t\t<\/div>\n\t\t\t\t\t<\/div>\n\t\t<\/div>\n\t\t\t\t\t\t\t\t<\/div>\n\t\t\t\t\t<\/div>\n\t\t<\/section>\n\t\t\t\t\t\t<\/div>\n\t\t\t\t\t\t<\/div>\n\t\t\t\t\t<\/div>\n\t\t","protected":false},"excerpt":{"rendered":"<p>Zak\u0142ad Genetyki i\u00a0Hodowli Ro\u015blin Ogrodniczych UP Wydzia\u0142 Agrobioin\u017cynierii Dydaktyka Badania Historia Rozprawy Dzia\u0142alno\u015b\u0107 dydaktyczna realizowana jest na Wydziale Ogrodniczym oraz Wydziale Nauk o&nbsp;\u017bywno\u015bci i&nbsp;Biotechnologii. Obejmuje takie przedmioty jak: genetyka i&nbsp;hodowla ro\u015blin, biotechnologia ro\u015blin, hodowla ro\u015blin ozdobnych, warzywnych, sadowniczych, zielarskich, hodowla odporno\u015bciowa, kultury tkankowe i&nbsp;kom\u00f3rkowe ro\u015blin, biologia molekularna, wsp\u00f3\u0142czesne trendy w&nbsp;ogrodnictwie \u2013 genetyka, metodologia do\u015bwiadczalnictwa ogrodniczego, [&hellip;]<\/p>\n","protected":false},"author":2,"featured_media":0,"parent":140100,"menu_order":0,"comment_status":"closed","ping_status":"closed","template":"elementor_header_footer","meta":{"_monsterinsights_skip_tracking":false,"_monsterinsights_sitenote_active":false,"_monsterinsights_sitenote_note":"","_monsterinsights_sitenote_category":0},"_links":{"self":[{"href":"https:\/\/up.lublin.pl\/agrobio\/wp-json\/wp\/v2\/pages\/140134"}],"collection":[{"href":"https:\/\/up.lublin.pl\/agrobio\/wp-json\/wp\/v2\/pages"}],"about":[{"href":"https:\/\/up.lublin.pl\/agrobio\/wp-json\/wp\/v2\/types\/page"}],"author":[{"embeddable":true,"href":"https:\/\/up.lublin.pl\/agrobio\/wp-json\/wp\/v2\/users\/2"}],"replies":[{"embeddable":true,"href":"https:\/\/up.lublin.pl\/agrobio\/wp-json\/wp\/v2\/comments?post=140134"}],"version-history":[{"count":20,"href":"https:\/\/up.lublin.pl\/agrobio\/wp-json\/wp\/v2\/pages\/140134\/revisions"}],"predecessor-version":[{"id":148244,"href":"https:\/\/up.lublin.pl\/agrobio\/wp-json\/wp\/v2\/pages\/140134\/revisions\/148244"}],"up":[{"embeddable":true,"href":"https:\/\/up.lublin.pl\/agrobio\/wp-json\/wp\/v2\/pages\/140100"}],"wp:attachment":[{"href":"https:\/\/up.lublin.pl\/agrobio\/wp-json\/wp\/v2\/media?parent=140134"}],"curies":[{"name":"wp","href":"https:\/\/api.w.org\/{rel}","templated":true}]}}