{"id":141347,"date":"2021-06-28T11:17:20","date_gmt":"2021-06-28T09:17:20","guid":{"rendered":"https:\/\/up.lublin.pl\/agrobio\/?page_id=141347"},"modified":"2023-02-10T13:23:50","modified_gmt":"2023-02-10T12:23:50","slug":"subdepartment-of-forestry-management","status":"publish","type":"page","link":"https:\/\/up.lublin.pl\/agrobio\/en\/about-faculty\/didactic-units\/department-of-industrial-and-medicinal-plants\/subdepartment-of-forestry-management\/","title":{"rendered":"Sub-Department of Forestry Management"},"content":{"rendered":"\t\t<div data-elementor-type=\"wp-page\" data-elementor-id=\"141347\" class=\"elementor elementor-141347 elementor-141065\" data-elementor-settings=\"[]\">\n\t\t\t\t\t\t<div class=\"elementor-inner\">\n\t\t\t\t\t\t\t<div class=\"elementor-section-wrap\">\n\t\t\t\t\t\t\t<section class=\"elementor-section elementor-top-section elementor-element elementor-element-e6f101f elementor-section-boxed elementor-section-height-default elementor-section-height-default\" data-id=\"e6f101f\" data-element_type=\"section\">\n\t\t\t\t\t\t<div class=\"elementor-container elementor-column-gap-default\">\n\t\t\t\t\t\t\t<div class=\"elementor-row\">\n\t\t\t\t\t<div class=\"elementor-column elementor-col-100 elementor-top-column elementor-element elementor-element-f592210\" data-id=\"f592210\" data-element_type=\"column\">\n\t\t\t<div class=\"elementor-column-wrap elementor-element-populated\">\n\t\t\t\t\t\t\t<div class=\"elementor-widget-wrap\">\n\t\t\t\t\t\t<div class=\"elementor-element elementor-element-857e97e elementor-widget elementor-widget-m2k\" data-id=\"857e97e\" data-element_type=\"widget\" data-widget_type=\"m2k.default\">\n\t\t\t\t<div class=\"elementor-widget-container\">\n\t\t\t<section class=\"mn-m2-d mn-bg-green\">\n    <div class=\"mn-grid\">\n        <div class=\"mn-grid-12 mn-introtext\">\n                            <h3>\n                    Sub-Department of Forestry Management                <\/h3>\n                        <\/div>\n    <\/div>\n    <\/section>\n\t\t<\/div>\n\t\t\t\t<\/div>\n\t\t\t\t\t\t<\/div>\n\t\t\t\t\t<\/div>\n\t\t<\/div>\n\t\t\t\t\t\t\t\t<\/div>\n\t\t\t\t\t<\/div>\n\t\t<\/section>\n\t\t\t\t<section class=\"elementor-section elementor-top-section elementor-element elementor-element-312bbfa elementor-section-boxed elementor-section-height-default elementor-section-height-default\" data-id=\"312bbfa\" data-element_type=\"section\">\n\t\t\t\t\t\t<div class=\"elementor-container elementor-column-gap-default\">\n\t\t\t\t\t\t\t<div class=\"elementor-row\">\n\t\t\t\t\t<div class=\"elementor-column elementor-col-100 elementor-top-column elementor-element elementor-element-1c5a419\" data-id=\"1c5a419\" data-element_type=\"column\">\n\t\t\t<div class=\"elementor-column-wrap elementor-element-populated\">\n\t\t\t\t\t\t\t<div class=\"elementor-widget-wrap\">\n\t\t\t\t\t\t<div class=\"elementor-element elementor-element-a2b9962 elementor-widget elementor-widget-m5c\" data-id=\"a2b9962\" data-element_type=\"widget\" data-widget_type=\"m5c.default\">\n\t\t\t\t<div class=\"elementor-widget-container\">\n\t\t\t<section class=\"mn-m5-c mn-m5-d2 mn-bg-white\">\n\t<div class=\"mn-grid\">\n\t\t\t\t<div class=\"mn-content mn-grid-9\">\n\t\t\t                <div class=\"mn-content-block active\">\n\t                                                        <div class=\"block-text\">\n\t                                        <p><strong><i>Head: dr hab. Danuta Sugier, Associate professor<br \/><\/i><\/strong><\/p>\n<div><strong><i>Dr. in\u017c. Zdzis\u0142aw Kaczmarski, teaching assistant, <\/i><\/strong><\/div>\n<div><strong><i>Dr inz. Andrzej Konieczny, didactic assistant professor <\/i><\/strong><\/div>\n<div><strong><i>Mgr in\u017c. Wojciech Koryci\u0144ski, lecturer<\/i><\/strong><\/div>\n<div>\u00a0<\/div>\n<p>Since 2016, the Sub-Department of Forestry Management has been operating at the Department of Industrial and Medical Plants.<\/p>\n<p>Research issues of the Sub-Department of Forestry Management:<\/p>\n<ul>\n<li>assessment of the dendrological and landscape value of rural parks in the Lublin region,<\/li>\n<li>assessment of the regeneration of natural pedunculate oak in the stands of south-eastern Poland, relations between the dendrological value of parks and their aesthetic values economic and social, effects of forest management in Poland: economic efficiency of management of agricultural land not used for agricultural purposes by afforestation,<\/li>\n<li>multifunctional management of rural areas and perspectives for the development of forest management practical issues related to the specificity of forest management,<\/li>\n<li>functioning of forest ecosystems, including in marshy areas, issues related to forest protection and nature protection &#8211; Natura 2000 areas and forest land covered by other forms of nature protection<\/li>\n<li>the occurrence, role and importance of fir in the region&#8217;s forests, as well as the methods of management of fir stands and firs (carried out within the framework of forest management supervision within the range of RDSF Lublin)<\/li>\n<li>issues of wood technology in a&nbsp;wide range (including: assessment of wood quality, wood conservation and artistic processing)<\/li>\n<li>research on wood coatings,<\/li>\n<li>comparison of traditional and modern methods of preservation of the camp&#8217;s wooden architecture (including research on the state of preservation and causes of damage to 24 wooden buildings and conservation works covering one barrack in the area of the former German concentration camp at Majdanek, as well as comparison of the effectiveness of methods of detecting the state of wood &#8211; among other things CT, CT and resistivity).<\/li>\n<\/ul>\n<p>Subjects implemented by the Sub-Department of Forestry Management: Propedeutics of forestry, Detailed forestry, Dendrometry, Forest management, Dendrology, Wood technology, Side use of forest, Science of wood raw material, Finance and economics of forestry, Legal basis.<\/p>\n                                        <\/div>\n\t\t\t\t\t\t                                <\/div>\n\t\t\t\t                <div class=\"mn-content-block\">\n\t                                <\/div>\n\t\t\t\t                <div class=\"mn-content-block\">\n\t                                <\/div>\n\t\t\t\t                <div class=\"mn-content-block\">\n\t                                <\/div>\n\t\t\t\t                <div class=\"mn-content-block\">\n\t                                <\/div>\n\t\t\t\t                <div class=\"mn-content-block\">\n\t                                <\/div>\n\t\t\t\t                <div class=\"mn-content-block\">\n\t                                <\/div>\n\t\t\t\t                <div class=\"mn-content-block\">\n\t                                <\/div>\n\t\t\t\t                <div class=\"mn-content-block\">\n\t                                <\/div>\n\t\t\t\t                <div class=\"mn-content-block\">\n\t                                <\/div>\n\t\t\t\t                <div class=\"mn-content-block\">\n\t                                <\/div>\n\t\t\t\t                <div class=\"mn-content-block\">\n\t                                <\/div>\n\t\t\t\t                <div class=\"mn-content-block\">\n\t                                <\/div>\n\t\t\t\t                <div class=\"mn-content-block\">\n\t                                <\/div>\n\t\t\t\t                <div class=\"mn-content-block\">\n\t                                <\/div>\n\t\t\t\t                <div class=\"mn-content-block\">\n\t                                <\/div>\n\t\t\t\t                <div class=\"mn-content-block\">\n\t                                <\/div>\n\t\t\t\t                <div class=\"mn-content-block\">\n\t                                <\/div>\n\t\t\t\t                <div class=\"mn-content-block\">\n\t                                <\/div>\n\t\t\t\t                <div class=\"mn-content-block\">\n\t                                <\/div>\n\t\t\t\t\t\t<\/div>\n\t<\/div>\n<\/section>\n\t\t<\/div>\n\t\t\t\t<\/div>\n\t\t\t\t\t\t<\/div>\n\t\t\t\t\t<\/div>\n\t\t<\/div>\n\t\t\t\t\t\t\t\t<\/div>\n\t\t\t\t\t<\/div>\n\t\t<\/section>\n\t\t\t\t\t\t<\/div>\n\t\t\t\t\t\t<\/div>\n\t\t\t\t\t<\/div>\n\t\t","protected":false},"excerpt":{"rendered":"<p>Sub-Department of Forestry Management UP Wydzia\u0142 Agrobioin\u017cynierii Head: dr hab. Danuta Sugier, Associate professor Dr. in\u017c. Zdzis\u0142aw Kaczmarski, teaching assistant, Dr inz. Andrzej Konieczny, didactic assistant professor Mgr in\u017c. Wojciech Koryci\u0144ski, lecturer\u00a0 Since 2016, the Sub-Department of Forestry Management has been operating at the Department of Industrial and Medical Plants. Research issues of the Sub-Department [&hellip;]<\/p>\n","protected":false},"author":2,"featured_media":0,"parent":141322,"menu_order":0,"comment_status":"closed","ping_status":"closed","template":"elementor_header_footer","meta":{"_monsterinsights_skip_tracking":false,"_monsterinsights_sitenote_active":false,"_monsterinsights_sitenote_note":"","_monsterinsights_sitenote_category":0},"_links":{"self":[{"href":"https:\/\/up.lublin.pl\/agrobio\/en\/wp-json\/wp\/v2\/pages\/141347"}],"collection":[{"href":"https:\/\/up.lublin.pl\/agrobio\/en\/wp-json\/wp\/v2\/pages"}],"about":[{"href":"https:\/\/up.lublin.pl\/agrobio\/en\/wp-json\/wp\/v2\/types\/page"}],"author":[{"embeddable":true,"href":"https:\/\/up.lublin.pl\/agrobio\/en\/wp-json\/wp\/v2\/users\/2"}],"replies":[{"embeddable":true,"href":"https:\/\/up.lublin.pl\/agrobio\/en\/wp-json\/wp\/v2\/comments?post=141347"}],"version-history":[{"count":7,"href":"https:\/\/up.lublin.pl\/agrobio\/en\/wp-json\/wp\/v2\/pages\/141347\/revisions"}],"predecessor-version":[{"id":150436,"href":"https:\/\/up.lublin.pl\/agrobio\/en\/wp-json\/wp\/v2\/pages\/141347\/revisions\/150436"}],"up":[{"embeddable":true,"href":"https:\/\/up.lublin.pl\/agrobio\/en\/wp-json\/wp\/v2\/pages\/141322"}],"wp:attachment":[{"href":"https:\/\/up.lublin.pl\/agrobio\/en\/wp-json\/wp\/v2\/media?parent=141347"}],"curies":[{"name":"wp","href":"https:\/\/api.w.org\/{rel}","templated":true}]}}