{"id":141328,"date":"2021-06-28T11:12:25","date_gmt":"2021-06-28T09:12:25","guid":{"rendered":"https:\/\/up.lublin.pl\/agrobio\/?page_id=141328"},"modified":"2023-02-10T13:21:51","modified_gmt":"2023-02-10T12:21:51","slug":"industrial-and-medicinal-plants","status":"publish","type":"page","link":"https:\/\/up.lublin.pl\/agrobio\/en\/about-faculty\/didactic-units\/industrial-and-medicinal-plants\/","title":{"rendered":"Department of Industrial and Medicinal Plants"},"content":{"rendered":"\t\t<div data-elementor-type=\"wp-page\" data-elementor-id=\"141328\" class=\"elementor elementor-141328\" data-elementor-settings=\"[]\">\n\t\t\t\t\t\t<div class=\"elementor-inner\">\n\t\t\t\t\t\t\t<div class=\"elementor-section-wrap\">\n\t\t\t\t\t\t\t<section class=\"elementor-section elementor-top-section elementor-element elementor-element-bac62c6 elementor-section-boxed elementor-section-height-default elementor-section-height-default\" data-id=\"bac62c6\" data-element_type=\"section\">\n\t\t\t\t\t\t<div class=\"elementor-container elementor-column-gap-default\">\n\t\t\t\t\t\t\t<div class=\"elementor-row\">\n\t\t\t\t\t<div class=\"elementor-column elementor-col-100 elementor-top-column elementor-element elementor-element-9a72d32\" data-id=\"9a72d32\" data-element_type=\"column\">\n\t\t\t<div class=\"elementor-column-wrap elementor-element-populated\">\n\t\t\t\t\t\t\t<div class=\"elementor-widget-wrap\">\n\t\t\t\t\t\t<div class=\"elementor-element elementor-element-a3fcecc elementor-widget elementor-widget-m2k\" data-id=\"a3fcecc\" data-element_type=\"widget\" data-widget_type=\"m2k.default\">\n\t\t\t\t<div class=\"elementor-widget-container\">\n\t\t\t<section class=\"mn-m2-d mn-bg-green\">\n    <div class=\"mn-grid\">\n        <div class=\"mn-grid-12 mn-introtext\">\n                            <h3>\n                    Department of Industrial and Medicinal Plants                <\/h3>\n                        <\/div>\n    <\/div>\n    <\/section>\n\t\t<\/div>\n\t\t\t\t<\/div>\n\t\t\t\t\t\t<\/div>\n\t\t\t\t\t<\/div>\n\t\t<\/div>\n\t\t\t\t\t\t\t\t<\/div>\n\t\t\t\t\t<\/div>\n\t\t<\/section>\n\t\t\t\t<section class=\"elementor-section elementor-top-section elementor-element elementor-element-67f572c elementor-section-boxed elementor-section-height-default elementor-section-height-default\" data-id=\"67f572c\" data-element_type=\"section\">\n\t\t\t\t\t\t<div class=\"elementor-container elementor-column-gap-default\">\n\t\t\t\t\t\t\t<div class=\"elementor-row\">\n\t\t\t\t\t<div class=\"elementor-column elementor-col-100 elementor-top-column elementor-element elementor-element-0b62528\" data-id=\"0b62528\" data-element_type=\"column\">\n\t\t\t<div class=\"elementor-column-wrap elementor-element-populated\">\n\t\t\t\t\t\t\t<div class=\"elementor-widget-wrap\">\n\t\t\t\t\t\t<div class=\"elementor-element elementor-element-1dfec81 elementor-widget elementor-widget-m4a\" data-id=\"1dfec81\" data-element_type=\"widget\" data-widget_type=\"m4a.default\">\n\t\t\t\t<div class=\"elementor-widget-container\">\n\t\t\t\t<section class=\"mn-m4_b mn-bg-green\">\n\t\t\t\t<div class=\"mn-grid\">\n\t\t\t\t\t\t\t<div class=\"mn-grid-3 mn-kat-m4-container\">\n\t\t\t\t\t\t\t\t\t\t\t\t\t\t\t\t<h3>About the Department<\/h3>\n\t\t\t\t\t\t\t\t\t\t\t\t\t\t\t\t\t\t\t\t\t\t<a href=\"https:\/\/up.lublin.pl\/agrobio\/en\/about-faculty\/didactic-units\/department-of-industrial-and-medicinal-plants\/\" class=\"mn-more\">Read more<\/a>\n\t\t\t\t\t\t\t\t\t\t<\/div>\n\t\t\t\t\t\t\t\t<div class=\"mn-grid-3 mn-kat-m4-container\">\n\t\t\t\t\t\t\t\t\t\t\t\t\t\t\t\t<h3>Sub-Department of Rural Sociology <\/h3>\n\t\t\t\t\t\t\t\t\t\t\t\t\t\t\t\t\t\t\t\t\t\t<a href=\"https:\/\/up.lublin.pl\/agrobio\/en\/about-faculty\/didactic-units\/department-of-industrial-and-medicinal-plants\/subdepartment-of-rural-sociology\/\" class=\"mn-more\">Read more<\/a>\n\t\t\t\t\t\t\t\t\t\t<\/div>\n\t\t\t\t\t\t\t\t<div class=\"mn-grid-3 mn-kat-m4-container\">\n\t\t\t\t\t\t\t\t\t\t\t\t\t\t\t\t<h3>Sub-Department of Forestry Management<\/h3>\n\t\t\t\t\t\t\t\t\t\t\t\t\t\t\t\t\t\t\t\t\t\t<a href=\"https:\/\/up.lublin.pl\/agrobio\/en\/about-faculty\/didactic-units\/department-of-industrial-and-medicinal-plants\/subdepartment-of-forestry-management\/\" class=\"mn-more\">Read more<\/a>\n\t\t\t\t\t\t\t\t\t\t<\/div>\n\t\t\t\t\t\t\t\t<div class=\"mn-grid-3 mn-kat-m4-container\">\n\t\t\t\t\t\t\t\t\t\t\t\t\t\t\t\t<h3>Laboratory of Herbal Raw Materials Quality Assessment<\/h3>\n\t\t\t\t\t\t\t\t\t\t\t\t\t\t\t\t\t\t\t\t\t\t<a href=\"https:\/\/up.lublin.pl\/agrobio\/en\/about-faculty\/didactic-units\/department-of-industrial-and-medicinal-plants\/laboratory-of-herbal-raw-materials-quality-assessment\/\" class=\"mn-more\">Read more<\/a>\n\t\t\t\t\t\t\t\t\t\t<\/div>\n\t\t\t\t\t\t<\/div>\n\t<\/section>\n\t\t\t<\/div>\n\t\t\t\t<\/div>\n\t\t\t\t\t\t<\/div>\n\t\t\t\t\t<\/div>\n\t\t<\/div>\n\t\t\t\t\t\t\t\t<\/div>\n\t\t\t\t\t<\/div>\n\t\t<\/section>\n\t\t\t\t\t\t<\/div>\n\t\t\t\t\t\t<\/div>\n\t\t\t\t\t<\/div>\n\t\t","protected":false},"excerpt":{"rendered":"<p>Department of Industrial and Medicinal Plants UP Wydzia\u0142 Agrobioin\u017cynierii About the Department Zobacz wi\u0119cej Sub-Department of Rural Sociology Zobacz wi\u0119cej Sub-Department of Forestry Management Zobacz wi\u0119cej Laboratory of Herbal Raw Materials Quality Assessment Zobacz wi\u0119cej<\/p>\n","protected":false},"author":2,"featured_media":0,"parent":140674,"menu_order":0,"comment_status":"closed","ping_status":"closed","template":"elementor_header_footer","meta":{"_monsterinsights_skip_tracking":false,"_monsterinsights_sitenote_active":false,"_monsterinsights_sitenote_note":"","_monsterinsights_sitenote_category":0},"_links":{"self":[{"href":"https:\/\/up.lublin.pl\/agrobio\/en\/wp-json\/wp\/v2\/pages\/141328"}],"collection":[{"href":"https:\/\/up.lublin.pl\/agrobio\/en\/wp-json\/wp\/v2\/pages"}],"about":[{"href":"https:\/\/up.lublin.pl\/agrobio\/en\/wp-json\/wp\/v2\/types\/page"}],"author":[{"embeddable":true,"href":"https:\/\/up.lublin.pl\/agrobio\/en\/wp-json\/wp\/v2\/users\/2"}],"replies":[{"embeddable":true,"href":"https:\/\/up.lublin.pl\/agrobio\/en\/wp-json\/wp\/v2\/comments?post=141328"}],"version-history":[{"count":13,"href":"https:\/\/up.lublin.pl\/agrobio\/en\/wp-json\/wp\/v2\/pages\/141328\/revisions"}],"predecessor-version":[{"id":150424,"href":"https:\/\/up.lublin.pl\/agrobio\/en\/wp-json\/wp\/v2\/pages\/141328\/revisions\/150424"}],"up":[{"embeddable":true,"href":"https:\/\/up.lublin.pl\/agrobio\/en\/wp-json\/wp\/v2\/pages\/140674"}],"wp:attachment":[{"href":"https:\/\/up.lublin.pl\/agrobio\/en\/wp-json\/wp\/v2\/media?parent=141328"}],"curies":[{"name":"wp","href":"https:\/\/api.w.org\/{rel}","templated":true}]}}