{"id":140992,"date":"2021-06-18T13:01:40","date_gmt":"2021-06-18T11:01:40","guid":{"rendered":"https:\/\/up.lublin.pl\/agrobio\/?page_id=140992"},"modified":"2023-02-10T13:19:39","modified_gmt":"2023-02-10T12:19:39","slug":"grassland-and-landscape-shaping","status":"publish","type":"page","link":"https:\/\/up.lublin.pl\/agrobio\/en\/about-faculty\/didactic-units\/grassland-and-landscape-shaping\/","title":{"rendered":"Department of Grassland and  Landscape Shaping"},"content":{"rendered":"\t\t<div data-elementor-type=\"wp-page\" data-elementor-id=\"140992\" class=\"elementor elementor-140992\" data-elementor-settings=\"[]\">\n\t\t\t\t\t\t<div class=\"elementor-inner\">\n\t\t\t\t\t\t\t<div class=\"elementor-section-wrap\">\n\t\t\t\t\t\t\t<section class=\"elementor-section elementor-top-section elementor-element elementor-element-7c97d74 elementor-section-boxed elementor-section-height-default elementor-section-height-default\" data-id=\"7c97d74\" data-element_type=\"section\">\n\t\t\t\t\t\t<div class=\"elementor-container elementor-column-gap-default\">\n\t\t\t\t\t\t\t<div class=\"elementor-row\">\n\t\t\t\t\t<div class=\"elementor-column elementor-col-100 elementor-top-column elementor-element elementor-element-ad71cef\" data-id=\"ad71cef\" data-element_type=\"column\">\n\t\t\t<div class=\"elementor-column-wrap elementor-element-populated\">\n\t\t\t\t\t\t\t<div class=\"elementor-widget-wrap\">\n\t\t\t\t\t\t<div class=\"elementor-element elementor-element-651bc02 elementor-widget elementor-widget-m2k\" data-id=\"651bc02\" data-element_type=\"widget\" data-widget_type=\"m2k.default\">\n\t\t\t\t<div class=\"elementor-widget-container\">\n\t\t\t<section class=\"mn-m2-d mn-bg-green\">\n    <div class=\"mn-grid\">\n        <div class=\"mn-grid-12 mn-introtext\">\n                            <h3>\n                    Department of Grassland and  Landscape Shaping                <\/h3>\n                        <\/div>\n    <\/div>\n    <\/section>\n\t\t<\/div>\n\t\t\t\t<\/div>\n\t\t\t\t\t\t<\/div>\n\t\t\t\t\t<\/div>\n\t\t<\/div>\n\t\t\t\t\t\t\t\t<\/div>\n\t\t\t\t\t<\/div>\n\t\t<\/section>\n\t\t\t\t<section class=\"elementor-section elementor-top-section elementor-element elementor-element-01c2309 elementor-section-boxed elementor-section-height-default elementor-section-height-default\" data-id=\"01c2309\" data-element_type=\"section\">\n\t\t\t\t\t\t<div class=\"elementor-container elementor-column-gap-default\">\n\t\t\t\t\t\t\t<div class=\"elementor-row\">\n\t\t\t\t\t<div class=\"elementor-column elementor-col-100 elementor-top-column elementor-element elementor-element-7de7dc3\" data-id=\"7de7dc3\" data-element_type=\"column\">\n\t\t\t<div class=\"elementor-column-wrap elementor-element-populated\">\n\t\t\t\t\t\t\t<div class=\"elementor-widget-wrap\">\n\t\t\t\t\t\t<div class=\"elementor-element elementor-element-2b6ad72 elementor-widget elementor-widget-m4a\" data-id=\"2b6ad72\" data-element_type=\"widget\" data-widget_type=\"m4a.default\">\n\t\t\t\t<div class=\"elementor-widget-container\">\n\t\t\t\t<section class=\"mn-m4_b mn-bg-green\">\n\t\t\t\t<div class=\"mn-grid\">\n\t\t\t\t\t\t\t<div class=\"mn-grid-6 mn-kat-m4-container\">\n\t\t\t\t\t\t\t\t\t\t\t\t\t\t\t\t<h3>About the Department<\/h3>\n\t\t\t\t\t\t\t\t\t\t\t\t\t\t\t\t\t\t\t\t\t\t<a href=\"https:\/\/up.lublin.pl\/agrobio\/en\/about-faculty\/didactic-units\/department-of-grassland-and-landscape-shaping\/\" class=\"mn-more\">Read more<\/a>\n\t\t\t\t\t\t\t\t\t\t<\/div>\n\t\t\t\t\t\t\t\t<div class=\"mn-grid-6 mn-kat-m4-container\">\n\t\t\t\t\t\t\t\t\t\t\t\t\t\t\t\t<h3>Laboratory of Landscape Studies<\/h3>\n\t\t\t\t\t\t\t\t\t\t\t\t\t\t\t\t\t\t\t\t\t\t<a href=\"https:\/\/up.lublin.pl\/agrobio\/en\/about-faculty\/didactic-units\/department-of-grassland-and-landscape-shaping\/laboratory-of-landscape-studies\/\" class=\"mn-more\">Read more<\/a>\n\t\t\t\t\t\t\t\t\t\t<\/div>\n\t\t\t\t\t\t<\/div>\n\t<\/section>\n\t\t\t<\/div>\n\t\t\t\t<\/div>\n\t\t\t\t\t\t<\/div>\n\t\t\t\t\t<\/div>\n\t\t<\/div>\n\t\t\t\t\t\t\t\t<\/div>\n\t\t\t\t\t<\/div>\n\t\t<\/section>\n\t\t\t\t\t\t<\/div>\n\t\t\t\t\t\t<\/div>\n\t\t\t\t\t<\/div>\n\t\t","protected":false},"excerpt":{"rendered":"<p>Department of Grassland and Landscape Shaping UP Wydzia\u0142 Agrobioin\u017cynierii About the Department Zobacz wi\u0119cej Laboratory of Landscape Studies Zobacz wi\u0119cej<\/p>\n","protected":false},"author":2,"featured_media":0,"parent":140674,"menu_order":0,"comment_status":"closed","ping_status":"closed","template":"elementor_header_footer","meta":{"_monsterinsights_skip_tracking":false,"_monsterinsights_sitenote_active":false,"_monsterinsights_sitenote_note":"","_monsterinsights_sitenote_category":0},"_links":{"self":[{"href":"https:\/\/up.lublin.pl\/agrobio\/en\/wp-json\/wp\/v2\/pages\/140992"}],"collection":[{"href":"https:\/\/up.lublin.pl\/agrobio\/en\/wp-json\/wp\/v2\/pages"}],"about":[{"href":"https:\/\/up.lublin.pl\/agrobio\/en\/wp-json\/wp\/v2\/types\/page"}],"author":[{"embeddable":true,"href":"https:\/\/up.lublin.pl\/agrobio\/en\/wp-json\/wp\/v2\/users\/2"}],"replies":[{"embeddable":true,"href":"https:\/\/up.lublin.pl\/agrobio\/en\/wp-json\/wp\/v2\/comments?post=140992"}],"version-history":[{"count":10,"href":"https:\/\/up.lublin.pl\/agrobio\/en\/wp-json\/wp\/v2\/pages\/140992\/revisions"}],"predecessor-version":[{"id":150406,"href":"https:\/\/up.lublin.pl\/agrobio\/en\/wp-json\/wp\/v2\/pages\/140992\/revisions\/150406"}],"up":[{"embeddable":true,"href":"https:\/\/up.lublin.pl\/agrobio\/en\/wp-json\/wp\/v2\/pages\/140674"}],"wp:attachment":[{"href":"https:\/\/up.lublin.pl\/agrobio\/en\/wp-json\/wp\/v2\/media?parent=140992"}],"curies":[{"name":"wp","href":"https:\/\/api.w.org\/{rel}","templated":true}]}}